{"id":1201,"date":"2018-04-24T17:33:38","date_gmt":"2018-04-24T15:33:38","guid":{"rendered":"http:\/\/as-surques-escoeuilles.fr\/?page_id=1201"},"modified":"2022-06-10T10:40:51","modified_gmt":"2022-06-10T08:40:51","slug":"fete-du-foot","status":"publish","type":"page","link":"https:\/\/as-surques-escoeuilles.fr\/index.php\/manifestations\/fete-du-foot\/","title":{"rendered":"F\u00eate du foot"},"content":{"rendered":"<p>Devenue d\u00e9j\u00e0 incontournable, la f\u00eate du foot r\u00e9unit, sur notre stade intercommunal, tous les licenci\u00e9s et partenaires de l&rsquo;ASSE pour un week-end festif au mois de juin sur le th\u00e8me du football.<\/p>\n<p>En 2022, la f\u00eate du foot aura lieu les <strong><span style=\"text-decoration: underline;\">11 et 12 juin 2022<\/span><\/strong> avec toujours au programme des matches pour chaque cat\u00e9gorie, des stands de tir, de pr\u00e9cision mais aussi la buvette et la restauration pour partager des derniers moments de convivialit\u00e9 avant la tr\u00eave estivale !<\/p>\n<p><a href=\"https:\/\/i0.wp.com\/as-surques-escoeuilles.fr\/wp-content\/uploads\/2018\/04\/ob_219f13_ephemeride-edition-illustre-compact.png\"><img data-attachment-id=\"1204\" data-permalink=\"https:\/\/as-surques-escoeuilles.fr\/index.php\/manifestations\/fete-du-foot\/ob_219f13_ephemeride-edition-illustre-compact\/\" data-orig-file=\"https:\/\/i0.wp.com\/as-surques-escoeuilles.fr\/wp-content\/uploads\/2018\/04\/ob_219f13_ephemeride-edition-illustre-compact.png?fit=346%2C404&amp;ssl=1\" data-orig-size=\"346,404\" data-comments-opened=\"1\" data-image-meta=\"{&quot;aperture&quot;:&quot;0&quot;,&quot;credit&quot;:&quot;&quot;,&quot;camera&quot;:&quot;&quot;,&quot;caption&quot;:&quot;&quot;,&quot;created_timestamp&quot;:&quot;0&quot;,&quot;copyright&quot;:&quot;&quot;,&quot;focal_length&quot;:&quot;0&quot;,&quot;iso&quot;:&quot;0&quot;,&quot;shutter_speed&quot;:&quot;0&quot;,&quot;title&quot;:&quot;&quot;,&quot;orientation&quot;:&quot;0&quot;}\" data-image-title=\"ob_219f13_ephemeride-edition-illustre-compact\" data-image-description=\"\" data-image-caption=\"\" data-medium-file=\"https:\/\/i0.wp.com\/as-surques-escoeuilles.fr\/wp-content\/uploads\/2018\/04\/ob_219f13_ephemeride-edition-illustre-compact.png?fit=257%2C300&amp;ssl=1\" data-large-file=\"https:\/\/i0.wp.com\/as-surques-escoeuilles.fr\/wp-content\/uploads\/2018\/04\/ob_219f13_ephemeride-edition-illustre-compact.png?fit=346%2C404&amp;ssl=1\" class=\"alignleft wp-image-1204\" src=\"https:\/\/i0.wp.com\/as-surques-escoeuilles.fr\/wp-content\/uploads\/2018\/04\/ob_219f13_ephemeride-edition-illustre-compact-150x150.png?resize=60%2C70\" alt=\"\" width=\"60\" height=\"70\" srcset=\"https:\/\/i0.wp.com\/as-surques-escoeuilles.fr\/wp-content\/uploads\/2018\/04\/ob_219f13_ephemeride-edition-illustre-compact.png?resize=257%2C300&amp;ssl=1 257w, https:\/\/i0.wp.com\/as-surques-escoeuilles.fr\/wp-content\/uploads\/2018\/04\/ob_219f13_ephemeride-edition-illustre-compact.png?w=346&amp;ssl=1 346w\" sizes=\"(max-width: 60px) 100vw, 60px\" data-recalc-dims=\"1\" \/><\/a><span style=\"color: #ff0000;\"><strong>&nbsp;les enfants pourront profiter de structure gonflable&nbsp; le samedi au stade !<\/strong> <\/span><\/p>\n<p>&nbsp;<\/p>\n<p><a href=\"https:\/\/i0.wp.com\/as-surques-escoeuilles.fr\/wp-content\/uploads\/2019\/05\/fete_foot_2019.png\"><img data-attachment-id=\"2571\" data-permalink=\"https:\/\/as-surques-escoeuilles.fr\/index.php\/manifestations\/fete-du-foot\/fete_foot_2019\/\" data-orig-file=\"https:\/\/i0.wp.com\/as-surques-escoeuilles.fr\/wp-content\/uploads\/2019\/05\/fete_foot_2019.png?fit=559%2C794&amp;ssl=1\" data-orig-size=\"559,794\" data-comments-opened=\"1\" data-image-meta=\"{&quot;aperture&quot;:&quot;0&quot;,&quot;credit&quot;:&quot;&quot;,&quot;camera&quot;:&quot;&quot;,&quot;caption&quot;:&quot;&quot;,&quot;created_timestamp&quot;:&quot;0&quot;,&quot;copyright&quot;:&quot;&quot;,&quot;focal_length&quot;:&quot;0&quot;,&quot;iso&quot;:&quot;0&quot;,&quot;shutter_speed&quot;:&quot;0&quot;,&quot;title&quot;:&quot;&quot;,&quot;orientation&quot;:&quot;0&quot;}\" data-image-title=\"fete_foot_2019\" data-image-description=\"\" data-image-caption=\"\" data-medium-file=\"https:\/\/i0.wp.com\/as-surques-escoeuilles.fr\/wp-content\/uploads\/2019\/05\/fete_foot_2019.png?fit=211%2C300&amp;ssl=1\" data-large-file=\"https:\/\/i0.wp.com\/as-surques-escoeuilles.fr\/wp-content\/uploads\/2019\/05\/fete_foot_2019.png?fit=559%2C794&amp;ssl=1\" fetchpriority=\"high\" class=\"aligncenter wp-image-2571 size-full\" src=\"https:\/\/i0.wp.com\/as-surques-escoeuilles.fr\/wp-content\/uploads\/2019\/05\/fete_foot_2019.png?resize=559%2C794\" alt=\"\" width=\"559\" height=\"794\" srcset=\"https:\/\/i0.wp.com\/as-surques-escoeuilles.fr\/wp-content\/uploads\/2019\/05\/fete_foot_2019.png?w=559&amp;ssl=1 559w, https:\/\/i0.wp.com\/as-surques-escoeuilles.fr\/wp-content\/uploads\/2019\/05\/fete_foot_2019.png?resize=211%2C300&amp;ssl=1 211w\" sizes=\"(max-width: 559px) 100vw, 559px\" data-recalc-dims=\"1\" \/><\/a><\/p>\n<p>&nbsp;<\/p>\n<p>&nbsp;<\/p>\n","protected":false},"excerpt":{"rendered":"<p>Devenue d\u00e9j\u00e0 incontournable, la f\u00eate du foot r\u00e9unit, sur notre stade intercommunal, tous les licenci\u00e9s et partenaires de l&rsquo;ASSE pour<\/p>\n","protected":false},"author":1,"featured_media":0,"parent":75,"menu_order":1,"comment_status":"closed","ping_status":"closed","template":"","meta":{"ngg_post_thumbnail":0,"jetpack_post_was_ever_published":false},"jetpack_sharing_enabled":true,"jetpack_shortlink":"https:\/\/wp.me\/P8dhOI-jn","jetpack-related-posts":[{"id":664,"url":"https:\/\/as-surques-escoeuilles.fr\/index.php\/categories\/seniors-2\/entrainements\/","url_meta":{"origin":1201,"position":0},"title":"Entra\u00eenements","date":"19 octobre 2017","format":false,"excerpt":"\u00a0Au printemps jusque l'automne, les entra\u00eenements du groupe s\u00e9niors ont lieu les mercredi et vendredi de 19h00 \u00e0 20h45 au stade communal. Le planning est donn\u00e9 ci-dessous : \u00a0 En p\u00e9riode hivernale, deux sortes de cr\u00e9neaux seront allou\u00e9s : le mercredi soir \u00e0 la salle intercommunale de Licques de 19h00\u2026","rel":"","context":"Article similaire","img":{"alt_text":"","src":"","width":0,"height":0},"classes":[]},{"id":3699,"url":"https:\/\/as-surques-escoeuilles.fr\/index.php\/culture-foot\/","url_meta":{"origin":1201,"position":1},"title":"Culture Foot","date":"27 d\u00e9cembre 2019","format":false,"excerpt":"Mars 2022F\u00e9vrier 2022Janvier 2022D\u00e9cembre 2021Octobre 2021Septembre 2021F\u00e9vrier 2021Octobre 2020Septembre 2020Mars 2020Janvier 2020Janvier 2020Septembre 2019 U14F : journ\u00e9e de la femme France - Br\u00e9sil \u00e0 d'Ornano U13 et U13F : challenge mi-temps USBCO-Red Star Ecole de Foot : arbre de Noel U6 \u00e0 U9 : plateaux Halloween U14 F : deviens\u2026","rel":"","context":"Article similaire","img":{"alt_text":"","src":"","width":0,"height":0},"classes":[]},{"id":2886,"url":"https:\/\/as-surques-escoeuilles.fr\/index.php\/actions-du-club\/promotion-du-football-feminin\/","url_meta":{"origin":1201,"position":2},"title":"Promotion du football F\u00e9minin","date":"14 septembre 2019","format":false,"excerpt":"L' ASSE n'a pas attendu l'essor du foot f\u00e9minin pour permettre aux filles de pratiquer ce sport. Depuis de nombreuses ann\u00e9es, les filles sont int\u00e9gr\u00e9es \u00e0 toutes les cat\u00e9gories, jusqu'aux dirigeantes. Depuis 2018, le club a pass\u00e9 un palier avec la cr\u00e9ation d'\u00e9quipes 100% f\u00e9minines (U13 et S\u00e9niors), ainsi que\u2026","rel":"","context":"Article similaire","img":{"alt_text":"","src":"https:\/\/i0.wp.com\/as-surques-escoeuilles.fr\/wp-content\/uploads\/2019\/09\/IMG_20190905_193908.jpg?resize=350%2C200&ssl=1","width":350,"height":200},"classes":[]},{"id":2355,"url":"https:\/\/as-surques-escoeuilles.fr\/index.php\/actions-du-club\/programme-educatif-federal\/","url_meta":{"origin":1201,"position":3},"title":"Programme educatif federal","date":"13 f\u00e9vrier 2019","format":false,"excerpt":"L' ASSE est engag\u00e9 depuis de nombreuses ann\u00e9es dans le Programme Educatif F\u00e9d\u00e9ral, autour de 6 th\u00e8mes : Sant\u00e9Septembre 2019 : \"Faire son sac pour les U6\/U7\" Engagement citoyenD\u00e9cembre 2019 : Collecte de dons pour les restos du coeurEnvironnement Octobre 2019 : U9 : tri des d\u00e9chets Septembre 2019 :\u2026","rel":"","context":"Dans &quot;Non class\u00e9&quot;","img":{"alt_text":"","src":"","width":0,"height":0},"classes":[]},{"id":1315,"url":"https:\/\/as-surques-escoeuilles.fr\/index.php\/vie-du-club\/imposition-benevoles\/","url_meta":{"origin":1201,"position":4},"title":"Imposition b\u00e9n\u00e9voles","date":"8 mai 2018","format":false,"excerpt":"Les d\u00e9clarations pour les imp\u00f4ts sur le revenu sont \u00e0 effectuer entre le 12 Mai et le 14 Juin, vous trouverez ci-dessous les documents relatifs \u00e0 un abandon de droit \u00e0 remboursement des frais kilom\u00e9triques... Plusieurs choses \u00e0 savoir :- cela concerne uniquement les \u00e9ducateurs et\u00a0 les dirigeants (un joueur\u2026","rel":"","context":"Article similaire","img":{"alt_text":"","src":"","width":0,"height":0},"classes":[]},{"id":3674,"url":"https:\/\/as-surques-escoeuilles.fr\/index.php\/programme-educatif-federal\/","url_meta":{"origin":1201,"position":5},"title":"Programme Educatif F\u00e9d\u00e9ral","date":"27 d\u00e9cembre 2019","format":false,"excerpt":"Depuis de nombreuses ann\u00e9es, l'ASSE est engag\u00e9e dans la mise en oeuvre du programme \u00e9ducatif f\u00e9d\u00e9ral de la FFF. Ce programme vise \u00e0 inculquer aux jeunes licenci\u00e9s de 5 \u00e0 18 ans les valeurs du football : PLAISIR\u00a0\u00a0\u00a0\u00a0 RESPECT\u00a0\u00a0\u00a0\u00a0 ENGAGEMENT\u00a0\u00a0\u00a0\u00a0 TOLERANCE\u00a0\u00a0\u00a0 SOLIDARITEpar l'apprentissage de r\u00e8gles (de vie et de jeu)\u2026","rel":"","context":"Article similaire","img":{"alt_text":"","src":"","width":0,"height":0},"classes":[]}],"_links":{"self":[{"href":"https:\/\/as-surques-escoeuilles.fr\/index.php\/wp-json\/wp\/v2\/pages\/1201"}],"collection":[{"href":"https:\/\/as-surques-escoeuilles.fr\/index.php\/wp-json\/wp\/v2\/pages"}],"about":[{"href":"https:\/\/as-surques-escoeuilles.fr\/index.php\/wp-json\/wp\/v2\/types\/page"}],"author":[{"embeddable":true,"href":"https:\/\/as-surques-escoeuilles.fr\/index.php\/wp-json\/wp\/v2\/users\/1"}],"replies":[{"embeddable":true,"href":"https:\/\/as-surques-escoeuilles.fr\/index.php\/wp-json\/wp\/v2\/comments?post=1201"}],"version-history":[{"count":1,"href":"https:\/\/as-surques-escoeuilles.fr\/index.php\/wp-json\/wp\/v2\/pages\/1201\/revisions"}],"predecessor-version":[{"id":5732,"href":"https:\/\/as-surques-escoeuilles.fr\/index.php\/wp-json\/wp\/v2\/pages\/1201\/revisions\/5732"}],"up":[{"embeddable":true,"href":"https:\/\/as-surques-escoeuilles.fr\/index.php\/wp-json\/wp\/v2\/pages\/75"}],"wp:attachment":[{"href":"https:\/\/as-surques-escoeuilles.fr\/index.php\/wp-json\/wp\/v2\/media?parent=1201"}],"curies":[{"name":"wp","href":"https:\/\/api.w.org\/{rel}","templated":true}]}}