{"id":1210,"date":"2018-04-24T17:41:56","date_gmt":"2018-04-24T15:41:56","guid":{"rendered":"http:\/\/as-surques-escoeuilles.fr\/?page_id=1210"},"modified":"2022-01-31T17:25:42","modified_gmt":"2022-01-31T16:25:42","slug":"pizzstation","status":"publish","type":"page","link":"https:\/\/as-surques-escoeuilles.fr\/index.php\/manifestations\/pizzstation\/","title":{"rendered":"Pizz&rsquo;station"},"content":{"rendered":"<p>En 2022, l&rsquo;ASSE continue de d\u00e9velopper ses activit\u00e9s de rassemblement en proposant \u00e0 ses licenci\u00e9s la 3\u00e8me \u00e9dition de la soir\u00e9e Pizz&rsquo;station.<\/p>\n<p>Au programme : tournoi FIFA sur PS4 avec une pizza en d\u00e9gustation. Apr\u00e8s s&rsquo;\u00eatre frott\u00e9s sur le terrain, nos joueuses et joueurs auront l&rsquo;occasion de d\u00e9montrer leur talent de e-footballeur !<\/p>\n<p>Le club n&rsquo;oublie pas les non-joueurs avec un karaok\u00e9 sur grand \u00e9cran.<\/p>\n<p>L&rsquo;\u00e9dition 2022&nbsp; a eu lieu le <span style=\"text-decoration: underline;\"><strong>vendredi 22 avril 2022 \u00e0 partir de 19h30<\/strong><\/span> !<\/p>\n<p>Venez partager ces moments de convivialit\u00e9 !<\/p>\n<p>Renseignements aupr\u00e8s de Beno\u00eet FORTIN (06 26 77 42 20)<\/p>\n<p>&nbsp;<\/p>\n<p>&nbsp;<\/p>\n<p>Retour sur l&rsquo;\u00e9dition 2018 (affiche ci-dessous) : <a href=\"http:\/\/as-surques-escoeuilles.fr\/index.php\/2018\/04\/28\/pizzstation-2018\/\" target=\"_blank\" rel=\"noopener noreferrer\">Pizz&rsquo;station 2018<\/a><\/p>\n<p><a href=\"https:\/\/i0.wp.com\/as-surques-escoeuilles.fr\/wp-content\/uploads\/2019\/03\/Captureflyer.jpg\"><img fetchpriority=\"high\" class=\"aligncenter wp-image-2437 size-full\" src=\"https:\/\/i0.wp.com\/as-surques-escoeuilles.fr\/wp-content\/uploads\/2019\/03\/Captureflyer.jpg?resize=351%2C537\" alt=\"\" width=\"351\" height=\"537\"  data-recalc-dims=\"1\"><\/a><\/p>\n\n\n<figure class=\"wp-block-image\"><img data-attachment-id=\"2514\" data-permalink=\"https:\/\/as-surques-escoeuilles.fr\/index.php\/manifestations\/pizzstation\/56874477_2089238797780392_6705222815605325824_o\/\" data-orig-file=\"https:\/\/i0.wp.com\/as-surques-escoeuilles.fr\/wp-content\/uploads\/2019\/04\/56874477_2089238797780392_6705222815605325824_o.png?fit=1311%2C1157&amp;ssl=1\" data-orig-size=\"1311,1157\" data-comments-opened=\"1\" data-image-meta=\"{&quot;aperture&quot;:&quot;0&quot;,&quot;credit&quot;:&quot;&quot;,&quot;camera&quot;:&quot;&quot;,&quot;caption&quot;:&quot;&quot;,&quot;created_timestamp&quot;:&quot;0&quot;,&quot;copyright&quot;:&quot;&quot;,&quot;focal_length&quot;:&quot;0&quot;,&quot;iso&quot;:&quot;0&quot;,&quot;shutter_speed&quot;:&quot;0&quot;,&quot;title&quot;:&quot;&quot;,&quot;orientation&quot;:&quot;0&quot;}\" data-image-title=\"56874477_2089238797780392_6705222815605325824_o\" data-image-description=\"\" data-image-caption=\"\" data-medium-file=\"https:\/\/i0.wp.com\/as-surques-escoeuilles.fr\/wp-content\/uploads\/2019\/04\/56874477_2089238797780392_6705222815605325824_o.png?fit=300%2C265&amp;ssl=1\" data-large-file=\"https:\/\/i0.wp.com\/as-surques-escoeuilles.fr\/wp-content\/uploads\/2019\/04\/56874477_2089238797780392_6705222815605325824_o.png?fit=800%2C706&amp;ssl=1\" width=\"1311\" height=\"1157\" src=\"https:\/\/i2.wp.com\/as-surques-escoeuilles.fr\/wp-content\/uploads\/2019\/04\/56874477_2089238797780392_6705222815605325824_o.png?fit=474%2C418\" alt=\"\" class=\"wp-image-2514\" srcset=\"https:\/\/i0.wp.com\/as-surques-escoeuilles.fr\/wp-content\/uploads\/2019\/04\/56874477_2089238797780392_6705222815605325824_o.png?w=1311&amp;ssl=1 1311w, https:\/\/i0.wp.com\/as-surques-escoeuilles.fr\/wp-content\/uploads\/2019\/04\/56874477_2089238797780392_6705222815605325824_o.png?resize=300%2C265&amp;ssl=1 300w, https:\/\/i0.wp.com\/as-surques-escoeuilles.fr\/wp-content\/uploads\/2019\/04\/56874477_2089238797780392_6705222815605325824_o.png?resize=768%2C678&amp;ssl=1 768w, https:\/\/i0.wp.com\/as-surques-escoeuilles.fr\/wp-content\/uploads\/2019\/04\/56874477_2089238797780392_6705222815605325824_o.png?resize=1024%2C904&amp;ssl=1 1024w\" sizes=\"(max-width: 800px) 100vw, 800px\" \/><\/figure>\n","protected":false},"excerpt":{"rendered":"<p>En 2022, l&rsquo;ASSE continue de d\u00e9velopper ses activit\u00e9s de rassemblement en proposant \u00e0 ses licenci\u00e9s la 3\u00e8me \u00e9dition de la<\/p>\n","protected":false},"author":1,"featured_media":0,"parent":75,"menu_order":0,"comment_status":"closed","ping_status":"closed","template":"","meta":{"ngg_post_thumbnail":0,"jetpack_post_was_ever_published":false},"jetpack_sharing_enabled":true,"jetpack_shortlink":"https:\/\/wp.me\/P8dhOI-jw","jetpack-related-posts":[{"id":75,"url":"https:\/\/as-surques-escoeuilles.fr\/index.php\/manifestations\/","url_meta":{"origin":1210,"position":0},"title":"Manifestations","date":"17 d\u00e9cembre 2016","format":false,"excerpt":"Retrouvez toutes les manifestations de l'ASSE : Arbre de No\u00ebl Loto-quine Pizz'station F\u00eate du foot","rel":"","context":"Article similaire","img":{"alt_text":"","src":"","width":0,"height":0},"classes":[]},{"id":3699,"url":"https:\/\/as-surques-escoeuilles.fr\/index.php\/culture-foot\/","url_meta":{"origin":1210,"position":1},"title":"Culture Foot","date":"27 d\u00e9cembre 2019","format":false,"excerpt":"Mars 2022F\u00e9vrier 2022Janvier 2022D\u00e9cembre 2021Octobre 2021Septembre 2021F\u00e9vrier 2021Octobre 2020Septembre 2020Mars 2020Janvier 2020Janvier 2020Septembre 2019 U14F : journ\u00e9e de la femme France - Br\u00e9sil \u00e0 d'Ornano U13 et U13F : challenge mi-temps USBCO-Red Star Ecole de Foot : arbre de Noel U6 \u00e0 U9 : plateaux Halloween U14 F : deviens\u2026","rel":"","context":"Article similaire","img":{"alt_text":"","src":"","width":0,"height":0},"classes":[]},{"id":67,"url":"https:\/\/as-surques-escoeuilles.fr\/index.php\/vie-du-club\/","url_meta":{"origin":1210,"position":2},"title":"Vie du Club","date":"17 d\u00e9cembre 2016","format":false,"excerpt":"L' ASSE est pr\u00e9sid\u00e9e depuis juin 2016 par Philippe HAVART. Les vices-pr\u00e9sidents sont Jean-Philippe LEFEBVRE et Olivier DESOMBRE. Avec l'aide d'une trentaine de b\u00e9n\u00e9voles, l'association permet \u00e0 ses 250 licenci\u00e9s de s'\u00e9panouir sur les terrains chaque semaine. Vous souhaitez nous contacter pour plus de renseignements ? N'h\u00e9sitez pas !","rel":"","context":"Dans &quot;Non class\u00e9&quot;","img":{"alt_text":"","src":"","width":0,"height":0},"classes":[]},{"id":132,"url":"https:\/\/as-surques-escoeuilles.fr\/index.php\/vie-du-club\/organigramme\/","url_meta":{"origin":1210,"position":3},"title":"Organigramme","date":"19 d\u00e9cembre 2016","format":false,"excerpt":"L' ASSE est pr\u00e9sid\u00e9e depuis juin 2016 par Philippe HAVART. Les vices-pr\u00e9sidents sont Jean-Philippe LEFEBVRE et Olivier DESOMBRE.Avec l'aide d'une trentaine de b\u00e9n\u00e9voles, l'association permet \u00e0 ses 250 licenci\u00e9s de s'\u00e9panouir sur les terrains chaque semaine. Le club fonctionne de mani\u00e8re coll\u00e9giale par une r\u00e9partition des t\u00e2ches en plusieurs commissions\u2026","rel":"","context":"Article similaire","img":{"alt_text":"","src":"","width":0,"height":0},"classes":[]},{"id":445,"url":"https:\/\/as-surques-escoeuilles.fr\/index.php\/vie-du-club\/demander-une-licence\/","url_meta":{"origin":1210,"position":4},"title":"Demander une licence","date":"13 juin 2017","format":false,"excerpt":"La demande de licence est d\u00e9mat\u00e9rialis\u00e9e pour les renouvellements, c'est-\u00e0-dire que c'est le licenci\u00e9 lui-m\u00eame qui valide sa demande de licence en ligne. Le mail de renouvellement a \u00e9t\u00e9 envoy\u00e9 le 2 juin 2021 Attention : la proc\u00e9dure habituelle par papier est conserv\u00e9e pour les changements de club et les\u2026","rel":"","context":"Article similaire","img":{"alt_text":"","src":"https:\/\/i0.wp.com\/as-surques-escoeuilles.fr\/wp-content\/uploads\/2017\/06\/licence2.jpg?resize=350%2C200","width":350,"height":200},"classes":[]},{"id":3707,"url":"https:\/\/as-surques-escoeuilles.fr\/index.php\/section-feminines\/","url_meta":{"origin":1210,"position":5},"title":"Section F\u00e9minines","date":"27 d\u00e9cembre 2019","format":false,"excerpt":"L'ASSE a toujours compt\u00e9 \u00e9norm\u00e9ment de joueuses dans ses effectifs. Depuis 2018, le club a pass\u00e9 un palier puisque des \u00e9quipes exclusivement f\u00e9minines ont vu le jour : les U13 f\u00e9minines et les s\u00e9niors F\u00e9minines. Cliquez sur l'image de votre choix pour le d\u00e9tail : S\u00e9niors Jeunes","rel":"","context":"Article similaire","img":{"alt_text":"","src":"https:\/\/i0.wp.com\/as-surques-escoeuilles.fr\/wp-content\/uploads\/2019\/12\/received_4873727052336478629627142667311591-1024x485.jpeg?resize=350%2C200&ssl=1","width":350,"height":200},"classes":[]}],"_links":{"self":[{"href":"https:\/\/as-surques-escoeuilles.fr\/index.php\/wp-json\/wp\/v2\/pages\/1210"}],"collection":[{"href":"https:\/\/as-surques-escoeuilles.fr\/index.php\/wp-json\/wp\/v2\/pages"}],"about":[{"href":"https:\/\/as-surques-escoeuilles.fr\/index.php\/wp-json\/wp\/v2\/types\/page"}],"author":[{"embeddable":true,"href":"https:\/\/as-surques-escoeuilles.fr\/index.php\/wp-json\/wp\/v2\/users\/1"}],"replies":[{"embeddable":true,"href":"https:\/\/as-surques-escoeuilles.fr\/index.php\/wp-json\/wp\/v2\/comments?post=1210"}],"version-history":[{"count":2,"href":"https:\/\/as-surques-escoeuilles.fr\/index.php\/wp-json\/wp\/v2\/pages\/1210\/revisions"}],"predecessor-version":[{"id":5628,"href":"https:\/\/as-surques-escoeuilles.fr\/index.php\/wp-json\/wp\/v2\/pages\/1210\/revisions\/5628"}],"up":[{"embeddable":true,"href":"https:\/\/as-surques-escoeuilles.fr\/index.php\/wp-json\/wp\/v2\/pages\/75"}],"wp:attachment":[{"href":"https:\/\/as-surques-escoeuilles.fr\/index.php\/wp-json\/wp\/v2\/media?parent=1210"}],"curies":[{"name":"wp","href":"https:\/\/api.w.org\/{rel}","templated":true}]}}