{"id":1214,"date":"2018-04-24T18:02:56","date_gmt":"2018-04-24T16:02:56","guid":{"rendered":"http:\/\/as-surques-escoeuilles.fr\/?page_id=1214"},"modified":"2022-02-02T18:26:39","modified_gmt":"2022-02-02T17:26:39","slug":"loto-quine","status":"publish","type":"page","link":"https:\/\/as-surques-escoeuilles.fr\/index.php\/manifestations\/loto-quine\/","title":{"rendered":"Loto-quine"},"content":{"rendered":"<p>C&rsquo;est LA manifestation phare de l&rsquo;ASSE : le loto-quine organis\u00e9 \u00e0 la fin de l&rsquo;hiver (deuxi\u00e8me samedi du mois de mars) et son traditionnel gros lot, un voyage au soleil !<\/p>\n<p>Cette ann\u00e9e : le loto aura lieu le <strong>samedi 12 mars 2022<\/strong>. R\u00e9servations aupr\u00e8s de Philippe au 03 21 83 90 21.<\/p>\n<p>De nombreux autres lots sont \u00e0 gagner : high-tech, bricolage, bon d&rsquo;achat, \u00e9lectrom\u00e9nager, et toujours une restauration et un bar \u00e0 la disposition des joueurs.<\/p>\n<p>&nbsp;<\/p>\n\n\n<div class=\"wp-block-image\"><figure class=\"aligncenter size-large\"><img data-attachment-id=\"5630\" data-permalink=\"https:\/\/as-surques-escoeuilles.fr\/index.php\/manifestations\/loto-quine\/loto-3\/\" data-orig-file=\"https:\/\/i0.wp.com\/as-surques-escoeuilles.fr\/wp-content\/uploads\/2022\/02\/loto.png?fit=552%2C777&amp;ssl=1\" data-orig-size=\"552,777\" data-comments-opened=\"1\" data-image-meta=\"{&quot;aperture&quot;:&quot;0&quot;,&quot;credit&quot;:&quot;&quot;,&quot;camera&quot;:&quot;&quot;,&quot;caption&quot;:&quot;&quot;,&quot;created_timestamp&quot;:&quot;0&quot;,&quot;copyright&quot;:&quot;&quot;,&quot;focal_length&quot;:&quot;0&quot;,&quot;iso&quot;:&quot;0&quot;,&quot;shutter_speed&quot;:&quot;0&quot;,&quot;title&quot;:&quot;&quot;,&quot;orientation&quot;:&quot;0&quot;}\" data-image-title=\"loto\" data-image-description=\"\" data-image-caption=\"\" data-medium-file=\"https:\/\/i0.wp.com\/as-surques-escoeuilles.fr\/wp-content\/uploads\/2022\/02\/loto.png?fit=213%2C300&amp;ssl=1\" data-large-file=\"https:\/\/i0.wp.com\/as-surques-escoeuilles.fr\/wp-content\/uploads\/2022\/02\/loto.png?fit=552%2C777&amp;ssl=1\" fetchpriority=\"high\" width=\"552\" height=\"777\" src=\"https:\/\/i0.wp.com\/as-surques-escoeuilles.fr\/wp-content\/uploads\/2022\/02\/loto.png?resize=552%2C777&#038;ssl=1\" alt=\"\" class=\"wp-image-5630\" srcset=\"https:\/\/i0.wp.com\/as-surques-escoeuilles.fr\/wp-content\/uploads\/2022\/02\/loto.png?w=552&amp;ssl=1 552w, https:\/\/i0.wp.com\/as-surques-escoeuilles.fr\/wp-content\/uploads\/2022\/02\/loto.png?resize=213%2C300&amp;ssl=1 213w\" sizes=\"(max-width: 552px) 100vw, 552px\" data-recalc-dims=\"1\" \/><\/figure><\/div>\n\n\n\n<p><\/p>\n","protected":false},"excerpt":{"rendered":"<p>C&rsquo;est LA manifestation phare de l&rsquo;ASSE : le loto-quine organis\u00e9 \u00e0 la fin de l&rsquo;hiver (deuxi\u00e8me samedi du mois de<\/p>\n","protected":false},"author":1,"featured_media":0,"parent":75,"menu_order":0,"comment_status":"closed","ping_status":"closed","template":"","meta":{"ngg_post_thumbnail":0,"jetpack_post_was_ever_published":false},"jetpack_sharing_enabled":true,"jetpack_shortlink":"https:\/\/wp.me\/P8dhOI-jA","jetpack-related-posts":[{"id":75,"url":"https:\/\/as-surques-escoeuilles.fr\/index.php\/manifestations\/","url_meta":{"origin":1214,"position":0},"title":"Manifestations","date":"17 d\u00e9cembre 2016","format":false,"excerpt":"Retrouvez toutes les manifestations de l'ASSE : Arbre de No\u00ebl Loto-quine Pizz'station F\u00eate du foot","rel":"","context":"Article similaire","img":{"alt_text":"","src":"","width":0,"height":0},"classes":[]},{"id":63,"url":"https:\/\/as-surques-escoeuilles.fr\/index.php\/categories\/u6u7\/","url_meta":{"origin":1214,"position":1},"title":"U6\/U7","date":"17 d\u00e9cembre 2016","format":false,"excerpt":"Les entra\u00eenements ont lieu le mercredi de 14h00 \u00e0 15h15, le samedi de 10h30 \u00e0 11h15 et en p\u00e9riode hivernale, le samedi \u00e0 la salle de Licques, au synth\u00e9tique de Lumbres ou au city d'Escoeuilles. Le r\u00e9f\u00e9rent U6 est Hugo BOURRE et la r\u00e9f\u00e9rente U7 est Loreen RAMET. Educateurs 2021\/2022:\u2026","rel":"","context":"Article similaire","img":{"alt_text":"","src":"https:\/\/i0.wp.com\/as-surques-escoeuilles.fr\/wp-content\/uploads\/2019\/12\/u6site-1024x603.jpg?resize=350%2C200&ssl=1","width":350,"height":200},"classes":[]},{"id":45,"url":"https:\/\/as-surques-escoeuilles.fr\/index.php\/categories\/u18\/","url_meta":{"origin":1214,"position":2},"title":"U17","date":"17 d\u00e9cembre 2016","format":false,"excerpt":"L'\u00e9quipe des U17 est en entente avec Alquines, mais les entra\u00eenements et comp\u00e9titions ont lieu au stade de l'ASSE. Les \u00e9ducateurs sont Maxime\u00a0 Clabaux, Augustin Miellot et Julien Lamare. Les entra\u00eenements ont lieu le mercredi \u00e0 17hOO ou le samedi\u00a0 en p\u00e9riode hivernale \u00e0 la salle de Licques (cr\u00e9neau \u00e0\u2026","rel":"","context":"Article similaire","img":{"alt_text":"","src":"","width":0,"height":0},"classes":[]},{"id":57,"url":"https:\/\/as-surques-escoeuilles.fr\/index.php\/categories\/57-2\/","url_meta":{"origin":1214,"position":3},"title":"U11","date":"17 d\u00e9cembre 2016","format":false,"excerpt":"Deux \u00e9quipes U11 seront engag\u00e9es en 2020\/2021 et encadr\u00e9es par : Maxime Desombre, Educateur F\u00e9d\u00e9ral Bruno Ducrocq Laurine Allexandre Pascal Desombre Les entra\u00eenements ont lieu le mercredi de 16h00 \u00e0 17h15 au stade, et en p\u00e9riode hivernale le samedi \u00e0 la salle de Licques \u00a0 Ci dessous le calendrier du\u2026","rel":"","context":"Article similaire","img":{"alt_text":"","src":"https:\/\/i0.wp.com\/as-surques-escoeuilles.fr\/wp-content\/uploads\/2020\/01\/u11-a.png?resize=350%2C200&ssl=1","width":350,"height":200},"classes":[]},{"id":1201,"url":"https:\/\/as-surques-escoeuilles.fr\/index.php\/manifestations\/fete-du-foot\/","url_meta":{"origin":1214,"position":4},"title":"F\u00eate du foot","date":"24 avril 2018","format":false,"excerpt":"Devenue d\u00e9j\u00e0 incontournable, la f\u00eate du foot r\u00e9unit, sur notre stade intercommunal, tous les licenci\u00e9s et partenaires de l'ASSE pour un week-end festif au mois de juin sur le th\u00e8me du football. En 2022, la f\u00eate du foot aura lieu les 11 et 12 juin 2022 avec toujours au programme\u2026","rel":"","context":"Article similaire","img":{"alt_text":"","src":"https:\/\/i0.wp.com\/as-surques-escoeuilles.fr\/wp-content\/uploads\/2019\/05\/fete_foot_2019.png?resize=350%2C200","width":350,"height":200},"classes":[]},{"id":65,"url":"https:\/\/as-surques-escoeuilles.fr\/index.php\/categories\/mini-foot\/","url_meta":{"origin":1214,"position":5},"title":"Mini-foot","date":"17 d\u00e9cembre 2016","format":false,"excerpt":"Mini-foot et U6\/U7 Venez faire d\u00e9couvrir l'effort physique, le sport en groupe \u00e0 votre enfant et l'initier aux plaisirs du foot d\u00e8s son plus jeune \u00e2ge. Motricit\u00e9 et jeux seront au programme de chaque s\u00e9ance ! Les s\u00e9ances ont lieu pendant les cr\u00e9neaux d'\u00e9cole de foot, le mercredi de 14h00\u2026","rel":"","context":"Dans &quot;Non class\u00e9&quot;","img":{"alt_text":"","src":"https:\/\/i0.wp.com\/as-surques-escoeuilles.fr\/wp-content\/uploads\/2019\/12\/u6site-1024x603.jpg?resize=350%2C200&ssl=1","width":350,"height":200},"classes":[]}],"_links":{"self":[{"href":"https:\/\/as-surques-escoeuilles.fr\/index.php\/wp-json\/wp\/v2\/pages\/1214"}],"collection":[{"href":"https:\/\/as-surques-escoeuilles.fr\/index.php\/wp-json\/wp\/v2\/pages"}],"about":[{"href":"https:\/\/as-surques-escoeuilles.fr\/index.php\/wp-json\/wp\/v2\/types\/page"}],"author":[{"embeddable":true,"href":"https:\/\/as-surques-escoeuilles.fr\/index.php\/wp-json\/wp\/v2\/users\/1"}],"replies":[{"embeddable":true,"href":"https:\/\/as-surques-escoeuilles.fr\/index.php\/wp-json\/wp\/v2\/comments?post=1214"}],"version-history":[{"count":3,"href":"https:\/\/as-surques-escoeuilles.fr\/index.php\/wp-json\/wp\/v2\/pages\/1214\/revisions"}],"predecessor-version":[{"id":5631,"href":"https:\/\/as-surques-escoeuilles.fr\/index.php\/wp-json\/wp\/v2\/pages\/1214\/revisions\/5631"}],"up":[{"embeddable":true,"href":"https:\/\/as-surques-escoeuilles.fr\/index.php\/wp-json\/wp\/v2\/pages\/75"}],"wp:attachment":[{"href":"https:\/\/as-surques-escoeuilles.fr\/index.php\/wp-json\/wp\/v2\/media?parent=1214"}],"curies":[{"name":"wp","href":"https:\/\/api.w.org\/{rel}","templated":true}]}}