{"id":1520,"date":"2018-07-02T08:04:29","date_gmt":"2018-07-02T06:04:29","guid":{"rendered":"http:\/\/as-surques-escoeuilles.fr\/?page_id=1520"},"modified":"2020-05-18T09:53:39","modified_gmt":"2020-05-18T07:53:39","slug":"1520-2","status":"publish","type":"page","link":"https:\/\/as-surques-escoeuilles.fr\/index.php\/1520-2\/","title":{"rendered":"S\u00e9niors f\u00e9minines"},"content":{"rendered":"\n<p>En 2020\/2021, l&rsquo;\u00e9quipe s\u00e9niors F\u00e9minines (\u00e0 partir de 17 ans) \u00e9volue en championnat \u00e0 8. Elle \u00e9volue \u00e9galement l&rsquo;hiver dans un championnat Futsal avec deux \u00e9quipes engag\u00e9es ! N&rsquo;h\u00e9sitez pas \u00e0 venir nous rejoindre pour partager les joies du football.<\/p>\n\n\n\n<p>Encadrement de la section par Virginie RAMET (07-77-30-10-51).\u00a0 Les entra\u00eenements ont lieu le jeudi \u00e0 19h30 sur le terrain, et le mercredi soir en salle l&rsquo;hiver, ainsi que parfois sur le terrain synth\u00e9tique de Lumbres.<\/p>\n\n\n\n<p>Joueuses n\u00e9es en 2002 et avant : 65 \u20ac<br>2003 &#8211; 2004 : 50\u20ac<\/p>\n\n\n\n<figure class=\"wp-block-image\"><img data-attachment-id=\"1954\" data-permalink=\"https:\/\/as-surques-escoeuilles.fr\/index.php\/2018\/10\/19\/le-foot-au-feminin\/44232017_1908285092553982_3386028379374354432_n\/\" data-orig-file=\"https:\/\/i0.wp.com\/as-surques-escoeuilles.fr\/wp-content\/uploads\/2018\/10\/44232017_1908285092553982_3386028379374354432_n.jpg?fit=960%2C720&amp;ssl=1\" data-orig-size=\"960,720\" data-comments-opened=\"1\" data-image-meta=\"{&quot;aperture&quot;:&quot;0&quot;,&quot;credit&quot;:&quot;&quot;,&quot;camera&quot;:&quot;&quot;,&quot;caption&quot;:&quot;&quot;,&quot;created_timestamp&quot;:&quot;0&quot;,&quot;copyright&quot;:&quot;&quot;,&quot;focal_length&quot;:&quot;0&quot;,&quot;iso&quot;:&quot;0&quot;,&quot;shutter_speed&quot;:&quot;0&quot;,&quot;title&quot;:&quot;&quot;,&quot;orientation&quot;:&quot;0&quot;}\" data-image-title=\"44232017_1908285092553982_3386028379374354432_n\" data-image-description=\"\" data-image-caption=\"\" data-medium-file=\"https:\/\/i0.wp.com\/as-surques-escoeuilles.fr\/wp-content\/uploads\/2018\/10\/44232017_1908285092553982_3386028379374354432_n.jpg?fit=300%2C225&amp;ssl=1\" data-large-file=\"https:\/\/i0.wp.com\/as-surques-escoeuilles.fr\/wp-content\/uploads\/2018\/10\/44232017_1908285092553982_3386028379374354432_n.jpg?fit=800%2C600&amp;ssl=1\" fetchpriority=\"high\" width=\"800\" height=\"600\" src=\"https:\/\/i0.wp.com\/as-surques-escoeuilles.fr\/wp-content\/uploads\/2018\/10\/44232017_1908285092553982_3386028379374354432_n.jpg?resize=800%2C600\" alt=\"\" class=\"wp-image-1954\" srcset=\"https:\/\/i0.wp.com\/as-surques-escoeuilles.fr\/wp-content\/uploads\/2018\/10\/44232017_1908285092553982_3386028379374354432_n.jpg?w=960&amp;ssl=1 960w, https:\/\/i0.wp.com\/as-surques-escoeuilles.fr\/wp-content\/uploads\/2018\/10\/44232017_1908285092553982_3386028379374354432_n.jpg?resize=300%2C225&amp;ssl=1 300w, https:\/\/i0.wp.com\/as-surques-escoeuilles.fr\/wp-content\/uploads\/2018\/10\/44232017_1908285092553982_3386028379374354432_n.jpg?resize=768%2C576&amp;ssl=1 768w\" sizes=\"(max-width: 800px) 100vw, 800px\" data-recalc-dims=\"1\" \/><\/figure>\n\n\n\n<figure class=\"wp-block-image\"><img data-attachment-id=\"2575\" data-permalink=\"https:\/\/as-surques-escoeuilles.fr\/index.php\/2019\/05\/13\/nos-seniors-feminines-dans-letat-desprit-orange\/img_20190511_202948\/\" data-orig-file=\"https:\/\/i0.wp.com\/as-surques-escoeuilles.fr\/wp-content\/uploads\/2019\/05\/IMG_20190511_202948.jpg?fit=1024%2C768&amp;ssl=1\" data-orig-size=\"1024,768\" data-comments-opened=\"1\" data-image-meta=\"{&quot;aperture&quot;:&quot;2.2&quot;,&quot;credit&quot;:&quot;&quot;,&quot;camera&quot;:&quot;U FEEL&quot;,&quot;caption&quot;:&quot;&quot;,&quot;created_timestamp&quot;:&quot;1557606590&quot;,&quot;copyright&quot;:&quot;&quot;,&quot;focal_length&quot;:&quot;3.81&quot;,&quot;iso&quot;:&quot;111&quot;,&quot;shutter_speed&quot;:&quot;0.003666&quot;,&quot;title&quot;:&quot;&quot;,&quot;orientation&quot;:&quot;1&quot;}\" data-image-title=\"IMG_20190511_202948\" data-image-description=\"\" data-image-caption=\"\" data-medium-file=\"https:\/\/i0.wp.com\/as-surques-escoeuilles.fr\/wp-content\/uploads\/2019\/05\/IMG_20190511_202948.jpg?fit=300%2C225&amp;ssl=1\" data-large-file=\"https:\/\/i0.wp.com\/as-surques-escoeuilles.fr\/wp-content\/uploads\/2019\/05\/IMG_20190511_202948.jpg?fit=800%2C600&amp;ssl=1\" width=\"800\" height=\"600\" src=\"https:\/\/i0.wp.com\/as-surques-escoeuilles.fr\/wp-content\/uploads\/2019\/05\/IMG_20190511_202948-1024x768.jpg?resize=800%2C600\" alt=\"\" class=\"wp-image-2575\" srcset=\"https:\/\/i0.wp.com\/as-surques-escoeuilles.fr\/wp-content\/uploads\/2019\/05\/IMG_20190511_202948.jpg?w=1024&amp;ssl=1 1024w, https:\/\/i0.wp.com\/as-surques-escoeuilles.fr\/wp-content\/uploads\/2019\/05\/IMG_20190511_202948.jpg?resize=300%2C225&amp;ssl=1 300w, https:\/\/i0.wp.com\/as-surques-escoeuilles.fr\/wp-content\/uploads\/2019\/05\/IMG_20190511_202948.jpg?resize=768%2C576&amp;ssl=1 768w\" sizes=\"(max-width: 800px) 100vw, 800px\" data-recalc-dims=\"1\" \/><\/figure>\n\n\n<p>&nbsp;<\/p>\n<p>&nbsp;<\/p>\n<p>&nbsp;<\/p>\n<p><img data-attachment-id=\"1513\" data-permalink=\"https:\/\/as-surques-escoeuilles.fr\/index.php\/2018\/08\/27\/ouverture-dune-section-feminine-adulte\/recrutement_feminin\/\" data-orig-file=\"https:\/\/i0.wp.com\/as-surques-escoeuilles.fr\/wp-content\/uploads\/2018\/06\/recrutement_feminin.png?fit=794%2C559&amp;ssl=1\" data-orig-size=\"794,559\" data-comments-opened=\"1\" data-image-meta=\"{&quot;aperture&quot;:&quot;0&quot;,&quot;credit&quot;:&quot;&quot;,&quot;camera&quot;:&quot;&quot;,&quot;caption&quot;:&quot;&quot;,&quot;created_timestamp&quot;:&quot;0&quot;,&quot;copyright&quot;:&quot;&quot;,&quot;focal_length&quot;:&quot;0&quot;,&quot;iso&quot;:&quot;0&quot;,&quot;shutter_speed&quot;:&quot;0&quot;,&quot;title&quot;:&quot;&quot;,&quot;orientation&quot;:&quot;0&quot;}\" data-image-title=\"recrutement_feminin\" data-image-description=\"\" data-image-caption=\"\" data-medium-file=\"https:\/\/i0.wp.com\/as-surques-escoeuilles.fr\/wp-content\/uploads\/2018\/06\/recrutement_feminin.png?fit=300%2C211&amp;ssl=1\" data-large-file=\"https:\/\/i0.wp.com\/as-surques-escoeuilles.fr\/wp-content\/uploads\/2018\/06\/recrutement_feminin.png?fit=794%2C559&amp;ssl=1\" class=\"alignnone wp-image-1513 size-full\" src=\"https:\/\/i0.wp.com\/as-surques-escoeuilles.fr\/wp-content\/uploads\/2018\/06\/recrutement_feminin.png?resize=794%2C559\" alt=\"\" width=\"794\" height=\"559\" srcset=\"https:\/\/i0.wp.com\/as-surques-escoeuilles.fr\/wp-content\/uploads\/2018\/06\/recrutement_feminin.png?w=794&amp;ssl=1 794w, https:\/\/i0.wp.com\/as-surques-escoeuilles.fr\/wp-content\/uploads\/2018\/06\/recrutement_feminin.png?resize=300%2C211&amp;ssl=1 300w, https:\/\/i0.wp.com\/as-surques-escoeuilles.fr\/wp-content\/uploads\/2018\/06\/recrutement_feminin.png?resize=768%2C541&amp;ssl=1 768w\" sizes=\"(max-width: 794px) 100vw, 794px\" data-recalc-dims=\"1\" \/><\/p>\n<p>N\u2019h\u00e9sitez pas \u00e0 nous contacter pour tous les renseignements n\u00e9cessaires et les formalit\u00e9s administratives (Beno\u00eet au 06 26 77 42 20)<\/p>\n<p>La demande de licence joueuse est disponible dan l&rsquo;onglet vie du club &#8211; Demander une licence. Remplir la partie coordonn\u00e9es et la partie m\u00e9dicale, Beno\u00eet s&rsquo;occupera de compl\u00e9ter le reste).<\/p>\n<p>&nbsp;<\/p>\n\n\n<p><\/p>\n","protected":false},"excerpt":{"rendered":"<p>En 2020\/2021, l&rsquo;\u00e9quipe s\u00e9niors F\u00e9minines (\u00e0 partir de 17 ans) \u00e9volue en championnat \u00e0 8. Elle \u00e9volue \u00e9galement l&rsquo;hiver dans<\/p>\n","protected":false},"author":1,"featured_media":0,"parent":0,"menu_order":0,"comment_status":"closed","ping_status":"closed","template":"","meta":{"ngg_post_thumbnail":0,"jetpack_post_was_ever_published":false},"jetpack_sharing_enabled":true,"jetpack_shortlink":"https:\/\/wp.me\/P8dhOI-ow","jetpack-related-posts":[{"id":3707,"url":"https:\/\/as-surques-escoeuilles.fr\/index.php\/section-feminines\/","url_meta":{"origin":1520,"position":0},"title":"Section F\u00e9minines","date":"27 d\u00e9cembre 2019","format":false,"excerpt":"L'ASSE a toujours compt\u00e9 \u00e9norm\u00e9ment de joueuses dans ses effectifs. Depuis 2018, le club a pass\u00e9 un palier puisque des \u00e9quipes exclusivement f\u00e9minines ont vu le jour : les U13 f\u00e9minines et les s\u00e9niors F\u00e9minines. Cliquez sur l'image de votre choix pour le d\u00e9tail : S\u00e9niors Jeunes","rel":"","context":"Article similaire","img":{"alt_text":"","src":"https:\/\/i0.wp.com\/as-surques-escoeuilles.fr\/wp-content\/uploads\/2019\/12\/received_4873727052336478629627142667311591-1024x485.jpeg?resize=350%2C200&ssl=1","width":350,"height":200},"classes":[]},{"id":761,"url":"https:\/\/as-surques-escoeuilles.fr\/index.php\/categories\/u11-feminines\/","url_meta":{"origin":1520,"position":1},"title":"U13 F\u00e9minines","date":"17 d\u00e9cembre 2017","format":false,"excerpt":"En parall\u00e8le des \u00e9quipes U13 mixtes\u00a0 dans lesquelles les filles peuvent \u00e9voluer, une \u00e9quipe U14 F\u00e9minines est engag\u00e9e en championnat U13 mixte, encadr\u00e9e par Thierry Macquet et H\u00e9l\u00e8ne Havart, tous deux form\u00e9s sur le module animatrice. \u00a0N'h\u00e9sitez pas \u00e0 nous contacter pour de plus amples renseignements sur cette cat\u00e9gorie ouvertes\u2026","rel":"","context":"Article similaire","img":{"alt_text":"","src":"https:\/\/i0.wp.com\/as-surques-escoeuilles.fr\/wp-content\/uploads\/2018\/12\/Ivanka2.jpg?resize=350%2C200&ssl=1","width":350,"height":200},"classes":[]},{"id":2886,"url":"https:\/\/as-surques-escoeuilles.fr\/index.php\/actions-du-club\/promotion-du-football-feminin\/","url_meta":{"origin":1520,"position":2},"title":"Promotion du football F\u00e9minin","date":"14 septembre 2019","format":false,"excerpt":"L' ASSE n'a pas attendu l'essor du foot f\u00e9minin pour permettre aux filles de pratiquer ce sport. Depuis de nombreuses ann\u00e9es, les filles sont int\u00e9gr\u00e9es \u00e0 toutes les cat\u00e9gories, jusqu'aux dirigeantes. Depuis 2018, le club a pass\u00e9 un palier avec la cr\u00e9ation d'\u00e9quipes 100% f\u00e9minines (U13 et S\u00e9niors), ainsi que\u2026","rel":"","context":"Article similaire","img":{"alt_text":"","src":"https:\/\/i0.wp.com\/as-surques-escoeuilles.fr\/wp-content\/uploads\/2019\/09\/IMG_20190905_193908.jpg?resize=350%2C200&ssl=1","width":350,"height":200},"classes":[]},{"id":61,"url":"https:\/\/as-surques-escoeuilles.fr\/index.php\/categories\/u8u9\/","url_meta":{"origin":1520,"position":3},"title":"U8\/U9","date":"17 d\u00e9cembre 2016","format":false,"excerpt":"Dans cette cat\u00e9gorie, les enfants alternent les entrainements et les petits tournois toujours sous le signe du jeu et sans classements. Les entrainements ont lieu le mercredi de 14h \u00e0 15h15 et le samedi de 10h30 \u00e0 11h45 sur le terrain herbe,\u00a0 et en salle, sur synth\u00e9tique et city l'hiver.\u2026","rel":"","context":"Article similaire","img":{"alt_text":"","src":"https:\/\/i0.wp.com\/as-surques-escoeuilles.fr\/wp-content\/uploads\/2018\/10\/DSC_0064.jpg?resize=350%2C200&ssl=1","width":350,"height":200},"classes":[]},{"id":40,"url":"https:\/\/as-surques-escoeuilles.fr\/index.php\/categories\/seniors-2\/","url_meta":{"origin":1520,"position":4},"title":"S\u00e9niors","date":"17 d\u00e9cembre 2016","format":false,"excerpt":"Trois \u00e9quipes s\u00e9niors sont engag\u00e9es en 2022\/2023: une \u00e9quipe en D2 , dirig\u00e9e par Pierre Telliez une \u00e9quipe en D5 une \u00e9quipe en D7, dirig\u00e9e par Dany et Joan Merlin La structure d'encadrement se compose \u00e9galement de : Ren\u00e9 DELRUE, pr\u00e9parateur physique Olivier DESOMBRE, entra\u00eeneur adjoint sp\u00e9cifique attaquants Antonin BEAUVIR\u2026","rel":"","context":"Article similaire","img":{"alt_text":"","src":"","width":0,"height":0},"classes":[]},{"id":664,"url":"https:\/\/as-surques-escoeuilles.fr\/index.php\/categories\/seniors-2\/entrainements\/","url_meta":{"origin":1520,"position":5},"title":"Entra\u00eenements","date":"19 octobre 2017","format":false,"excerpt":"\u00a0Au printemps jusque l'automne, les entra\u00eenements du groupe s\u00e9niors ont lieu les mercredi et vendredi de 19h00 \u00e0 20h45 au stade communal. Le planning est donn\u00e9 ci-dessous : \u00a0 En p\u00e9riode hivernale, deux sortes de cr\u00e9neaux seront allou\u00e9s : le mercredi soir \u00e0 la salle intercommunale de Licques de 19h00\u2026","rel":"","context":"Article similaire","img":{"alt_text":"","src":"","width":0,"height":0},"classes":[]}],"_links":{"self":[{"href":"https:\/\/as-surques-escoeuilles.fr\/index.php\/wp-json\/wp\/v2\/pages\/1520"}],"collection":[{"href":"https:\/\/as-surques-escoeuilles.fr\/index.php\/wp-json\/wp\/v2\/pages"}],"about":[{"href":"https:\/\/as-surques-escoeuilles.fr\/index.php\/wp-json\/wp\/v2\/types\/page"}],"author":[{"embeddable":true,"href":"https:\/\/as-surques-escoeuilles.fr\/index.php\/wp-json\/wp\/v2\/users\/1"}],"replies":[{"embeddable":true,"href":"https:\/\/as-surques-escoeuilles.fr\/index.php\/wp-json\/wp\/v2\/comments?post=1520"}],"version-history":[{"count":1,"href":"https:\/\/as-surques-escoeuilles.fr\/index.php\/wp-json\/wp\/v2\/pages\/1520\/revisions"}],"predecessor-version":[{"id":4337,"href":"https:\/\/as-surques-escoeuilles.fr\/index.php\/wp-json\/wp\/v2\/pages\/1520\/revisions\/4337"}],"wp:attachment":[{"href":"https:\/\/as-surques-escoeuilles.fr\/index.php\/wp-json\/wp\/v2\/media?parent=1520"}],"curies":[{"name":"wp","href":"https:\/\/api.w.org\/{rel}","templated":true}]}}