{"id":1555,"date":"2018-07-05T07:25:03","date_gmt":"2018-07-05T05:25:03","guid":{"rendered":"http:\/\/as-surques-escoeuilles.fr\/?page_id=1555"},"modified":"2018-07-05T07:25:03","modified_gmt":"2018-07-05T05:25:03","slug":"reglement-interieur","status":"publish","type":"page","link":"https:\/\/as-surques-escoeuilles.fr\/index.php\/reglement-interieur\/","title":{"rendered":"R\u00e8glement int\u00e9rieur"},"content":{"rendered":"<p>Lors de son assembl\u00e9e g\u00e9n\u00e9rale du 29 juin 2018, les membres ont vot\u00e9 pour l&rsquo;instauration d&rsquo;un r\u00e8glement int\u00e9rieur propos\u00e9 par le conseil d&rsquo;administration. Vous le trouverez ci-dessous. Il \u00e9voque notamment le cas des mutations de joueurs et des sanctions disciplinaires dont le joueur aura la charge \u00e0 partir du 1er juillet 2018.<\/p>\n<p>&nbsp;<\/p>\n<iframe id=\"s_pdf_frame\" src=\"\/\/docs.google.com\/gview?embedded=true&url=http:\/\/as-surques-escoeuilles.fr\/wp-content\/uploads\/2018\/07\/Reglement_interieur.pdf\" style=\"width: 600px; height:750px;\" frameborder=\"0\"><\/iframe><a class=\"s_pdf_download_link\" href=\"http:\/\/as-surques-escoeuilles.fr\/wp-content\/uploads\/2018\/07\/Reglement_interieur.pdf\" download><button style=\"\" class=\"s_pdf_download_bttn\">T\u00e9l\u00e9charger<\/button><\/a>\n","protected":false},"excerpt":{"rendered":"<p>Lors de son assembl\u00e9e g\u00e9n\u00e9rale du 29 juin 2018, les membres ont vot\u00e9 pour l&rsquo;instauration d&rsquo;un r\u00e8glement int\u00e9rieur propos\u00e9 par<\/p>\n","protected":false},"author":1,"featured_media":0,"parent":0,"menu_order":0,"comment_status":"closed","ping_status":"closed","template":"","meta":{"ngg_post_thumbnail":0,"jetpack_post_was_ever_published":false},"jetpack_sharing_enabled":true,"jetpack_shortlink":"https:\/\/wp.me\/P8dhOI-p5","jetpack-related-posts":[{"id":446,"url":"https:\/\/as-surques-escoeuilles.fr\/index.php\/vie-du-club\/tarifs-licence\/","url_meta":{"origin":1555,"position":0},"title":"Tarifs licence","date":"13 juin 2017","format":false,"excerpt":"Voici les tarifs de licence 2021\/2022: Cat\u00e9goriesPrixMini-foot (fin 2019) -U5 (2018) \u00e0 U13 (2009)30\u20ac*Foot \u00e0 11 et \/ou avec frais d'arbitrage :U14 (2009) \u00e0 U17 (2006)50\u20ac*U18 et S\u00e9niors H et F (2005 et avant)65\u20ac *Une r\u00e9duction de 5\u20ac est appliqu\u00e9e en cas de multiples licences pour les enfants issus d'une\u2026","rel":"","context":"Dans &quot;Non class\u00e9&quot;","img":{"alt_text":"","src":"https:\/\/i0.wp.com\/as-surques-escoeuilles.fr\/wp-content\/uploads\/2019\/05\/Capture.jpg?resize=350%2C200&ssl=1","width":350,"height":200},"classes":[]},{"id":2882,"url":"https:\/\/as-surques-escoeuilles.fr\/index.php\/actions-du-club\/","url_meta":{"origin":1555,"position":1},"title":"Projet Club","date":"14 septembre 2019","format":false,"excerpt":"Retrouvez les actions men\u00e9es au sein du club : Projet Associatif :Plan de formation des \u00e9ducateurs et b\u00e9n\u00e9voles : http:\/\/as-surques-escoeuilles.fr\/index.php\/plan-de-formation\/ Promotion du football F\u00e9minin : http:\/\/as-surques-escoeuilles.fr\/index.php\/actions-du-club\/promotion-du-football-feminin\/Fid\u00e9lisation des licenci\u00e9s de l'\u00e9cole de foot : Arbre de Noel : http:\/\/as-surques-escoeuilles.fr\/index.php\/manifestations\/1216-2\/Projet Educatif :Programme \u00e9ducatif f\u00e9d\u00e9ral : http:\/\/as-surques-escoeuilles.fr\/index.php\/programme-educatif-federal\/Troc' Foot : http:\/\/as-surques-escoeuilles.fr\/index.php\/vie-du-club\/trocfoot\/","rel":"","context":"Article similaire","img":{"alt_text":"","src":"","width":0,"height":0},"classes":[]},{"id":101,"url":"https:\/\/as-surques-escoeuilles.fr\/index.php\/forum-du-club\/","url_meta":{"origin":1555,"position":2},"title":"Forum du club","date":"17 d\u00e9cembre 2016","format":false,"excerpt":"[forum]","rel":"","context":"Article similaire","img":{"alt_text":"","src":"","width":0,"height":0},"classes":[]},{"id":1201,"url":"https:\/\/as-surques-escoeuilles.fr\/index.php\/manifestations\/fete-du-foot\/","url_meta":{"origin":1555,"position":3},"title":"F\u00eate du foot","date":"24 avril 2018","format":false,"excerpt":"Devenue d\u00e9j\u00e0 incontournable, la f\u00eate du foot r\u00e9unit, sur notre stade intercommunal, tous les licenci\u00e9s et partenaires de l'ASSE pour un week-end festif au mois de juin sur le th\u00e8me du football. En 2022, la f\u00eate du foot aura lieu les 11 et 12 juin 2022 avec toujours au programme\u2026","rel":"","context":"Article similaire","img":{"alt_text":"","src":"https:\/\/i0.wp.com\/as-surques-escoeuilles.fr\/wp-content\/uploads\/2019\/05\/fete_foot_2019.png?resize=350%2C200","width":350,"height":200},"classes":[]},{"id":2886,"url":"https:\/\/as-surques-escoeuilles.fr\/index.php\/actions-du-club\/promotion-du-football-feminin\/","url_meta":{"origin":1555,"position":4},"title":"Promotion du football F\u00e9minin","date":"14 septembre 2019","format":false,"excerpt":"L' ASSE n'a pas attendu l'essor du foot f\u00e9minin pour permettre aux filles de pratiquer ce sport. Depuis de nombreuses ann\u00e9es, les filles sont int\u00e9gr\u00e9es \u00e0 toutes les cat\u00e9gories, jusqu'aux dirigeantes. Depuis 2018, le club a pass\u00e9 un palier avec la cr\u00e9ation d'\u00e9quipes 100% f\u00e9minines (U13 et S\u00e9niors), ainsi que\u2026","rel":"","context":"Article similaire","img":{"alt_text":"","src":"https:\/\/i0.wp.com\/as-surques-escoeuilles.fr\/wp-content\/uploads\/2019\/09\/IMG_20190905_193908.jpg?resize=350%2C200&ssl=1","width":350,"height":200},"classes":[]},{"id":4013,"url":"https:\/\/as-surques-escoeuilles.fr\/index.php\/projet-associatif-revue-de-presse\/","url_meta":{"origin":1555,"position":5},"title":"Projet Associatif : Revue de presse","date":"17 f\u00e9vrier 2020","format":false,"excerpt":"2020-2021 : mise en valeur du projet associatif et \u00e9ducatif (La Voix Du Nord, lundi 13 juillet) 2020 2019-2020 : installation de la fontaine \u00e0 eau - L'ind\u00e9pendant - 26 mars 2020 2019-2020 : Reprise S\u00e9niors (L'Ind\u00e9pendant) Action PEF 2018-2019 : d\u00e9placement \u00e9co-responsable (La Voix du Nord) 2018-2019 - Reprise\u2026","rel":"","context":"Article similaire","img":{"alt_text":"","src":"https:\/\/i0.wp.com\/as-surques-escoeuilles.fr\/wp-content\/uploads\/2020\/07\/Screenshot_20200713_082625.jpg?resize=350%2C200&ssl=1","width":350,"height":200},"classes":[]}],"_links":{"self":[{"href":"https:\/\/as-surques-escoeuilles.fr\/index.php\/wp-json\/wp\/v2\/pages\/1555"}],"collection":[{"href":"https:\/\/as-surques-escoeuilles.fr\/index.php\/wp-json\/wp\/v2\/pages"}],"about":[{"href":"https:\/\/as-surques-escoeuilles.fr\/index.php\/wp-json\/wp\/v2\/types\/page"}],"author":[{"embeddable":true,"href":"https:\/\/as-surques-escoeuilles.fr\/index.php\/wp-json\/wp\/v2\/users\/1"}],"replies":[{"embeddable":true,"href":"https:\/\/as-surques-escoeuilles.fr\/index.php\/wp-json\/wp\/v2\/comments?post=1555"}],"version-history":[{"count":0,"href":"https:\/\/as-surques-escoeuilles.fr\/index.php\/wp-json\/wp\/v2\/pages\/1555\/revisions"}],"wp:attachment":[{"href":"https:\/\/as-surques-escoeuilles.fr\/index.php\/wp-json\/wp\/v2\/media?parent=1555"}],"curies":[{"name":"wp","href":"https:\/\/api.w.org\/{rel}","templated":true}]}}