{"id":1813,"date":"2018-09-22T20:22:27","date_gmt":"2018-09-22T18:22:27","guid":{"rendered":"http:\/\/as-surques-escoeuilles.fr\/?page_id=1813"},"modified":"2021-10-20T15:10:36","modified_gmt":"2021-10-20T13:10:36","slug":"soiree-dansante","status":"publish","type":"page","link":"https:\/\/as-surques-escoeuilles.fr\/index.php\/manifestations\/soiree-dansante\/","title":{"rendered":"Soir\u00e9e dansante"},"content":{"rendered":"\n<p>La soir\u00e9e dansante est la premi\u00e8re manifestation de l&rsquo;ann\u00e9e. G\u00e9n\u00e9ralement situ\u00e9e apr\u00e8s la reprise des championnats et peu avant la tr\u00eave automnale, elle permet de r\u00e9unir joueurs, parents et partenaires pour une pr\u00e9sentation des nouveaux visages de l&rsquo;ASSE. Le repas est suivi d&rsquo;une soir\u00e9e dansante g\u00e9n\u00e9ralement tr\u00e8s festive et anim\u00e9e.<\/p>\n\n\n\n<p class=\"has-text-align-center\"><strong><em>Notez d\u00e9j\u00e0 : soir\u00e9e dansante le 20 novembre 2021 !! <\/em><\/strong><br><\/p>\n\n\n\n<p>R\u00e9servations par t\u00e9l\u00e9phone aupr\u00e8s de Philippe Havart (06 15 18 67 92)<\/p>\n\n\n\n<figure data-carousel-extra='{\"blog_id\":1,\"permalink\":\"https:\\\/\\\/as-surques-escoeuilles.fr\\\/index.php\\\/manifestations\\\/soiree-dansante\\\/\"}'  class=\"wp-container-2 wp-block-gallery-1 wp-block-gallery columns-1 is-cropped\"><ul class=\"blocks-gallery-grid\"><li class=\"blocks-gallery-item\"><figure><img data-attachment-id=\"5397\" data-permalink=\"https:\/\/as-surques-escoeuilles.fr\/index.php\/manifestations\/soiree-dansante\/capture-17\/\" data-orig-file=\"https:\/\/i0.wp.com\/as-surques-escoeuilles.fr\/wp-content\/uploads\/2021\/10\/Capture.jpg?fit=566%2C797&amp;ssl=1\" data-orig-size=\"566,797\" data-comments-opened=\"1\" data-image-meta=\"{&quot;aperture&quot;:&quot;0&quot;,&quot;credit&quot;:&quot;Beno\\u00eet Fortin&quot;,&quot;camera&quot;:&quot;&quot;,&quot;caption&quot;:&quot;&quot;,&quot;created_timestamp&quot;:&quot;1634742033&quot;,&quot;copyright&quot;:&quot;&quot;,&quot;focal_length&quot;:&quot;0&quot;,&quot;iso&quot;:&quot;0&quot;,&quot;shutter_speed&quot;:&quot;0&quot;,&quot;title&quot;:&quot;&quot;,&quot;orientation&quot;:&quot;0&quot;}\" data-image-title=\"Capture\" data-image-description=\"\" data-image-caption=\"\" data-medium-file=\"https:\/\/i0.wp.com\/as-surques-escoeuilles.fr\/wp-content\/uploads\/2021\/10\/Capture.jpg?fit=213%2C300&amp;ssl=1\" data-large-file=\"https:\/\/i0.wp.com\/as-surques-escoeuilles.fr\/wp-content\/uploads\/2021\/10\/Capture.jpg?fit=566%2C797&amp;ssl=1\" fetchpriority=\"high\" width=\"566\" height=\"797\" src=\"https:\/\/i0.wp.com\/as-surques-escoeuilles.fr\/wp-content\/uploads\/2021\/10\/Capture.jpg?resize=566%2C797&#038;ssl=1\" alt=\"\" data-id=\"5397\" data-full-url=\"https:\/\/i0.wp.com\/as-surques-escoeuilles.fr\/wp-content\/uploads\/2021\/10\/Capture.jpg?resize=566%2C797&#038;ssl=1\" data-link=\"https:\/\/as-surques-escoeuilles.fr\/index.php\/manifestations\/soiree-dansante\/capture-17\/\" class=\"wp-image-5397\" srcset=\"https:\/\/i0.wp.com\/as-surques-escoeuilles.fr\/wp-content\/uploads\/2021\/10\/Capture.jpg?w=566&amp;ssl=1 566w, https:\/\/i0.wp.com\/as-surques-escoeuilles.fr\/wp-content\/uploads\/2021\/10\/Capture.jpg?resize=213%2C300&amp;ssl=1 213w\" sizes=\"(max-width: 566px) 100vw, 566px\" data-recalc-dims=\"1\" \/><\/figure><\/li><\/ul><\/figure>\n\n\n\n<figure data-carousel-extra='{\"blog_id\":1,\"permalink\":\"https:\\\/\\\/as-surques-escoeuilles.fr\\\/index.php\\\/manifestations\\\/soiree-dansante\\\/\"}'  class=\"wp-container-4 wp-block-gallery-3 wp-block-gallery columns-2 is-cropped\"><ul class=\"blocks-gallery-grid\"><li class=\"blocks-gallery-item\"><figure><img data-attachment-id=\"2078\" data-permalink=\"https:\/\/as-surques-escoeuilles.fr\/index.php\/manifestations\/soiree-dansante\/img_20181117_193039\/\" data-orig-file=\"https:\/\/i0.wp.com\/as-surques-escoeuilles.fr\/wp-content\/uploads\/2018\/11\/IMG_20181117_193039.jpg?fit=1024%2C768&amp;ssl=1\" data-orig-size=\"1024,768\" data-comments-opened=\"1\" data-image-meta=\"{&quot;aperture&quot;:&quot;2.2&quot;,&quot;credit&quot;:&quot;&quot;,&quot;camera&quot;:&quot;U FEEL&quot;,&quot;caption&quot;:&quot;&quot;,&quot;created_timestamp&quot;:&quot;1542483040&quot;,&quot;copyright&quot;:&quot;&quot;,&quot;focal_length&quot;:&quot;3.81&quot;,&quot;iso&quot;:&quot;993&quot;,&quot;shutter_speed&quot;:&quot;0.04&quot;,&quot;title&quot;:&quot;&quot;,&quot;orientation&quot;:&quot;1&quot;}\" data-image-title=\"IMG_20181117_193039\" data-image-description=\"\" data-image-caption=\"\" data-medium-file=\"https:\/\/i0.wp.com\/as-surques-escoeuilles.fr\/wp-content\/uploads\/2018\/11\/IMG_20181117_193039.jpg?fit=300%2C225&amp;ssl=1\" data-large-file=\"https:\/\/i0.wp.com\/as-surques-escoeuilles.fr\/wp-content\/uploads\/2018\/11\/IMG_20181117_193039.jpg?fit=800%2C600&amp;ssl=1\" width=\"800\" height=\"600\" src=\"https:\/\/i0.wp.com\/as-surques-escoeuilles.fr\/wp-content\/uploads\/2018\/11\/IMG_20181117_193039.jpg?resize=800%2C600\" alt=\"\" data-id=\"2078\" data-link=\"http:\/\/as-surques-escoeuilles.fr\/index.php\/manifestations\/soiree-dansante\/img_20181117_193039\/\" class=\"wp-image-2078\" srcset=\"https:\/\/i0.wp.com\/as-surques-escoeuilles.fr\/wp-content\/uploads\/2018\/11\/IMG_20181117_193039.jpg?w=1024&amp;ssl=1 1024w, https:\/\/i0.wp.com\/as-surques-escoeuilles.fr\/wp-content\/uploads\/2018\/11\/IMG_20181117_193039.jpg?resize=300%2C225&amp;ssl=1 300w, https:\/\/i0.wp.com\/as-surques-escoeuilles.fr\/wp-content\/uploads\/2018\/11\/IMG_20181117_193039.jpg?resize=768%2C576&amp;ssl=1 768w\" sizes=\"(max-width: 800px) 100vw, 800px\" data-recalc-dims=\"1\" \/><\/figure><\/li><li class=\"blocks-gallery-item\"><figure><img data-attachment-id=\"2080\" data-permalink=\"https:\/\/as-surques-escoeuilles.fr\/index.php\/manifestations\/soiree-dansante\/img_20181117_205556\/\" data-orig-file=\"https:\/\/i0.wp.com\/as-surques-escoeuilles.fr\/wp-content\/uploads\/2018\/11\/IMG_20181117_205556.jpg?fit=1024%2C768&amp;ssl=1\" data-orig-size=\"1024,768\" data-comments-opened=\"1\" data-image-meta=\"{&quot;aperture&quot;:&quot;2.2&quot;,&quot;credit&quot;:&quot;&quot;,&quot;camera&quot;:&quot;U FEEL&quot;,&quot;caption&quot;:&quot;&quot;,&quot;created_timestamp&quot;:&quot;1542488157&quot;,&quot;copyright&quot;:&quot;&quot;,&quot;focal_length&quot;:&quot;3.81&quot;,&quot;iso&quot;:&quot;1322&quot;,&quot;shutter_speed&quot;:&quot;0.059999&quot;,&quot;title&quot;:&quot;&quot;,&quot;orientation&quot;:&quot;1&quot;}\" data-image-title=\"IMG_20181117_205556\" data-image-description=\"\" data-image-caption=\"\" data-medium-file=\"https:\/\/i0.wp.com\/as-surques-escoeuilles.fr\/wp-content\/uploads\/2018\/11\/IMG_20181117_205556.jpg?fit=300%2C225&amp;ssl=1\" data-large-file=\"https:\/\/i0.wp.com\/as-surques-escoeuilles.fr\/wp-content\/uploads\/2018\/11\/IMG_20181117_205556.jpg?fit=800%2C600&amp;ssl=1\" width=\"800\" height=\"600\" src=\"https:\/\/i0.wp.com\/as-surques-escoeuilles.fr\/wp-content\/uploads\/2018\/11\/IMG_20181117_205556.jpg?resize=800%2C600\" alt=\"\" data-id=\"2080\" data-link=\"http:\/\/as-surques-escoeuilles.fr\/index.php\/manifestations\/soiree-dansante\/img_20181117_205556\/\" class=\"wp-image-2080\" srcset=\"https:\/\/i0.wp.com\/as-surques-escoeuilles.fr\/wp-content\/uploads\/2018\/11\/IMG_20181117_205556.jpg?w=1024&amp;ssl=1 1024w, https:\/\/i0.wp.com\/as-surques-escoeuilles.fr\/wp-content\/uploads\/2018\/11\/IMG_20181117_205556.jpg?resize=300%2C225&amp;ssl=1 300w, https:\/\/i0.wp.com\/as-surques-escoeuilles.fr\/wp-content\/uploads\/2018\/11\/IMG_20181117_205556.jpg?resize=768%2C576&amp;ssl=1 768w\" sizes=\"(max-width: 800px) 100vw, 800px\" data-recalc-dims=\"1\" \/><\/figure><\/li><li class=\"blocks-gallery-item\"><figure><img data-attachment-id=\"2081\" data-permalink=\"https:\/\/as-surques-escoeuilles.fr\/index.php\/manifestations\/soiree-dansante\/img_20181117_205602\/\" data-orig-file=\"https:\/\/i0.wp.com\/as-surques-escoeuilles.fr\/wp-content\/uploads\/2018\/11\/IMG_20181117_205602.jpg?fit=1024%2C768&amp;ssl=1\" data-orig-size=\"1024,768\" data-comments-opened=\"1\" data-image-meta=\"{&quot;aperture&quot;:&quot;2.2&quot;,&quot;credit&quot;:&quot;&quot;,&quot;camera&quot;:&quot;U FEEL&quot;,&quot;caption&quot;:&quot;&quot;,&quot;created_timestamp&quot;:&quot;1542488163&quot;,&quot;copyright&quot;:&quot;&quot;,&quot;focal_length&quot;:&quot;3.81&quot;,&quot;iso&quot;:&quot;1529&quot;,&quot;shutter_speed&quot;:&quot;0.059999&quot;,&quot;title&quot;:&quot;&quot;,&quot;orientation&quot;:&quot;1&quot;}\" data-image-title=\"IMG_20181117_205602\" data-image-description=\"\" data-image-caption=\"\" data-medium-file=\"https:\/\/i0.wp.com\/as-surques-escoeuilles.fr\/wp-content\/uploads\/2018\/11\/IMG_20181117_205602.jpg?fit=300%2C225&amp;ssl=1\" data-large-file=\"https:\/\/i0.wp.com\/as-surques-escoeuilles.fr\/wp-content\/uploads\/2018\/11\/IMG_20181117_205602.jpg?fit=800%2C600&amp;ssl=1\" loading=\"lazy\" width=\"800\" height=\"600\" src=\"https:\/\/i0.wp.com\/as-surques-escoeuilles.fr\/wp-content\/uploads\/2018\/11\/IMG_20181117_205602.jpg?resize=800%2C600\" alt=\"\" data-id=\"2081\" data-link=\"http:\/\/as-surques-escoeuilles.fr\/index.php\/manifestations\/soiree-dansante\/img_20181117_205602\/\" class=\"wp-image-2081\" srcset=\"https:\/\/i0.wp.com\/as-surques-escoeuilles.fr\/wp-content\/uploads\/2018\/11\/IMG_20181117_205602.jpg?w=1024&amp;ssl=1 1024w, https:\/\/i0.wp.com\/as-surques-escoeuilles.fr\/wp-content\/uploads\/2018\/11\/IMG_20181117_205602.jpg?resize=300%2C225&amp;ssl=1 300w, https:\/\/i0.wp.com\/as-surques-escoeuilles.fr\/wp-content\/uploads\/2018\/11\/IMG_20181117_205602.jpg?resize=768%2C576&amp;ssl=1 768w\" sizes=\"(max-width: 800px) 100vw, 800px\" data-recalc-dims=\"1\" \/><\/figure><\/li><li class=\"blocks-gallery-item\"><figure><img data-attachment-id=\"2082\" data-permalink=\"https:\/\/as-surques-escoeuilles.fr\/index.php\/manifestations\/soiree-dansante\/img_20181117_205650\/\" data-orig-file=\"https:\/\/i0.wp.com\/as-surques-escoeuilles.fr\/wp-content\/uploads\/2018\/11\/IMG_20181117_205650.jpg?fit=1024%2C768&amp;ssl=1\" data-orig-size=\"1024,768\" data-comments-opened=\"1\" data-image-meta=\"{&quot;aperture&quot;:&quot;2.2&quot;,&quot;credit&quot;:&quot;&quot;,&quot;camera&quot;:&quot;U FEEL&quot;,&quot;caption&quot;:&quot;&quot;,&quot;created_timestamp&quot;:&quot;1542488211&quot;,&quot;copyright&quot;:&quot;&quot;,&quot;focal_length&quot;:&quot;3.81&quot;,&quot;iso&quot;:&quot;1404&quot;,&quot;shutter_speed&quot;:&quot;0.059999&quot;,&quot;title&quot;:&quot;&quot;,&quot;orientation&quot;:&quot;1&quot;}\" data-image-title=\"IMG_20181117_205650\" data-image-description=\"\" data-image-caption=\"\" data-medium-file=\"https:\/\/i0.wp.com\/as-surques-escoeuilles.fr\/wp-content\/uploads\/2018\/11\/IMG_20181117_205650.jpg?fit=300%2C225&amp;ssl=1\" data-large-file=\"https:\/\/i0.wp.com\/as-surques-escoeuilles.fr\/wp-content\/uploads\/2018\/11\/IMG_20181117_205650.jpg?fit=800%2C600&amp;ssl=1\" loading=\"lazy\" width=\"800\" height=\"600\" src=\"https:\/\/i0.wp.com\/as-surques-escoeuilles.fr\/wp-content\/uploads\/2018\/11\/IMG_20181117_205650.jpg?resize=800%2C600\" alt=\"\" data-id=\"2082\" data-link=\"http:\/\/as-surques-escoeuilles.fr\/index.php\/manifestations\/soiree-dansante\/img_20181117_205650\/\" class=\"wp-image-2082\" srcset=\"https:\/\/i0.wp.com\/as-surques-escoeuilles.fr\/wp-content\/uploads\/2018\/11\/IMG_20181117_205650.jpg?w=1024&amp;ssl=1 1024w, https:\/\/i0.wp.com\/as-surques-escoeuilles.fr\/wp-content\/uploads\/2018\/11\/IMG_20181117_205650.jpg?resize=300%2C225&amp;ssl=1 300w, https:\/\/i0.wp.com\/as-surques-escoeuilles.fr\/wp-content\/uploads\/2018\/11\/IMG_20181117_205650.jpg?resize=768%2C576&amp;ssl=1 768w\" sizes=\"(max-width: 800px) 100vw, 800px\" data-recalc-dims=\"1\" \/><\/figure><\/li><li class=\"blocks-gallery-item\"><figure><img data-attachment-id=\"2083\" data-permalink=\"https:\/\/as-surques-escoeuilles.fr\/index.php\/manifestations\/soiree-dansante\/img_20181117_205651\/\" data-orig-file=\"https:\/\/i0.wp.com\/as-surques-escoeuilles.fr\/wp-content\/uploads\/2018\/11\/IMG_20181117_205651.jpg?fit=1024%2C768&amp;ssl=1\" data-orig-size=\"1024,768\" data-comments-opened=\"1\" data-image-meta=\"{&quot;aperture&quot;:&quot;2.2&quot;,&quot;credit&quot;:&quot;&quot;,&quot;camera&quot;:&quot;U FEEL&quot;,&quot;caption&quot;:&quot;&quot;,&quot;created_timestamp&quot;:&quot;1542488212&quot;,&quot;copyright&quot;:&quot;&quot;,&quot;focal_length&quot;:&quot;3.81&quot;,&quot;iso&quot;:&quot;1404&quot;,&quot;shutter_speed&quot;:&quot;0.059999&quot;,&quot;title&quot;:&quot;&quot;,&quot;orientation&quot;:&quot;1&quot;}\" data-image-title=\"IMG_20181117_205651\" data-image-description=\"\" data-image-caption=\"\" data-medium-file=\"https:\/\/i0.wp.com\/as-surques-escoeuilles.fr\/wp-content\/uploads\/2018\/11\/IMG_20181117_205651.jpg?fit=300%2C225&amp;ssl=1\" data-large-file=\"https:\/\/i0.wp.com\/as-surques-escoeuilles.fr\/wp-content\/uploads\/2018\/11\/IMG_20181117_205651.jpg?fit=800%2C600&amp;ssl=1\" loading=\"lazy\" width=\"800\" height=\"600\" src=\"https:\/\/i0.wp.com\/as-surques-escoeuilles.fr\/wp-content\/uploads\/2018\/11\/IMG_20181117_205651.jpg?resize=800%2C600\" alt=\"\" data-id=\"2083\" data-link=\"http:\/\/as-surques-escoeuilles.fr\/index.php\/manifestations\/soiree-dansante\/img_20181117_205651\/\" class=\"wp-image-2083\" srcset=\"https:\/\/i0.wp.com\/as-surques-escoeuilles.fr\/wp-content\/uploads\/2018\/11\/IMG_20181117_205651.jpg?w=1024&amp;ssl=1 1024w, https:\/\/i0.wp.com\/as-surques-escoeuilles.fr\/wp-content\/uploads\/2018\/11\/IMG_20181117_205651.jpg?resize=300%2C225&amp;ssl=1 300w, https:\/\/i0.wp.com\/as-surques-escoeuilles.fr\/wp-content\/uploads\/2018\/11\/IMG_20181117_205651.jpg?resize=768%2C576&amp;ssl=1 768w\" sizes=\"(max-width: 800px) 100vw, 800px\" data-recalc-dims=\"1\" \/><\/figure><\/li><li class=\"blocks-gallery-item\"><figure><img data-attachment-id=\"2084\" data-permalink=\"https:\/\/as-surques-escoeuilles.fr\/index.php\/manifestations\/soiree-dansante\/img_20181118_004820\/\" data-orig-file=\"https:\/\/i0.wp.com\/as-surques-escoeuilles.fr\/wp-content\/uploads\/2018\/11\/IMG_20181118_004820.jpg?fit=2560%2C1920&amp;ssl=1\" data-orig-size=\"2560,1920\" data-comments-opened=\"1\" data-image-meta=\"{&quot;aperture&quot;:&quot;2.4&quot;,&quot;credit&quot;:&quot;&quot;,&quot;camera&quot;:&quot;U FEEL&quot;,&quot;caption&quot;:&quot;&quot;,&quot;created_timestamp&quot;:&quot;1542502102&quot;,&quot;copyright&quot;:&quot;&quot;,&quot;focal_length&quot;:&quot;3.5&quot;,&quot;iso&quot;:&quot;804&quot;,&quot;shutter_speed&quot;:&quot;0.119995&quot;,&quot;title&quot;:&quot;&quot;,&quot;orientation&quot;:&quot;1&quot;}\" data-image-title=\"IMG_20181118_004820\" data-image-description=\"\" data-image-caption=\"\" data-medium-file=\"https:\/\/i0.wp.com\/as-surques-escoeuilles.fr\/wp-content\/uploads\/2018\/11\/IMG_20181118_004820.jpg?fit=300%2C225&amp;ssl=1\" data-large-file=\"https:\/\/i0.wp.com\/as-surques-escoeuilles.fr\/wp-content\/uploads\/2018\/11\/IMG_20181118_004820.jpg?fit=800%2C600&amp;ssl=1\" loading=\"lazy\" width=\"800\" height=\"600\" src=\"https:\/\/i0.wp.com\/as-surques-escoeuilles.fr\/wp-content\/uploads\/2018\/11\/IMG_20181118_004820.jpg?resize=800%2C600\" alt=\"\" data-id=\"2084\" data-link=\"http:\/\/as-surques-escoeuilles.fr\/index.php\/manifestations\/soiree-dansante\/img_20181118_004820\/\" class=\"wp-image-2084\" srcset=\"https:\/\/i0.wp.com\/as-surques-escoeuilles.fr\/wp-content\/uploads\/2018\/11\/IMG_20181118_004820.jpg?w=2560&amp;ssl=1 2560w, https:\/\/i0.wp.com\/as-surques-escoeuilles.fr\/wp-content\/uploads\/2018\/11\/IMG_20181118_004820.jpg?resize=300%2C225&amp;ssl=1 300w, https:\/\/i0.wp.com\/as-surques-escoeuilles.fr\/wp-content\/uploads\/2018\/11\/IMG_20181118_004820.jpg?resize=768%2C576&amp;ssl=1 768w, https:\/\/i0.wp.com\/as-surques-escoeuilles.fr\/wp-content\/uploads\/2018\/11\/IMG_20181118_004820.jpg?resize=1024%2C768&amp;ssl=1 1024w, https:\/\/i0.wp.com\/as-surques-escoeuilles.fr\/wp-content\/uploads\/2018\/11\/IMG_20181118_004820.jpg?w=1600&amp;ssl=1 1600w, https:\/\/i0.wp.com\/as-surques-escoeuilles.fr\/wp-content\/uploads\/2018\/11\/IMG_20181118_004820.jpg?w=2400&amp;ssl=1 2400w\" sizes=\"(max-width: 800px) 100vw, 800px\" data-recalc-dims=\"1\" \/><\/figure><\/li><\/ul><\/figure>\n","protected":false},"excerpt":{"rendered":"<p>La soir\u00e9e dansante est la premi\u00e8re manifestation de l&rsquo;ann\u00e9e. G\u00e9n\u00e9ralement situ\u00e9e apr\u00e8s la reprise des championnats et peu avant la<\/p>\n","protected":false},"author":1,"featured_media":0,"parent":75,"menu_order":0,"comment_status":"closed","ping_status":"closed","template":"","meta":{"ngg_post_thumbnail":0,"jetpack_post_was_ever_published":false},"jetpack_sharing_enabled":true,"jetpack_shortlink":"https:\/\/wp.me\/P8dhOI-tf","jetpack-related-posts":[{"id":2355,"url":"https:\/\/as-surques-escoeuilles.fr\/index.php\/actions-du-club\/programme-educatif-federal\/","url_meta":{"origin":1813,"position":0},"title":"Programme educatif federal","date":"13 f\u00e9vrier 2019","format":false,"excerpt":"L' ASSE est engag\u00e9 depuis de nombreuses ann\u00e9es dans le Programme Educatif F\u00e9d\u00e9ral, autour de 6 th\u00e8mes : Sant\u00e9Septembre 2019 : \"Faire son sac pour les U6\/U7\" Engagement citoyenD\u00e9cembre 2019 : Collecte de dons pour les restos du coeurEnvironnement Octobre 2019 : U9 : tri des d\u00e9chets Septembre 2019 :\u2026","rel":"","context":"Dans &quot;Non class\u00e9&quot;","img":{"alt_text":"","src":"","width":0,"height":0},"classes":[]},{"id":1210,"url":"https:\/\/as-surques-escoeuilles.fr\/index.php\/manifestations\/pizzstation\/","url_meta":{"origin":1813,"position":1},"title":"Pizz&rsquo;station","date":"24 avril 2018","format":false,"excerpt":"En 2022, l'ASSE continue de d\u00e9velopper ses activit\u00e9s de rassemblement en proposant \u00e0 ses licenci\u00e9s la 3\u00e8me \u00e9dition de la soir\u00e9e Pizz'station. Au programme : tournoi FIFA sur PS4 avec une pizza en d\u00e9gustation. Apr\u00e8s s'\u00eatre frott\u00e9s sur le terrain, nos joueuses et joueurs auront l'occasion de d\u00e9montrer leur talent\u2026","rel":"","context":"Article similaire","img":{"alt_text":"","src":"https:\/\/i0.wp.com\/as-surques-escoeuilles.fr\/wp-content\/uploads\/2019\/04\/56874477_2089238797780392_6705222815605325824_o.png?resize=350%2C200&ssl=1","width":350,"height":200},"classes":[]},{"id":3699,"url":"https:\/\/as-surques-escoeuilles.fr\/index.php\/culture-foot\/","url_meta":{"origin":1813,"position":2},"title":"Culture Foot","date":"27 d\u00e9cembre 2019","format":false,"excerpt":"Mars 2022F\u00e9vrier 2022Janvier 2022D\u00e9cembre 2021Octobre 2021Septembre 2021F\u00e9vrier 2021Octobre 2020Septembre 2020Mars 2020Janvier 2020Janvier 2020Septembre 2019 U14F : journ\u00e9e de la femme France - Br\u00e9sil \u00e0 d'Ornano U13 et U13F : challenge mi-temps USBCO-Red Star Ecole de Foot : arbre de Noel U6 \u00e0 U9 : plateaux Halloween U14 F : deviens\u2026","rel":"","context":"Article similaire","img":{"alt_text":"","src":"","width":0,"height":0},"classes":[]},{"id":61,"url":"https:\/\/as-surques-escoeuilles.fr\/index.php\/categories\/u8u9\/","url_meta":{"origin":1813,"position":3},"title":"U8\/U9","date":"17 d\u00e9cembre 2016","format":false,"excerpt":"Dans cette cat\u00e9gorie, les enfants alternent les entrainements et les petits tournois toujours sous le signe du jeu et sans classements. Les entrainements ont lieu le mercredi de 14h \u00e0 15h15 et le samedi de 10h30 \u00e0 11h45 sur le terrain herbe,\u00a0 et en salle, sur synth\u00e9tique et city l'hiver.\u2026","rel":"","context":"Article similaire","img":{"alt_text":"","src":"https:\/\/i0.wp.com\/as-surques-escoeuilles.fr\/wp-content\/uploads\/2018\/10\/DSC_0064.jpg?resize=350%2C200&ssl=1","width":350,"height":200},"classes":[]},{"id":446,"url":"https:\/\/as-surques-escoeuilles.fr\/index.php\/vie-du-club\/tarifs-licence\/","url_meta":{"origin":1813,"position":4},"title":"Tarifs licence","date":"13 juin 2017","format":false,"excerpt":"Voici les tarifs de licence 2021\/2022: Cat\u00e9goriesPrixMini-foot (fin 2019) -U5 (2018) \u00e0 U13 (2009)30\u20ac*Foot \u00e0 11 et \/ou avec frais d'arbitrage :U14 (2009) \u00e0 U17 (2006)50\u20ac*U18 et S\u00e9niors H et F (2005 et avant)65\u20ac *Une r\u00e9duction de 5\u20ac est appliqu\u00e9e en cas de multiples licences pour les enfants issus d'une\u2026","rel":"","context":"Dans &quot;Non class\u00e9&quot;","img":{"alt_text":"","src":"https:\/\/i0.wp.com\/as-surques-escoeuilles.fr\/wp-content\/uploads\/2019\/05\/Capture.jpg?resize=350%2C200&ssl=1","width":350,"height":200},"classes":[]},{"id":445,"url":"https:\/\/as-surques-escoeuilles.fr\/index.php\/vie-du-club\/demander-une-licence\/","url_meta":{"origin":1813,"position":5},"title":"Demander une licence","date":"13 juin 2017","format":false,"excerpt":"La demande de licence est d\u00e9mat\u00e9rialis\u00e9e pour les renouvellements, c'est-\u00e0-dire que c'est le licenci\u00e9 lui-m\u00eame qui valide sa demande de licence en ligne. Le mail de renouvellement a \u00e9t\u00e9 envoy\u00e9 le 2 juin 2021 Attention : la proc\u00e9dure habituelle par papier est conserv\u00e9e pour les changements de club et les\u2026","rel":"","context":"Article similaire","img":{"alt_text":"","src":"https:\/\/i0.wp.com\/as-surques-escoeuilles.fr\/wp-content\/uploads\/2017\/06\/licence2.jpg?resize=350%2C200","width":350,"height":200},"classes":[]}],"_links":{"self":[{"href":"https:\/\/as-surques-escoeuilles.fr\/index.php\/wp-json\/wp\/v2\/pages\/1813"}],"collection":[{"href":"https:\/\/as-surques-escoeuilles.fr\/index.php\/wp-json\/wp\/v2\/pages"}],"about":[{"href":"https:\/\/as-surques-escoeuilles.fr\/index.php\/wp-json\/wp\/v2\/types\/page"}],"author":[{"embeddable":true,"href":"https:\/\/as-surques-escoeuilles.fr\/index.php\/wp-json\/wp\/v2\/users\/1"}],"replies":[{"embeddable":true,"href":"https:\/\/as-surques-escoeuilles.fr\/index.php\/wp-json\/wp\/v2\/comments?post=1813"}],"version-history":[{"count":1,"href":"https:\/\/as-surques-escoeuilles.fr\/index.php\/wp-json\/wp\/v2\/pages\/1813\/revisions"}],"predecessor-version":[{"id":5398,"href":"https:\/\/as-surques-escoeuilles.fr\/index.php\/wp-json\/wp\/v2\/pages\/1813\/revisions\/5398"}],"up":[{"embeddable":true,"href":"https:\/\/as-surques-escoeuilles.fr\/index.php\/wp-json\/wp\/v2\/pages\/75"}],"wp:attachment":[{"href":"https:\/\/as-surques-escoeuilles.fr\/index.php\/wp-json\/wp\/v2\/media?parent=1813"}],"curies":[{"name":"wp","href":"https:\/\/api.w.org\/{rel}","templated":true}]}}