{"id":2725,"date":"2019-07-03T13:26:02","date_gmt":"2019-07-03T11:26:02","guid":{"rendered":"http:\/\/as-surques-escoeuilles.fr\/?page_id=2725"},"modified":"2019-07-03T13:26:02","modified_gmt":"2019-07-03T11:26:02","slug":"asse-on-tour","status":"publish","type":"page","link":"https:\/\/as-surques-escoeuilles.fr\/index.php\/asse-on-tour\/","title":{"rendered":"Asse On Tour"},"content":{"rendered":"\n<p>Retrouvez nos Orange et Noir \u00e0 travers la France, l&rsquo;Europe &#8230;le Monde !<\/p>\n\n\n\n<figure><iframe src=\"https:\/\/www.google.com\/maps\/d\/embed?mid=1fjCIl1v3__IfZsv18spnUQsVPk-vzBDf\" width=\"640\" height=\"480\"><\/iframe><\/figure>\n","protected":false},"excerpt":{"rendered":"<p>Retrouvez nos Orange et Noir \u00e0 travers la France, l&rsquo;Europe &#8230;le Monde !<\/p>\n","protected":false},"author":1,"featured_media":0,"parent":0,"menu_order":0,"comment_status":"closed","ping_status":"closed","template":"","meta":{"ngg_post_thumbnail":0,"jetpack_post_was_ever_published":false},"jetpack_sharing_enabled":true,"jetpack_shortlink":"https:\/\/wp.me\/P8dhOI-HX","jetpack-related-posts":[{"id":2355,"url":"https:\/\/as-surques-escoeuilles.fr\/index.php\/actions-du-club\/programme-educatif-federal\/","url_meta":{"origin":2725,"position":0},"title":"Programme educatif federal","date":"13 f\u00e9vrier 2019","format":false,"excerpt":"L' ASSE est engag\u00e9 depuis de nombreuses ann\u00e9es dans le Programme Educatif F\u00e9d\u00e9ral, autour de 6 th\u00e8mes : Sant\u00e9Septembre 2019 : \"Faire son sac pour les U6\/U7\" Engagement citoyenD\u00e9cembre 2019 : Collecte de dons pour les restos du coeurEnvironnement Octobre 2019 : U9 : tri des d\u00e9chets Septembre 2019 :\u2026","rel":"","context":"Dans &quot;Non class\u00e9&quot;","img":{"alt_text":"","src":"","width":0,"height":0},"classes":[]},{"id":4145,"url":"https:\/\/as-surques-escoeuilles.fr\/index.php\/elementor-4145\/","url_meta":{"origin":2725,"position":1},"title":"Projet associatif : renforcer la qualit\u00e9 d&rsquo;accueil","date":"13 mars 2020","format":false,"excerpt":"Depuis 2019, le club a fait de la qualit\u00e9 d'accueil sur nos infrastructures un axe de d\u00e9veloppement majeur du projet associatif. Projet phare de la p\u00e9riode 2019-2020, il aboutira \u00e0 la mise \u00e0 disposition de licenci\u00e9s de deux terrains herbes et de conditions d'entrainement optimales. Ces actions concernent notamment :\u2026","rel":"","context":"Article similaire","img":{"alt_text":"","src":"","width":0,"height":0},"classes":[]},{"id":132,"url":"https:\/\/as-surques-escoeuilles.fr\/index.php\/vie-du-club\/organigramme\/","url_meta":{"origin":2725,"position":2},"title":"Organigramme","date":"19 d\u00e9cembre 2016","format":false,"excerpt":"L' ASSE est pr\u00e9sid\u00e9e depuis juin 2016 par Philippe HAVART. Les vices-pr\u00e9sidents sont Jean-Philippe LEFEBVRE et Olivier DESOMBRE.Avec l'aide d'une trentaine de b\u00e9n\u00e9voles, l'association permet \u00e0 ses 250 licenci\u00e9s de s'\u00e9panouir sur les terrains chaque semaine. Le club fonctionne de mani\u00e8re coll\u00e9giale par une r\u00e9partition des t\u00e2ches en plusieurs commissions\u2026","rel":"","context":"Article similaire","img":{"alt_text":"","src":"","width":0,"height":0},"classes":[]},{"id":2886,"url":"https:\/\/as-surques-escoeuilles.fr\/index.php\/actions-du-club\/promotion-du-football-feminin\/","url_meta":{"origin":2725,"position":3},"title":"Promotion du football F\u00e9minin","date":"14 septembre 2019","format":false,"excerpt":"L' ASSE n'a pas attendu l'essor du foot f\u00e9minin pour permettre aux filles de pratiquer ce sport. Depuis de nombreuses ann\u00e9es, les filles sont int\u00e9gr\u00e9es \u00e0 toutes les cat\u00e9gories, jusqu'aux dirigeantes. Depuis 2018, le club a pass\u00e9 un palier avec la cr\u00e9ation d'\u00e9quipes 100% f\u00e9minines (U13 et S\u00e9niors), ainsi que\u2026","rel":"","context":"Article similaire","img":{"alt_text":"","src":"https:\/\/i0.wp.com\/as-surques-escoeuilles.fr\/wp-content\/uploads\/2019\/09\/IMG_20190905_193908.jpg?resize=350%2C200&ssl=1","width":350,"height":200},"classes":[]},{"id":1527,"url":"https:\/\/as-surques-escoeuilles.fr\/index.php\/boutique\/","url_meta":{"origin":2725,"position":4},"title":"Boutique","date":"2 juillet 2018","format":false,"excerpt":"Depuis 2018, l'ASSE s'est associ\u00e9 \u00e0 un \u00e9quipementier pour ouvrir une boutique et proposer \u00e0 ses licenci\u00e9s un ensemble de produits d\u00e9riv\u00e9s aux couleurs du club. Tous les produits pr\u00e9sent\u00e9s incluent le logo du club.\u00a0 Pour une commande : contactez H\u00e9l\u00e8ne au 06-72-25-71-06 \u00a0 \u00a0 \u00a0","rel":"","context":"Article similaire","img":{"alt_text":"","src":"","width":0,"height":0},"classes":[]},{"id":2205,"url":"https:\/\/as-surques-escoeuilles.fr\/index.php\/newsletter\/","url_meta":{"origin":2725,"position":5},"title":"Newsletter","date":"22 d\u00e9cembre 2018","format":false,"excerpt":"N'h\u00e9sitez pas \u00e0 vous inscrire pour recevoir notre newsletter (fr\u00e9quence maximale 1 par mois, ce n'est pas du spam ! ). Inscriptions via le formulaire de droite. Retrouvez les archives de nos newsletters sur cette page :","rel":"","context":"Article similaire","img":{"alt_text":"","src":"","width":0,"height":0},"classes":[]}],"_links":{"self":[{"href":"https:\/\/as-surques-escoeuilles.fr\/index.php\/wp-json\/wp\/v2\/pages\/2725"}],"collection":[{"href":"https:\/\/as-surques-escoeuilles.fr\/index.php\/wp-json\/wp\/v2\/pages"}],"about":[{"href":"https:\/\/as-surques-escoeuilles.fr\/index.php\/wp-json\/wp\/v2\/types\/page"}],"author":[{"embeddable":true,"href":"https:\/\/as-surques-escoeuilles.fr\/index.php\/wp-json\/wp\/v2\/users\/1"}],"replies":[{"embeddable":true,"href":"https:\/\/as-surques-escoeuilles.fr\/index.php\/wp-json\/wp\/v2\/comments?post=2725"}],"version-history":[{"count":0,"href":"https:\/\/as-surques-escoeuilles.fr\/index.php\/wp-json\/wp\/v2\/pages\/2725\/revisions"}],"wp:attachment":[{"href":"https:\/\/as-surques-escoeuilles.fr\/index.php\/wp-json\/wp\/v2\/media?parent=2725"}],"curies":[{"name":"wp","href":"https:\/\/api.w.org\/{rel}","templated":true}]}}