{"id":2827,"date":"2019-08-27T11:47:04","date_gmt":"2019-08-27T09:47:04","guid":{"rendered":"http:\/\/as-surques-escoeuilles.fr\/?page_id=2827"},"modified":"2021-09-06T14:52:31","modified_gmt":"2021-09-06T12:52:31","slug":"arbitres","status":"publish","type":"page","link":"https:\/\/as-surques-escoeuilles.fr\/index.php\/arbitres\/","title":{"rendered":"Arbitres"},"content":{"rendered":"\n<p>Depuis de nombreuses ann\u00e9es et pour r\u00e9pondre aux obligations de la f\u00e9d\u00e9ration, le club a choisi de mettre en place une politique de formation d&rsquo;arbitres locaux. C&rsquo;est ainsi que Pascal H\u00e9non, Maxime Desombre ou tr\u00e8s r\u00e9cemment Gauthier Saison et Florian Schuppe sont devenus arbitres au sein de notre club.<\/p>\n\n\n\n<p>Nous recherchons constamment de nouveaux candidats. Le club offre son support financier (formation enti\u00e8rement prise en charge) et mat\u00e9riel (les \u00e9quipements sont pay\u00e9s par le club, ainsi que des avantages tels que vestes, pantalons,&#8230;)<\/p>\n\n\n\n<p>N&rsquo;h\u00e9sitez pas \u00e0 vous rapprocher de Florian SCHUPPE, arbitre titulaire actuel du club et r\u00e9f\u00e9rent arbitrage, ou de Beno\u00eet FORTIN (secretariat@as-surques-escoeuilles.fr) pour toute information suppl\u00e9mentaire.<\/p>\n","protected":false},"excerpt":{"rendered":"<p>Depuis de nombreuses ann\u00e9es et pour r\u00e9pondre aux obligations de la f\u00e9d\u00e9ration, le club a choisi de mettre en place<\/p>\n","protected":false},"author":1,"featured_media":0,"parent":0,"menu_order":0,"comment_status":"closed","ping_status":"closed","template":"","meta":{"ngg_post_thumbnail":0,"jetpack_post_was_ever_published":false},"jetpack_sharing_enabled":true,"jetpack_shortlink":"https:\/\/wp.me\/P8dhOI-JB","jetpack-related-posts":[{"id":3287,"url":"https:\/\/as-surques-escoeuilles.fr\/index.php\/actions-du-club\/plan-de-formation\/","url_meta":{"origin":2827,"position":0},"title":"Plan de formation","date":"7 d\u00e9cembre 2019","format":false,"excerpt":"L'association se d\u00e9veloppe au fil des ann\u00e9es. Avec toutes les cat\u00e9gories repr\u00e9sent\u00e9es, le club a volontairement mis l'accent cette ann\u00e9e sur le parcours de formation des diff\u00e9rents \u00e9ducateurs. Cette page recense l'ensemble de nos \u00e9ducateurs et b\u00e9n\u00e9voles certifi\u00e9s ou diplom\u00e9s qui se forment sur le temps libre : Beno\u00eet FORTIN\u2026","rel":"","context":"Article similaire","img":{"alt_text":"","src":"https:\/\/i0.wp.com\/as-surques-escoeuilles.fr\/wp-content\/uploads\/2020\/03\/received_29185694915635766418348361027397801-scaled.jpeg?resize=350%2C200&ssl=1","width":350,"height":200},"classes":[]},{"id":2886,"url":"https:\/\/as-surques-escoeuilles.fr\/index.php\/actions-du-club\/promotion-du-football-feminin\/","url_meta":{"origin":2827,"position":1},"title":"Promotion du football F\u00e9minin","date":"14 septembre 2019","format":false,"excerpt":"L' ASSE n'a pas attendu l'essor du foot f\u00e9minin pour permettre aux filles de pratiquer ce sport. Depuis de nombreuses ann\u00e9es, les filles sont int\u00e9gr\u00e9es \u00e0 toutes les cat\u00e9gories, jusqu'aux dirigeantes. Depuis 2018, le club a pass\u00e9 un palier avec la cr\u00e9ation d'\u00e9quipes 100% f\u00e9minines (U13 et S\u00e9niors), ainsi que\u2026","rel":"","context":"Article similaire","img":{"alt_text":"","src":"https:\/\/i0.wp.com\/as-surques-escoeuilles.fr\/wp-content\/uploads\/2019\/09\/IMG_20190905_193908.jpg?resize=350%2C200&ssl=1","width":350,"height":200},"classes":[]},{"id":1315,"url":"https:\/\/as-surques-escoeuilles.fr\/index.php\/vie-du-club\/imposition-benevoles\/","url_meta":{"origin":2827,"position":2},"title":"Imposition b\u00e9n\u00e9voles","date":"8 mai 2018","format":false,"excerpt":"Les d\u00e9clarations pour les imp\u00f4ts sur le revenu sont \u00e0 effectuer entre le 12 Mai et le 14 Juin, vous trouverez ci-dessous les documents relatifs \u00e0 un abandon de droit \u00e0 remboursement des frais kilom\u00e9triques... Plusieurs choses \u00e0 savoir :- cela concerne uniquement les \u00e9ducateurs et\u00a0 les dirigeants (un joueur\u2026","rel":"","context":"Article similaire","img":{"alt_text":"","src":"","width":0,"height":0},"classes":[]},{"id":2878,"url":"https:\/\/as-surques-escoeuilles.fr\/index.php\/actions-du-club\/trocfoot\/","url_meta":{"origin":2827,"position":3},"title":"Troc&rsquo;Foot","date":"14 septembre 2019","format":false,"excerpt":"Depuis plusieurs ann\u00e9es, le club permet \u00e0 ses licenci\u00e9(e)s d'\u00e9changer ou de revendre les articles non utilis\u00e9s et encore en bon \u00e9tat. Faite au coeur du stade, tout le monde n'est pas au courant de cette initiative, et vous pouvez ainsi retrouver ici l'ensemble des articles disponibles avec photo et\u2026","rel":"","context":"Article similaire","img":{"alt_text":"","src":"https:\/\/i0.wp.com\/as-surques-escoeuilles.fr\/wp-content\/uploads\/2019\/09\/IMG_0187-e1568641293219.jpg?resize=350%2C200&ssl=1","width":350,"height":200},"classes":[]},{"id":2882,"url":"https:\/\/as-surques-escoeuilles.fr\/index.php\/actions-du-club\/","url_meta":{"origin":2827,"position":4},"title":"Projet Club","date":"14 septembre 2019","format":false,"excerpt":"Retrouvez les actions men\u00e9es au sein du club : Projet Associatif :Plan de formation des \u00e9ducateurs et b\u00e9n\u00e9voles : http:\/\/as-surques-escoeuilles.fr\/index.php\/plan-de-formation\/ Promotion du football F\u00e9minin : http:\/\/as-surques-escoeuilles.fr\/index.php\/actions-du-club\/promotion-du-football-feminin\/Fid\u00e9lisation des licenci\u00e9s de l'\u00e9cole de foot : Arbre de Noel : http:\/\/as-surques-escoeuilles.fr\/index.php\/manifestations\/1216-2\/Projet Educatif :Programme \u00e9ducatif f\u00e9d\u00e9ral : http:\/\/as-surques-escoeuilles.fr\/index.php\/programme-educatif-federal\/Troc' Foot : http:\/\/as-surques-escoeuilles.fr\/index.php\/vie-du-club\/trocfoot\/","rel":"","context":"Article similaire","img":{"alt_text":"","src":"","width":0,"height":0},"classes":[]},{"id":67,"url":"https:\/\/as-surques-escoeuilles.fr\/index.php\/vie-du-club\/","url_meta":{"origin":2827,"position":5},"title":"Vie du Club","date":"17 d\u00e9cembre 2016","format":false,"excerpt":"L' ASSE est pr\u00e9sid\u00e9e depuis juin 2016 par Philippe HAVART. Les vices-pr\u00e9sidents sont Jean-Philippe LEFEBVRE et Olivier DESOMBRE. Avec l'aide d'une trentaine de b\u00e9n\u00e9voles, l'association permet \u00e0 ses 250 licenci\u00e9s de s'\u00e9panouir sur les terrains chaque semaine. Vous souhaitez nous contacter pour plus de renseignements ? N'h\u00e9sitez pas !","rel":"","context":"Dans &quot;Non class\u00e9&quot;","img":{"alt_text":"","src":"","width":0,"height":0},"classes":[]}],"_links":{"self":[{"href":"https:\/\/as-surques-escoeuilles.fr\/index.php\/wp-json\/wp\/v2\/pages\/2827"}],"collection":[{"href":"https:\/\/as-surques-escoeuilles.fr\/index.php\/wp-json\/wp\/v2\/pages"}],"about":[{"href":"https:\/\/as-surques-escoeuilles.fr\/index.php\/wp-json\/wp\/v2\/types\/page"}],"author":[{"embeddable":true,"href":"https:\/\/as-surques-escoeuilles.fr\/index.php\/wp-json\/wp\/v2\/users\/1"}],"replies":[{"embeddable":true,"href":"https:\/\/as-surques-escoeuilles.fr\/index.php\/wp-json\/wp\/v2\/comments?post=2827"}],"version-history":[{"count":1,"href":"https:\/\/as-surques-escoeuilles.fr\/index.php\/wp-json\/wp\/v2\/pages\/2827\/revisions"}],"predecessor-version":[{"id":5299,"href":"https:\/\/as-surques-escoeuilles.fr\/index.php\/wp-json\/wp\/v2\/pages\/2827\/revisions\/5299"}],"wp:attachment":[{"href":"https:\/\/as-surques-escoeuilles.fr\/index.php\/wp-json\/wp\/v2\/media?parent=2827"}],"curies":[{"name":"wp","href":"https:\/\/api.w.org\/{rel}","templated":true}]}}