{"id":2882,"date":"2019-09-14T10:32:20","date_gmt":"2019-09-14T08:32:20","guid":{"rendered":"http:\/\/as-surques-escoeuilles.fr\/?page_id=2882"},"modified":"2019-12-07T13:02:10","modified_gmt":"2019-12-07T12:02:10","slug":"actions-du-club","status":"publish","type":"page","link":"https:\/\/as-surques-escoeuilles.fr\/index.php\/actions-du-club\/","title":{"rendered":"Projet Club"},"content":{"rendered":"\n<p>Retrouvez les actions men\u00e9es au sein du club :<\/p>\n\n\n\n<ul><li><strong><em>Projet Associatif<\/em><\/strong> :<ul><li>Plan de formation des \u00e9ducateurs et b\u00e9n\u00e9voles : <a href=\"http:\/\/as-surques-escoeuilles.fr\/index.php\/plan-de-formation\/\">http:\/\/as-surques-escoeuilles.fr\/index.php\/plan-de-formation\/<\/a><\/li><\/ul><ul><li> Promotion du football F\u00e9minin : <a href=\"http:\/\/as-surques-escoeuilles.fr\/index.php\/actions-du-club\/promotion-du-football-feminin\/\">http:\/\/as-surques-escoeuilles.fr\/index.php\/actions-du-club\/promotion-du-football-feminin\/<\/a><\/li><li>Fid\u00e9lisation des licenci\u00e9s de l&rsquo;\u00e9cole de foot : Arbre de Noel : <a href=\"http:\/\/as-surques-escoeuilles.fr\/index.php\/manifestations\/1216-2\/\">http:\/\/as-surques-escoeuilles.fr\/index.php\/manifestations\/1216-2\/<\/a><\/li><\/ul><\/li><li><strong><em>Projet Educatif :<\/em><\/strong><ul><li>Programme \u00e9ducatif f\u00e9d\u00e9ral : <a rel=\"noreferrer noopener\" aria-label=\" (s\u2019ouvre dans un nouvel onglet)\" href=\"http:\/\/as-surques-escoeuilles.fr\/index.php\/programme-educatif-federal\/\" target=\"_blank\">http:\/\/as-surques-escoeuilles.fr\/index.php\/programme-educatif-federal\/<\/a><\/li><li>Troc&rsquo; Foot : <a rel=\"noreferrer noopener\" aria-label=\" (s\u2019ouvre dans un nouvel onglet)\" href=\"http:\/\/as-surques-escoeuilles.fr\/index.php\/vie-du-club\/trocfoot\/\" target=\"_blank\">http:\/\/as-surques-escoeuilles.fr\/index.php\/vie-du-club\/trocfoot\/<\/a><\/li><\/ul><\/li><\/ul>\n\n\n\n<p><\/p>\n","protected":false},"excerpt":{"rendered":"<p>Retrouvez les actions men\u00e9es au sein du club : Projet Associatif : Plan de formation des \u00e9ducateurs et b\u00e9n\u00e9voles :<\/p>\n","protected":false},"author":1,"featured_media":0,"parent":0,"menu_order":0,"comment_status":"closed","ping_status":"closed","template":"","meta":{"ngg_post_thumbnail":0,"jetpack_post_was_ever_published":false},"jetpack_sharing_enabled":true,"jetpack_shortlink":"https:\/\/wp.me\/P8dhOI-Ku","jetpack-related-posts":[{"id":4815,"url":"https:\/\/as-surques-escoeuilles.fr\/index.php\/projet-educatif-pef-confinement\/","url_meta":{"origin":2882,"position":0},"title":"Projet \u00e9ducatif : PEF-confinement","date":"4 novembre 2020","format":false,"excerpt":"Retrouvez les actions \u00e9ducatives effectu\u00e9es m\u00eame pendant le confinement :) L'ensemble des actions confin\u00e9es est \u00e0 retrouver sur la page sp\u00e9ciale : https:\/\/pef-asse.over-blog.com https:\/\/youtu.be\/jgzPq0NvrxQ","rel":"","context":"Article similaire","img":{"alt_text":"","src":"https:\/\/i0.wp.com\/img.youtube.com\/vi\/jgzPq0NvrxQ\/0.jpg?resize=350%2C200","width":350,"height":200},"classes":[]},{"id":3674,"url":"https:\/\/as-surques-escoeuilles.fr\/index.php\/programme-educatif-federal\/","url_meta":{"origin":2882,"position":1},"title":"Programme Educatif F\u00e9d\u00e9ral","date":"27 d\u00e9cembre 2019","format":false,"excerpt":"Depuis de nombreuses ann\u00e9es, l'ASSE est engag\u00e9e dans la mise en oeuvre du programme \u00e9ducatif f\u00e9d\u00e9ral de la FFF. Ce programme vise \u00e0 inculquer aux jeunes licenci\u00e9s de 5 \u00e0 18 ans les valeurs du football : PLAISIR\u00a0\u00a0\u00a0\u00a0 RESPECT\u00a0\u00a0\u00a0\u00a0 ENGAGEMENT\u00a0\u00a0\u00a0\u00a0 TOLERANCE\u00a0\u00a0\u00a0 SOLIDARITEpar l'apprentissage de r\u00e8gles (de vie et de jeu)\u2026","rel":"","context":"Article similaire","img":{"alt_text":"","src":"","width":0,"height":0},"classes":[]},{"id":2886,"url":"https:\/\/as-surques-escoeuilles.fr\/index.php\/actions-du-club\/promotion-du-football-feminin\/","url_meta":{"origin":2882,"position":2},"title":"Promotion du football F\u00e9minin","date":"14 septembre 2019","format":false,"excerpt":"L' ASSE n'a pas attendu l'essor du foot f\u00e9minin pour permettre aux filles de pratiquer ce sport. Depuis de nombreuses ann\u00e9es, les filles sont int\u00e9gr\u00e9es \u00e0 toutes les cat\u00e9gories, jusqu'aux dirigeantes. Depuis 2018, le club a pass\u00e9 un palier avec la cr\u00e9ation d'\u00e9quipes 100% f\u00e9minines (U13 et S\u00e9niors), ainsi que\u2026","rel":"","context":"Article similaire","img":{"alt_text":"","src":"https:\/\/i0.wp.com\/as-surques-escoeuilles.fr\/wp-content\/uploads\/2019\/09\/IMG_20190905_193908.jpg?resize=350%2C200&ssl=1","width":350,"height":200},"classes":[]},{"id":4013,"url":"https:\/\/as-surques-escoeuilles.fr\/index.php\/projet-associatif-revue-de-presse\/","url_meta":{"origin":2882,"position":3},"title":"Projet Associatif : Revue de presse","date":"17 f\u00e9vrier 2020","format":false,"excerpt":"2020-2021 : mise en valeur du projet associatif et \u00e9ducatif (La Voix Du Nord, lundi 13 juillet) 2020 2019-2020 : installation de la fontaine \u00e0 eau - L'ind\u00e9pendant - 26 mars 2020 2019-2020 : Reprise S\u00e9niors (L'Ind\u00e9pendant) Action PEF 2018-2019 : d\u00e9placement \u00e9co-responsable (La Voix du Nord) 2018-2019 - Reprise\u2026","rel":"","context":"Article similaire","img":{"alt_text":"","src":"https:\/\/i0.wp.com\/as-surques-escoeuilles.fr\/wp-content\/uploads\/2020\/07\/Screenshot_20200713_082625.jpg?resize=350%2C200&ssl=1","width":350,"height":200},"classes":[]},{"id":2355,"url":"https:\/\/as-surques-escoeuilles.fr\/index.php\/actions-du-club\/programme-educatif-federal\/","url_meta":{"origin":2882,"position":4},"title":"Programme educatif federal","date":"13 f\u00e9vrier 2019","format":false,"excerpt":"L' ASSE est engag\u00e9 depuis de nombreuses ann\u00e9es dans le Programme Educatif F\u00e9d\u00e9ral, autour de 6 th\u00e8mes : Sant\u00e9Septembre 2019 : \"Faire son sac pour les U6\/U7\" Engagement citoyenD\u00e9cembre 2019 : Collecte de dons pour les restos du coeurEnvironnement Octobre 2019 : U9 : tri des d\u00e9chets Septembre 2019 :\u2026","rel":"","context":"Dans &quot;Non class\u00e9&quot;","img":{"alt_text":"","src":"","width":0,"height":0},"classes":[]},{"id":3287,"url":"https:\/\/as-surques-escoeuilles.fr\/index.php\/actions-du-club\/plan-de-formation\/","url_meta":{"origin":2882,"position":5},"title":"Plan de formation","date":"7 d\u00e9cembre 2019","format":false,"excerpt":"L'association se d\u00e9veloppe au fil des ann\u00e9es. Avec toutes les cat\u00e9gories repr\u00e9sent\u00e9es, le club a volontairement mis l'accent cette ann\u00e9e sur le parcours de formation des diff\u00e9rents \u00e9ducateurs. Cette page recense l'ensemble de nos \u00e9ducateurs et b\u00e9n\u00e9voles certifi\u00e9s ou diplom\u00e9s qui se forment sur le temps libre : Beno\u00eet FORTIN\u2026","rel":"","context":"Article similaire","img":{"alt_text":"","src":"https:\/\/i0.wp.com\/as-surques-escoeuilles.fr\/wp-content\/uploads\/2020\/03\/received_29185694915635766418348361027397801-scaled.jpeg?resize=350%2C200&ssl=1","width":350,"height":200},"classes":[]}],"_links":{"self":[{"href":"https:\/\/as-surques-escoeuilles.fr\/index.php\/wp-json\/wp\/v2\/pages\/2882"}],"collection":[{"href":"https:\/\/as-surques-escoeuilles.fr\/index.php\/wp-json\/wp\/v2\/pages"}],"about":[{"href":"https:\/\/as-surques-escoeuilles.fr\/index.php\/wp-json\/wp\/v2\/types\/page"}],"author":[{"embeddable":true,"href":"https:\/\/as-surques-escoeuilles.fr\/index.php\/wp-json\/wp\/v2\/users\/1"}],"replies":[{"embeddable":true,"href":"https:\/\/as-surques-escoeuilles.fr\/index.php\/wp-json\/wp\/v2\/comments?post=2882"}],"version-history":[{"count":0,"href":"https:\/\/as-surques-escoeuilles.fr\/index.php\/wp-json\/wp\/v2\/pages\/2882\/revisions"}],"wp:attachment":[{"href":"https:\/\/as-surques-escoeuilles.fr\/index.php\/wp-json\/wp\/v2\/media?parent=2882"}],"curies":[{"name":"wp","href":"https:\/\/api.w.org\/{rel}","templated":true}]}}