{"id":3287,"date":"2019-12-07T13:58:39","date_gmt":"2019-12-07T11:58:39","guid":{"rendered":"http:\/\/as-surques-escoeuilles.fr\/?page_id=3287"},"modified":"2020-03-11T15:02:08","modified_gmt":"2020-03-11T14:02:08","slug":"plan-de-formation","status":"publish","type":"page","link":"https:\/\/as-surques-escoeuilles.fr\/index.php\/actions-du-club\/plan-de-formation\/","title":{"rendered":"Plan de formation"},"content":{"rendered":"\n<p> L&rsquo;association  se d\u00e9veloppe au fil des ann\u00e9es. Avec toutes les  cat\u00e9gories repr\u00e9sent\u00e9es, le club a volontairement mis l&rsquo;accent cette  ann\u00e9e sur le parcours de formation des diff\u00e9rents \u00e9ducateurs. <\/p>\n\n\n<a href=\"https:\/\/as-surques-escoeuilles.fr\/wp-content\/uploads\/2020\/02\/plan_de_formation-1.pdf\" class=\"pdfemb-viewer\" style=\"\" data-width=\"max\" data-height=\"max\"  data-toolbar=\"bottom\" data-toolbar-fixed=\"off\">plan_de_formation-1<br\/><\/a>\n<p class=\"wp-block-pdfemb-pdf-embedder-viewer\"><\/p>\n\n\n<p><!--StartFragment--><\/p>\n\n\n<p>Cette page recense l&rsquo;ensemble de nos \u00e9ducateurs et b\u00e9n\u00e9voles certifi\u00e9s ou diplom\u00e9s qui se forment sur le temps libre :<\/p>\n\n\n\n<ul><li> Beno\u00eet <strong>FORTIN (Mini U6 U7)<\/strong> : module  U6-U7 en 2018 ; U13 et U15 en 2020<\/li><li>Benjamin <strong>FOUBLE (Mini U6 U7)<\/strong> : module U6-U7 et U15 en 2020<\/li><li>Loreen <strong>RAMET (Mini U6 U7)<\/strong> : module U6-U7 et U15 en 2020 <\/li><li> Philippe <strong>HAVART<\/strong> (U13) : module U11 en 2017, U9 en 2015 et U15 en 2020<\/li><li>Axel <strong>REGNIER <\/strong>(U11): module U11 et U17 en 2018<\/li><li>Marie-Laure <strong>ROMMEL (U11) <\/strong>: formation d&rsquo;animatrice f\u00e9d\u00e9rale de football en 2018<\/li><li> H\u00e9l\u00e8ne <strong>HAVART (U13) <\/strong>:  formation d&rsquo;animatrice f\u00e9d\u00e9rale de football en 2019 <\/li><li>Thierry <strong>MACQUET<\/strong> <strong>(U13 F)<\/strong> : formation d&rsquo;animatrice f\u00e9d\u00e9rale en 2018<\/li><li>Beno\u00eet <strong>FORTIN<\/strong> <strong>(S\u00e9niors)<\/strong> : module de formation U17-U19 en 2018 et U20-S\u00e9niors en 2019 ; modules U13 et U15 en 2020<\/li><li>Virginie <strong>RAMET (S\u00e9niors F) <\/strong>:  formation d&rsquo;animatrice f\u00e9d\u00e9rale de football en 2019 et U15 en 2020<\/li><li>Elodie<strong> POCHET (S\u00e9niors F)<\/strong> : module U15 en 2020<\/li><li> Philippe <strong>HAVART (Gardiens) <\/strong>: module de formation Gardiens en 2018 et Perfectionnement en 2020<br><br><strong><em>Gestion de l&rsquo;association :<\/em><\/strong><\/li><li>Daniel <strong>ROBASSE (Tr\u00e9sorier)<\/strong> : formation de gestion financi\u00e8re en 2018<\/li><li>Beno\u00eet <strong>FORTIN <\/strong>: module projet associatif CFF4 en d\u00e9cembre 2019 et projet sportif en 2020<\/li><li> Benjamin <strong>FOUBLE <\/strong>: module projet associatif CFF4 en d\u00e9cembre 2019 et projet sportif en 2020<\/li><\/ul>\n\n\n\n<p>F\u00e9licitations \u00e0 ces dirigeants pour leur implication et leur volont\u00e9 de se former -sur leur temps libre &#8211; \u00e0 l&rsquo;encadrement des jeunes  pour les aider \u00e0 se d\u00e9velopper et progresser encore plus mais aussi \u00e0 la gestion administrative et financi\u00e8re du club !<\/p>\n\n\n\n<figure class=\"wp-block-image size-large\"><img data-attachment-id=\"4123\" data-permalink=\"https:\/\/as-surques-escoeuilles.fr\/received_29185694915635766418348361027397801\/\" data-orig-file=\"https:\/\/i0.wp.com\/as-surques-escoeuilles.fr\/wp-content\/uploads\/2020\/03\/received_29185694915635766418348361027397801-scaled.jpeg?fit=1920%2C2560&amp;ssl=1\" data-orig-size=\"1920,2560\" data-comments-opened=\"1\" data-image-meta=\"{&quot;aperture&quot;:&quot;0&quot;,&quot;credit&quot;:&quot;&quot;,&quot;camera&quot;:&quot;&quot;,&quot;caption&quot;:&quot;&quot;,&quot;created_timestamp&quot;:&quot;0&quot;,&quot;copyright&quot;:&quot;&quot;,&quot;focal_length&quot;:&quot;0&quot;,&quot;iso&quot;:&quot;0&quot;,&quot;shutter_speed&quot;:&quot;0&quot;,&quot;title&quot;:&quot;&quot;,&quot;orientation&quot;:&quot;0&quot;}\" data-image-title=\"received_29185694915635766418348361027397801.jpeg\" data-image-description=\"\" data-image-caption=\"\" data-medium-file=\"https:\/\/i0.wp.com\/as-surques-escoeuilles.fr\/wp-content\/uploads\/2020\/03\/received_29185694915635766418348361027397801-scaled.jpeg?fit=225%2C300&amp;ssl=1\" data-large-file=\"https:\/\/i0.wp.com\/as-surques-escoeuilles.fr\/wp-content\/uploads\/2020\/03\/received_29185694915635766418348361027397801-scaled.jpeg?fit=768%2C1024&amp;ssl=1\" fetchpriority=\"high\" width=\"768\" height=\"1024\" src=\"https:\/\/i0.wp.com\/as-surques-escoeuilles.fr\/wp-content\/uploads\/2020\/03\/received_29185694915635766418348361027397801.jpeg?resize=768%2C1024&#038;ssl=1\" alt=\"\" class=\"wp-image-4123\" srcset=\"https:\/\/i0.wp.com\/as-surques-escoeuilles.fr\/wp-content\/uploads\/2020\/03\/received_29185694915635766418348361027397801-scaled.jpeg?resize=768%2C1024&amp;ssl=1 768w, https:\/\/i0.wp.com\/as-surques-escoeuilles.fr\/wp-content\/uploads\/2020\/03\/received_29185694915635766418348361027397801-scaled.jpeg?resize=225%2C300&amp;ssl=1 225w, https:\/\/i0.wp.com\/as-surques-escoeuilles.fr\/wp-content\/uploads\/2020\/03\/received_29185694915635766418348361027397801-scaled.jpeg?resize=1152%2C1536&amp;ssl=1 1152w, https:\/\/i0.wp.com\/as-surques-escoeuilles.fr\/wp-content\/uploads\/2020\/03\/received_29185694915635766418348361027397801-scaled.jpeg?resize=1536%2C2048&amp;ssl=1 1536w, https:\/\/i0.wp.com\/as-surques-escoeuilles.fr\/wp-content\/uploads\/2020\/03\/received_29185694915635766418348361027397801-scaled.jpeg?resize=600%2C800&amp;ssl=1 600w, https:\/\/i0.wp.com\/as-surques-escoeuilles.fr\/wp-content\/uploads\/2020\/03\/received_29185694915635766418348361027397801-scaled.jpeg?w=1920&amp;ssl=1 1920w, https:\/\/i0.wp.com\/as-surques-escoeuilles.fr\/wp-content\/uploads\/2020\/03\/received_29185694915635766418348361027397801-scaled.jpeg?w=1600&amp;ssl=1 1600w\" sizes=\"(max-width: 768px) 100vw, 768px\" data-recalc-dims=\"1\" \/><figcaption>De gauche \u00e0 droite : Loreen RAMET, Virginie RAMET, Elodie POCHET, Benjamin FOUBLE, Philippe HAVART et Beno\u00eet FORTIN &#8211; Module U15 &#8211; Calais &#8211; Mars 2020<\/figcaption><\/figure>\n\n\n\n<figure class=\"wp-block-image size-large\"><img data-attachment-id=\"2109\" data-permalink=\"https:\/\/as-surques-escoeuilles.fr\/index.php\/2018\/12\/03\/formations-educateurs\/resized_20181201_120342_7530\/\" data-orig-file=\"https:\/\/i0.wp.com\/as-surques-escoeuilles.fr\/wp-content\/uploads\/2018\/12\/Resized_20181201_120342_7530.jpeg?fit=720%2C960&amp;ssl=1\" data-orig-size=\"720,960\" data-comments-opened=\"1\" data-image-meta=\"{&quot;aperture&quot;:&quot;0&quot;,&quot;credit&quot;:&quot;&quot;,&quot;camera&quot;:&quot;&quot;,&quot;caption&quot;:&quot;&quot;,&quot;created_timestamp&quot;:&quot;0&quot;,&quot;copyright&quot;:&quot;&quot;,&quot;focal_length&quot;:&quot;0&quot;,&quot;iso&quot;:&quot;0&quot;,&quot;shutter_speed&quot;:&quot;0&quot;,&quot;title&quot;:&quot;&quot;,&quot;orientation&quot;:&quot;0&quot;}\" data-image-title=\"Resized_20181201_120342_7530\" data-image-description=\"\" data-image-caption=\"\" data-medium-file=\"https:\/\/i0.wp.com\/as-surques-escoeuilles.fr\/wp-content\/uploads\/2018\/12\/Resized_20181201_120342_7530.jpeg?fit=225%2C300&amp;ssl=1\" data-large-file=\"https:\/\/i0.wp.com\/as-surques-escoeuilles.fr\/wp-content\/uploads\/2018\/12\/Resized_20181201_120342_7530.jpeg?fit=720%2C960&amp;ssl=1\" width=\"720\" height=\"960\" src=\"https:\/\/i0.wp.com\/as-surques-escoeuilles.fr\/wp-content\/uploads\/2018\/12\/Resized_20181201_120342_7530.jpeg?resize=720%2C960\" alt=\"\" class=\"wp-image-2109\" srcset=\"https:\/\/i0.wp.com\/as-surques-escoeuilles.fr\/wp-content\/uploads\/2018\/12\/Resized_20181201_120342_7530.jpeg?w=720&amp;ssl=1 720w, https:\/\/i0.wp.com\/as-surques-escoeuilles.fr\/wp-content\/uploads\/2018\/12\/Resized_20181201_120342_7530.jpeg?resize=225%2C300&amp;ssl=1 225w\" sizes=\"(max-width: 720px) 100vw, 720px\" data-recalc-dims=\"1\" \/><figcaption>Philippe HAVART, module GARDIENS en 2018<\/figcaption><\/figure>\n\n\n\n<figure class=\"wp-block-image size-large\"><img data-attachment-id=\"3289\" data-permalink=\"https:\/\/as-surques-escoeuilles.fr\/index.php\/actions-du-club\/plan-de-formation\/fb_img_1543862260871-2\/\" data-orig-file=\"https:\/\/i0.wp.com\/as-surques-escoeuilles.fr\/wp-content\/uploads\/2019\/12\/FB_IMG_1543862260871.jpg?fit=720%2C537&amp;ssl=1\" data-orig-size=\"720,537\" data-comments-opened=\"1\" data-image-meta=\"{&quot;aperture&quot;:&quot;0&quot;,&quot;credit&quot;:&quot;&quot;,&quot;camera&quot;:&quot;&quot;,&quot;caption&quot;:&quot;&quot;,&quot;created_timestamp&quot;:&quot;0&quot;,&quot;copyright&quot;:&quot;&quot;,&quot;focal_length&quot;:&quot;0&quot;,&quot;iso&quot;:&quot;0&quot;,&quot;shutter_speed&quot;:&quot;0&quot;,&quot;title&quot;:&quot;&quot;,&quot;orientation&quot;:&quot;0&quot;}\" data-image-title=\"FB_IMG_1543862260871\" data-image-description=\"\" data-image-caption=\"\" data-medium-file=\"https:\/\/i0.wp.com\/as-surques-escoeuilles.fr\/wp-content\/uploads\/2019\/12\/FB_IMG_1543862260871.jpg?fit=300%2C224&amp;ssl=1\" data-large-file=\"https:\/\/i0.wp.com\/as-surques-escoeuilles.fr\/wp-content\/uploads\/2019\/12\/FB_IMG_1543862260871.jpg?fit=720%2C537&amp;ssl=1\" width=\"720\" height=\"537\" src=\"https:\/\/i0.wp.com\/as-surques-escoeuilles.fr\/wp-content\/uploads\/2019\/12\/FB_IMG_1543862260871.jpg?resize=720%2C537\" alt=\"\" class=\"wp-image-3289\" srcset=\"https:\/\/i0.wp.com\/as-surques-escoeuilles.fr\/wp-content\/uploads\/2019\/12\/FB_IMG_1543862260871.jpg?w=720&amp;ssl=1 720w, https:\/\/i0.wp.com\/as-surques-escoeuilles.fr\/wp-content\/uploads\/2019\/12\/FB_IMG_1543862260871.jpg?resize=300%2C224&amp;ssl=1 300w\" sizes=\"(max-width: 720px) 100vw, 720px\" data-recalc-dims=\"1\" \/><figcaption>Beno\u00eet FORTIN : module U17-U19 en novembre 2018<\/figcaption><\/figure>\n\n\n\n<figure class=\"wp-block-image size-large\"><img data-attachment-id=\"1998\" data-permalink=\"https:\/\/as-surques-escoeuilles.fr\/index.php\/2018\/12\/03\/formations-educateurs\/45009500_1328285313973426_3888885559866687488_n\/\" data-orig-file=\"https:\/\/i0.wp.com\/as-surques-escoeuilles.fr\/wp-content\/uploads\/2018\/10\/45009500_1328285313973426_3888885559866687488_n.jpg?fit=960%2C720&amp;ssl=1\" data-orig-size=\"960,720\" data-comments-opened=\"1\" data-image-meta=\"{&quot;aperture&quot;:&quot;0&quot;,&quot;credit&quot;:&quot;&quot;,&quot;camera&quot;:&quot;&quot;,&quot;caption&quot;:&quot;&quot;,&quot;created_timestamp&quot;:&quot;0&quot;,&quot;copyright&quot;:&quot;&quot;,&quot;focal_length&quot;:&quot;0&quot;,&quot;iso&quot;:&quot;0&quot;,&quot;shutter_speed&quot;:&quot;0&quot;,&quot;title&quot;:&quot;&quot;,&quot;orientation&quot;:&quot;0&quot;}\" data-image-title=\"45009500_1328285313973426_3888885559866687488_n\" data-image-description=\"\" data-image-caption=\"\" data-medium-file=\"https:\/\/i0.wp.com\/as-surques-escoeuilles.fr\/wp-content\/uploads\/2018\/10\/45009500_1328285313973426_3888885559866687488_n.jpg?fit=300%2C225&amp;ssl=1\" data-large-file=\"https:\/\/i0.wp.com\/as-surques-escoeuilles.fr\/wp-content\/uploads\/2018\/10\/45009500_1328285313973426_3888885559866687488_n.jpg?fit=800%2C600&amp;ssl=1\" loading=\"lazy\" width=\"800\" height=\"600\" src=\"https:\/\/i0.wp.com\/as-surques-escoeuilles.fr\/wp-content\/uploads\/2018\/10\/45009500_1328285313973426_3888885559866687488_n.jpg?resize=800%2C600\" alt=\"\" class=\"wp-image-1998\" srcset=\"https:\/\/i0.wp.com\/as-surques-escoeuilles.fr\/wp-content\/uploads\/2018\/10\/45009500_1328285313973426_3888885559866687488_n.jpg?w=960&amp;ssl=1 960w, https:\/\/i0.wp.com\/as-surques-escoeuilles.fr\/wp-content\/uploads\/2018\/10\/45009500_1328285313973426_3888885559866687488_n.jpg?resize=300%2C225&amp;ssl=1 300w, https:\/\/i0.wp.com\/as-surques-escoeuilles.fr\/wp-content\/uploads\/2018\/10\/45009500_1328285313973426_3888885559866687488_n.jpg?resize=768%2C576&amp;ssl=1 768w\" sizes=\"(max-width: 800px) 100vw, 800px\" data-recalc-dims=\"1\" \/><figcaption>MArie Laure ROMMEL et Thierry MACQUET, Animatrice f\u00e9d\u00e9rale en 2018<\/figcaption><\/figure>\n","protected":false},"excerpt":{"rendered":"<p>L&rsquo;association se d\u00e9veloppe au fil des ann\u00e9es. Avec toutes les cat\u00e9gories repr\u00e9sent\u00e9es, le club a volontairement mis l&rsquo;accent cette ann\u00e9e<\/p>\n","protected":false},"author":1,"featured_media":0,"parent":2882,"menu_order":0,"comment_status":"closed","ping_status":"closed","template":"","meta":{"ngg_post_thumbnail":0,"jetpack_post_was_ever_published":false},"jetpack_sharing_enabled":true,"jetpack_shortlink":"https:\/\/wp.me\/P8dhOI-R1","jetpack-related-posts":[{"id":3670,"url":"https:\/\/as-surques-escoeuilles.fr\/index.php\/sante\/","url_meta":{"origin":3287,"position":0},"title":"Sant\u00e9","date":"27 d\u00e9cembre 2019","format":false,"excerpt":"Janvier 2022Janvier 2022Janvier 2022Janvier 2022Septembre 2021Janvier 2021F\u00e9vrier 2020Janvier 2020Septembre 2019 U6\/U7 : les premiers secours U12\/U13 : pr\u00e9vention des blessures U12\/U13 : r\u00e9athl\u00e9tisation U12F\/U13F : Initiation aux gestes qui sauvent Ecole de foot : lacer ses chaussures U8-U9 : bien s'\u00e9quiper en d\u00e9but de saison U13 : prendre une douche\u2026","rel":"","context":"Article similaire","img":{"alt_text":"","src":"","width":0,"height":0},"classes":[]},{"id":3681,"url":"https:\/\/as-surques-escoeuilles.fr\/index.php\/environnement\/","url_meta":{"origin":3287,"position":1},"title":"Environnement","date":"27 d\u00e9cembre 2019","format":false,"excerpt":"Mars 2022Mars 2022Novembre 2021Septembre 2021Septembre 2021Septembre 2020Mars 2020Mars 2020F\u00e9vrier 2020Octobre 2019 U12-U13 : d\u00e9chets au stade U6-U7 : \u00e9co gestes U8-U9 : mobilit\u00e9 et autopartage Mini-foot : utiliser une gourde U6 : tri des d\u00e9chets U6-U7 : tri des d\u00e9chets U6-U19 : installation d'une fontaine U6-U13 : Hauts de France\u2026","rel":"","context":"Article similaire","img":{"alt_text":"","src":"","width":0,"height":0},"classes":[]},{"id":38,"url":"https:\/\/as-surques-escoeuilles.fr\/index.php\/categories\/","url_meta":{"origin":3287,"position":2},"title":"Cat\u00e9gories","date":"17 d\u00e9cembre 2016","format":false,"excerpt":"Toutes les cat\u00e9gories sont repr\u00e9sent\u00e9es au sein de l'ASSE du mini-foot aux s\u00e9niors. Quel que soit votre \u00e2ge, venez trouvez votre bonheur dans notre association : Mini-Foot (moins de 5 ans) U6\/U7 U8\/U9 U11 U13 U15 U18 S\u00e9niors","rel":"","context":"Article similaire","img":{"alt_text":"","src":"","width":0,"height":0},"classes":[]},{"id":2355,"url":"https:\/\/as-surques-escoeuilles.fr\/index.php\/actions-du-club\/programme-educatif-federal\/","url_meta":{"origin":3287,"position":3},"title":"Programme educatif federal","date":"13 f\u00e9vrier 2019","format":false,"excerpt":"L' ASSE est engag\u00e9 depuis de nombreuses ann\u00e9es dans le Programme Educatif F\u00e9d\u00e9ral, autour de 6 th\u00e8mes : Sant\u00e9Septembre 2019 : \"Faire son sac pour les U6\/U7\" Engagement citoyenD\u00e9cembre 2019 : Collecte de dons pour les restos du coeurEnvironnement Octobre 2019 : U9 : tri des d\u00e9chets Septembre 2019 :\u2026","rel":"","context":"Dans &quot;Non class\u00e9&quot;","img":{"alt_text":"","src":"","width":0,"height":0},"classes":[]},{"id":63,"url":"https:\/\/as-surques-escoeuilles.fr\/index.php\/categories\/u6u7\/","url_meta":{"origin":3287,"position":4},"title":"U6\/U7","date":"17 d\u00e9cembre 2016","format":false,"excerpt":"Les entra\u00eenements ont lieu le mercredi de 14h00 \u00e0 15h15, le samedi de 10h30 \u00e0 11h15 et en p\u00e9riode hivernale, le samedi \u00e0 la salle de Licques, au synth\u00e9tique de Lumbres ou au city d'Escoeuilles. Le r\u00e9f\u00e9rent U6 est Hugo BOURRE et la r\u00e9f\u00e9rente U7 est Loreen RAMET. Educateurs 2021\/2022:\u2026","rel":"","context":"Article similaire","img":{"alt_text":"","src":"https:\/\/i0.wp.com\/as-surques-escoeuilles.fr\/wp-content\/uploads\/2019\/12\/u6site-1024x603.jpg?resize=350%2C200&ssl=1","width":350,"height":200},"classes":[]},{"id":65,"url":"https:\/\/as-surques-escoeuilles.fr\/index.php\/categories\/mini-foot\/","url_meta":{"origin":3287,"position":5},"title":"Mini-foot","date":"17 d\u00e9cembre 2016","format":false,"excerpt":"Mini-foot et U6\/U7 Venez faire d\u00e9couvrir l'effort physique, le sport en groupe \u00e0 votre enfant et l'initier aux plaisirs du foot d\u00e8s son plus jeune \u00e2ge. Motricit\u00e9 et jeux seront au programme de chaque s\u00e9ance ! Les s\u00e9ances ont lieu pendant les cr\u00e9neaux d'\u00e9cole de foot, le mercredi de 14h00\u2026","rel":"","context":"Dans &quot;Non class\u00e9&quot;","img":{"alt_text":"","src":"https:\/\/i0.wp.com\/as-surques-escoeuilles.fr\/wp-content\/uploads\/2019\/12\/u6site-1024x603.jpg?resize=350%2C200&ssl=1","width":350,"height":200},"classes":[]}],"_links":{"self":[{"href":"https:\/\/as-surques-escoeuilles.fr\/index.php\/wp-json\/wp\/v2\/pages\/3287"}],"collection":[{"href":"https:\/\/as-surques-escoeuilles.fr\/index.php\/wp-json\/wp\/v2\/pages"}],"about":[{"href":"https:\/\/as-surques-escoeuilles.fr\/index.php\/wp-json\/wp\/v2\/types\/page"}],"author":[{"embeddable":true,"href":"https:\/\/as-surques-escoeuilles.fr\/index.php\/wp-json\/wp\/v2\/users\/1"}],"replies":[{"embeddable":true,"href":"https:\/\/as-surques-escoeuilles.fr\/index.php\/wp-json\/wp\/v2\/comments?post=3287"}],"version-history":[{"count":0,"href":"https:\/\/as-surques-escoeuilles.fr\/index.php\/wp-json\/wp\/v2\/pages\/3287\/revisions"}],"up":[{"embeddable":true,"href":"https:\/\/as-surques-escoeuilles.fr\/index.php\/wp-json\/wp\/v2\/pages\/2882"}],"wp:attachment":[{"href":"https:\/\/as-surques-escoeuilles.fr\/index.php\/wp-json\/wp\/v2\/media?parent=3287"}],"curies":[{"name":"wp","href":"https:\/\/api.w.org\/{rel}","templated":true}]}}