{"id":3372,"date":"2019-12-21T13:50:55","date_gmt":"2019-12-21T12:50:55","guid":{"rendered":"http:\/\/as-surques-escoeuilles.fr\/?page_id=3372"},"modified":"2023-08-20T10:01:25","modified_gmt":"2023-08-20T08:01:25","slug":"business-club","status":"publish","type":"page","link":"https:\/\/as-surques-escoeuilles.fr\/index.php\/business-club\/","title":{"rendered":"Business club"},"content":{"rendered":"\n<p>Vous souhaitez soutenir notre association dans son d\u00e9veloppement ? Que ce soit par un don, un partenariat, ou tout autre action, n&rsquo;h\u00e9sitez pas \u00e0 nous contacter par mail ou \u00e0 contacter notre pr\u00e9sident Philippe Havart (06 15 18 67 92) ou notre vice-pr\u00e9sident Jean-Philippe Lefebvre (06 13 54 21 50) pour tous renseignements. Merci aux structures d\u00e9j\u00e0 partenaires pour leur soutien.<\/p>\n\n\n\n<p>no images were found<\/p>\n\n","protected":false},"excerpt":{"rendered":"<p>Vous souhaitez soutenir notre association dans son d\u00e9veloppement ? Que ce soit par un don, un partenariat, ou tout autre<\/p>\n","protected":false},"author":1,"featured_media":0,"parent":0,"menu_order":0,"comment_status":"closed","ping_status":"closed","template":"","meta":{"ngg_post_thumbnail":0,"jetpack_post_was_ever_published":false},"jetpack_sharing_enabled":true,"jetpack_shortlink":"https:\/\/wp.me\/P8dhOI-So","jetpack-related-posts":[{"id":67,"url":"https:\/\/as-surques-escoeuilles.fr\/index.php\/vie-du-club\/","url_meta":{"origin":3372,"position":0},"title":"Vie du Club","date":"17 d\u00e9cembre 2016","format":false,"excerpt":"L' ASSE est pr\u00e9sid\u00e9e depuis juin 2016 par Philippe HAVART. Les vices-pr\u00e9sidents sont Jean-Philippe LEFEBVRE et Olivier DESOMBRE. Avec l'aide d'une trentaine de b\u00e9n\u00e9voles, l'association permet \u00e0 ses 250 licenci\u00e9s de s'\u00e9panouir sur les terrains chaque semaine. Vous souhaitez nous contacter pour plus de renseignements ? N'h\u00e9sitez pas !","rel":"","context":"Dans &quot;Non class\u00e9&quot;","img":{"alt_text":"","src":"","width":0,"height":0},"classes":[]},{"id":132,"url":"https:\/\/as-surques-escoeuilles.fr\/index.php\/vie-du-club\/organigramme\/","url_meta":{"origin":3372,"position":1},"title":"Organigramme","date":"19 d\u00e9cembre 2016","format":false,"excerpt":"L' ASSE est pr\u00e9sid\u00e9e depuis juin 2016 par Philippe HAVART. Les vices-pr\u00e9sidents sont Jean-Philippe LEFEBVRE et Olivier DESOMBRE.Avec l'aide d'une trentaine de b\u00e9n\u00e9voles, l'association permet \u00e0 ses 250 licenci\u00e9s de s'\u00e9panouir sur les terrains chaque semaine. Le club fonctionne de mani\u00e8re coll\u00e9giale par une r\u00e9partition des t\u00e2ches en plusieurs commissions\u2026","rel":"","context":"Article similaire","img":{"alt_text":"","src":"","width":0,"height":0},"classes":[]},{"id":1315,"url":"https:\/\/as-surques-escoeuilles.fr\/index.php\/vie-du-club\/imposition-benevoles\/","url_meta":{"origin":3372,"position":2},"title":"Imposition b\u00e9n\u00e9voles","date":"8 mai 2018","format":false,"excerpt":"Les d\u00e9clarations pour les imp\u00f4ts sur le revenu sont \u00e0 effectuer entre le 12 Mai et le 14 Juin, vous trouverez ci-dessous les documents relatifs \u00e0 un abandon de droit \u00e0 remboursement des frais kilom\u00e9triques... Plusieurs choses \u00e0 savoir :- cela concerne uniquement les \u00e9ducateurs et\u00a0 les dirigeants (un joueur\u2026","rel":"","context":"Article similaire","img":{"alt_text":"","src":"","width":0,"height":0},"classes":[]},{"id":134,"url":"https:\/\/as-surques-escoeuilles.fr\/index.php\/ou-sommes-nous\/","url_meta":{"origin":3372,"position":3},"title":"O\u00f9 sommes-nous ?","date":"19 d\u00e9cembre 2016","format":false,"excerpt":"Situ\u00e9 au milieu du triangle Boulogne \/ Calais \/ Saint-Omer, les communes de Surques et Escoeuilles sont au coeur de la communaut\u00e9 de communes de Lumbres. Vous pouvez nous contacter par email \u00e0 : secretariat@as-surques-escoeuilles.fr","rel":"","context":"Article similaire","img":{"alt_text":"","src":"","width":0,"height":0},"classes":[]},{"id":2827,"url":"https:\/\/as-surques-escoeuilles.fr\/index.php\/arbitres\/","url_meta":{"origin":3372,"position":4},"title":"Arbitres","date":"27 ao\u00fbt 2019","format":false,"excerpt":"Depuis de nombreuses ann\u00e9es et pour r\u00e9pondre aux obligations de la f\u00e9d\u00e9ration, le club a choisi de mettre en place une politique de formation d'arbitres locaux. C'est ainsi que Pascal H\u00e9non, Maxime Desombre ou tr\u00e8s r\u00e9cemment Gauthier Saison et Florian Schuppe sont devenus arbitres au sein de notre club. Nous\u2026","rel":"","context":"Article similaire","img":{"alt_text":"","src":"","width":0,"height":0},"classes":[]},{"id":3287,"url":"https:\/\/as-surques-escoeuilles.fr\/index.php\/actions-du-club\/plan-de-formation\/","url_meta":{"origin":3372,"position":5},"title":"Plan de formation","date":"7 d\u00e9cembre 2019","format":false,"excerpt":"L'association se d\u00e9veloppe au fil des ann\u00e9es. Avec toutes les cat\u00e9gories repr\u00e9sent\u00e9es, le club a volontairement mis l'accent cette ann\u00e9e sur le parcours de formation des diff\u00e9rents \u00e9ducateurs. Cette page recense l'ensemble de nos \u00e9ducateurs et b\u00e9n\u00e9voles certifi\u00e9s ou diplom\u00e9s qui se forment sur le temps libre : Beno\u00eet FORTIN\u2026","rel":"","context":"Article similaire","img":{"alt_text":"","src":"https:\/\/i0.wp.com\/as-surques-escoeuilles.fr\/wp-content\/uploads\/2020\/03\/received_29185694915635766418348361027397801-scaled.jpeg?resize=350%2C200&ssl=1","width":350,"height":200},"classes":[]}],"_links":{"self":[{"href":"https:\/\/as-surques-escoeuilles.fr\/index.php\/wp-json\/wp\/v2\/pages\/3372"}],"collection":[{"href":"https:\/\/as-surques-escoeuilles.fr\/index.php\/wp-json\/wp\/v2\/pages"}],"about":[{"href":"https:\/\/as-surques-escoeuilles.fr\/index.php\/wp-json\/wp\/v2\/types\/page"}],"author":[{"embeddable":true,"href":"https:\/\/as-surques-escoeuilles.fr\/index.php\/wp-json\/wp\/v2\/users\/1"}],"replies":[{"embeddable":true,"href":"https:\/\/as-surques-escoeuilles.fr\/index.php\/wp-json\/wp\/v2\/comments?post=3372"}],"version-history":[{"count":2,"href":"https:\/\/as-surques-escoeuilles.fr\/index.php\/wp-json\/wp\/v2\/pages\/3372\/revisions"}],"predecessor-version":[{"id":5911,"href":"https:\/\/as-surques-escoeuilles.fr\/index.php\/wp-json\/wp\/v2\/pages\/3372\/revisions\/5911"}],"wp:attachment":[{"href":"https:\/\/as-surques-escoeuilles.fr\/index.php\/wp-json\/wp\/v2\/media?parent=3372"}],"curies":[{"name":"wp","href":"https:\/\/api.w.org\/{rel}","templated":true}]}}