{"id":3390,"date":"2019-12-22T16:21:39","date_gmt":"2019-12-22T15:21:39","guid":{"rendered":"http:\/\/as-surques-escoeuilles.fr\/index.php\/mon-compte\/"},"modified":"2019-12-22T16:21:39","modified_gmt":"2019-12-22T15:21:39","slug":"mon-compte","status":"publish","type":"page","link":"https:\/\/as-surques-escoeuilles.fr\/index.php\/mon-compte\/","title":{"rendered":"Mon compte"},"content":{"rendered":"<div class=\"woocommerce\"><\/div>\n","protected":false},"excerpt":{"rendered":"","protected":false},"author":1,"featured_media":0,"parent":0,"menu_order":0,"comment_status":"closed","ping_status":"closed","template":"","meta":{"ngg_post_thumbnail":0,"jetpack_post_was_ever_published":false},"jetpack_sharing_enabled":true,"jetpack_shortlink":"https:\/\/wp.me\/P8dhOI-SG","jetpack-related-posts":[{"id":1216,"url":"https:\/\/as-surques-escoeuilles.fr\/index.php\/manifestations\/1216-2\/","url_meta":{"origin":3390,"position":0},"title":"Arbre de No\u00ebl","date":"24 avril 2018","format":false,"excerpt":"L'arbre de No\u00ebl pour les licenci\u00e9s jusqu'\u00e0 la cat\u00e9gorie U13 a lieu chaque ann\u00e9e avant les f\u00eates de Noel pour r\u00e9compenser les licenci\u00e9s enfants, traditionnellement \u00e0 la f\u00eate de Bainghen Il aura excemptionnellement lieu cette ann\u00e9e le mercredi 16 d\u00e9cembre 2020 \u00e0 la salle de Surques \u00e0 partir de 14h00.\u2026","rel":"","context":"Article similaire","img":{"alt_text":"","src":"https:\/\/i0.wp.com\/as-surques-escoeuilles.fr\/wp-content\/uploads\/2018\/12\/IMG_20181219_163812-2.jpg?resize=350%2C200&ssl=1","width":350,"height":200},"classes":[]},{"id":3707,"url":"https:\/\/as-surques-escoeuilles.fr\/index.php\/section-feminines\/","url_meta":{"origin":3390,"position":1},"title":"Section F\u00e9minines","date":"27 d\u00e9cembre 2019","format":false,"excerpt":"L'ASSE a toujours compt\u00e9 \u00e9norm\u00e9ment de joueuses dans ses effectifs. Depuis 2018, le club a pass\u00e9 un palier puisque des \u00e9quipes exclusivement f\u00e9minines ont vu le jour : les U13 f\u00e9minines et les s\u00e9niors F\u00e9minines. Cliquez sur l'image de votre choix pour le d\u00e9tail : S\u00e9niors Jeunes","rel":"","context":"Article similaire","img":{"alt_text":"","src":"https:\/\/i0.wp.com\/as-surques-escoeuilles.fr\/wp-content\/uploads\/2019\/12\/received_4873727052336478629627142667311591-1024x485.jpeg?resize=350%2C200&ssl=1","width":350,"height":200},"classes":[]},{"id":2,"url":"https:\/\/as-surques-escoeuilles.fr\/index.php\/page-d-exemple\/","url_meta":{"origin":3390,"position":2},"title":"Page d&rsquo;exemple","date":"3 novembre 2016","format":false,"excerpt":"Voici un exemple de page. Elle est diff\u00e9rente d\u2019un article de blog, en cela qu\u2019elle restera \u00e0 la m\u00eame place, et s\u2019affichera dans le menu de navigation de votre site (en fonction de votre th\u00e8me). La plupart des gens commencent par \u00e9crire une page \u00ab \u00c0 Propos \u00bb qui les\u2026","rel":"","context":"Article similaire","img":{"alt_text":"","src":"","width":0,"height":0},"classes":[]}],"_links":{"self":[{"href":"https:\/\/as-surques-escoeuilles.fr\/index.php\/wp-json\/wp\/v2\/pages\/3390"}],"collection":[{"href":"https:\/\/as-surques-escoeuilles.fr\/index.php\/wp-json\/wp\/v2\/pages"}],"about":[{"href":"https:\/\/as-surques-escoeuilles.fr\/index.php\/wp-json\/wp\/v2\/types\/page"}],"author":[{"embeddable":true,"href":"https:\/\/as-surques-escoeuilles.fr\/index.php\/wp-json\/wp\/v2\/users\/1"}],"replies":[{"embeddable":true,"href":"https:\/\/as-surques-escoeuilles.fr\/index.php\/wp-json\/wp\/v2\/comments?post=3390"}],"version-history":[{"count":0,"href":"https:\/\/as-surques-escoeuilles.fr\/index.php\/wp-json\/wp\/v2\/pages\/3390\/revisions"}],"wp:attachment":[{"href":"https:\/\/as-surques-escoeuilles.fr\/index.php\/wp-json\/wp\/v2\/media?parent=3390"}],"curies":[{"name":"wp","href":"https:\/\/api.w.org\/{rel}","templated":true}]}}