{"id":3674,"date":"2019-12-27T15:13:17","date_gmt":"2019-12-27T14:13:17","guid":{"rendered":"http:\/\/as-surques-escoeuilles.fr\/?page_id=3674"},"modified":"2019-12-27T18:49:51","modified_gmt":"2019-12-27T17:49:51","slug":"programme-educatif-federal","status":"publish","type":"page","link":"https:\/\/as-surques-escoeuilles.fr\/index.php\/programme-educatif-federal\/","title":{"rendered":"Programme Educatif F\u00e9d\u00e9ral"},"content":{"rendered":"\t\t<div data-elementor-type=\"wp-page\" data-elementor-id=\"3674\" class=\"elementor elementor-3674\">\n\t\t\t\t\t\t\t\t\t<section class=\"elementor-section elementor-top-section elementor-element elementor-element-b7da74d elementor-section-boxed elementor-section-height-default elementor-section-height-default\" data-id=\"b7da74d\" data-element_type=\"section\">\n\t\t\t\t\t\t<div class=\"elementor-container elementor-column-gap-default\">\n\t\t\t\t\t<div class=\"elementor-column elementor-col-100 elementor-top-column elementor-element elementor-element-2e9aa87\" data-id=\"2e9aa87\" data-element_type=\"column\">\n\t\t\t<div class=\"elementor-widget-wrap elementor-element-populated\">\n\t\t\t\t\t\t\t\t<div class=\"elementor-element elementor-element-eedb7db elementor-widget elementor-widget-text-editor\" data-id=\"eedb7db\" data-element_type=\"widget\" data-widget_type=\"text-editor.default\">\n\t\t\t\t<div class=\"elementor-widget-container\">\n\t\t\t\t\t\t\t<p style=\"text-align: left;\">Depuis de nombreuses ann\u00e9es, l&rsquo;ASSE est engag\u00e9e dans la mise en oeuvre du programme \u00e9ducatif f\u00e9d\u00e9ral de la FFF. Ce programme vise \u00e0 inculquer aux jeunes licenci\u00e9s de 5 \u00e0 18 ans les valeurs du football : <\/p><p style=\"text-align: center;\"><strong>PLAISIR\u00a0\u00a0\u00a0\u00a0 RESPECT\u00a0\u00a0\u00a0\u00a0 ENGAGEMENT\u00a0\u00a0\u00a0\u00a0 TOLERANCE\u00a0\u00a0\u00a0 SOLIDARITE<\/strong><\/p><p style=\"text-align: left;\">par l&rsquo;apprentissage de r\u00e8gles (de vie et de jeu) d\u00e9clin\u00e9es en 6 th\u00e8mes. Cliquez sur chaque th\u00e8me pour d\u00e9couvrir les actions men\u00e9es au sein du club :<\/p>\t\t\t\t\t\t<\/div>\n\t\t\t\t<\/div>\n\t\t\t\t\t<\/div>\n\t\t<\/div>\n\t\t\t\t\t\t\t<\/div>\n\t\t<\/section>\n\t\t\t\t<section class=\"elementor-section elementor-top-section elementor-element elementor-element-82978f6 elementor-section-content-middle elementor-section-boxed elementor-section-height-default elementor-section-height-default\" data-id=\"82978f6\" data-element_type=\"section\">\n\t\t\t\t\t\t<div class=\"elementor-container elementor-column-gap-default\">\n\t\t\t\t\t<div class=\"elementor-column elementor-col-16 elementor-top-column elementor-element elementor-element-b78496a\" data-id=\"b78496a\" data-element_type=\"column\">\n\t\t\t<div class=\"elementor-widget-wrap elementor-element-populated\">\n\t\t\t\t\t\t\t\t<div class=\"elementor-element elementor-element-2ef860b elementor-align-center elementor-widget elementor-widget-button\" data-id=\"2ef860b\" data-element_type=\"widget\" data-widget_type=\"button.default\">\n\t\t\t\t<div class=\"elementor-widget-container\">\n\t\t\t\t\t<div class=\"elementor-button-wrapper\">\n\t\t\t<a class=\"elementor-button elementor-button-link elementor-size-sm elementor-animation-pulse-grow\" href=\"http:\/\/as-surques-escoeuilles.fr\/index.php\/sante\/\" target=\"_blank\">\n\t\t\t\t\t\t<span class=\"elementor-button-content-wrapper\">\n\t\t\t\t\t\t<span class=\"elementor-button-text\">Sant\u00e9<\/span>\n\t\t<\/span>\n\t\t\t\t\t<\/a>\n\t\t<\/div>\n\t\t\t\t<\/div>\n\t\t\t\t<\/div>\n\t\t\t\t\t<\/div>\n\t\t<\/div>\n\t\t\t\t<div class=\"elementor-column elementor-col-16 elementor-top-column elementor-element elementor-element-00be4c0\" data-id=\"00be4c0\" data-element_type=\"column\">\n\t\t\t<div class=\"elementor-widget-wrap elementor-element-populated\">\n\t\t\t\t\t\t\t\t<div class=\"elementor-element elementor-element-0b46b61 elementor-align-center elementor-widget elementor-widget-button\" data-id=\"0b46b61\" data-element_type=\"widget\" data-widget_type=\"button.default\">\n\t\t\t\t<div class=\"elementor-widget-container\">\n\t\t\t\t\t<div class=\"elementor-button-wrapper\">\n\t\t\t<a class=\"elementor-button elementor-button-link elementor-size-sm elementor-animation-pulse-grow\" href=\"http:\/\/as-surques-escoeuilles.fr\/index.php\/engagement-citoyen\/\">\n\t\t\t\t\t\t<span class=\"elementor-button-content-wrapper\">\n\t\t\t\t\t\t<span class=\"elementor-button-text\">Engagement citoyen<\/span>\n\t\t<\/span>\n\t\t\t\t\t<\/a>\n\t\t<\/div>\n\t\t\t\t<\/div>\n\t\t\t\t<\/div>\n\t\t\t\t\t<\/div>\n\t\t<\/div>\n\t\t\t\t<div class=\"elementor-column elementor-col-16 elementor-top-column elementor-element elementor-element-d9a012e\" data-id=\"d9a012e\" data-element_type=\"column\">\n\t\t\t<div class=\"elementor-widget-wrap elementor-element-populated\">\n\t\t\t\t\t\t\t\t<div class=\"elementor-element elementor-element-fc8d1c8 elementor-align-center elementor-widget elementor-widget-button\" data-id=\"fc8d1c8\" data-element_type=\"widget\" data-widget_type=\"button.default\">\n\t\t\t\t<div class=\"elementor-widget-container\">\n\t\t\t\t\t<div class=\"elementor-button-wrapper\">\n\t\t\t<a class=\"elementor-button elementor-button-link elementor-size-xs elementor-animation-pulse-grow\" href=\"http:\/\/as-surques-escoeuilles.fr\/index.php\/environnement\/\">\n\t\t\t\t\t\t<span class=\"elementor-button-content-wrapper\">\n\t\t\t\t\t\t<span class=\"elementor-button-text\">Environnement<\/span>\n\t\t<\/span>\n\t\t\t\t\t<\/a>\n\t\t<\/div>\n\t\t\t\t<\/div>\n\t\t\t\t<\/div>\n\t\t\t\t\t<\/div>\n\t\t<\/div>\n\t\t\t\t<div class=\"elementor-column elementor-col-16 elementor-top-column elementor-element elementor-element-cdfb913\" data-id=\"cdfb913\" data-element_type=\"column\">\n\t\t\t<div class=\"elementor-widget-wrap elementor-element-populated\">\n\t\t\t\t\t\t\t\t<div class=\"elementor-element elementor-element-bf9addf elementor-align-center elementor-widget elementor-widget-button\" data-id=\"bf9addf\" data-element_type=\"widget\" data-widget_type=\"button.default\">\n\t\t\t\t<div class=\"elementor-widget-container\">\n\t\t\t\t\t<div class=\"elementor-button-wrapper\">\n\t\t\t<a class=\"elementor-button elementor-button-link elementor-size-sm elementor-animation-pulse-shrink\" href=\"http:\/\/as-surques-escoeuilles.fr\/index.php\/fair-play\/\">\n\t\t\t\t\t\t<span class=\"elementor-button-content-wrapper\">\n\t\t\t\t\t\t<span class=\"elementor-button-text\">Fair - Play<\/span>\n\t\t<\/span>\n\t\t\t\t\t<\/a>\n\t\t<\/div>\n\t\t\t\t<\/div>\n\t\t\t\t<\/div>\n\t\t\t\t\t<\/div>\n\t\t<\/div>\n\t\t\t\t<div class=\"elementor-column elementor-col-16 elementor-top-column elementor-element elementor-element-59521cf\" data-id=\"59521cf\" data-element_type=\"column\">\n\t\t\t<div class=\"elementor-widget-wrap elementor-element-populated\">\n\t\t\t\t\t\t\t\t<div class=\"elementor-element elementor-element-49cb8ad elementor-align-center elementor-widget elementor-widget-button\" data-id=\"49cb8ad\" data-element_type=\"widget\" data-widget_type=\"button.default\">\n\t\t\t\t<div class=\"elementor-widget-container\">\n\t\t\t\t\t<div class=\"elementor-button-wrapper\">\n\t\t\t<a class=\"elementor-button elementor-button-link elementor-size-sm elementor-animation-pulse-shrink\" href=\"http:\/\/as-surques-escoeuilles.fr\/index.php\/regles-du-jeu-et-arbitrage\/\">\n\t\t\t\t\t\t<span class=\"elementor-button-content-wrapper\">\n\t\t\t\t\t\t<span class=\"elementor-button-text\">R\u00e8gles du jeu et arbitrage<\/span>\n\t\t<\/span>\n\t\t\t\t\t<\/a>\n\t\t<\/div>\n\t\t\t\t<\/div>\n\t\t\t\t<\/div>\n\t\t\t\t\t<\/div>\n\t\t<\/div>\n\t\t\t\t<div class=\"elementor-column elementor-col-16 elementor-top-column elementor-element elementor-element-006b5b4\" data-id=\"006b5b4\" data-element_type=\"column\">\n\t\t\t<div class=\"elementor-widget-wrap elementor-element-populated\">\n\t\t\t\t\t\t\t\t<div class=\"elementor-element elementor-element-d7beb0e elementor-align-center elementor-widget elementor-widget-button\" data-id=\"d7beb0e\" data-element_type=\"widget\" data-widget_type=\"button.default\">\n\t\t\t\t<div class=\"elementor-widget-container\">\n\t\t\t\t\t<div class=\"elementor-button-wrapper\">\n\t\t\t<a class=\"elementor-button elementor-button-link elementor-size-sm elementor-animation-pulse-shrink\" href=\"http:\/\/as-surques-escoeuilles.fr\/index.php\/culture-foot\/\">\n\t\t\t\t\t\t<span class=\"elementor-button-content-wrapper\">\n\t\t\t\t\t\t<span class=\"elementor-button-text\">Culture foot<\/span>\n\t\t<\/span>\n\t\t\t\t\t<\/a>\n\t\t<\/div>\n\t\t\t\t<\/div>\n\t\t\t\t<\/div>\n\t\t\t\t\t<\/div>\n\t\t<\/div>\n\t\t\t\t\t\t\t<\/div>\n\t\t<\/section>\n\t\t\t\t\t\t\t<\/div>\n\t\t","protected":false},"excerpt":{"rendered":"<p>Depuis de nombreuses ann\u00e9es, l&rsquo;ASSE est engag\u00e9e dans la mise en oeuvre du programme \u00e9ducatif f\u00e9d\u00e9ral de la FFF. Ce<\/p>\n","protected":false},"author":1,"featured_media":0,"parent":0,"menu_order":0,"comment_status":"closed","ping_status":"closed","template":"","meta":{"ngg_post_thumbnail":0,"jetpack_post_was_ever_published":false},"jetpack_sharing_enabled":true,"jetpack_shortlink":"https:\/\/wp.me\/P8dhOI-Xg","jetpack-related-posts":[{"id":2355,"url":"https:\/\/as-surques-escoeuilles.fr\/index.php\/actions-du-club\/programme-educatif-federal\/","url_meta":{"origin":3674,"position":0},"title":"Programme educatif federal","date":"13 f\u00e9vrier 2019","format":false,"excerpt":"L' ASSE est engag\u00e9 depuis de nombreuses ann\u00e9es dans le Programme Educatif F\u00e9d\u00e9ral, autour de 6 th\u00e8mes : Sant\u00e9Septembre 2019 : \"Faire son sac pour les U6\/U7\" Engagement citoyenD\u00e9cembre 2019 : Collecte de dons pour les restos du coeurEnvironnement Octobre 2019 : U9 : tri des d\u00e9chets Septembre 2019 :\u2026","rel":"","context":"Dans &quot;Non class\u00e9&quot;","img":{"alt_text":"","src":"","width":0,"height":0},"classes":[]},{"id":2882,"url":"https:\/\/as-surques-escoeuilles.fr\/index.php\/actions-du-club\/","url_meta":{"origin":3674,"position":1},"title":"Projet Club","date":"14 septembre 2019","format":false,"excerpt":"Retrouvez les actions men\u00e9es au sein du club : Projet Associatif :Plan de formation des \u00e9ducateurs et b\u00e9n\u00e9voles : http:\/\/as-surques-escoeuilles.fr\/index.php\/plan-de-formation\/ Promotion du football F\u00e9minin : http:\/\/as-surques-escoeuilles.fr\/index.php\/actions-du-club\/promotion-du-football-feminin\/Fid\u00e9lisation des licenci\u00e9s de l'\u00e9cole de foot : Arbre de Noel : http:\/\/as-surques-escoeuilles.fr\/index.php\/manifestations\/1216-2\/Projet Educatif :Programme \u00e9ducatif f\u00e9d\u00e9ral : http:\/\/as-surques-escoeuilles.fr\/index.php\/programme-educatif-federal\/Troc' Foot : http:\/\/as-surques-escoeuilles.fr\/index.php\/vie-du-club\/trocfoot\/","rel":"","context":"Article similaire","img":{"alt_text":"","src":"","width":0,"height":0},"classes":[]},{"id":4815,"url":"https:\/\/as-surques-escoeuilles.fr\/index.php\/projet-educatif-pef-confinement\/","url_meta":{"origin":3674,"position":2},"title":"Projet \u00e9ducatif : PEF-confinement","date":"4 novembre 2020","format":false,"excerpt":"Retrouvez les actions \u00e9ducatives effectu\u00e9es m\u00eame pendant le confinement :) L'ensemble des actions confin\u00e9es est \u00e0 retrouver sur la page sp\u00e9ciale : https:\/\/pef-asse.over-blog.com https:\/\/youtu.be\/jgzPq0NvrxQ","rel":"","context":"Article similaire","img":{"alt_text":"","src":"https:\/\/i0.wp.com\/img.youtube.com\/vi\/jgzPq0NvrxQ\/0.jpg?resize=350%2C200","width":350,"height":200},"classes":[]},{"id":4013,"url":"https:\/\/as-surques-escoeuilles.fr\/index.php\/projet-associatif-revue-de-presse\/","url_meta":{"origin":3674,"position":3},"title":"Projet Associatif : Revue de presse","date":"17 f\u00e9vrier 2020","format":false,"excerpt":"2020-2021 : mise en valeur du projet associatif et \u00e9ducatif (La Voix Du Nord, lundi 13 juillet) 2020 2019-2020 : installation de la fontaine \u00e0 eau - L'ind\u00e9pendant - 26 mars 2020 2019-2020 : Reprise S\u00e9niors (L'Ind\u00e9pendant) Action PEF 2018-2019 : d\u00e9placement \u00e9co-responsable (La Voix du Nord) 2018-2019 - Reprise\u2026","rel":"","context":"Article similaire","img":{"alt_text":"","src":"https:\/\/i0.wp.com\/as-surques-escoeuilles.fr\/wp-content\/uploads\/2020\/07\/Screenshot_20200713_082625.jpg?resize=350%2C200&ssl=1","width":350,"height":200},"classes":[]},{"id":4145,"url":"https:\/\/as-surques-escoeuilles.fr\/index.php\/elementor-4145\/","url_meta":{"origin":3674,"position":4},"title":"Projet associatif : renforcer la qualit\u00e9 d&rsquo;accueil","date":"13 mars 2020","format":false,"excerpt":"Depuis 2019, le club a fait de la qualit\u00e9 d'accueil sur nos infrastructures un axe de d\u00e9veloppement majeur du projet associatif. Projet phare de la p\u00e9riode 2019-2020, il aboutira \u00e0 la mise \u00e0 disposition de licenci\u00e9s de deux terrains herbes et de conditions d'entrainement optimales. Ces actions concernent notamment :\u2026","rel":"","context":"Article similaire","img":{"alt_text":"","src":"","width":0,"height":0},"classes":[]},{"id":1201,"url":"https:\/\/as-surques-escoeuilles.fr\/index.php\/manifestations\/fete-du-foot\/","url_meta":{"origin":3674,"position":5},"title":"F\u00eate du foot","date":"24 avril 2018","format":false,"excerpt":"Devenue d\u00e9j\u00e0 incontournable, la f\u00eate du foot r\u00e9unit, sur notre stade intercommunal, tous les licenci\u00e9s et partenaires de l'ASSE pour un week-end festif au mois de juin sur le th\u00e8me du football. En 2022, la f\u00eate du foot aura lieu les 11 et 12 juin 2022 avec toujours au programme\u2026","rel":"","context":"Article similaire","img":{"alt_text":"","src":"https:\/\/i0.wp.com\/as-surques-escoeuilles.fr\/wp-content\/uploads\/2019\/05\/fete_foot_2019.png?resize=350%2C200","width":350,"height":200},"classes":[]}],"_links":{"self":[{"href":"https:\/\/as-surques-escoeuilles.fr\/index.php\/wp-json\/wp\/v2\/pages\/3674"}],"collection":[{"href":"https:\/\/as-surques-escoeuilles.fr\/index.php\/wp-json\/wp\/v2\/pages"}],"about":[{"href":"https:\/\/as-surques-escoeuilles.fr\/index.php\/wp-json\/wp\/v2\/types\/page"}],"author":[{"embeddable":true,"href":"https:\/\/as-surques-escoeuilles.fr\/index.php\/wp-json\/wp\/v2\/users\/1"}],"replies":[{"embeddable":true,"href":"https:\/\/as-surques-escoeuilles.fr\/index.php\/wp-json\/wp\/v2\/comments?post=3674"}],"version-history":[{"count":0,"href":"https:\/\/as-surques-escoeuilles.fr\/index.php\/wp-json\/wp\/v2\/pages\/3674\/revisions"}],"wp:attachment":[{"href":"https:\/\/as-surques-escoeuilles.fr\/index.php\/wp-json\/wp\/v2\/media?parent=3674"}],"curies":[{"name":"wp","href":"https:\/\/api.w.org\/{rel}","templated":true}]}}