{"id":3691,"date":"2019-12-27T17:13:39","date_gmt":"2019-12-27T16:13:39","guid":{"rendered":"http:\/\/as-surques-escoeuilles.fr\/?page_id=3691"},"modified":"2019-12-27T17:19:41","modified_gmt":"2019-12-27T16:19:41","slug":"fair-play","status":"publish","type":"page","link":"https:\/\/as-surques-escoeuilles.fr\/index.php\/fair-play\/","title":{"rendered":"Fair-play"},"content":{"rendered":"\t\t<div data-elementor-type=\"wp-page\" data-elementor-id=\"3691\" class=\"elementor elementor-3691\">\n\t\t\t\t\t\t\t\t\t<section class=\"elementor-section elementor-top-section elementor-element elementor-element-83d269b elementor-section-boxed elementor-section-height-default elementor-section-height-default\" data-id=\"83d269b\" data-element_type=\"section\">\n\t\t\t\t\t\t<div class=\"elementor-container elementor-column-gap-default\">\n\t\t\t\t\t<div class=\"elementor-column elementor-col-50 elementor-top-column elementor-element elementor-element-eca999b\" data-id=\"eca999b\" data-element_type=\"column\">\n\t\t\t<div class=\"elementor-widget-wrap elementor-element-populated\">\n\t\t\t\t\t\t\t\t<div class=\"elementor-element elementor-element-761255e elementor-widget elementor-widget-text-editor\" data-id=\"761255e\" data-element_type=\"widget\" data-widget_type=\"text-editor.default\">\n\t\t\t\t<div class=\"elementor-widget-container\">\n\t\t\t\t\t\t\t<p style=\"text-align: center;\"><em>Septembre 2019<\/em><\/p>\t\t\t\t\t\t<\/div>\n\t\t\t\t<\/div>\n\t\t\t\t\t<\/div>\n\t\t<\/div>\n\t\t\t\t<div class=\"elementor-column elementor-col-50 elementor-top-column elementor-element elementor-element-c6a3bc0\" data-id=\"c6a3bc0\" data-element_type=\"column\">\n\t\t\t<div class=\"elementor-widget-wrap elementor-element-populated\">\n\t\t\t\t\t\t\t\t<div class=\"elementor-element elementor-element-afa0171 elementor-align-center elementor-widget elementor-widget-button\" data-id=\"afa0171\" data-element_type=\"widget\" data-widget_type=\"button.default\">\n\t\t\t\t<div class=\"elementor-widget-container\">\n\t\t\t\t\t<div class=\"elementor-button-wrapper\">\n\t\t\t<a class=\"elementor-button elementor-button-link elementor-size-sm elementor-animation-pulse\" href=\"http:\/\/as-surques-escoeuilles.fr\/wp-content\/uploads\/2019\/09\/U11_Adopter_un_comportement_exemplaire.pdf\">\n\t\t\t\t\t\t<span class=\"elementor-button-content-wrapper\">\n\t\t\t\t\t\t<span class=\"elementor-button-text\">U11 : charte du fair-play<\/span>\n\t\t<\/span>\n\t\t\t\t\t<\/a>\n\t\t<\/div>\n\t\t\t\t<\/div>\n\t\t\t\t<\/div>\n\t\t\t\t\t<\/div>\n\t\t<\/div>\n\t\t\t\t\t\t\t<\/div>\n\t\t<\/section>\n\t\t\t\t\t\t\t<\/div>\n\t\t","protected":false},"excerpt":{"rendered":"<p>Septembre 2019 U11 : charte du fair-play<\/p>\n","protected":false},"author":1,"featured_media":0,"parent":0,"menu_order":0,"comment_status":"closed","ping_status":"closed","template":"","meta":{"ngg_post_thumbnail":0,"jetpack_post_was_ever_published":false},"jetpack_sharing_enabled":true,"jetpack_shortlink":"https:\/\/wp.me\/P8dhOI-Xx","jetpack-related-posts":[{"id":2355,"url":"https:\/\/as-surques-escoeuilles.fr\/index.php\/actions-du-club\/programme-educatif-federal\/","url_meta":{"origin":3691,"position":0},"title":"Programme educatif federal","date":"13 f\u00e9vrier 2019","format":false,"excerpt":"L' ASSE est engag\u00e9 depuis de nombreuses ann\u00e9es dans le Programme Educatif F\u00e9d\u00e9ral, autour de 6 th\u00e8mes : Sant\u00e9Septembre 2019 : \"Faire son sac pour les U6\/U7\" Engagement citoyenD\u00e9cembre 2019 : Collecte de dons pour les restos du coeurEnvironnement Octobre 2019 : U9 : tri des d\u00e9chets Septembre 2019 :\u2026","rel":"","context":"Dans &quot;Non class\u00e9&quot;","img":{"alt_text":"","src":"","width":0,"height":0},"classes":[]},{"id":3699,"url":"https:\/\/as-surques-escoeuilles.fr\/index.php\/culture-foot\/","url_meta":{"origin":3691,"position":1},"title":"Culture Foot","date":"27 d\u00e9cembre 2019","format":false,"excerpt":"Mars 2022F\u00e9vrier 2022Janvier 2022D\u00e9cembre 2021Octobre 2021Septembre 2021F\u00e9vrier 2021Octobre 2020Septembre 2020Mars 2020Janvier 2020Janvier 2020Septembre 2019 U14F : journ\u00e9e de la femme France - Br\u00e9sil \u00e0 d'Ornano U13 et U13F : challenge mi-temps USBCO-Red Star Ecole de Foot : arbre de Noel U6 \u00e0 U9 : plateaux Halloween U14 F : deviens\u2026","rel":"","context":"Article similaire","img":{"alt_text":"","src":"","width":0,"height":0},"classes":[]},{"id":3696,"url":"https:\/\/as-surques-escoeuilles.fr\/index.php\/regles-du-jeu-et-arbitrage\/","url_meta":{"origin":3691,"position":2},"title":"R\u00e8gles du jeu et arbitrage","date":"27 d\u00e9cembre 2019","format":false,"excerpt":"MArs2022Janvier 2022Mars 2021D\u00e9cembre 2020Ao\u00fbt 2020Septembre 2019Janvier 2020 U11 : arbitrage U15F : arbitrage en situation r\u00e9elle U13-U14F : biathlon technique U13 : quizz en ligne U15 : arbitrage \u00e0 11 U15 - U17 : arbitrage U11 : initiation \u00e0 l'arbitrage","rel":"","context":"Article similaire","img":{"alt_text":"","src":"","width":0,"height":0},"classes":[]},{"id":3674,"url":"https:\/\/as-surques-escoeuilles.fr\/index.php\/programme-educatif-federal\/","url_meta":{"origin":3691,"position":3},"title":"Programme Educatif F\u00e9d\u00e9ral","date":"27 d\u00e9cembre 2019","format":false,"excerpt":"Depuis de nombreuses ann\u00e9es, l'ASSE est engag\u00e9e dans la mise en oeuvre du programme \u00e9ducatif f\u00e9d\u00e9ral de la FFF. Ce programme vise \u00e0 inculquer aux jeunes licenci\u00e9s de 5 \u00e0 18 ans les valeurs du football : PLAISIR\u00a0\u00a0\u00a0\u00a0 RESPECT\u00a0\u00a0\u00a0\u00a0 ENGAGEMENT\u00a0\u00a0\u00a0\u00a0 TOLERANCE\u00a0\u00a0\u00a0 SOLIDARITEpar l'apprentissage de r\u00e8gles (de vie et de jeu)\u2026","rel":"","context":"Article similaire","img":{"alt_text":"","src":"","width":0,"height":0},"classes":[]},{"id":761,"url":"https:\/\/as-surques-escoeuilles.fr\/index.php\/categories\/u11-feminines\/","url_meta":{"origin":3691,"position":4},"title":"U13 F\u00e9minines","date":"17 d\u00e9cembre 2017","format":false,"excerpt":"En parall\u00e8le des \u00e9quipes U13 mixtes\u00a0 dans lesquelles les filles peuvent \u00e9voluer, une \u00e9quipe U14 F\u00e9minines est engag\u00e9e en championnat U13 mixte, encadr\u00e9e par Thierry Macquet et H\u00e9l\u00e8ne Havart, tous deux form\u00e9s sur le module animatrice. \u00a0N'h\u00e9sitez pas \u00e0 nous contacter pour de plus amples renseignements sur cette cat\u00e9gorie ouvertes\u2026","rel":"","context":"Article similaire","img":{"alt_text":"","src":"https:\/\/i0.wp.com\/as-surques-escoeuilles.fr\/wp-content\/uploads\/2018\/12\/Ivanka2.jpg?resize=350%2C200&ssl=1","width":350,"height":200},"classes":[]},{"id":3287,"url":"https:\/\/as-surques-escoeuilles.fr\/index.php\/actions-du-club\/plan-de-formation\/","url_meta":{"origin":3691,"position":5},"title":"Plan de formation","date":"7 d\u00e9cembre 2019","format":false,"excerpt":"L'association se d\u00e9veloppe au fil des ann\u00e9es. Avec toutes les cat\u00e9gories repr\u00e9sent\u00e9es, le club a volontairement mis l'accent cette ann\u00e9e sur le parcours de formation des diff\u00e9rents \u00e9ducateurs. Cette page recense l'ensemble de nos \u00e9ducateurs et b\u00e9n\u00e9voles certifi\u00e9s ou diplom\u00e9s qui se forment sur le temps libre : Beno\u00eet FORTIN\u2026","rel":"","context":"Article similaire","img":{"alt_text":"","src":"https:\/\/i0.wp.com\/as-surques-escoeuilles.fr\/wp-content\/uploads\/2020\/03\/received_29185694915635766418348361027397801-scaled.jpeg?resize=350%2C200&ssl=1","width":350,"height":200},"classes":[]}],"_links":{"self":[{"href":"https:\/\/as-surques-escoeuilles.fr\/index.php\/wp-json\/wp\/v2\/pages\/3691"}],"collection":[{"href":"https:\/\/as-surques-escoeuilles.fr\/index.php\/wp-json\/wp\/v2\/pages"}],"about":[{"href":"https:\/\/as-surques-escoeuilles.fr\/index.php\/wp-json\/wp\/v2\/types\/page"}],"author":[{"embeddable":true,"href":"https:\/\/as-surques-escoeuilles.fr\/index.php\/wp-json\/wp\/v2\/users\/1"}],"replies":[{"embeddable":true,"href":"https:\/\/as-surques-escoeuilles.fr\/index.php\/wp-json\/wp\/v2\/comments?post=3691"}],"version-history":[{"count":0,"href":"https:\/\/as-surques-escoeuilles.fr\/index.php\/wp-json\/wp\/v2\/pages\/3691\/revisions"}],"wp:attachment":[{"href":"https:\/\/as-surques-escoeuilles.fr\/index.php\/wp-json\/wp\/v2\/media?parent=3691"}],"curies":[{"name":"wp","href":"https:\/\/api.w.org\/{rel}","templated":true}]}}