{"id":3696,"date":"2019-12-27T17:27:18","date_gmt":"2019-12-27T16:27:18","guid":{"rendered":"http:\/\/as-surques-escoeuilles.fr\/?page_id=3696"},"modified":"2022-03-11T12:14:00","modified_gmt":"2022-03-11T11:14:00","slug":"regles-du-jeu-et-arbitrage","status":"publish","type":"page","link":"https:\/\/as-surques-escoeuilles.fr\/index.php\/regles-du-jeu-et-arbitrage\/","title":{"rendered":"R\u00e8gles du jeu et arbitrage"},"content":{"rendered":"\t\t<div data-elementor-type=\"wp-page\" data-elementor-id=\"3696\" class=\"elementor elementor-3696\">\n\t\t\t\t\t\t\t\t\t<section class=\"elementor-section elementor-top-section elementor-element elementor-element-12da82e elementor-section-boxed elementor-section-height-default elementor-section-height-default\" data-id=\"12da82e\" data-element_type=\"section\">\n\t\t\t\t\t\t<div class=\"elementor-container elementor-column-gap-default\">\n\t\t\t\t\t<div class=\"elementor-column elementor-col-50 elementor-top-column elementor-element elementor-element-f2699e3\" data-id=\"f2699e3\" data-element_type=\"column\">\n\t\t\t<div class=\"elementor-widget-wrap elementor-element-populated\">\n\t\t\t\t\t\t\t\t<div class=\"elementor-element elementor-element-8e1c43a elementor-widget elementor-widget-text-editor\" data-id=\"8e1c43a\" data-element_type=\"widget\" data-widget_type=\"text-editor.default\">\n\t\t\t\t<div class=\"elementor-widget-container\">\n\t\t\t\t\t\t\t<p style=\"text-align: center;\"><i>MArs2022<\/i><\/p>\t\t\t\t\t\t<\/div>\n\t\t\t\t<\/div>\n\t\t\t\t<div class=\"elementor-element elementor-element-8110f2b elementor-widget elementor-widget-text-editor\" data-id=\"8110f2b\" data-element_type=\"widget\" data-widget_type=\"text-editor.default\">\n\t\t\t\t<div class=\"elementor-widget-container\">\n\t\t\t\t\t\t\t<p style=\"text-align: center;\">Ja<i>nvier 2022<\/i><\/p>\t\t\t\t\t\t<\/div>\n\t\t\t\t<\/div>\n\t\t\t\t<div class=\"elementor-element elementor-element-0d2e0ed elementor-widget elementor-widget-text-editor\" data-id=\"0d2e0ed\" data-element_type=\"widget\" data-widget_type=\"text-editor.default\">\n\t\t\t\t<div class=\"elementor-widget-container\">\n\t\t\t\t\t\t\t<p style=\"text-align: center;\"><i>Mars 2021<\/i><\/p>\t\t\t\t\t\t<\/div>\n\t\t\t\t<\/div>\n\t\t\t\t<div class=\"elementor-element elementor-element-cdf4a00 elementor-widget elementor-widget-text-editor\" data-id=\"cdf4a00\" data-element_type=\"widget\" data-widget_type=\"text-editor.default\">\n\t\t\t\t<div class=\"elementor-widget-container\">\n\t\t\t\t\t\t\t<p style=\"text-align: center;\"><em>D\u00e9cembre 2020<br \/><\/em><\/p>\t\t\t\t\t\t<\/div>\n\t\t\t\t<\/div>\n\t\t\t\t<div class=\"elementor-element elementor-element-5cbd716 elementor-widget elementor-widget-text-editor\" data-id=\"5cbd716\" data-element_type=\"widget\" data-widget_type=\"text-editor.default\">\n\t\t\t\t<div class=\"elementor-widget-container\">\n\t\t\t\t\t\t\t<p style=\"text-align: center;\"><em>Ao\u00fbt 2020<br \/><\/em><\/p>\t\t\t\t\t\t<\/div>\n\t\t\t\t<\/div>\n\t\t\t\t<div class=\"elementor-element elementor-element-224d457 elementor-widget elementor-widget-text-editor\" data-id=\"224d457\" data-element_type=\"widget\" data-widget_type=\"text-editor.default\">\n\t\t\t\t<div class=\"elementor-widget-container\">\n\t\t\t\t\t\t\t<p style=\"text-align: center;\"><em>Septembre 2019<\/em><\/p>\t\t\t\t\t\t<\/div>\n\t\t\t\t<\/div>\n\t\t\t\t<div class=\"elementor-element elementor-element-cb0208d elementor-widget elementor-widget-text-editor\" data-id=\"cb0208d\" data-element_type=\"widget\" data-widget_type=\"text-editor.default\">\n\t\t\t\t<div class=\"elementor-widget-container\">\n\t\t\t\t\t\t\t<div style=\"text-align: center;\"><em>Janvier 2020<\/em><\/div>\t\t\t\t\t\t<\/div>\n\t\t\t\t<\/div>\n\t\t\t\t\t<\/div>\n\t\t<\/div>\n\t\t\t\t<div class=\"elementor-column elementor-col-50 elementor-top-column elementor-element elementor-element-54633e8\" data-id=\"54633e8\" data-element_type=\"column\">\n\t\t\t<div class=\"elementor-widget-wrap elementor-element-populated\">\n\t\t\t\t\t\t\t\t<div class=\"elementor-element elementor-element-fddc513 elementor-align-center elementor-widget elementor-widget-button\" data-id=\"fddc513\" data-element_type=\"widget\" data-widget_type=\"button.default\">\n\t\t\t\t<div class=\"elementor-widget-container\">\n\t\t\t\t\t<div class=\"elementor-button-wrapper\">\n\t\t\t<a class=\"elementor-button elementor-button-link elementor-size-sm elementor-animation-pulse-shrink\" href=\"https:\/\/as-surques-escoeuilles.fr\/wp-content\/uploads\/2022\/03\/U11_arbitrage_regles.pdf\">\n\t\t\t\t\t\t<span class=\"elementor-button-content-wrapper\">\n\t\t\t\t\t\t<span class=\"elementor-button-text\">U11 : arbitrage<\/span>\n\t\t<\/span>\n\t\t\t\t\t<\/a>\n\t\t<\/div>\n\t\t\t\t<\/div>\n\t\t\t\t<\/div>\n\t\t\t\t<div class=\"elementor-element elementor-element-ced9dfc elementor-align-center elementor-widget elementor-widget-button\" data-id=\"ced9dfc\" data-element_type=\"widget\" data-widget_type=\"button.default\">\n\t\t\t\t<div class=\"elementor-widget-container\">\n\t\t\t\t\t<div class=\"elementor-button-wrapper\">\n\t\t\t<a class=\"elementor-button elementor-button-link elementor-size-sm elementor-animation-pulse-shrink\" href=\"https:\/\/as-surques-escoeuilles.fr\/wp-content\/uploads\/2022\/01\/2021_U15_arbitrage_en_situation_reelle.pdf\">\n\t\t\t\t\t\t<span class=\"elementor-button-content-wrapper\">\n\t\t\t\t\t\t<span class=\"elementor-button-text\">U15F : arbitrage en situation r\u00e9elle<\/span>\n\t\t<\/span>\n\t\t\t\t\t<\/a>\n\t\t<\/div>\n\t\t\t\t<\/div>\n\t\t\t\t<\/div>\n\t\t\t\t<div class=\"elementor-element elementor-element-c786b5e elementor-align-center elementor-widget elementor-widget-button\" data-id=\"c786b5e\" data-element_type=\"widget\" data-widget_type=\"button.default\">\n\t\t\t\t<div class=\"elementor-widget-container\">\n\t\t\t\t\t<div class=\"elementor-button-wrapper\">\n\t\t\t<a class=\"elementor-button elementor-button-link elementor-size-sm elementor-animation-pulse-shrink\" href=\"https:\/\/as-surques-escoeuilles.fr\/index.php\/2021\/03\/25\/pef-biathlon-technique-arbitrage\/\">\n\t\t\t\t\t\t<span class=\"elementor-button-content-wrapper\">\n\t\t\t\t\t\t<span class=\"elementor-button-text\">U13-U14F : biathlon technique<\/span>\n\t\t<\/span>\n\t\t\t\t\t<\/a>\n\t\t<\/div>\n\t\t\t\t<\/div>\n\t\t\t\t<\/div>\n\t\t\t\t<div class=\"elementor-element elementor-element-006481d elementor-align-center elementor-widget elementor-widget-button\" data-id=\"006481d\" data-element_type=\"widget\" data-widget_type=\"button.default\">\n\t\t\t\t<div class=\"elementor-widget-container\">\n\t\t\t\t\t<div class=\"elementor-button-wrapper\">\n\t\t\t<a class=\"elementor-button elementor-button-link elementor-size-sm elementor-animation-pulse-shrink\" href=\"https:\/\/as-surques-escoeuilles.fr\/index.php\/2020\/11\/18\/arbitrage-quizz-en-ligne\/\">\n\t\t\t\t\t\t<span class=\"elementor-button-content-wrapper\">\n\t\t\t\t\t\t<span class=\"elementor-button-text\">U13 : quizz en ligne<\/span>\n\t\t<\/span>\n\t\t\t\t\t<\/a>\n\t\t<\/div>\n\t\t\t\t<\/div>\n\t\t\t\t<\/div>\n\t\t\t\t<div class=\"elementor-element elementor-element-8449f46 elementor-align-center elementor-widget elementor-widget-button\" data-id=\"8449f46\" data-element_type=\"widget\" data-widget_type=\"button.default\">\n\t\t\t\t<div class=\"elementor-widget-container\">\n\t\t\t\t\t<div class=\"elementor-button-wrapper\">\n\t\t\t<a class=\"elementor-button elementor-button-link elementor-size-sm elementor-animation-pulse-shrink\" href=\"https:\/\/as-surques-escoeuilles.fr\/wp-content\/uploads\/2020\/11\/U15_2020_arbitrage.pdf\">\n\t\t\t\t\t\t<span class=\"elementor-button-content-wrapper\">\n\t\t\t\t\t\t<span class=\"elementor-button-text\">U15  : arbitrage \u00e0 11<\/span>\n\t\t<\/span>\n\t\t\t\t\t<\/a>\n\t\t<\/div>\n\t\t\t\t<\/div>\n\t\t\t\t<\/div>\n\t\t\t\t<div class=\"elementor-element elementor-element-671a661 elementor-align-center elementor-widget elementor-widget-button\" data-id=\"671a661\" data-element_type=\"widget\" data-widget_type=\"button.default\">\n\t\t\t\t<div class=\"elementor-widget-container\">\n\t\t\t\t\t<div class=\"elementor-button-wrapper\">\n\t\t\t<a class=\"elementor-button elementor-button-link elementor-size-sm elementor-animation-pulse-shrink\" href=\"http:\/\/as-surques-escoeuilles.fr\/index.php\/2019\/09\/12\/pef-u15-et-u17-arbitrage-connaitre-les-lois-du-foot-a-11-et-les-regles\/\">\n\t\t\t\t\t\t<span class=\"elementor-button-content-wrapper\">\n\t\t\t\t\t\t<span class=\"elementor-button-text\">U15 - U17 : arbitrage<\/span>\n\t\t<\/span>\n\t\t\t\t\t<\/a>\n\t\t<\/div>\n\t\t\t\t<\/div>\n\t\t\t\t<\/div>\n\t\t\t\t<div class=\"elementor-element elementor-element-80c795c elementor-align-center elementor-widget elementor-widget-button\" data-id=\"80c795c\" data-element_type=\"widget\" data-widget_type=\"button.default\">\n\t\t\t\t<div class=\"elementor-widget-container\">\n\t\t\t\t\t<div class=\"elementor-button-wrapper\">\n\t\t\t<a class=\"elementor-button elementor-button-link elementor-size-sm elementor-animation-pulse-shrink\" href=\"https:\/\/as-surques-escoeuilles.fr\/wp-content\/uploads\/2020\/01\/U11_Tournoi-PEF-Initiation-\u00e0-larbitrage.pdf\" target=\"_blank\">\n\t\t\t\t\t\t<span class=\"elementor-button-content-wrapper\">\n\t\t\t\t\t\t<span class=\"elementor-button-text\">U11 : initiation \u00e0 l'arbitrage<\/span>\n\t\t<\/span>\n\t\t\t\t\t<\/a>\n\t\t<\/div>\n\t\t\t\t<\/div>\n\t\t\t\t<\/div>\n\t\t\t\t\t<\/div>\n\t\t<\/div>\n\t\t\t\t\t\t\t<\/div>\n\t\t<\/section>\n\t\t\t\t\t\t\t<\/div>\n\t\t","protected":false},"excerpt":{"rendered":"<p>MArs2022 Janvier 2022 Mars 2021 D\u00e9cembre 2020 Ao\u00fbt 2020 Septembre 2019 Janvier 2020 U11 : arbitrage U15F : arbitrage en<\/p>\n","protected":false},"author":1,"featured_media":0,"parent":0,"menu_order":0,"comment_status":"closed","ping_status":"closed","template":"","meta":{"ngg_post_thumbnail":0,"jetpack_post_was_ever_published":false},"jetpack_sharing_enabled":true,"jetpack_shortlink":"https:\/\/wp.me\/P8dhOI-XC","jetpack-related-posts":[{"id":358,"url":"https:\/\/as-surques-escoeuilles.fr\/index.php\/categories\/seniors-2\/arbitrage-20162017\/","url_meta":{"origin":3696,"position":0},"title":"Arbitrage 2018\/2019","date":"20 mars 2017","format":false,"excerpt":"Planning Arbitrage : \u00a0 \u00a0","rel":"","context":"Article similaire","img":{"alt_text":"","src":"https:\/\/i0.wp.com\/as-surques-escoeuilles.fr\/wp-content\/uploads\/2017\/03\/170-panoramic-00038672-000015.jpg?fit=672%2C372&ssl=1&resize=350%2C200","width":350,"height":200},"classes":[]},{"id":2355,"url":"https:\/\/as-surques-escoeuilles.fr\/index.php\/actions-du-club\/programme-educatif-federal\/","url_meta":{"origin":3696,"position":1},"title":"Programme educatif federal","date":"13 f\u00e9vrier 2019","format":false,"excerpt":"L' ASSE est engag\u00e9 depuis de nombreuses ann\u00e9es dans le Programme Educatif F\u00e9d\u00e9ral, autour de 6 th\u00e8mes : Sant\u00e9Septembre 2019 : \"Faire son sac pour les U6\/U7\" Engagement citoyenD\u00e9cembre 2019 : Collecte de dons pour les restos du coeurEnvironnement Octobre 2019 : U9 : tri des d\u00e9chets Septembre 2019 :\u2026","rel":"","context":"Dans &quot;Non class\u00e9&quot;","img":{"alt_text":"","src":"","width":0,"height":0},"classes":[]},{"id":55,"url":"https:\/\/as-surques-escoeuilles.fr\/index.php\/categories\/u13\/","url_meta":{"origin":3696,"position":2},"title":"U13","date":"17 d\u00e9cembre 2016","format":false,"excerpt":"\u00a0 Une \u00e9quipe U13 est\u00a0 engag\u00e9e en 2021\/2022 et encadr\u00e9e par Alexis PINOT Hugo DECROCK Axel RAMET Yannick LELEU Les entra\u00eenements ont lieu le mercredi apr\u00e8s-midi ou le samedi en p\u00e9riode hivernale (cr\u00e9neau \u00e0 d\u00e9finir). Les calendriers de la premi\u00e8re phase : \u00a0","rel":"","context":"Article similaire","img":{"alt_text":"","src":"https:\/\/i0.wp.com\/as-surques-escoeuilles.fr\/wp-content\/uploads\/2019\/09\/info_U13.png?fit=1123%2C794&ssl=1&resize=350%2C200","width":350,"height":200},"classes":[]},{"id":761,"url":"https:\/\/as-surques-escoeuilles.fr\/index.php\/categories\/u11-feminines\/","url_meta":{"origin":3696,"position":3},"title":"U13 F\u00e9minines","date":"17 d\u00e9cembre 2017","format":false,"excerpt":"En parall\u00e8le des \u00e9quipes U13 mixtes\u00a0 dans lesquelles les filles peuvent \u00e9voluer, une \u00e9quipe U14 F\u00e9minines est engag\u00e9e en championnat U13 mixte, encadr\u00e9e par Thierry Macquet et H\u00e9l\u00e8ne Havart, tous deux form\u00e9s sur le module animatrice. \u00a0N'h\u00e9sitez pas \u00e0 nous contacter pour de plus amples renseignements sur cette cat\u00e9gorie ouvertes\u2026","rel":"","context":"Article similaire","img":{"alt_text":"","src":"https:\/\/i0.wp.com\/as-surques-escoeuilles.fr\/wp-content\/uploads\/2018\/12\/Ivanka2.jpg?resize=350%2C200&ssl=1","width":350,"height":200},"classes":[]},{"id":3674,"url":"https:\/\/as-surques-escoeuilles.fr\/index.php\/programme-educatif-federal\/","url_meta":{"origin":3696,"position":4},"title":"Programme Educatif F\u00e9d\u00e9ral","date":"27 d\u00e9cembre 2019","format":false,"excerpt":"Depuis de nombreuses ann\u00e9es, l'ASSE est engag\u00e9e dans la mise en oeuvre du programme \u00e9ducatif f\u00e9d\u00e9ral de la FFF. Ce programme vise \u00e0 inculquer aux jeunes licenci\u00e9s de 5 \u00e0 18 ans les valeurs du football : PLAISIR\u00a0\u00a0\u00a0\u00a0 RESPECT\u00a0\u00a0\u00a0\u00a0 ENGAGEMENT\u00a0\u00a0\u00a0\u00a0 TOLERANCE\u00a0\u00a0\u00a0 SOLIDARITEpar l'apprentissage de r\u00e8gles (de vie et de jeu)\u2026","rel":"","context":"Article similaire","img":{"alt_text":"","src":"","width":0,"height":0},"classes":[]},{"id":3670,"url":"https:\/\/as-surques-escoeuilles.fr\/index.php\/sante\/","url_meta":{"origin":3696,"position":5},"title":"Sant\u00e9","date":"27 d\u00e9cembre 2019","format":false,"excerpt":"Janvier 2022Janvier 2022Janvier 2022Janvier 2022Septembre 2021Janvier 2021F\u00e9vrier 2020Janvier 2020Septembre 2019 U6\/U7 : les premiers secours U12\/U13 : pr\u00e9vention des blessures U12\/U13 : r\u00e9athl\u00e9tisation U12F\/U13F : Initiation aux gestes qui sauvent Ecole de foot : lacer ses chaussures U8-U9 : bien s'\u00e9quiper en d\u00e9but de saison U13 : prendre une douche\u2026","rel":"","context":"Article similaire","img":{"alt_text":"","src":"","width":0,"height":0},"classes":[]}],"_links":{"self":[{"href":"https:\/\/as-surques-escoeuilles.fr\/index.php\/wp-json\/wp\/v2\/pages\/3696"}],"collection":[{"href":"https:\/\/as-surques-escoeuilles.fr\/index.php\/wp-json\/wp\/v2\/pages"}],"about":[{"href":"https:\/\/as-surques-escoeuilles.fr\/index.php\/wp-json\/wp\/v2\/types\/page"}],"author":[{"embeddable":true,"href":"https:\/\/as-surques-escoeuilles.fr\/index.php\/wp-json\/wp\/v2\/users\/1"}],"replies":[{"embeddable":true,"href":"https:\/\/as-surques-escoeuilles.fr\/index.php\/wp-json\/wp\/v2\/comments?post=3696"}],"version-history":[{"count":11,"href":"https:\/\/as-surques-escoeuilles.fr\/index.php\/wp-json\/wp\/v2\/pages\/3696\/revisions"}],"predecessor-version":[{"id":5655,"href":"https:\/\/as-surques-escoeuilles.fr\/index.php\/wp-json\/wp\/v2\/pages\/3696\/revisions\/5655"}],"wp:attachment":[{"href":"https:\/\/as-surques-escoeuilles.fr\/index.php\/wp-json\/wp\/v2\/media?parent=3696"}],"curies":[{"name":"wp","href":"https:\/\/api.w.org\/{rel}","templated":true}]}}