{"id":3707,"date":"2019-12-27T17:58:03","date_gmt":"2019-12-27T16:58:03","guid":{"rendered":"http:\/\/as-surques-escoeuilles.fr\/?page_id=3707"},"modified":"2020-05-18T09:51:00","modified_gmt":"2020-05-18T07:51:00","slug":"section-feminines","status":"publish","type":"page","link":"https:\/\/as-surques-escoeuilles.fr\/index.php\/section-feminines\/","title":{"rendered":"Section F\u00e9minines"},"content":{"rendered":"\t\t<div data-elementor-type=\"wp-page\" data-elementor-id=\"3707\" class=\"elementor elementor-3707\">\n\t\t\t\t\t\t\t\t\t<section class=\"elementor-section elementor-top-section elementor-element elementor-element-fdafbe9 elementor-section-boxed elementor-section-height-default elementor-section-height-default\" data-id=\"fdafbe9\" data-element_type=\"section\">\n\t\t\t\t\t\t<div class=\"elementor-container elementor-column-gap-default\">\n\t\t\t\t\t<div class=\"elementor-column elementor-col-100 elementor-top-column elementor-element elementor-element-da77a10\" data-id=\"da77a10\" data-element_type=\"column\">\n\t\t\t<div class=\"elementor-widget-wrap elementor-element-populated\">\n\t\t\t\t\t\t\t\t<div class=\"elementor-element elementor-element-4bb1d11 elementor-widget elementor-widget-text-editor\" data-id=\"4bb1d11\" data-element_type=\"widget\" data-widget_type=\"text-editor.default\">\n\t\t\t\t<div class=\"elementor-widget-container\">\n\t\t\t\t\t\t\t<p>L&rsquo;ASSE a toujours compt\u00e9 \u00e9norm\u00e9ment de joueuses dans ses effectifs. Depuis 2018, le club a pass\u00e9 un palier puisque des \u00e9quipes exclusivement f\u00e9minines ont vu le jour : les U13 f\u00e9minines et les s\u00e9niors F\u00e9minines. Cliquez sur l&rsquo;image de votre choix pour le d\u00e9tail :<\/p>\t\t\t\t\t\t<\/div>\n\t\t\t\t<\/div>\n\t\t\t\t\t<\/div>\n\t\t<\/div>\n\t\t\t\t\t\t\t<\/div>\n\t\t<\/section>\n\t\t\t\t<section class=\"elementor-section elementor-top-section elementor-element elementor-element-f7d0a66 elementor-section-content-bottom elementor-section-boxed elementor-section-height-default elementor-section-height-default\" data-id=\"f7d0a66\" data-element_type=\"section\">\n\t\t\t\t\t\t<div class=\"elementor-container elementor-column-gap-default\">\n\t\t\t\t\t<div class=\"elementor-column elementor-col-50 elementor-top-column elementor-element elementor-element-303f275\" data-id=\"303f275\" data-element_type=\"column\">\n\t\t\t<div class=\"elementor-widget-wrap elementor-element-populated\">\n\t\t\t\t\t\t\t\t<div class=\"elementor-element elementor-element-6bee96a elementor-widget elementor-widget-image\" data-id=\"6bee96a\" data-element_type=\"widget\" data-widget_type=\"image.default\">\n\t\t\t\t<div class=\"elementor-widget-container\">\n\t\t\t\t\t\t\t\t\t\t\t\t<figure class=\"wp-caption\">\n\t\t\t\t\t\t\t\t\t\t\t<a href=\"http:\/\/as-surques-escoeuilles.fr\/index.php\/1520-2\/\" target=\"_blank\">\n\t\t\t\t\t\t\t<img data-attachment-id=\"3317\" data-permalink=\"https:\/\/as-surques-escoeuilles.fr\/received_4873727052336478629627142667311591\/\" data-orig-file=\"https:\/\/i0.wp.com\/as-surques-escoeuilles.fr\/wp-content\/uploads\/2019\/12\/received_4873727052336478629627142667311591.jpeg?fit=2016%2C954&amp;ssl=1\" data-orig-size=\"2016,954\" data-comments-opened=\"1\" data-image-meta=\"{&quot;aperture&quot;:&quot;0&quot;,&quot;credit&quot;:&quot;&quot;,&quot;camera&quot;:&quot;&quot;,&quot;caption&quot;:&quot;&quot;,&quot;created_timestamp&quot;:&quot;0&quot;,&quot;copyright&quot;:&quot;&quot;,&quot;focal_length&quot;:&quot;0&quot;,&quot;iso&quot;:&quot;0&quot;,&quot;shutter_speed&quot;:&quot;0&quot;,&quot;title&quot;:&quot;&quot;,&quot;orientation&quot;:&quot;0&quot;}\" data-image-title=\"received_4873727052336478629627142667311591.jpeg\" data-image-description=\"\" data-image-caption=\"\" data-medium-file=\"https:\/\/i0.wp.com\/as-surques-escoeuilles.fr\/wp-content\/uploads\/2019\/12\/received_4873727052336478629627142667311591.jpeg?fit=300%2C142&amp;ssl=1\" data-large-file=\"https:\/\/i0.wp.com\/as-surques-escoeuilles.fr\/wp-content\/uploads\/2019\/12\/received_4873727052336478629627142667311591.jpeg?fit=800%2C379&amp;ssl=1\" fetchpriority=\"high\" width=\"800\" height=\"379\" src=\"https:\/\/i0.wp.com\/as-surques-escoeuilles.fr\/wp-content\/uploads\/2019\/12\/received_4873727052336478629627142667311591.jpeg?fit=800%2C379&amp;ssl=1\" class=\"elementor-animation-pulse-shrink attachment-large size-large wp-image-3317\" alt=\"\" srcset=\"https:\/\/i0.wp.com\/as-surques-escoeuilles.fr\/wp-content\/uploads\/2019\/12\/received_4873727052336478629627142667311591.jpeg?w=2016&amp;ssl=1 2016w, https:\/\/i0.wp.com\/as-surques-escoeuilles.fr\/wp-content\/uploads\/2019\/12\/received_4873727052336478629627142667311591.jpeg?resize=300%2C142&amp;ssl=1 300w, https:\/\/i0.wp.com\/as-surques-escoeuilles.fr\/wp-content\/uploads\/2019\/12\/received_4873727052336478629627142667311591.jpeg?resize=1024%2C485&amp;ssl=1 1024w, https:\/\/i0.wp.com\/as-surques-escoeuilles.fr\/wp-content\/uploads\/2019\/12\/received_4873727052336478629627142667311591.jpeg?resize=768%2C363&amp;ssl=1 768w, https:\/\/i0.wp.com\/as-surques-escoeuilles.fr\/wp-content\/uploads\/2019\/12\/received_4873727052336478629627142667311591.jpeg?resize=1536%2C727&amp;ssl=1 1536w, https:\/\/i0.wp.com\/as-surques-escoeuilles.fr\/wp-content\/uploads\/2019\/12\/received_4873727052336478629627142667311591.jpeg?w=1600&amp;ssl=1 1600w\" sizes=\"(max-width: 800px) 100vw, 800px\" data-attachment-id=\"3317\" data-permalink=\"https:\/\/as-surques-escoeuilles.fr\/received_4873727052336478629627142667311591\/\" data-orig-file=\"https:\/\/i0.wp.com\/as-surques-escoeuilles.fr\/wp-content\/uploads\/2019\/12\/received_4873727052336478629627142667311591.jpeg?fit=2016%2C954&amp;ssl=1\" data-orig-size=\"2016,954\" data-comments-opened=\"1\" data-image-meta=\"{&quot;aperture&quot;:&quot;0&quot;,&quot;credit&quot;:&quot;&quot;,&quot;camera&quot;:&quot;&quot;,&quot;caption&quot;:&quot;&quot;,&quot;created_timestamp&quot;:&quot;0&quot;,&quot;copyright&quot;:&quot;&quot;,&quot;focal_length&quot;:&quot;0&quot;,&quot;iso&quot;:&quot;0&quot;,&quot;shutter_speed&quot;:&quot;0&quot;,&quot;title&quot;:&quot;&quot;,&quot;orientation&quot;:&quot;0&quot;}\" data-image-title=\"received_4873727052336478629627142667311591.jpeg\" data-image-description=\"\" data-image-caption=\"\" data-medium-file=\"https:\/\/i0.wp.com\/as-surques-escoeuilles.fr\/wp-content\/uploads\/2019\/12\/received_4873727052336478629627142667311591.jpeg?fit=300%2C142&amp;ssl=1\" data-large-file=\"https:\/\/i0.wp.com\/as-surques-escoeuilles.fr\/wp-content\/uploads\/2019\/12\/received_4873727052336478629627142667311591.jpeg?fit=800%2C379&amp;ssl=1\" \/>\t\t\t\t\t\t\t\t<\/a>\n\t\t\t\t\t\t\t\t\t\t\t<figcaption class=\"widget-image-caption wp-caption-text\">S\u00e9niors<\/figcaption>\n\t\t\t\t\t\t\t\t\t\t<\/figure>\n\t\t\t\t\t\t\t\t\t<\/div>\n\t\t\t\t<\/div>\n\t\t\t\t\t<\/div>\n\t\t<\/div>\n\t\t\t\t<div class=\"elementor-column elementor-col-50 elementor-top-column elementor-element elementor-element-6776528\" data-id=\"6776528\" data-element_type=\"column\">\n\t\t\t<div class=\"elementor-widget-wrap elementor-element-populated\">\n\t\t\t\t\t\t\t\t<div class=\"elementor-element elementor-element-5aa6d0c elementor-widget elementor-widget-image\" data-id=\"5aa6d0c\" data-element_type=\"widget\" data-widget_type=\"image.default\">\n\t\t\t\t<div class=\"elementor-widget-container\">\n\t\t\t\t\t\t\t\t\t\t\t\t<figure class=\"wp-caption\">\n\t\t\t\t\t\t\t\t\t\t\t<a href=\"http:\/\/as-surques-escoeuilles.fr\/index.php\/categories\/u11-feminines\/\" target=\"_blank\">\n\t\t\t\t\t\t\t<img data-attachment-id=\"3275\" data-permalink=\"https:\/\/as-surques-escoeuilles.fr\/img_20191204_1640145129291534500380785-jpg\/\" data-orig-file=\"https:\/\/i0.wp.com\/as-surques-escoeuilles.fr\/wp-content\/uploads\/2019\/12\/img_20191204_1640145129291534500380785.jpg?fit=1200%2C900&amp;ssl=1\" data-orig-size=\"1200,900\" data-comments-opened=\"1\" data-image-meta=\"{&quot;aperture&quot;:&quot;0&quot;,&quot;credit&quot;:&quot;&quot;,&quot;camera&quot;:&quot;&quot;,&quot;caption&quot;:&quot;&quot;,&quot;created_timestamp&quot;:&quot;0&quot;,&quot;copyright&quot;:&quot;&quot;,&quot;focal_length&quot;:&quot;0&quot;,&quot;iso&quot;:&quot;0&quot;,&quot;shutter_speed&quot;:&quot;0&quot;,&quot;title&quot;:&quot;&quot;,&quot;orientation&quot;:&quot;0&quot;}\" data-image-title=\"img_20191204_1640145129291534500380785.jpg\" data-image-description=\"\" data-image-caption=\"\" data-medium-file=\"https:\/\/i0.wp.com\/as-surques-escoeuilles.fr\/wp-content\/uploads\/2019\/12\/img_20191204_1640145129291534500380785.jpg?fit=300%2C225&amp;ssl=1\" data-large-file=\"https:\/\/i0.wp.com\/as-surques-escoeuilles.fr\/wp-content\/uploads\/2019\/12\/img_20191204_1640145129291534500380785.jpg?fit=800%2C600&amp;ssl=1\" width=\"800\" height=\"600\" src=\"https:\/\/i0.wp.com\/as-surques-escoeuilles.fr\/wp-content\/uploads\/2019\/12\/img_20191204_1640145129291534500380785.jpg?fit=800%2C600&amp;ssl=1\" class=\"elementor-animation-pulse-shrink attachment-large size-large wp-image-3275\" alt=\"\" srcset=\"https:\/\/i0.wp.com\/as-surques-escoeuilles.fr\/wp-content\/uploads\/2019\/12\/img_20191204_1640145129291534500380785.jpg?w=1200&amp;ssl=1 1200w, https:\/\/i0.wp.com\/as-surques-escoeuilles.fr\/wp-content\/uploads\/2019\/12\/img_20191204_1640145129291534500380785.jpg?resize=300%2C225&amp;ssl=1 300w, https:\/\/i0.wp.com\/as-surques-escoeuilles.fr\/wp-content\/uploads\/2019\/12\/img_20191204_1640145129291534500380785.jpg?resize=1024%2C768&amp;ssl=1 1024w, https:\/\/i0.wp.com\/as-surques-escoeuilles.fr\/wp-content\/uploads\/2019\/12\/img_20191204_1640145129291534500380785.jpg?resize=768%2C576&amp;ssl=1 768w\" sizes=\"(max-width: 800px) 100vw, 800px\" data-attachment-id=\"3275\" data-permalink=\"https:\/\/as-surques-escoeuilles.fr\/img_20191204_1640145129291534500380785-jpg\/\" data-orig-file=\"https:\/\/i0.wp.com\/as-surques-escoeuilles.fr\/wp-content\/uploads\/2019\/12\/img_20191204_1640145129291534500380785.jpg?fit=1200%2C900&amp;ssl=1\" data-orig-size=\"1200,900\" data-comments-opened=\"1\" data-image-meta=\"{&quot;aperture&quot;:&quot;0&quot;,&quot;credit&quot;:&quot;&quot;,&quot;camera&quot;:&quot;&quot;,&quot;caption&quot;:&quot;&quot;,&quot;created_timestamp&quot;:&quot;0&quot;,&quot;copyright&quot;:&quot;&quot;,&quot;focal_length&quot;:&quot;0&quot;,&quot;iso&quot;:&quot;0&quot;,&quot;shutter_speed&quot;:&quot;0&quot;,&quot;title&quot;:&quot;&quot;,&quot;orientation&quot;:&quot;0&quot;}\" data-image-title=\"img_20191204_1640145129291534500380785.jpg\" data-image-description=\"\" data-image-caption=\"\" data-medium-file=\"https:\/\/i0.wp.com\/as-surques-escoeuilles.fr\/wp-content\/uploads\/2019\/12\/img_20191204_1640145129291534500380785.jpg?fit=300%2C225&amp;ssl=1\" data-large-file=\"https:\/\/i0.wp.com\/as-surques-escoeuilles.fr\/wp-content\/uploads\/2019\/12\/img_20191204_1640145129291534500380785.jpg?fit=800%2C600&amp;ssl=1\" \/>\t\t\t\t\t\t\t\t<\/a>\n\t\t\t\t\t\t\t\t\t\t\t<figcaption class=\"widget-image-caption wp-caption-text\">Jeunes<\/figcaption>\n\t\t\t\t\t\t\t\t\t\t<\/figure>\n\t\t\t\t\t\t\t\t\t<\/div>\n\t\t\t\t<\/div>\n\t\t\t\t\t<\/div>\n\t\t<\/div>\n\t\t\t\t\t\t\t<\/div>\n\t\t<\/section>\n\t\t\t\t\t\t\t<\/div>\n\t\t","protected":false},"excerpt":{"rendered":"<p>L&rsquo;ASSE a toujours compt\u00e9 \u00e9norm\u00e9ment de joueuses dans ses effectifs. Depuis 2018, le club a pass\u00e9 un palier puisque des<\/p>\n","protected":false},"author":1,"featured_media":0,"parent":0,"menu_order":0,"comment_status":"closed","ping_status":"closed","template":"","meta":{"ngg_post_thumbnail":0,"jetpack_post_was_ever_published":false},"jetpack_sharing_enabled":true,"jetpack_shortlink":"https:\/\/wp.me\/P8dhOI-XN","jetpack-related-posts":[{"id":761,"url":"https:\/\/as-surques-escoeuilles.fr\/index.php\/categories\/u11-feminines\/","url_meta":{"origin":3707,"position":0},"title":"U13 F\u00e9minines","date":"17 d\u00e9cembre 2017","format":false,"excerpt":"En parall\u00e8le des \u00e9quipes U13 mixtes\u00a0 dans lesquelles les filles peuvent \u00e9voluer, une \u00e9quipe U14 F\u00e9minines est engag\u00e9e en championnat U13 mixte, encadr\u00e9e par Thierry Macquet et H\u00e9l\u00e8ne Havart, tous deux form\u00e9s sur le module animatrice. \u00a0N'h\u00e9sitez pas \u00e0 nous contacter pour de plus amples renseignements sur cette cat\u00e9gorie ouvertes\u2026","rel":"","context":"Article similaire","img":{"alt_text":"","src":"https:\/\/i0.wp.com\/as-surques-escoeuilles.fr\/wp-content\/uploads\/2018\/12\/Ivanka2.jpg?resize=350%2C200&ssl=1","width":350,"height":200},"classes":[]},{"id":2886,"url":"https:\/\/as-surques-escoeuilles.fr\/index.php\/actions-du-club\/promotion-du-football-feminin\/","url_meta":{"origin":3707,"position":1},"title":"Promotion du football F\u00e9minin","date":"14 septembre 2019","format":false,"excerpt":"L' ASSE n'a pas attendu l'essor du foot f\u00e9minin pour permettre aux filles de pratiquer ce sport. Depuis de nombreuses ann\u00e9es, les filles sont int\u00e9gr\u00e9es \u00e0 toutes les cat\u00e9gories, jusqu'aux dirigeantes. Depuis 2018, le club a pass\u00e9 un palier avec la cr\u00e9ation d'\u00e9quipes 100% f\u00e9minines (U13 et S\u00e9niors), ainsi que\u2026","rel":"","context":"Article similaire","img":{"alt_text":"","src":"https:\/\/i0.wp.com\/as-surques-escoeuilles.fr\/wp-content\/uploads\/2019\/09\/IMG_20190905_193908.jpg?resize=350%2C200&ssl=1","width":350,"height":200},"classes":[]},{"id":1520,"url":"https:\/\/as-surques-escoeuilles.fr\/index.php\/1520-2\/","url_meta":{"origin":3707,"position":2},"title":"S\u00e9niors f\u00e9minines","date":"2 juillet 2018","format":false,"excerpt":"En 2020\/2021, l'\u00e9quipe s\u00e9niors F\u00e9minines (\u00e0 partir de 17 ans) \u00e9volue en championnat \u00e0 8. Elle \u00e9volue \u00e9galement l'hiver dans un championnat Futsal avec deux \u00e9quipes engag\u00e9es ! N'h\u00e9sitez pas \u00e0 venir nous rejoindre pour partager les joies du football. Encadrement de la section par Virginie RAMET (07-77-30-10-51).\u00a0 Les entra\u00eenements\u2026","rel":"","context":"Article similaire","img":{"alt_text":"","src":"https:\/\/i0.wp.com\/as-surques-escoeuilles.fr\/wp-content\/uploads\/2018\/10\/44232017_1908285092553982_3386028379374354432_n.jpg?resize=350%2C200&ssl=1","width":350,"height":200},"classes":[]},{"id":3686,"url":"https:\/\/as-surques-escoeuilles.fr\/index.php\/engagement-citoyen\/","url_meta":{"origin":3707,"position":3},"title":"Engagement citoyen","date":"27 d\u00e9cembre 2019","format":false,"excerpt":"D\u00e9cembre 2021D\u00e9cembre 2021D\u00e9cembre 2021D\u00e9cembre 2020D\u00e9cembre 2019Janvier 2020 U6-U14 : No\u00ebl solidaire avec les enfants pauvres U6 : fabrication de goodies pour le t\u00e9l\u00e9thon U6-U14 : No\u00ebl solidaire avec les personnes \u00e2g\u00e9es Collecte solidaire pour les enfants Collecte de dons pour les restos du coeur Remise de dons au tournoi PEF","rel":"","context":"Article similaire","img":{"alt_text":"","src":"","width":0,"height":0},"classes":[]},{"id":1315,"url":"https:\/\/as-surques-escoeuilles.fr\/index.php\/vie-du-club\/imposition-benevoles\/","url_meta":{"origin":3707,"position":4},"title":"Imposition b\u00e9n\u00e9voles","date":"8 mai 2018","format":false,"excerpt":"Les d\u00e9clarations pour les imp\u00f4ts sur le revenu sont \u00e0 effectuer entre le 12 Mai et le 14 Juin, vous trouverez ci-dessous les documents relatifs \u00e0 un abandon de droit \u00e0 remboursement des frais kilom\u00e9triques... Plusieurs choses \u00e0 savoir :- cela concerne uniquement les \u00e9ducateurs et\u00a0 les dirigeants (un joueur\u2026","rel":"","context":"Article similaire","img":{"alt_text":"","src":"","width":0,"height":0},"classes":[]},{"id":2355,"url":"https:\/\/as-surques-escoeuilles.fr\/index.php\/actions-du-club\/programme-educatif-federal\/","url_meta":{"origin":3707,"position":5},"title":"Programme educatif federal","date":"13 f\u00e9vrier 2019","format":false,"excerpt":"L' ASSE est engag\u00e9 depuis de nombreuses ann\u00e9es dans le Programme Educatif F\u00e9d\u00e9ral, autour de 6 th\u00e8mes : Sant\u00e9Septembre 2019 : \"Faire son sac pour les U6\/U7\" Engagement citoyenD\u00e9cembre 2019 : Collecte de dons pour les restos du coeurEnvironnement Octobre 2019 : U9 : tri des d\u00e9chets Septembre 2019 :\u2026","rel":"","context":"Dans &quot;Non class\u00e9&quot;","img":{"alt_text":"","src":"","width":0,"height":0},"classes":[]}],"_links":{"self":[{"href":"https:\/\/as-surques-escoeuilles.fr\/index.php\/wp-json\/wp\/v2\/pages\/3707"}],"collection":[{"href":"https:\/\/as-surques-escoeuilles.fr\/index.php\/wp-json\/wp\/v2\/pages"}],"about":[{"href":"https:\/\/as-surques-escoeuilles.fr\/index.php\/wp-json\/wp\/v2\/types\/page"}],"author":[{"embeddable":true,"href":"https:\/\/as-surques-escoeuilles.fr\/index.php\/wp-json\/wp\/v2\/users\/1"}],"replies":[{"embeddable":true,"href":"https:\/\/as-surques-escoeuilles.fr\/index.php\/wp-json\/wp\/v2\/comments?post=3707"}],"version-history":[{"count":2,"href":"https:\/\/as-surques-escoeuilles.fr\/index.php\/wp-json\/wp\/v2\/pages\/3707\/revisions"}],"predecessor-version":[{"id":4336,"href":"https:\/\/as-surques-escoeuilles.fr\/index.php\/wp-json\/wp\/v2\/pages\/3707\/revisions\/4336"}],"wp:attachment":[{"href":"https:\/\/as-surques-escoeuilles.fr\/index.php\/wp-json\/wp\/v2\/media?parent=3707"}],"curies":[{"name":"wp","href":"https:\/\/api.w.org\/{rel}","templated":true}]}}