{"id":38,"date":"2016-12-17T10:00:44","date_gmt":"2016-12-17T09:00:44","guid":{"rendered":"http:\/\/as-surques-escoeuilles.fr\/?page_id=38"},"modified":"2017-12-22T18:59:03","modified_gmt":"2017-12-22T17:59:03","slug":"categories","status":"publish","type":"page","link":"https:\/\/as-surques-escoeuilles.fr\/index.php\/categories\/","title":{"rendered":"Cat\u00e9gories"},"content":{"rendered":"<p>Toutes les cat\u00e9gories sont repr\u00e9sent\u00e9es au sein de l&rsquo;ASSE du mini-foot aux s\u00e9niors. Quel que soit votre \u00e2ge, venez trouvez votre bonheur dans notre association :<\/p>\n<p style=\"text-align: center;\"><a href=\"http:\/\/as-surques-escoeuilles.fr\/index.php\/categories\/mini-foot\/\" target=\"_blank\" rel=\"noopener\">Mini-Foot (moins de 5 ans)<\/a><\/p>\n<p style=\"text-align: center;\"><a href=\"http:\/\/as-surques-escoeuilles.fr\/index.php\/categories\/u6u7\/\" target=\"_blank\" rel=\"noopener\">U6\/U7<\/a><\/p>\n<p style=\"text-align: center;\"><a href=\"http:\/\/as-surques-escoeuilles.fr\/index.php\/categories\/u8u9\/\" target=\"_blank\" rel=\"noopener\">U8\/U9<\/a><\/p>\n<p style=\"text-align: center;\"><a href=\"http:\/\/as-surques-escoeuilles.fr\/index.php\/categories\/57-2\/\" target=\"_blank\" rel=\"noopener\">U11<\/a><\/p>\n<p style=\"text-align: center;\"><a href=\"http:\/\/as-surques-escoeuilles.fr\/index.php\/categories\/u13\/\" target=\"_blank\" rel=\"noopener\">U13<\/a><\/p>\n<p style=\"text-align: center;\"><a href=\"http:\/\/as-surques-escoeuilles.fr\/index.php\/categories\/u16\/\" target=\"_blank\" rel=\"noopener\">U15<\/a><\/p>\n<p style=\"text-align: center;\"><a href=\"http:\/\/as-surques-escoeuilles.fr\/index.php\/categories\/u18\/\" target=\"_blank\" rel=\"noopener\">U18<\/a><\/p>\n<p style=\"text-align: center;\"><a href=\"http:\/\/as-surques-escoeuilles.fr\/index.php\/categories\/seniors-2\/\" target=\"_blank\" rel=\"noopener\">S\u00e9niors<\/a><\/p>\n","protected":false},"excerpt":{"rendered":"<p>Toutes les cat\u00e9gories sont repr\u00e9sent\u00e9es au sein de l&rsquo;ASSE du mini-foot aux s\u00e9niors. Quel que soit votre \u00e2ge, venez trouvez<\/p>\n","protected":false},"author":1,"featured_media":0,"parent":0,"menu_order":0,"comment_status":"closed","ping_status":"closed","template":"","meta":{"ngg_post_thumbnail":0,"jetpack_post_was_ever_published":false},"jetpack_sharing_enabled":true,"jetpack_shortlink":"https:\/\/wp.me\/P8dhOI-C","jetpack-related-posts":[{"id":65,"url":"https:\/\/as-surques-escoeuilles.fr\/index.php\/categories\/mini-foot\/","url_meta":{"origin":38,"position":0},"title":"Mini-foot","date":"17 d\u00e9cembre 2016","format":false,"excerpt":"Mini-foot et U6\/U7 Venez faire d\u00e9couvrir l'effort physique, le sport en groupe \u00e0 votre enfant et l'initier aux plaisirs du foot d\u00e8s son plus jeune \u00e2ge. Motricit\u00e9 et jeux seront au programme de chaque s\u00e9ance ! Les s\u00e9ances ont lieu pendant les cr\u00e9neaux d'\u00e9cole de foot, le mercredi de 14h00\u2026","rel":"","context":"Dans &quot;Non class\u00e9&quot;","img":{"alt_text":"","src":"https:\/\/i0.wp.com\/as-surques-escoeuilles.fr\/wp-content\/uploads\/2019\/12\/u6site-1024x603.jpg?resize=350%2C200&ssl=1","width":350,"height":200},"classes":[]},{"id":446,"url":"https:\/\/as-surques-escoeuilles.fr\/index.php\/vie-du-club\/tarifs-licence\/","url_meta":{"origin":38,"position":1},"title":"Tarifs licence","date":"13 juin 2017","format":false,"excerpt":"Voici les tarifs de licence 2021\/2022: Cat\u00e9goriesPrixMini-foot (fin 2019) -U5 (2018) \u00e0 U13 (2009)30\u20ac*Foot \u00e0 11 et \/ou avec frais d'arbitrage :U14 (2009) \u00e0 U17 (2006)50\u20ac*U18 et S\u00e9niors H et F (2005 et avant)65\u20ac *Une r\u00e9duction de 5\u20ac est appliqu\u00e9e en cas de multiples licences pour les enfants issus d'une\u2026","rel":"","context":"Dans &quot;Non class\u00e9&quot;","img":{"alt_text":"","src":"https:\/\/i0.wp.com\/as-surques-escoeuilles.fr\/wp-content\/uploads\/2019\/05\/Capture.jpg?resize=350%2C200&ssl=1","width":350,"height":200},"classes":[]},{"id":3699,"url":"https:\/\/as-surques-escoeuilles.fr\/index.php\/culture-foot\/","url_meta":{"origin":38,"position":2},"title":"Culture Foot","date":"27 d\u00e9cembre 2019","format":false,"excerpt":"Mars 2022F\u00e9vrier 2022Janvier 2022D\u00e9cembre 2021Octobre 2021Septembre 2021F\u00e9vrier 2021Octobre 2020Septembre 2020Mars 2020Janvier 2020Janvier 2020Septembre 2019 U14F : journ\u00e9e de la femme France - Br\u00e9sil \u00e0 d'Ornano U13 et U13F : challenge mi-temps USBCO-Red Star Ecole de Foot : arbre de Noel U6 \u00e0 U9 : plateaux Halloween U14 F : deviens\u2026","rel":"","context":"Article similaire","img":{"alt_text":"","src":"","width":0,"height":0},"classes":[]},{"id":2886,"url":"https:\/\/as-surques-escoeuilles.fr\/index.php\/actions-du-club\/promotion-du-football-feminin\/","url_meta":{"origin":38,"position":3},"title":"Promotion du football F\u00e9minin","date":"14 septembre 2019","format":false,"excerpt":"L' ASSE n'a pas attendu l'essor du foot f\u00e9minin pour permettre aux filles de pratiquer ce sport. Depuis de nombreuses ann\u00e9es, les filles sont int\u00e9gr\u00e9es \u00e0 toutes les cat\u00e9gories, jusqu'aux dirigeantes. Depuis 2018, le club a pass\u00e9 un palier avec la cr\u00e9ation d'\u00e9quipes 100% f\u00e9minines (U13 et S\u00e9niors), ainsi que\u2026","rel":"","context":"Article similaire","img":{"alt_text":"","src":"https:\/\/i0.wp.com\/as-surques-escoeuilles.fr\/wp-content\/uploads\/2019\/09\/IMG_20190905_193908.jpg?resize=350%2C200&ssl=1","width":350,"height":200},"classes":[]},{"id":3681,"url":"https:\/\/as-surques-escoeuilles.fr\/index.php\/environnement\/","url_meta":{"origin":38,"position":4},"title":"Environnement","date":"27 d\u00e9cembre 2019","format":false,"excerpt":"Mars 2022Mars 2022Novembre 2021Septembre 2021Septembre 2021Septembre 2020Mars 2020Mars 2020F\u00e9vrier 2020Octobre 2019 U12-U13 : d\u00e9chets au stade U6-U7 : \u00e9co gestes U8-U9 : mobilit\u00e9 et autopartage Mini-foot : utiliser une gourde U6 : tri des d\u00e9chets U6-U7 : tri des d\u00e9chets U6-U19 : installation d'une fontaine U6-U13 : Hauts de France\u2026","rel":"","context":"Article similaire","img":{"alt_text":"","src":"","width":0,"height":0},"classes":[]},{"id":358,"url":"https:\/\/as-surques-escoeuilles.fr\/index.php\/categories\/seniors-2\/arbitrage-20162017\/","url_meta":{"origin":38,"position":5},"title":"Arbitrage 2018\/2019","date":"20 mars 2017","format":false,"excerpt":"Planning Arbitrage : \u00a0 \u00a0","rel":"","context":"Article similaire","img":{"alt_text":"","src":"https:\/\/i0.wp.com\/as-surques-escoeuilles.fr\/wp-content\/uploads\/2017\/03\/170-panoramic-00038672-000015.jpg?fit=672%2C372&ssl=1&resize=350%2C200","width":350,"height":200},"classes":[]}],"_links":{"self":[{"href":"https:\/\/as-surques-escoeuilles.fr\/index.php\/wp-json\/wp\/v2\/pages\/38"}],"collection":[{"href":"https:\/\/as-surques-escoeuilles.fr\/index.php\/wp-json\/wp\/v2\/pages"}],"about":[{"href":"https:\/\/as-surques-escoeuilles.fr\/index.php\/wp-json\/wp\/v2\/types\/page"}],"author":[{"embeddable":true,"href":"https:\/\/as-surques-escoeuilles.fr\/index.php\/wp-json\/wp\/v2\/users\/1"}],"replies":[{"embeddable":true,"href":"https:\/\/as-surques-escoeuilles.fr\/index.php\/wp-json\/wp\/v2\/comments?post=38"}],"version-history":[{"count":0,"href":"https:\/\/as-surques-escoeuilles.fr\/index.php\/wp-json\/wp\/v2\/pages\/38\/revisions"}],"wp:attachment":[{"href":"https:\/\/as-surques-escoeuilles.fr\/index.php\/wp-json\/wp\/v2\/media?parent=38"}],"curies":[{"name":"wp","href":"https:\/\/api.w.org\/{rel}","templated":true}]}}