{"id":40,"date":"2016-12-17T10:06:09","date_gmt":"2016-12-17T09:06:09","guid":{"rendered":"http:\/\/as-surques-escoeuilles.fr\/?page_id=40"},"modified":"2022-07-22T08:19:22","modified_gmt":"2022-07-22T06:19:22","slug":"seniors-2","status":"publish","type":"page","link":"https:\/\/as-surques-escoeuilles.fr\/index.php\/categories\/seniors-2\/","title":{"rendered":"S\u00e9niors"},"content":{"rendered":"<p>Trois \u00e9quipes s\u00e9niors sont engag\u00e9es en 2022\/2023:<\/p>\n<ul>\n<li>une \u00e9quipe en <strong>D2 , <\/strong>dirig\u00e9e par Pierre Telliez<\/li>\n<li>une \u00e9quipe en D5<\/li>\n<li>une \u00e9quipe en D7, dirig\u00e9e par Dany et Joan Merlin<\/li>\n<\/ul>\n<p>La structure d&rsquo;encadrement se compose \u00e9galement de :<\/p>\n<ul>\n<li>Ren\u00e9 DELRUE, <strong>pr\u00e9parateur physique<\/strong><\/li>\n<li>Olivier DESOMBRE, <strong>entra\u00eeneur adjoint sp\u00e9cifique attaquants<\/strong><\/li>\n<li>Antonin BEAUVIR et Philippe HAVART,&nbsp; en tant qu&rsquo;<strong>entra\u00eeneur adjoint, sp\u00e9cifique aux gardiens<\/strong><\/li>\n<\/ul>\n<p>Les <span style=\"color: #ff0000;\">entra\u00eenements<\/span> ont lieu le <span style=\"color: #339966;\">mercredi<\/span> et le <span style=\"color: #339966;\">vendredi<\/span> \u00e0 partir de 19h au stade. En p\u00e9riode hivernale (novembre-mars), les entra\u00eenements ont lieu sur le terrain synth\u00e9tique de Lumbres dont les cr\u00e9neaux seront affich\u00e9s ult\u00e9rieurement.<\/p>\n<p>Afin de renforcer les ambitions pour cette nouvelle saison, une fiche de pr\u00e9-saison est disponible pour l&rsquo;ensemble de l&rsquo;effectif. <\/p>\n<p>&nbsp;<\/p>\n<p>&nbsp;<\/p>\n<p>&nbsp;<\/p>\n\n\n<p><\/p>\n","protected":false},"excerpt":{"rendered":"<p>Trois \u00e9quipes s\u00e9niors sont engag\u00e9es en 2022\/2023: une \u00e9quipe en D2 , dirig\u00e9e par Pierre Telliez une \u00e9quipe en D5<\/p>\n","protected":false},"author":1,"featured_media":0,"parent":38,"menu_order":0,"comment_status":"closed","ping_status":"closed","template":"","meta":{"ngg_post_thumbnail":0,"jetpack_post_was_ever_published":false},"jetpack_sharing_enabled":true,"jetpack_shortlink":"https:\/\/wp.me\/P8dhOI-E","jetpack-related-posts":[{"id":51,"url":"https:\/\/as-surques-escoeuilles.fr\/index.php\/categories\/u16\/","url_meta":{"origin":40,"position":0},"title":"U15","date":"17 d\u00e9cembre 2016","format":false,"excerpt":"Cette saison, une \u00e9quipe est engag\u00e9e en U15 D2. Les \u00e9ducateurs sont Philippe HAVART, S\u00e9bastien SPECQ et Olivier DESOMBRE. Les entra\u00eenements ont lieu le mercredi apr\u00e8s-midi au stade, mais aussi sur le terrain synth\u00e9tique de Lumbres quand la m\u00e9t\u00e9o ne le permet pas. \u00a0","rel":"","context":"Article similaire","img":{"alt_text":"","src":"","width":0,"height":0},"classes":[]},{"id":55,"url":"https:\/\/as-surques-escoeuilles.fr\/index.php\/categories\/u13\/","url_meta":{"origin":40,"position":1},"title":"U13","date":"17 d\u00e9cembre 2016","format":false,"excerpt":"\u00a0 Une \u00e9quipe U13 est\u00a0 engag\u00e9e en 2021\/2022 et encadr\u00e9e par Alexis PINOT Hugo DECROCK Axel RAMET Yannick LELEU Les entra\u00eenements ont lieu le mercredi apr\u00e8s-midi ou le samedi en p\u00e9riode hivernale (cr\u00e9neau \u00e0 d\u00e9finir). Les calendriers de la premi\u00e8re phase : \u00a0","rel":"","context":"Article similaire","img":{"alt_text":"","src":"https:\/\/i0.wp.com\/as-surques-escoeuilles.fr\/wp-content\/uploads\/2019\/09\/info_U13.png?fit=1123%2C794&ssl=1&resize=350%2C200","width":350,"height":200},"classes":[]},{"id":1520,"url":"https:\/\/as-surques-escoeuilles.fr\/index.php\/1520-2\/","url_meta":{"origin":40,"position":2},"title":"S\u00e9niors f\u00e9minines","date":"2 juillet 2018","format":false,"excerpt":"En 2020\/2021, l'\u00e9quipe s\u00e9niors F\u00e9minines (\u00e0 partir de 17 ans) \u00e9volue en championnat \u00e0 8. Elle \u00e9volue \u00e9galement l'hiver dans un championnat Futsal avec deux \u00e9quipes engag\u00e9es ! N'h\u00e9sitez pas \u00e0 venir nous rejoindre pour partager les joies du football. Encadrement de la section par Virginie RAMET (07-77-30-10-51).\u00a0 Les entra\u00eenements\u2026","rel":"","context":"Article similaire","img":{"alt_text":"","src":"https:\/\/i0.wp.com\/as-surques-escoeuilles.fr\/wp-content\/uploads\/2018\/10\/44232017_1908285092553982_3386028379374354432_n.jpg?resize=350%2C200&ssl=1","width":350,"height":200},"classes":[]},{"id":664,"url":"https:\/\/as-surques-escoeuilles.fr\/index.php\/categories\/seniors-2\/entrainements\/","url_meta":{"origin":40,"position":3},"title":"Entra\u00eenements","date":"19 octobre 2017","format":false,"excerpt":"\u00a0Au printemps jusque l'automne, les entra\u00eenements du groupe s\u00e9niors ont lieu les mercredi et vendredi de 19h00 \u00e0 20h45 au stade communal. Le planning est donn\u00e9 ci-dessous : \u00a0 En p\u00e9riode hivernale, deux sortes de cr\u00e9neaux seront allou\u00e9s : le mercredi soir \u00e0 la salle intercommunale de Licques de 19h00\u2026","rel":"","context":"Article similaire","img":{"alt_text":"","src":"","width":0,"height":0},"classes":[]},{"id":57,"url":"https:\/\/as-surques-escoeuilles.fr\/index.php\/categories\/57-2\/","url_meta":{"origin":40,"position":4},"title":"U11","date":"17 d\u00e9cembre 2016","format":false,"excerpt":"Deux \u00e9quipes U11 seront engag\u00e9es en 2020\/2021 et encadr\u00e9es par : Maxime Desombre, Educateur F\u00e9d\u00e9ral Bruno Ducrocq Laurine Allexandre Pascal Desombre Les entra\u00eenements ont lieu le mercredi de 16h00 \u00e0 17h15 au stade, et en p\u00e9riode hivernale le samedi \u00e0 la salle de Licques \u00a0 Ci dessous le calendrier du\u2026","rel":"","context":"Article similaire","img":{"alt_text":"","src":"https:\/\/i0.wp.com\/as-surques-escoeuilles.fr\/wp-content\/uploads\/2020\/01\/u11-a.png?resize=350%2C200&ssl=1","width":350,"height":200},"classes":[]},{"id":45,"url":"https:\/\/as-surques-escoeuilles.fr\/index.php\/categories\/u18\/","url_meta":{"origin":40,"position":5},"title":"U17","date":"17 d\u00e9cembre 2016","format":false,"excerpt":"L'\u00e9quipe des U17 est en entente avec Alquines, mais les entra\u00eenements et comp\u00e9titions ont lieu au stade de l'ASSE. Les \u00e9ducateurs sont Maxime\u00a0 Clabaux, Augustin Miellot et Julien Lamare. Les entra\u00eenements ont lieu le mercredi \u00e0 17hOO ou le samedi\u00a0 en p\u00e9riode hivernale \u00e0 la salle de Licques (cr\u00e9neau \u00e0\u2026","rel":"","context":"Article similaire","img":{"alt_text":"","src":"","width":0,"height":0},"classes":[]}],"_links":{"self":[{"href":"https:\/\/as-surques-escoeuilles.fr\/index.php\/wp-json\/wp\/v2\/pages\/40"}],"collection":[{"href":"https:\/\/as-surques-escoeuilles.fr\/index.php\/wp-json\/wp\/v2\/pages"}],"about":[{"href":"https:\/\/as-surques-escoeuilles.fr\/index.php\/wp-json\/wp\/v2\/types\/page"}],"author":[{"embeddable":true,"href":"https:\/\/as-surques-escoeuilles.fr\/index.php\/wp-json\/wp\/v2\/users\/1"}],"replies":[{"embeddable":true,"href":"https:\/\/as-surques-escoeuilles.fr\/index.php\/wp-json\/wp\/v2\/comments?post=40"}],"version-history":[{"count":3,"href":"https:\/\/as-surques-escoeuilles.fr\/index.php\/wp-json\/wp\/v2\/pages\/40\/revisions"}],"predecessor-version":[{"id":5754,"href":"https:\/\/as-surques-escoeuilles.fr\/index.php\/wp-json\/wp\/v2\/pages\/40\/revisions\/5754"}],"up":[{"embeddable":true,"href":"https:\/\/as-surques-escoeuilles.fr\/index.php\/wp-json\/wp\/v2\/pages\/38"}],"wp:attachment":[{"href":"https:\/\/as-surques-escoeuilles.fr\/index.php\/wp-json\/wp\/v2\/media?parent=40"}],"curies":[{"name":"wp","href":"https:\/\/api.w.org\/{rel}","templated":true}]}}