{"id":4013,"date":"2020-02-17T11:55:21","date_gmt":"2020-02-17T10:55:21","guid":{"rendered":"https:\/\/as-surques-escoeuilles.fr\/?page_id=4013"},"modified":"2020-07-13T18:42:21","modified_gmt":"2020-07-13T16:42:21","slug":"projet-associatif-revue-de-presse","status":"publish","type":"page","link":"https:\/\/as-surques-escoeuilles.fr\/index.php\/projet-associatif-revue-de-presse\/","title":{"rendered":"Projet Associatif : Revue de presse"},"content":{"rendered":"\n<figure class=\"wp-block-image size-large\"><img data-attachment-id=\"4521\" data-permalink=\"https:\/\/as-surques-escoeuilles.fr\/index.php\/2020\/07\/13\/revue-de-presse\/screenshot_20200713_082625\/\" data-orig-file=\"https:\/\/i0.wp.com\/as-surques-escoeuilles.fr\/wp-content\/uploads\/2020\/07\/Screenshot_20200713_082625.jpg?fit=1080%2C699&amp;ssl=1\" data-orig-size=\"1080,699\" data-comments-opened=\"1\" data-image-meta=\"{&quot;aperture&quot;:&quot;0&quot;,&quot;credit&quot;:&quot;&quot;,&quot;camera&quot;:&quot;ANE-LX1&quot;,&quot;caption&quot;:&quot;&quot;,&quot;created_timestamp&quot;:&quot;1594628768&quot;,&quot;copyright&quot;:&quot;&quot;,&quot;focal_length&quot;:&quot;0&quot;,&quot;iso&quot;:&quot;0&quot;,&quot;shutter_speed&quot;:&quot;0&quot;,&quot;title&quot;:&quot;&quot;,&quot;orientation&quot;:&quot;1&quot;}\" data-image-title=\"Screenshot_20200713_082625\" data-image-description=\"\" data-image-caption=\"&lt;p&gt;2020-2021 : mise en valeur du projet associatif et \u00e9ducatif (La Voix Du Nord, lundi 13 juillet) 2020&lt;\/p&gt;\n\" data-medium-file=\"https:\/\/i0.wp.com\/as-surques-escoeuilles.fr\/wp-content\/uploads\/2020\/07\/Screenshot_20200713_082625.jpg?fit=300%2C194&amp;ssl=1\" data-large-file=\"https:\/\/i0.wp.com\/as-surques-escoeuilles.fr\/wp-content\/uploads\/2020\/07\/Screenshot_20200713_082625.jpg?fit=800%2C518&amp;ssl=1\" fetchpriority=\"high\" width=\"800\" height=\"518\" src=\"https:\/\/i0.wp.com\/as-surques-escoeuilles.fr\/wp-content\/uploads\/2020\/07\/Screenshot_20200713_082625.jpg?resize=800%2C518&#038;ssl=1\" alt=\"\" class=\"wp-image-4521\" srcset=\"https:\/\/i0.wp.com\/as-surques-escoeuilles.fr\/wp-content\/uploads\/2020\/07\/Screenshot_20200713_082625.jpg?resize=1024%2C663&amp;ssl=1 1024w, https:\/\/i0.wp.com\/as-surques-escoeuilles.fr\/wp-content\/uploads\/2020\/07\/Screenshot_20200713_082625.jpg?resize=300%2C194&amp;ssl=1 300w, https:\/\/i0.wp.com\/as-surques-escoeuilles.fr\/wp-content\/uploads\/2020\/07\/Screenshot_20200713_082625.jpg?resize=768%2C497&amp;ssl=1 768w, https:\/\/i0.wp.com\/as-surques-escoeuilles.fr\/wp-content\/uploads\/2020\/07\/Screenshot_20200713_082625.jpg?resize=600%2C388&amp;ssl=1 600w, https:\/\/i0.wp.com\/as-surques-escoeuilles.fr\/wp-content\/uploads\/2020\/07\/Screenshot_20200713_082625.jpg?w=1080&amp;ssl=1 1080w\" sizes=\"(max-width: 800px) 100vw, 800px\" data-recalc-dims=\"1\" \/><figcaption>2020-2021 : mise en valeur du projet associatif et \u00e9ducatif (La Voix Du Nord, lundi 13 juillet) 2020<\/figcaption><\/figure>\n\n\n\n<figure class=\"wp-block-image size-large\"><img data-attachment-id=\"4190\" data-permalink=\"https:\/\/as-surques-escoeuilles.fr\/index.php\/projet-associatif-revue-de-presse\/dav-61\/\" data-orig-file=\"https:\/\/i0.wp.com\/as-surques-escoeuilles.fr\/wp-content\/uploads\/2020\/03\/Independant_fontaine_26_03_2020.jpg?fit=1562%2C1709&amp;ssl=1\" data-orig-size=\"1562,1709\" data-comments-opened=\"1\" data-image-meta=\"{&quot;aperture&quot;:&quot;2.2&quot;,&quot;credit&quot;:&quot;&quot;,&quot;camera&quot;:&quot;ANE-LX1&quot;,&quot;caption&quot;:&quot;dav&quot;,&quot;created_timestamp&quot;:&quot;1585212815&quot;,&quot;copyright&quot;:&quot;&quot;,&quot;focal_length&quot;:&quot;3.81&quot;,&quot;iso&quot;:&quot;160&quot;,&quot;shutter_speed&quot;:&quot;0.02&quot;,&quot;title&quot;:&quot;dav&quot;,&quot;orientation&quot;:&quot;1&quot;}\" data-image-title=\"dav\" data-image-description=\"\" data-image-caption=\"&lt;p&gt;dav&lt;\/p&gt;\n\" data-medium-file=\"https:\/\/i0.wp.com\/as-surques-escoeuilles.fr\/wp-content\/uploads\/2020\/03\/Independant_fontaine_26_03_2020.jpg?fit=274%2C300&amp;ssl=1\" data-large-file=\"https:\/\/i0.wp.com\/as-surques-escoeuilles.fr\/wp-content\/uploads\/2020\/03\/Independant_fontaine_26_03_2020.jpg?fit=800%2C875&amp;ssl=1\" width=\"1562\" height=\"1709\" src=\"https:\/\/i2.wp.com\/as-surques-escoeuilles.fr\/wp-content\/uploads\/2020\/03\/Independant_fontaine_26_03_2020.jpg?fit=936%2C1024&amp;ssl=1\" alt=\"\" class=\"wp-image-4190\" srcset=\"https:\/\/i0.wp.com\/as-surques-escoeuilles.fr\/wp-content\/uploads\/2020\/03\/Independant_fontaine_26_03_2020.jpg?w=1562&amp;ssl=1 1562w, https:\/\/i0.wp.com\/as-surques-escoeuilles.fr\/wp-content\/uploads\/2020\/03\/Independant_fontaine_26_03_2020.jpg?resize=274%2C300&amp;ssl=1 274w, https:\/\/i0.wp.com\/as-surques-escoeuilles.fr\/wp-content\/uploads\/2020\/03\/Independant_fontaine_26_03_2020.jpg?resize=936%2C1024&amp;ssl=1 936w, https:\/\/i0.wp.com\/as-surques-escoeuilles.fr\/wp-content\/uploads\/2020\/03\/Independant_fontaine_26_03_2020.jpg?resize=768%2C840&amp;ssl=1 768w, https:\/\/i0.wp.com\/as-surques-escoeuilles.fr\/wp-content\/uploads\/2020\/03\/Independant_fontaine_26_03_2020.jpg?resize=1404%2C1536&amp;ssl=1 1404w, https:\/\/i0.wp.com\/as-surques-escoeuilles.fr\/wp-content\/uploads\/2020\/03\/Independant_fontaine_26_03_2020.jpg?resize=600%2C656&amp;ssl=1 600w\" sizes=\"(max-width: 800px) 100vw, 800px\" \/><figcaption>2019-2020 : installation de la fontaine \u00e0 eau &#8211; L&rsquo;ind\u00e9pendant &#8211; 26 mars 2020<\/figcaption><\/figure>\n\n\n\n<figure class=\"wp-block-image size-large\"><img data-attachment-id=\"4018\" data-permalink=\"https:\/\/as-surques-escoeuilles.fr\/index.php\/projet-associatif-revue-de-presse\/06_08_2019\/\" data-orig-file=\"https:\/\/i0.wp.com\/as-surques-escoeuilles.fr\/wp-content\/uploads\/2020\/02\/06_08_2019.jpeg?fit=2265%2C2200&amp;ssl=1\" data-orig-size=\"2265,2200\" data-comments-opened=\"1\" data-image-meta=\"{&quot;aperture&quot;:&quot;0&quot;,&quot;credit&quot;:&quot;&quot;,&quot;camera&quot;:&quot;&quot;,&quot;caption&quot;:&quot;&quot;,&quot;created_timestamp&quot;:&quot;0&quot;,&quot;copyright&quot;:&quot;&quot;,&quot;focal_length&quot;:&quot;0&quot;,&quot;iso&quot;:&quot;0&quot;,&quot;shutter_speed&quot;:&quot;0&quot;,&quot;title&quot;:&quot;&quot;,&quot;orientation&quot;:&quot;0&quot;}\" data-image-title=\"06_08_2019\" data-image-description=\"\" data-image-caption=\"\" data-medium-file=\"https:\/\/i0.wp.com\/as-surques-escoeuilles.fr\/wp-content\/uploads\/2020\/02\/06_08_2019.jpeg?fit=300%2C291&amp;ssl=1\" data-large-file=\"https:\/\/i0.wp.com\/as-surques-escoeuilles.fr\/wp-content\/uploads\/2020\/02\/06_08_2019.jpeg?fit=800%2C777&amp;ssl=1\" width=\"2265\" height=\"2200\" src=\"https:\/\/i1.wp.com\/as-surques-escoeuilles.fr\/wp-content\/uploads\/2020\/02\/06_08_2019.jpeg?fit=1024%2C995&amp;ssl=1\" alt=\"\" class=\"wp-image-4018\" srcset=\"https:\/\/i0.wp.com\/as-surques-escoeuilles.fr\/wp-content\/uploads\/2020\/02\/06_08_2019.jpeg?w=2265&amp;ssl=1 2265w, https:\/\/i0.wp.com\/as-surques-escoeuilles.fr\/wp-content\/uploads\/2020\/02\/06_08_2019.jpeg?resize=300%2C291&amp;ssl=1 300w, https:\/\/i0.wp.com\/as-surques-escoeuilles.fr\/wp-content\/uploads\/2020\/02\/06_08_2019.jpeg?resize=1024%2C995&amp;ssl=1 1024w, https:\/\/i0.wp.com\/as-surques-escoeuilles.fr\/wp-content\/uploads\/2020\/02\/06_08_2019.jpeg?resize=768%2C746&amp;ssl=1 768w, https:\/\/i0.wp.com\/as-surques-escoeuilles.fr\/wp-content\/uploads\/2020\/02\/06_08_2019.jpeg?resize=1536%2C1492&amp;ssl=1 1536w, https:\/\/i0.wp.com\/as-surques-escoeuilles.fr\/wp-content\/uploads\/2020\/02\/06_08_2019.jpeg?resize=2048%2C1989&amp;ssl=1 2048w, https:\/\/i0.wp.com\/as-surques-escoeuilles.fr\/wp-content\/uploads\/2020\/02\/06_08_2019.jpeg?resize=600%2C583&amp;ssl=1 600w, https:\/\/i0.wp.com\/as-surques-escoeuilles.fr\/wp-content\/uploads\/2020\/02\/06_08_2019.jpeg?w=1600&amp;ssl=1 1600w\" sizes=\"(max-width: 800px) 100vw, 800px\" \/><figcaption>2019-2020 : Reprise S\u00e9niors (L&rsquo;Ind\u00e9pendant)<br><\/figcaption><\/figure>\n\n\n<a href=\"https:\/\/as-surques-escoeuilles.fr\/wp-content\/uploads\/2020\/03\/article_CDM_effet.pdf\" class=\"pdfemb-viewer\" style=\"\" data-width=\"max\" data-height=\"max\"  data-toolbar=\"bottom\" data-toolbar-fixed=\"off\">article_CDM_effet<br\/><\/a>\n<p class=\"wp-block-pdfemb-pdf-embedder-viewer\"><\/p>\n\n\n\n<div class=\"wp-block-image\"><figure class=\"aligncenter size-large\"><img data-attachment-id=\"4010\" data-permalink=\"https:\/\/as-surques-escoeuilles.fr\/index.php\/2020\/02\/17\/une-orange-en-stade-departemental\/clem_voix_du_nord\/\" data-orig-file=\"https:\/\/i0.wp.com\/as-surques-escoeuilles.fr\/wp-content\/uploads\/2020\/02\/clem_voix_du_nord.jpg?fit=390%2C495&amp;ssl=1\" data-orig-size=\"390,495\" data-comments-opened=\"1\" data-image-meta=\"{&quot;aperture&quot;:&quot;0&quot;,&quot;credit&quot;:&quot;&quot;,&quot;camera&quot;:&quot;&quot;,&quot;caption&quot;:&quot;&quot;,&quot;created_timestamp&quot;:&quot;0&quot;,&quot;copyright&quot;:&quot;&quot;,&quot;focal_length&quot;:&quot;0&quot;,&quot;iso&quot;:&quot;0&quot;,&quot;shutter_speed&quot;:&quot;0&quot;,&quot;title&quot;:&quot;&quot;,&quot;orientation&quot;:&quot;0&quot;}\" data-image-title=\"clem_voix_du_nord\" data-image-description=\"\" data-image-caption=\"\" data-medium-file=\"https:\/\/i0.wp.com\/as-surques-escoeuilles.fr\/wp-content\/uploads\/2020\/02\/clem_voix_du_nord.jpg?fit=236%2C300&amp;ssl=1\" data-large-file=\"https:\/\/i0.wp.com\/as-surques-escoeuilles.fr\/wp-content\/uploads\/2020\/02\/clem_voix_du_nord.jpg?fit=390%2C495&amp;ssl=1\" loading=\"lazy\" width=\"390\" height=\"495\" src=\"https:\/\/i0.wp.com\/as-surques-escoeuilles.fr\/wp-content\/uploads\/2020\/02\/clem_voix_du_nord.jpg?resize=390%2C495&#038;ssl=1\" alt=\"\" class=\"wp-image-4010\" srcset=\"https:\/\/i0.wp.com\/as-surques-escoeuilles.fr\/wp-content\/uploads\/2020\/02\/clem_voix_du_nord.jpg?w=390&amp;ssl=1 390w, https:\/\/i0.wp.com\/as-surques-escoeuilles.fr\/wp-content\/uploads\/2020\/02\/clem_voix_du_nord.jpg?resize=236%2C300&amp;ssl=1 236w\" sizes=\"(max-width: 390px) 100vw, 390px\" data-recalc-dims=\"1\" \/><figcaption>Action PEF 2018-2019 : d\u00e9placement \u00e9co-responsable (La Voix du Nord)<\/figcaption><\/figure><\/div>\n\n\n\n<div class=\"wp-block-image\"><figure class=\"aligncenter size-large\"><img data-attachment-id=\"4014\" data-permalink=\"https:\/\/as-surques-escoeuilles.fr\/index.php\/projet-associatif-revue-de-presse\/lindependant_reprise\/\" data-orig-file=\"https:\/\/i0.wp.com\/as-surques-escoeuilles.fr\/wp-content\/uploads\/2020\/02\/lindependant_reprise.jpg?fit=550%2C960&amp;ssl=1\" data-orig-size=\"550,960\" data-comments-opened=\"1\" data-image-meta=\"{&quot;aperture&quot;:&quot;0&quot;,&quot;credit&quot;:&quot;&quot;,&quot;camera&quot;:&quot;&quot;,&quot;caption&quot;:&quot;&quot;,&quot;created_timestamp&quot;:&quot;0&quot;,&quot;copyright&quot;:&quot;&quot;,&quot;focal_length&quot;:&quot;0&quot;,&quot;iso&quot;:&quot;0&quot;,&quot;shutter_speed&quot;:&quot;0&quot;,&quot;title&quot;:&quot;&quot;,&quot;orientation&quot;:&quot;0&quot;}\" data-image-title=\"lindependant_reprise\" data-image-description=\"\" data-image-caption=\"\" data-medium-file=\"https:\/\/i0.wp.com\/as-surques-escoeuilles.fr\/wp-content\/uploads\/2020\/02\/lindependant_reprise.jpg?fit=172%2C300&amp;ssl=1\" data-large-file=\"https:\/\/i0.wp.com\/as-surques-escoeuilles.fr\/wp-content\/uploads\/2020\/02\/lindependant_reprise.jpg?fit=550%2C960&amp;ssl=1\" loading=\"lazy\" width=\"550\" height=\"960\" src=\"https:\/\/i0.wp.com\/as-surques-escoeuilles.fr\/wp-content\/uploads\/2020\/02\/lindependant_reprise.jpg?resize=550%2C960&#038;ssl=1\" alt=\"\" class=\"wp-image-4014\" srcset=\"https:\/\/i0.wp.com\/as-surques-escoeuilles.fr\/wp-content\/uploads\/2020\/02\/lindependant_reprise.jpg?w=550&amp;ssl=1 550w, https:\/\/i0.wp.com\/as-surques-escoeuilles.fr\/wp-content\/uploads\/2020\/02\/lindependant_reprise.jpg?resize=172%2C300&amp;ssl=1 172w\" sizes=\"(max-width: 550px) 100vw, 550px\" data-recalc-dims=\"1\" \/><figcaption>2018-2019 &#8211; Reprise chez les S\u00e9niors (L&rsquo;ind\u00e9pendant)<\/figcaption><\/figure><\/div>\n\n\n\n<figure class=\"wp-block-image size-large\"><img data-attachment-id=\"4016\" data-permalink=\"https:\/\/as-surques-escoeuilles.fr\/index.php\/projet-associatif-revue-de-presse\/article_2016-3\/\" data-orig-file=\"https:\/\/i0.wp.com\/as-surques-escoeuilles.fr\/wp-content\/uploads\/2020\/02\/article_2016.png?fit=676%2C460&amp;ssl=1\" data-orig-size=\"676,460\" data-comments-opened=\"1\" data-image-meta=\"{&quot;aperture&quot;:&quot;0&quot;,&quot;credit&quot;:&quot;&quot;,&quot;camera&quot;:&quot;&quot;,&quot;caption&quot;:&quot;&quot;,&quot;created_timestamp&quot;:&quot;0&quot;,&quot;copyright&quot;:&quot;&quot;,&quot;focal_length&quot;:&quot;0&quot;,&quot;iso&quot;:&quot;0&quot;,&quot;shutter_speed&quot;:&quot;0&quot;,&quot;title&quot;:&quot;&quot;,&quot;orientation&quot;:&quot;0&quot;}\" data-image-title=\"article_2016\" data-image-description=\"\" data-image-caption=\"\" data-medium-file=\"https:\/\/i0.wp.com\/as-surques-escoeuilles.fr\/wp-content\/uploads\/2020\/02\/article_2016.png?fit=300%2C204&amp;ssl=1\" data-large-file=\"https:\/\/i0.wp.com\/as-surques-escoeuilles.fr\/wp-content\/uploads\/2020\/02\/article_2016.png?fit=676%2C460&amp;ssl=1\" loading=\"lazy\" width=\"676\" height=\"460\" src=\"https:\/\/i0.wp.com\/as-surques-escoeuilles.fr\/wp-content\/uploads\/2020\/02\/article_2016.png?resize=676%2C460&#038;ssl=1\" alt=\"\" class=\"wp-image-4016\" srcset=\"https:\/\/i0.wp.com\/as-surques-escoeuilles.fr\/wp-content\/uploads\/2020\/02\/article_2016.png?w=676&amp;ssl=1 676w, https:\/\/i0.wp.com\/as-surques-escoeuilles.fr\/wp-content\/uploads\/2020\/02\/article_2016.png?resize=300%2C204&amp;ssl=1 300w, https:\/\/i0.wp.com\/as-surques-escoeuilles.fr\/wp-content\/uploads\/2020\/02\/article_2016.png?resize=600%2C408&amp;ssl=1 600w\" sizes=\"(max-width: 676px) 100vw, 676px\" data-recalc-dims=\"1\" \/><figcaption>2016-2017 : Reprise S\u00e9niors (L&rsquo;Independant)<\/figcaption><\/figure>\n\n\n\n<figure class=\"wp-block-image size-large\"><img data-attachment-id=\"4017\" data-permalink=\"https:\/\/as-surques-escoeuilles.fr\/index.php\/projet-associatif-revue-de-presse\/3eme_tour_2015_2016_2\/\" data-orig-file=\"https:\/\/i0.wp.com\/as-surques-escoeuilles.fr\/wp-content\/uploads\/2020\/02\/3eme_tour_2015_2016_2.png?fit=637%2C710&amp;ssl=1\" data-orig-size=\"637,710\" data-comments-opened=\"1\" data-image-meta=\"{&quot;aperture&quot;:&quot;0&quot;,&quot;credit&quot;:&quot;&quot;,&quot;camera&quot;:&quot;&quot;,&quot;caption&quot;:&quot;&quot;,&quot;created_timestamp&quot;:&quot;0&quot;,&quot;copyright&quot;:&quot;&quot;,&quot;focal_length&quot;:&quot;0&quot;,&quot;iso&quot;:&quot;0&quot;,&quot;shutter_speed&quot;:&quot;0&quot;,&quot;title&quot;:&quot;&quot;,&quot;orientation&quot;:&quot;0&quot;}\" data-image-title=\"3eme_tour_2015_2016_2\" data-image-description=\"\" data-image-caption=\"\" data-medium-file=\"https:\/\/i0.wp.com\/as-surques-escoeuilles.fr\/wp-content\/uploads\/2020\/02\/3eme_tour_2015_2016_2.png?fit=269%2C300&amp;ssl=1\" data-large-file=\"https:\/\/i0.wp.com\/as-surques-escoeuilles.fr\/wp-content\/uploads\/2020\/02\/3eme_tour_2015_2016_2.png?fit=637%2C710&amp;ssl=1\" loading=\"lazy\" width=\"637\" height=\"710\" src=\"https:\/\/i0.wp.com\/as-surques-escoeuilles.fr\/wp-content\/uploads\/2020\/02\/3eme_tour_2015_2016_2.png?resize=637%2C710&#038;ssl=1\" alt=\"\" class=\"wp-image-4017\" srcset=\"https:\/\/i0.wp.com\/as-surques-escoeuilles.fr\/wp-content\/uploads\/2020\/02\/3eme_tour_2015_2016_2.png?w=637&amp;ssl=1 637w, https:\/\/i0.wp.com\/as-surques-escoeuilles.fr\/wp-content\/uploads\/2020\/02\/3eme_tour_2015_2016_2.png?resize=269%2C300&amp;ssl=1 269w, https:\/\/i0.wp.com\/as-surques-escoeuilles.fr\/wp-content\/uploads\/2020\/02\/3eme_tour_2015_2016_2.png?resize=600%2C669&amp;ssl=1 600w\" sizes=\"(max-width: 637px) 100vw, 637px\" data-recalc-dims=\"1\" \/><figcaption>2015-2016 : accession au 4\u00e8me tour de Coupe de France sur tapis vert (La voix du Nord)<\/figcaption><\/figure>\n\n\n\n<figure class=\"wp-block-image size-large\"><img data-attachment-id=\"4015\" data-permalink=\"https:\/\/as-surques-escoeuilles.fr\/index.php\/projet-associatif-revue-de-presse\/attachment\/001\/\" data-orig-file=\"https:\/\/i0.wp.com\/as-surques-escoeuilles.fr\/wp-content\/uploads\/2020\/02\/001-scaled.jpg?fit=2560%2C1555&amp;ssl=1\" data-orig-size=\"2560,1555\" data-comments-opened=\"1\" data-image-meta=\"{&quot;aperture&quot;:&quot;0&quot;,&quot;credit&quot;:&quot;&quot;,&quot;camera&quot;:&quot;&quot;,&quot;caption&quot;:&quot;&quot;,&quot;created_timestamp&quot;:&quot;0&quot;,&quot;copyright&quot;:&quot;&quot;,&quot;focal_length&quot;:&quot;0&quot;,&quot;iso&quot;:&quot;0&quot;,&quot;shutter_speed&quot;:&quot;0&quot;,&quot;title&quot;:&quot;&quot;,&quot;orientation&quot;:&quot;0&quot;}\" data-image-title=\"001\" data-image-description=\"\" data-image-caption=\"\" data-medium-file=\"https:\/\/i0.wp.com\/as-surques-escoeuilles.fr\/wp-content\/uploads\/2020\/02\/001-scaled.jpg?fit=300%2C182&amp;ssl=1\" data-large-file=\"https:\/\/i0.wp.com\/as-surques-escoeuilles.fr\/wp-content\/uploads\/2020\/02\/001-scaled.jpg?fit=800%2C486&amp;ssl=1\" loading=\"lazy\" width=\"2560\" height=\"1555\" src=\"https:\/\/i1.wp.com\/as-surques-escoeuilles.fr\/wp-content\/uploads\/2020\/02\/001-scaled.jpg?fit=1024%2C622&amp;ssl=1\" alt=\"\" class=\"wp-image-4015\" srcset=\"https:\/\/i0.wp.com\/as-surques-escoeuilles.fr\/wp-content\/uploads\/2020\/02\/001-scaled.jpg?w=2560&amp;ssl=1 2560w, https:\/\/i0.wp.com\/as-surques-escoeuilles.fr\/wp-content\/uploads\/2020\/02\/001-scaled.jpg?resize=300%2C182&amp;ssl=1 300w, https:\/\/i0.wp.com\/as-surques-escoeuilles.fr\/wp-content\/uploads\/2020\/02\/001-scaled.jpg?resize=1024%2C622&amp;ssl=1 1024w, https:\/\/i0.wp.com\/as-surques-escoeuilles.fr\/wp-content\/uploads\/2020\/02\/001-scaled.jpg?resize=768%2C467&amp;ssl=1 768w, https:\/\/i0.wp.com\/as-surques-escoeuilles.fr\/wp-content\/uploads\/2020\/02\/001-scaled.jpg?resize=1536%2C933&amp;ssl=1 1536w, https:\/\/i0.wp.com\/as-surques-escoeuilles.fr\/wp-content\/uploads\/2020\/02\/001-scaled.jpg?resize=2048%2C1244&amp;ssl=1 2048w, https:\/\/i0.wp.com\/as-surques-escoeuilles.fr\/wp-content\/uploads\/2020\/02\/001-scaled.jpg?resize=600%2C364&amp;ssl=1 600w, https:\/\/i0.wp.com\/as-surques-escoeuilles.fr\/wp-content\/uploads\/2020\/02\/001-scaled.jpg?w=1600&amp;ssl=1 1600w, https:\/\/i0.wp.com\/as-surques-escoeuilles.fr\/wp-content\/uploads\/2020\/02\/001-scaled.jpg?w=2400&amp;ssl=1 2400w\" sizes=\"(max-width: 800px) 100vw, 800px\" \/><figcaption>2015-2016 : reprise S\u00e9niors (L&rsquo;ind\u00e9pendant)<\/figcaption><\/figure>\n\n\n\n<figure class=\"wp-block-image size-large\"><img data-attachment-id=\"4020\" data-permalink=\"https:\/\/as-surques-escoeuilles.fr\/index.php\/projet-associatif-revue-de-presse\/2010_vestiaires\/\" data-orig-file=\"https:\/\/i0.wp.com\/as-surques-escoeuilles.fr\/wp-content\/uploads\/2020\/02\/2010_vestiaires.jpg?fit=911%2C360&amp;ssl=1\" data-orig-size=\"911,360\" data-comments-opened=\"1\" data-image-meta=\"{&quot;aperture&quot;:&quot;0&quot;,&quot;credit&quot;:&quot;Beno\\u00eet Fortin&quot;,&quot;camera&quot;:&quot;&quot;,&quot;caption&quot;:&quot;&quot;,&quot;created_timestamp&quot;:&quot;1567537055&quot;,&quot;copyright&quot;:&quot;&quot;,&quot;focal_length&quot;:&quot;0&quot;,&quot;iso&quot;:&quot;0&quot;,&quot;shutter_speed&quot;:&quot;0&quot;,&quot;title&quot;:&quot;&quot;,&quot;orientation&quot;:&quot;0&quot;}\" data-image-title=\"2010_vestiaires\" data-image-description=\"\" data-image-caption=\"\" data-medium-file=\"https:\/\/i0.wp.com\/as-surques-escoeuilles.fr\/wp-content\/uploads\/2020\/02\/2010_vestiaires.jpg?fit=300%2C119&amp;ssl=1\" data-large-file=\"https:\/\/i0.wp.com\/as-surques-escoeuilles.fr\/wp-content\/uploads\/2020\/02\/2010_vestiaires.jpg?fit=800%2C316&amp;ssl=1\" loading=\"lazy\" width=\"800\" height=\"316\" src=\"https:\/\/i0.wp.com\/as-surques-escoeuilles.fr\/wp-content\/uploads\/2020\/02\/2010_vestiaires.jpg?resize=800%2C316&#038;ssl=1\" alt=\"\" class=\"wp-image-4020\" srcset=\"https:\/\/i0.wp.com\/as-surques-escoeuilles.fr\/wp-content\/uploads\/2020\/02\/2010_vestiaires.jpg?w=911&amp;ssl=1 911w, https:\/\/i0.wp.com\/as-surques-escoeuilles.fr\/wp-content\/uploads\/2020\/02\/2010_vestiaires.jpg?resize=300%2C119&amp;ssl=1 300w, https:\/\/i0.wp.com\/as-surques-escoeuilles.fr\/wp-content\/uploads\/2020\/02\/2010_vestiaires.jpg?resize=768%2C303&amp;ssl=1 768w, https:\/\/i0.wp.com\/as-surques-escoeuilles.fr\/wp-content\/uploads\/2020\/02\/2010_vestiaires.jpg?resize=600%2C237&amp;ssl=1 600w\" sizes=\"(max-width: 800px) 100vw, 800px\" data-recalc-dims=\"1\" \/><figcaption>2010 : Inauguration des vestiaires et du club-house<\/figcaption><\/figure>\n","protected":false},"excerpt":{"rendered":"","protected":false},"author":1,"featured_media":0,"parent":0,"menu_order":0,"comment_status":"closed","ping_status":"closed","template":"","meta":{"ngg_post_thumbnail":0,"jetpack_post_was_ever_published":false},"jetpack_sharing_enabled":true,"jetpack_shortlink":"https:\/\/wp.me\/P8dhOI-12J","jetpack-related-posts":[{"id":4434,"url":"https:\/\/as-surques-escoeuilles.fr\/index.php\/projet-associatif-memorange\/","url_meta":{"origin":4013,"position":0},"title":"Projet associatif : M\u00e9m&rsquo;Orange","date":"20 juin 2020","format":false,"excerpt":"L'ASSE est toujours tourn\u00e9e vers l'avenir. Mais nous n'oublions jamais d'o\u00f9 vient le club. En 2021, Cl\u00e9mence, en permis citoyen, a pu travailler sur les archives du club. Bien qu'incompl\u00e8tes, ces archives ont permis de commencer \u00e0 \u00e9toffer l'\u00e9chelle de l'histoire ASS. Vous pouvez naviguer entre les diff\u00e9rents \u00e9l\u00e9ments interactifs\u2026","rel":"","context":"Article similaire","img":{"alt_text":"","src":"","width":0,"height":0},"classes":[]},{"id":2882,"url":"https:\/\/as-surques-escoeuilles.fr\/index.php\/actions-du-club\/","url_meta":{"origin":4013,"position":1},"title":"Projet Club","date":"14 septembre 2019","format":false,"excerpt":"Retrouvez les actions men\u00e9es au sein du club : Projet Associatif :Plan de formation des \u00e9ducateurs et b\u00e9n\u00e9voles : http:\/\/as-surques-escoeuilles.fr\/index.php\/plan-de-formation\/ Promotion du football F\u00e9minin : http:\/\/as-surques-escoeuilles.fr\/index.php\/actions-du-club\/promotion-du-football-feminin\/Fid\u00e9lisation des licenci\u00e9s de l'\u00e9cole de foot : Arbre de Noel : http:\/\/as-surques-escoeuilles.fr\/index.php\/manifestations\/1216-2\/Projet Educatif :Programme \u00e9ducatif f\u00e9d\u00e9ral : http:\/\/as-surques-escoeuilles.fr\/index.php\/programme-educatif-federal\/Troc' Foot : http:\/\/as-surques-escoeuilles.fr\/index.php\/vie-du-club\/trocfoot\/","rel":"","context":"Article similaire","img":{"alt_text":"","src":"","width":0,"height":0},"classes":[]},{"id":4145,"url":"https:\/\/as-surques-escoeuilles.fr\/index.php\/elementor-4145\/","url_meta":{"origin":4013,"position":2},"title":"Projet associatif : renforcer la qualit\u00e9 d&rsquo;accueil","date":"13 mars 2020","format":false,"excerpt":"Depuis 2019, le club a fait de la qualit\u00e9 d'accueil sur nos infrastructures un axe de d\u00e9veloppement majeur du projet associatif. Projet phare de la p\u00e9riode 2019-2020, il aboutira \u00e0 la mise \u00e0 disposition de licenci\u00e9s de deux terrains herbes et de conditions d'entrainement optimales. Ces actions concernent notamment :\u2026","rel":"","context":"Article similaire","img":{"alt_text":"","src":"","width":0,"height":0},"classes":[]},{"id":3287,"url":"https:\/\/as-surques-escoeuilles.fr\/index.php\/actions-du-club\/plan-de-formation\/","url_meta":{"origin":4013,"position":3},"title":"Plan de formation","date":"7 d\u00e9cembre 2019","format":false,"excerpt":"L'association se d\u00e9veloppe au fil des ann\u00e9es. Avec toutes les cat\u00e9gories repr\u00e9sent\u00e9es, le club a volontairement mis l'accent cette ann\u00e9e sur le parcours de formation des diff\u00e9rents \u00e9ducateurs. Cette page recense l'ensemble de nos \u00e9ducateurs et b\u00e9n\u00e9voles certifi\u00e9s ou diplom\u00e9s qui se forment sur le temps libre : Beno\u00eet FORTIN\u2026","rel":"","context":"Article similaire","img":{"alt_text":"","src":"https:\/\/i0.wp.com\/as-surques-escoeuilles.fr\/wp-content\/uploads\/2020\/03\/received_29185694915635766418348361027397801-scaled.jpeg?resize=350%2C200&ssl=1","width":350,"height":200},"classes":[]},{"id":4815,"url":"https:\/\/as-surques-escoeuilles.fr\/index.php\/projet-educatif-pef-confinement\/","url_meta":{"origin":4013,"position":4},"title":"Projet \u00e9ducatif : PEF-confinement","date":"4 novembre 2020","format":false,"excerpt":"Retrouvez les actions \u00e9ducatives effectu\u00e9es m\u00eame pendant le confinement :) L'ensemble des actions confin\u00e9es est \u00e0 retrouver sur la page sp\u00e9ciale : https:\/\/pef-asse.over-blog.com https:\/\/youtu.be\/jgzPq0NvrxQ","rel":"","context":"Article similaire","img":{"alt_text":"","src":"https:\/\/i0.wp.com\/img.youtube.com\/vi\/jgzPq0NvrxQ\/0.jpg?resize=350%2C200","width":350,"height":200},"classes":[]},{"id":101,"url":"https:\/\/as-surques-escoeuilles.fr\/index.php\/forum-du-club\/","url_meta":{"origin":4013,"position":5},"title":"Forum du club","date":"17 d\u00e9cembre 2016","format":false,"excerpt":"[forum]","rel":"","context":"Article similaire","img":{"alt_text":"","src":"","width":0,"height":0},"classes":[]}],"_links":{"self":[{"href":"https:\/\/as-surques-escoeuilles.fr\/index.php\/wp-json\/wp\/v2\/pages\/4013"}],"collection":[{"href":"https:\/\/as-surques-escoeuilles.fr\/index.php\/wp-json\/wp\/v2\/pages"}],"about":[{"href":"https:\/\/as-surques-escoeuilles.fr\/index.php\/wp-json\/wp\/v2\/types\/page"}],"author":[{"embeddable":true,"href":"https:\/\/as-surques-escoeuilles.fr\/index.php\/wp-json\/wp\/v2\/users\/1"}],"replies":[{"embeddable":true,"href":"https:\/\/as-surques-escoeuilles.fr\/index.php\/wp-json\/wp\/v2\/comments?post=4013"}],"version-history":[{"count":1,"href":"https:\/\/as-surques-escoeuilles.fr\/index.php\/wp-json\/wp\/v2\/pages\/4013\/revisions"}],"predecessor-version":[{"id":4523,"href":"https:\/\/as-surques-escoeuilles.fr\/index.php\/wp-json\/wp\/v2\/pages\/4013\/revisions\/4523"}],"wp:attachment":[{"href":"https:\/\/as-surques-escoeuilles.fr\/index.php\/wp-json\/wp\/v2\/media?parent=4013"}],"curies":[{"name":"wp","href":"https:\/\/api.w.org\/{rel}","templated":true}]}}