{"id":446,"date":"2017-06-13T08:51:01","date_gmt":"2017-06-13T06:51:01","guid":{"rendered":"http:\/\/as-surques-escoeuilles.fr\/?page_id=446"},"modified":"2022-06-10T10:45:04","modified_gmt":"2022-06-10T08:45:04","slug":"tarifs-licence","status":"publish","type":"page","link":"https:\/\/as-surques-escoeuilles.fr\/index.php\/vie-du-club\/tarifs-licence\/","title":{"rendered":"Tarifs licence"},"content":{"rendered":"<p>Voici les tarifs de licence <strong>2021\/2022<\/strong>:<\/p>\n\n\n<figure class=\"wp-block-table aligncenter\"><table><tbody><tr><td>Cat\u00e9gories<\/td><td>Prix<\/td><\/tr><tr><td>Mini-foot (fin 2019) -U5 (2018) \u00e0 U13 (2009)<\/td><td>30\u20ac*<\/td><\/tr><tr><td><strong>Foot \u00e0 11 et \/ou avec frais d&rsquo;arbitrage :<\/strong><\/td><td><\/td><\/tr><tr><td>U14 (2009) \u00e0 U17 (2006)<\/td><td>50\u20ac*<\/td><\/tr><tr><td>U18 et S\u00e9niors H et F (2005 et avant)<\/td><td>65\u20ac<\/td><\/tr><tr><td><\/td><td><\/td><\/tr><\/tbody><\/table><\/figure>\n\n\n\n<p><em> *Une r\u00e9duction de 5\u20ac est appliqu\u00e9e en cas de multiples licences pour les enfants issus d&rsquo;une m\u00eame famille (exemple : 1er enfant 30\u20ac, 2\u00e8me 25\u20ac, 3\u00e8me 20\u20ac<\/em>). <\/p>\n\n\n\n<p>Pour les joueurs \/ \u00e9ducateurs transf\u00e9r\u00e9s, l&rsquo;indemnit\u00e9 de transfert est r\u00e9gl\u00e9e par l&rsquo;ASSE. Cependant, afin d&rsquo;\u00e9viter tout litige dans la premi\u00e8re ann\u00e9e de souscription, un ch\u00e8que de caution du montant des frais de transferts est exig\u00e9 \u00e0 la licence. <strong><span style=\"text-decoration: underline;\">Ce ch\u00e8que n&rsquo;est pas encaiss\u00e9, il s&rsquo;agit d&rsquo;une garantie d&rsquo;adh\u00e9sion \u00e0 l&rsquo;association sans d\u00e9part \u00e0 court terme (voir r\u00e8glement int\u00e9rieur pour plus de d\u00e9tails).<\/span><\/strong> Ci-dessous les montants du ch\u00e8que de caution selon votre \u00e2ge :<\/p>\n\n\n\n<figure class=\"wp-block-image\"><img data-attachment-id=\"2582\" data-permalink=\"https:\/\/as-surques-escoeuilles.fr\/index.php\/vie-du-club\/tarifs-licence\/capture-11\/\" data-orig-file=\"https:\/\/i0.wp.com\/as-surques-escoeuilles.fr\/wp-content\/uploads\/2019\/05\/Capture.jpg?fit=533%2C535&amp;ssl=1\" data-orig-size=\"533,535\" data-comments-opened=\"1\" data-image-meta=\"{&quot;aperture&quot;:&quot;0&quot;,&quot;credit&quot;:&quot;Beno\\u00eet Fortin&quot;,&quot;camera&quot;:&quot;&quot;,&quot;caption&quot;:&quot;&quot;,&quot;created_timestamp&quot;:&quot;1558102877&quot;,&quot;copyright&quot;:&quot;&quot;,&quot;focal_length&quot;:&quot;0&quot;,&quot;iso&quot;:&quot;0&quot;,&quot;shutter_speed&quot;:&quot;0&quot;,&quot;title&quot;:&quot;&quot;,&quot;orientation&quot;:&quot;0&quot;}\" data-image-title=\"Capture\" data-image-description=\"\" data-image-caption=\"\" data-medium-file=\"https:\/\/i0.wp.com\/as-surques-escoeuilles.fr\/wp-content\/uploads\/2019\/05\/Capture.jpg?fit=300%2C300&amp;ssl=1\" data-large-file=\"https:\/\/i0.wp.com\/as-surques-escoeuilles.fr\/wp-content\/uploads\/2019\/05\/Capture.jpg?fit=533%2C535&amp;ssl=1\" fetchpriority=\"high\" width=\"533\" height=\"535\" src=\"https:\/\/i0.wp.com\/as-surques-escoeuilles.fr\/wp-content\/uploads\/2019\/05\/Capture.jpg?resize=533%2C535\" alt=\"\" class=\"wp-image-2582\" srcset=\"https:\/\/i0.wp.com\/as-surques-escoeuilles.fr\/wp-content\/uploads\/2019\/05\/Capture.jpg?w=533&amp;ssl=1 533w, https:\/\/i0.wp.com\/as-surques-escoeuilles.fr\/wp-content\/uploads\/2019\/05\/Capture.jpg?resize=150%2C150&amp;ssl=1 150w, https:\/\/i0.wp.com\/as-surques-escoeuilles.fr\/wp-content\/uploads\/2019\/05\/Capture.jpg?resize=300%2C300&amp;ssl=1 300w\" sizes=\"(max-width: 533px) 100vw, 533px\" data-recalc-dims=\"1\" \/><\/figure>\n","protected":false},"excerpt":{"rendered":"<p>Voici les tarifs de licence 2021\/2022: Cat\u00e9gories Prix Mini-foot (fin 2019) -U5 (2018) \u00e0 U13 (2009) 30\u20ac* Foot \u00e0 11<\/p>\n","protected":false},"author":1,"featured_media":0,"parent":67,"menu_order":0,"comment_status":"closed","ping_status":"closed","template":"","meta":{"ngg_post_thumbnail":0,"jetpack_post_was_ever_published":false},"jetpack_sharing_enabled":true,"jetpack_shortlink":"https:\/\/wp.me\/P8dhOI-7c","jetpack-related-posts":[{"id":445,"url":"https:\/\/as-surques-escoeuilles.fr\/index.php\/vie-du-club\/demander-une-licence\/","url_meta":{"origin":446,"position":0},"title":"Demander une licence","date":"13 juin 2017","format":false,"excerpt":"La demande de licence est d\u00e9mat\u00e9rialis\u00e9e pour les renouvellements, c'est-\u00e0-dire que c'est le licenci\u00e9 lui-m\u00eame qui valide sa demande de licence en ligne. Le mail de renouvellement a \u00e9t\u00e9 envoy\u00e9 le 2 juin 2021 Attention : la proc\u00e9dure habituelle par papier est conserv\u00e9e pour les changements de club et les\u2026","rel":"","context":"Article similaire","img":{"alt_text":"","src":"https:\/\/i0.wp.com\/as-surques-escoeuilles.fr\/wp-content\/uploads\/2017\/06\/licence2.jpg?resize=350%2C200","width":350,"height":200},"classes":[]},{"id":1520,"url":"https:\/\/as-surques-escoeuilles.fr\/index.php\/1520-2\/","url_meta":{"origin":446,"position":1},"title":"S\u00e9niors f\u00e9minines","date":"2 juillet 2018","format":false,"excerpt":"En 2020\/2021, l'\u00e9quipe s\u00e9niors F\u00e9minines (\u00e0 partir de 17 ans) \u00e9volue en championnat \u00e0 8. Elle \u00e9volue \u00e9galement l'hiver dans un championnat Futsal avec deux \u00e9quipes engag\u00e9es ! N'h\u00e9sitez pas \u00e0 venir nous rejoindre pour partager les joies du football. Encadrement de la section par Virginie RAMET (07-77-30-10-51).\u00a0 Les entra\u00eenements\u2026","rel":"","context":"Article similaire","img":{"alt_text":"","src":"https:\/\/i0.wp.com\/as-surques-escoeuilles.fr\/wp-content\/uploads\/2018\/10\/44232017_1908285092553982_3386028379374354432_n.jpg?resize=350%2C200&ssl=1","width":350,"height":200},"classes":[]},{"id":1315,"url":"https:\/\/as-surques-escoeuilles.fr\/index.php\/vie-du-club\/imposition-benevoles\/","url_meta":{"origin":446,"position":2},"title":"Imposition b\u00e9n\u00e9voles","date":"8 mai 2018","format":false,"excerpt":"Les d\u00e9clarations pour les imp\u00f4ts sur le revenu sont \u00e0 effectuer entre le 12 Mai et le 14 Juin, vous trouverez ci-dessous les documents relatifs \u00e0 un abandon de droit \u00e0 remboursement des frais kilom\u00e9triques... Plusieurs choses \u00e0 savoir :- cela concerne uniquement les \u00e9ducateurs et\u00a0 les dirigeants (un joueur\u2026","rel":"","context":"Article similaire","img":{"alt_text":"","src":"","width":0,"height":0},"classes":[]},{"id":2355,"url":"https:\/\/as-surques-escoeuilles.fr\/index.php\/actions-du-club\/programme-educatif-federal\/","url_meta":{"origin":446,"position":3},"title":"Programme educatif federal","date":"13 f\u00e9vrier 2019","format":false,"excerpt":"L' ASSE est engag\u00e9 depuis de nombreuses ann\u00e9es dans le Programme Educatif F\u00e9d\u00e9ral, autour de 6 th\u00e8mes : Sant\u00e9Septembre 2019 : \"Faire son sac pour les U6\/U7\" Engagement citoyenD\u00e9cembre 2019 : Collecte de dons pour les restos du coeurEnvironnement Octobre 2019 : U9 : tri des d\u00e9chets Septembre 2019 :\u2026","rel":"","context":"Dans &quot;Non class\u00e9&quot;","img":{"alt_text":"","src":"","width":0,"height":0},"classes":[]},{"id":65,"url":"https:\/\/as-surques-escoeuilles.fr\/index.php\/categories\/mini-foot\/","url_meta":{"origin":446,"position":4},"title":"Mini-foot","date":"17 d\u00e9cembre 2016","format":false,"excerpt":"Mini-foot et U6\/U7 Venez faire d\u00e9couvrir l'effort physique, le sport en groupe \u00e0 votre enfant et l'initier aux plaisirs du foot d\u00e8s son plus jeune \u00e2ge. Motricit\u00e9 et jeux seront au programme de chaque s\u00e9ance ! Les s\u00e9ances ont lieu pendant les cr\u00e9neaux d'\u00e9cole de foot, le mercredi de 14h00\u2026","rel":"","context":"Dans &quot;Non class\u00e9&quot;","img":{"alt_text":"","src":"https:\/\/i0.wp.com\/as-surques-escoeuilles.fr\/wp-content\/uploads\/2019\/12\/u6site-1024x603.jpg?resize=350%2C200&ssl=1","width":350,"height":200},"classes":[]},{"id":3674,"url":"https:\/\/as-surques-escoeuilles.fr\/index.php\/programme-educatif-federal\/","url_meta":{"origin":446,"position":5},"title":"Programme Educatif F\u00e9d\u00e9ral","date":"27 d\u00e9cembre 2019","format":false,"excerpt":"Depuis de nombreuses ann\u00e9es, l'ASSE est engag\u00e9e dans la mise en oeuvre du programme \u00e9ducatif f\u00e9d\u00e9ral de la FFF. Ce programme vise \u00e0 inculquer aux jeunes licenci\u00e9s de 5 \u00e0 18 ans les valeurs du football : PLAISIR\u00a0\u00a0\u00a0\u00a0 RESPECT\u00a0\u00a0\u00a0\u00a0 ENGAGEMENT\u00a0\u00a0\u00a0\u00a0 TOLERANCE\u00a0\u00a0\u00a0 SOLIDARITEpar l'apprentissage de r\u00e8gles (de vie et de jeu)\u2026","rel":"","context":"Article similaire","img":{"alt_text":"","src":"","width":0,"height":0},"classes":[]}],"_links":{"self":[{"href":"https:\/\/as-surques-escoeuilles.fr\/index.php\/wp-json\/wp\/v2\/pages\/446"}],"collection":[{"href":"https:\/\/as-surques-escoeuilles.fr\/index.php\/wp-json\/wp\/v2\/pages"}],"about":[{"href":"https:\/\/as-surques-escoeuilles.fr\/index.php\/wp-json\/wp\/v2\/types\/page"}],"author":[{"embeddable":true,"href":"https:\/\/as-surques-escoeuilles.fr\/index.php\/wp-json\/wp\/v2\/users\/1"}],"replies":[{"embeddable":true,"href":"https:\/\/as-surques-escoeuilles.fr\/index.php\/wp-json\/wp\/v2\/comments?post=446"}],"version-history":[{"count":7,"href":"https:\/\/as-surques-escoeuilles.fr\/index.php\/wp-json\/wp\/v2\/pages\/446\/revisions"}],"predecessor-version":[{"id":5734,"href":"https:\/\/as-surques-escoeuilles.fr\/index.php\/wp-json\/wp\/v2\/pages\/446\/revisions\/5734"}],"up":[{"embeddable":true,"href":"https:\/\/as-surques-escoeuilles.fr\/index.php\/wp-json\/wp\/v2\/pages\/67"}],"wp:attachment":[{"href":"https:\/\/as-surques-escoeuilles.fr\/index.php\/wp-json\/wp\/v2\/media?parent=446"}],"curies":[{"name":"wp","href":"https:\/\/api.w.org\/{rel}","templated":true}]}}