{"id":45,"date":"2016-12-17T10:21:19","date_gmt":"2016-12-17T09:21:19","guid":{"rendered":"http:\/\/as-surques-escoeuilles.fr\/?page_id=45"},"modified":"2021-08-09T15:53:57","modified_gmt":"2021-08-09T13:53:57","slug":"u18","status":"publish","type":"page","link":"https:\/\/as-surques-escoeuilles.fr\/index.php\/categories\/u18\/","title":{"rendered":"U17"},"content":{"rendered":"<p>L&rsquo;\u00e9quipe des U17 est en entente avec Alquines, mais les entra\u00eenements et comp\u00e9titions ont lieu au stade de l&rsquo;ASSE. Les \u00e9ducateurs sont Maxime&nbsp; Clabaux, Augustin Miellot et Julien Lamare.<\/p>\n<p>Les entra\u00eenements ont lieu le mercredi \u00e0 17hOO ou le samedi&nbsp; en p\u00e9riode hivernale \u00e0 la salle de Licques (cr\u00e9neau \u00e0 d\u00e9finir) et au synth\u00e9tique de Lumbres.<\/p>\n<p>&nbsp;<\/p>\n","protected":false},"excerpt":{"rendered":"<p>L&rsquo;\u00e9quipe des U17 est en entente avec Alquines, mais les entra\u00eenements et comp\u00e9titions ont lieu au stade de l&rsquo;ASSE. Les<\/p>\n","protected":false},"author":1,"featured_media":0,"parent":38,"menu_order":0,"comment_status":"closed","ping_status":"closed","template":"","meta":{"ngg_post_thumbnail":0,"jetpack_post_was_ever_published":false},"jetpack_sharing_enabled":true,"jetpack_shortlink":"https:\/\/wp.me\/P8dhOI-J","jetpack-related-posts":[{"id":664,"url":"https:\/\/as-surques-escoeuilles.fr\/index.php\/categories\/seniors-2\/entrainements\/","url_meta":{"origin":45,"position":0},"title":"Entra\u00eenements","date":"19 octobre 2017","format":false,"excerpt":"\u00a0Au printemps jusque l'automne, les entra\u00eenements du groupe s\u00e9niors ont lieu les mercredi et vendredi de 19h00 \u00e0 20h45 au stade communal. Le planning est donn\u00e9 ci-dessous : \u00a0 En p\u00e9riode hivernale, deux sortes de cr\u00e9neaux seront allou\u00e9s : le mercredi soir \u00e0 la salle intercommunale de Licques de 19h00\u2026","rel":"","context":"Article similaire","img":{"alt_text":"","src":"","width":0,"height":0},"classes":[]},{"id":40,"url":"https:\/\/as-surques-escoeuilles.fr\/index.php\/categories\/seniors-2\/","url_meta":{"origin":45,"position":1},"title":"S\u00e9niors","date":"17 d\u00e9cembre 2016","format":false,"excerpt":"Trois \u00e9quipes s\u00e9niors sont engag\u00e9es en 2022\/2023: une \u00e9quipe en D2 , dirig\u00e9e par Pierre Telliez une \u00e9quipe en D5 une \u00e9quipe en D7, dirig\u00e9e par Dany et Joan Merlin La structure d'encadrement se compose \u00e9galement de : Ren\u00e9 DELRUE, pr\u00e9parateur physique Olivier DESOMBRE, entra\u00eeneur adjoint sp\u00e9cifique attaquants Antonin BEAUVIR\u2026","rel":"","context":"Article similaire","img":{"alt_text":"","src":"","width":0,"height":0},"classes":[]},{"id":51,"url":"https:\/\/as-surques-escoeuilles.fr\/index.php\/categories\/u16\/","url_meta":{"origin":45,"position":2},"title":"U15","date":"17 d\u00e9cembre 2016","format":false,"excerpt":"Cette saison, une \u00e9quipe est engag\u00e9e en U15 D2. Les \u00e9ducateurs sont Philippe HAVART, S\u00e9bastien SPECQ et Olivier DESOMBRE. Les entra\u00eenements ont lieu le mercredi apr\u00e8s-midi au stade, mais aussi sur le terrain synth\u00e9tique de Lumbres quand la m\u00e9t\u00e9o ne le permet pas. \u00a0","rel":"","context":"Article similaire","img":{"alt_text":"","src":"","width":0,"height":0},"classes":[]},{"id":57,"url":"https:\/\/as-surques-escoeuilles.fr\/index.php\/categories\/57-2\/","url_meta":{"origin":45,"position":3},"title":"U11","date":"17 d\u00e9cembre 2016","format":false,"excerpt":"Deux \u00e9quipes U11 seront engag\u00e9es en 2020\/2021 et encadr\u00e9es par : Maxime Desombre, Educateur F\u00e9d\u00e9ral Bruno Ducrocq Laurine Allexandre Pascal Desombre Les entra\u00eenements ont lieu le mercredi de 16h00 \u00e0 17h15 au stade, et en p\u00e9riode hivernale le samedi \u00e0 la salle de Licques \u00a0 Ci dessous le calendrier du\u2026","rel":"","context":"Article similaire","img":{"alt_text":"","src":"https:\/\/i0.wp.com\/as-surques-escoeuilles.fr\/wp-content\/uploads\/2020\/01\/u11-a.png?resize=350%2C200&ssl=1","width":350,"height":200},"classes":[]},{"id":61,"url":"https:\/\/as-surques-escoeuilles.fr\/index.php\/categories\/u8u9\/","url_meta":{"origin":45,"position":4},"title":"U8\/U9","date":"17 d\u00e9cembre 2016","format":false,"excerpt":"Dans cette cat\u00e9gorie, les enfants alternent les entrainements et les petits tournois toujours sous le signe du jeu et sans classements. Les entrainements ont lieu le mercredi de 14h \u00e0 15h15 et le samedi de 10h30 \u00e0 11h45 sur le terrain herbe,\u00a0 et en salle, sur synth\u00e9tique et city l'hiver.\u2026","rel":"","context":"Article similaire","img":{"alt_text":"","src":"https:\/\/i0.wp.com\/as-surques-escoeuilles.fr\/wp-content\/uploads\/2018\/10\/DSC_0064.jpg?resize=350%2C200&ssl=1","width":350,"height":200},"classes":[]},{"id":63,"url":"https:\/\/as-surques-escoeuilles.fr\/index.php\/categories\/u6u7\/","url_meta":{"origin":45,"position":5},"title":"U6\/U7","date":"17 d\u00e9cembre 2016","format":false,"excerpt":"Les entra\u00eenements ont lieu le mercredi de 14h00 \u00e0 15h15, le samedi de 10h30 \u00e0 11h15 et en p\u00e9riode hivernale, le samedi \u00e0 la salle de Licques, au synth\u00e9tique de Lumbres ou au city d'Escoeuilles. Le r\u00e9f\u00e9rent U6 est Hugo BOURRE et la r\u00e9f\u00e9rente U7 est Loreen RAMET. Educateurs 2021\/2022:\u2026","rel":"","context":"Article similaire","img":{"alt_text":"","src":"https:\/\/i0.wp.com\/as-surques-escoeuilles.fr\/wp-content\/uploads\/2019\/12\/u6site-1024x603.jpg?resize=350%2C200&ssl=1","width":350,"height":200},"classes":[]}],"_links":{"self":[{"href":"https:\/\/as-surques-escoeuilles.fr\/index.php\/wp-json\/wp\/v2\/pages\/45"}],"collection":[{"href":"https:\/\/as-surques-escoeuilles.fr\/index.php\/wp-json\/wp\/v2\/pages"}],"about":[{"href":"https:\/\/as-surques-escoeuilles.fr\/index.php\/wp-json\/wp\/v2\/types\/page"}],"author":[{"embeddable":true,"href":"https:\/\/as-surques-escoeuilles.fr\/index.php\/wp-json\/wp\/v2\/users\/1"}],"replies":[{"embeddable":true,"href":"https:\/\/as-surques-escoeuilles.fr\/index.php\/wp-json\/wp\/v2\/comments?post=45"}],"version-history":[{"count":2,"href":"https:\/\/as-surques-escoeuilles.fr\/index.php\/wp-json\/wp\/v2\/pages\/45\/revisions"}],"predecessor-version":[{"id":5272,"href":"https:\/\/as-surques-escoeuilles.fr\/index.php\/wp-json\/wp\/v2\/pages\/45\/revisions\/5272"}],"up":[{"embeddable":true,"href":"https:\/\/as-surques-escoeuilles.fr\/index.php\/wp-json\/wp\/v2\/pages\/38"}],"wp:attachment":[{"href":"https:\/\/as-surques-escoeuilles.fr\/index.php\/wp-json\/wp\/v2\/media?parent=45"}],"curies":[{"name":"wp","href":"https:\/\/api.w.org\/{rel}","templated":true}]}}