{"id":48,"date":"2016-12-17T10:25:58","date_gmt":"2016-12-17T09:25:58","guid":{"rendered":"http:\/\/as-surques-escoeuilles.fr\/?page_id=48"},"modified":"2020-06-11T17:23:32","modified_gmt":"2020-06-11T15:23:32","slug":"statistiques-personnelles-seniors","status":"publish","type":"page","link":"https:\/\/as-surques-escoeuilles.fr\/index.php\/categories\/seniors-2\/statistiques-personnelles-seniors\/","title":{"rendered":"Statistiques Personnelles S\u00e9niors"},"content":{"rendered":"","protected":true},"excerpt":{"rendered":"","protected":true},"author":1,"featured_media":0,"parent":40,"menu_order":0,"comment_status":"closed","ping_status":"closed","template":"","meta":{"ngg_post_thumbnail":0,"jetpack_post_was_ever_published":false},"jetpack_sharing_enabled":true,"jetpack_shortlink":"https:\/\/wp.me\/P8dhOI-M","jetpack-related-posts":[{"id":3686,"url":"https:\/\/as-surques-escoeuilles.fr\/index.php\/engagement-citoyen\/","url_meta":{"origin":48,"position":0},"title":"Engagement citoyen","date":"27 d\u00e9cembre 2019","format":false,"excerpt":"D\u00e9cembre 2021D\u00e9cembre 2021D\u00e9cembre 2021D\u00e9cembre 2020D\u00e9cembre 2019Janvier 2020 U6-U14 : No\u00ebl solidaire avec les enfants pauvres U6 : fabrication de goodies pour le t\u00e9l\u00e9thon U6-U14 : No\u00ebl solidaire avec les personnes \u00e2g\u00e9es Collecte solidaire pour les enfants Collecte de dons pour les restos du coeur Remise de dons au tournoi PEF","rel":"","context":"Article similaire","img":{"alt_text":"","src":"","width":0,"height":0},"classes":[]},{"id":1315,"url":"https:\/\/as-surques-escoeuilles.fr\/index.php\/vie-du-club\/imposition-benevoles\/","url_meta":{"origin":48,"position":1},"title":"Imposition b\u00e9n\u00e9voles","date":"8 mai 2018","format":false,"excerpt":"Les d\u00e9clarations pour les imp\u00f4ts sur le revenu sont \u00e0 effectuer entre le 12 Mai et le 14 Juin, vous trouverez ci-dessous les documents relatifs \u00e0 un abandon de droit \u00e0 remboursement des frais kilom\u00e9triques... Plusieurs choses \u00e0 savoir :- cela concerne uniquement les \u00e9ducateurs et\u00a0 les dirigeants (un joueur\u2026","rel":"","context":"Article similaire","img":{"alt_text":"","src":"","width":0,"height":0},"classes":[]},{"id":2355,"url":"https:\/\/as-surques-escoeuilles.fr\/index.php\/actions-du-club\/programme-educatif-federal\/","url_meta":{"origin":48,"position":2},"title":"Programme educatif federal","date":"13 f\u00e9vrier 2019","format":false,"excerpt":"L' ASSE est engag\u00e9 depuis de nombreuses ann\u00e9es dans le Programme Educatif F\u00e9d\u00e9ral, autour de 6 th\u00e8mes : Sant\u00e9Septembre 2019 : \"Faire son sac pour les U6\/U7\" Engagement citoyenD\u00e9cembre 2019 : Collecte de dons pour les restos du coeurEnvironnement Octobre 2019 : U9 : tri des d\u00e9chets Septembre 2019 :\u2026","rel":"","context":"Dans &quot;Non class\u00e9&quot;","img":{"alt_text":"","src":"","width":0,"height":0},"classes":[]},{"id":445,"url":"https:\/\/as-surques-escoeuilles.fr\/index.php\/vie-du-club\/demander-une-licence\/","url_meta":{"origin":48,"position":3},"title":"Demander une licence","date":"13 juin 2017","format":false,"excerpt":"La demande de licence est d\u00e9mat\u00e9rialis\u00e9e pour les renouvellements, c'est-\u00e0-dire que c'est le licenci\u00e9 lui-m\u00eame qui valide sa demande de licence en ligne. Le mail de renouvellement a \u00e9t\u00e9 envoy\u00e9 le 2 juin 2021 Attention : la proc\u00e9dure habituelle par papier est conserv\u00e9e pour les changements de club et les\u2026","rel":"","context":"Article similaire","img":{"alt_text":"","src":"https:\/\/i0.wp.com\/as-surques-escoeuilles.fr\/wp-content\/uploads\/2017\/06\/licence2.jpg?resize=350%2C200","width":350,"height":200},"classes":[]},{"id":61,"url":"https:\/\/as-surques-escoeuilles.fr\/index.php\/categories\/u8u9\/","url_meta":{"origin":48,"position":4},"title":"U8\/U9","date":"17 d\u00e9cembre 2016","format":false,"excerpt":"Dans cette cat\u00e9gorie, les enfants alternent les entrainements et les petits tournois toujours sous le signe du jeu et sans classements. Les entrainements ont lieu le mercredi de 14h \u00e0 15h15 et le samedi de 10h30 \u00e0 11h45 sur le terrain herbe,\u00a0 et en salle, sur synth\u00e9tique et city l'hiver.\u2026","rel":"","context":"Article similaire","img":{"alt_text":"","src":"https:\/\/i0.wp.com\/as-surques-escoeuilles.fr\/wp-content\/uploads\/2018\/10\/DSC_0064.jpg?resize=350%2C200&ssl=1","width":350,"height":200},"classes":[]},{"id":45,"url":"https:\/\/as-surques-escoeuilles.fr\/index.php\/categories\/u18\/","url_meta":{"origin":48,"position":5},"title":"U17","date":"17 d\u00e9cembre 2016","format":false,"excerpt":"L'\u00e9quipe des U17 est en entente avec Alquines, mais les entra\u00eenements et comp\u00e9titions ont lieu au stade de l'ASSE. Les \u00e9ducateurs sont Maxime\u00a0 Clabaux, Augustin Miellot et Julien Lamare. Les entra\u00eenements ont lieu le mercredi \u00e0 17hOO ou le samedi\u00a0 en p\u00e9riode hivernale \u00e0 la salle de Licques (cr\u00e9neau \u00e0\u2026","rel":"","context":"Article similaire","img":{"alt_text":"","src":"","width":0,"height":0},"classes":[]}],"_links":{"self":[{"href":"https:\/\/as-surques-escoeuilles.fr\/index.php\/wp-json\/wp\/v2\/pages\/48"}],"collection":[{"href":"https:\/\/as-surques-escoeuilles.fr\/index.php\/wp-json\/wp\/v2\/pages"}],"about":[{"href":"https:\/\/as-surques-escoeuilles.fr\/index.php\/wp-json\/wp\/v2\/types\/page"}],"author":[{"embeddable":true,"href":"https:\/\/as-surques-escoeuilles.fr\/index.php\/wp-json\/wp\/v2\/users\/1"}],"replies":[{"embeddable":true,"href":"https:\/\/as-surques-escoeuilles.fr\/index.php\/wp-json\/wp\/v2\/comments?post=48"}],"version-history":[{"count":2,"href":"https:\/\/as-surques-escoeuilles.fr\/index.php\/wp-json\/wp\/v2\/pages\/48\/revisions"}],"predecessor-version":[{"id":4367,"href":"https:\/\/as-surques-escoeuilles.fr\/index.php\/wp-json\/wp\/v2\/pages\/48\/revisions\/4367"}],"up":[{"embeddable":true,"href":"https:\/\/as-surques-escoeuilles.fr\/index.php\/wp-json\/wp\/v2\/pages\/40"}],"wp:attachment":[{"href":"https:\/\/as-surques-escoeuilles.fr\/index.php\/wp-json\/wp\/v2\/media?parent=48"}],"curies":[{"name":"wp","href":"https:\/\/api.w.org\/{rel}","templated":true}]}}