{"id":4815,"date":"2020-11-04T11:43:19","date_gmt":"2020-11-04T10:43:19","guid":{"rendered":"https:\/\/as-surques-escoeuilles.fr\/?page_id=4815"},"modified":"2020-11-25T20:14:06","modified_gmt":"2020-11-25T19:14:06","slug":"projet-educatif-pef-confinement","status":"publish","type":"page","link":"https:\/\/as-surques-escoeuilles.fr\/index.php\/projet-educatif-pef-confinement\/","title":{"rendered":"Projet \u00e9ducatif : PEF-confinement"},"content":{"rendered":"\n<p>Retrouvez les actions \u00e9ducatives effectu\u00e9es m\u00eame pendant le confinement \ud83d\ude42<\/p>\n\n\n\n<p>L&rsquo;ensemble des actions confin\u00e9es est \u00e0 retrouver sur la page sp\u00e9ciale : <br><a rel=\"noreferrer noopener\" href=\"https:\/\/pef-asse.over-blog.com\" target=\"_blank\">https:\/\/pef-asse.over-blog.com<\/a><\/p>\n\n\n\n<figure class=\"wp-block-embed-youtube wp-block-embed is-type-video is-provider-youtube wp-embed-aspect-16-9 wp-has-aspect-ratio\"><div class=\"wp-block-embed__wrapper\">\n<span class=\"embed-youtube\" style=\"text-align:center; display: block;\"><iframe class=\"youtube-player\" width=\"800\" height=\"450\" src=\"https:\/\/www.youtube.com\/embed\/jgzPq0NvrxQ?version=3&#038;rel=1&#038;showsearch=0&#038;showinfo=1&#038;iv_load_policy=1&#038;fs=1&#038;hl=fr-FR&#038;autohide=2&#038;wmode=transparent\" allowfullscreen=\"true\" style=\"border:0;\" sandbox=\"allow-scripts allow-same-origin allow-popups allow-presentation\"><\/iframe><\/span>\n<\/div><\/figure>\n\n\n\n<p><\/p>\n","protected":false},"excerpt":{"rendered":"<p>Retrouvez les actions \u00e9ducatives effectu\u00e9es m\u00eame pendant le confinement \ud83d\ude42 L&rsquo;ensemble des actions confin\u00e9es est \u00e0 retrouver sur la page<\/p>\n","protected":false},"author":1,"featured_media":0,"parent":0,"menu_order":0,"comment_status":"closed","ping_status":"closed","template":"","meta":{"ngg_post_thumbnail":0,"jetpack_post_was_ever_published":false},"jetpack_sharing_enabled":true,"jetpack_shortlink":"https:\/\/wp.me\/P8dhOI-1fF","jetpack-related-posts":[{"id":3686,"url":"https:\/\/as-surques-escoeuilles.fr\/index.php\/engagement-citoyen\/","url_meta":{"origin":4815,"position":0},"title":"Engagement citoyen","date":"27 d\u00e9cembre 2019","format":false,"excerpt":"D\u00e9cembre 2021D\u00e9cembre 2021D\u00e9cembre 2021D\u00e9cembre 2020D\u00e9cembre 2019Janvier 2020 U6-U14 : No\u00ebl solidaire avec les enfants pauvres U6 : fabrication de goodies pour le t\u00e9l\u00e9thon U6-U14 : No\u00ebl solidaire avec les personnes \u00e2g\u00e9es Collecte solidaire pour les enfants Collecte de dons pour les restos du coeur Remise de dons au tournoi PEF","rel":"","context":"Article similaire","img":{"alt_text":"","src":"","width":0,"height":0},"classes":[]},{"id":4013,"url":"https:\/\/as-surques-escoeuilles.fr\/index.php\/projet-associatif-revue-de-presse\/","url_meta":{"origin":4815,"position":1},"title":"Projet Associatif : Revue de presse","date":"17 f\u00e9vrier 2020","format":false,"excerpt":"2020-2021 : mise en valeur du projet associatif et \u00e9ducatif (La Voix Du Nord, lundi 13 juillet) 2020 2019-2020 : installation de la fontaine \u00e0 eau - L'ind\u00e9pendant - 26 mars 2020 2019-2020 : Reprise S\u00e9niors (L'Ind\u00e9pendant) Action PEF 2018-2019 : d\u00e9placement \u00e9co-responsable (La Voix du Nord) 2018-2019 - Reprise\u2026","rel":"","context":"Article similaire","img":{"alt_text":"","src":"https:\/\/i0.wp.com\/as-surques-escoeuilles.fr\/wp-content\/uploads\/2020\/07\/Screenshot_20200713_082625.jpg?resize=350%2C200&ssl=1","width":350,"height":200},"classes":[]},{"id":2882,"url":"https:\/\/as-surques-escoeuilles.fr\/index.php\/actions-du-club\/","url_meta":{"origin":4815,"position":2},"title":"Projet Club","date":"14 septembre 2019","format":false,"excerpt":"Retrouvez les actions men\u00e9es au sein du club : Projet Associatif :Plan de formation des \u00e9ducateurs et b\u00e9n\u00e9voles : http:\/\/as-surques-escoeuilles.fr\/index.php\/plan-de-formation\/ Promotion du football F\u00e9minin : http:\/\/as-surques-escoeuilles.fr\/index.php\/actions-du-club\/promotion-du-football-feminin\/Fid\u00e9lisation des licenci\u00e9s de l'\u00e9cole de foot : Arbre de Noel : http:\/\/as-surques-escoeuilles.fr\/index.php\/manifestations\/1216-2\/Projet Educatif :Programme \u00e9ducatif f\u00e9d\u00e9ral : http:\/\/as-surques-escoeuilles.fr\/index.php\/programme-educatif-federal\/Troc' Foot : http:\/\/as-surques-escoeuilles.fr\/index.php\/vie-du-club\/trocfoot\/","rel":"","context":"Article similaire","img":{"alt_text":"","src":"","width":0,"height":0},"classes":[]},{"id":2886,"url":"https:\/\/as-surques-escoeuilles.fr\/index.php\/actions-du-club\/promotion-du-football-feminin\/","url_meta":{"origin":4815,"position":3},"title":"Promotion du football F\u00e9minin","date":"14 septembre 2019","format":false,"excerpt":"L' ASSE n'a pas attendu l'essor du foot f\u00e9minin pour permettre aux filles de pratiquer ce sport. Depuis de nombreuses ann\u00e9es, les filles sont int\u00e9gr\u00e9es \u00e0 toutes les cat\u00e9gories, jusqu'aux dirigeantes. Depuis 2018, le club a pass\u00e9 un palier avec la cr\u00e9ation d'\u00e9quipes 100% f\u00e9minines (U13 et S\u00e9niors), ainsi que\u2026","rel":"","context":"Article similaire","img":{"alt_text":"","src":"https:\/\/i0.wp.com\/as-surques-escoeuilles.fr\/wp-content\/uploads\/2019\/09\/IMG_20190905_193908.jpg?resize=350%2C200&ssl=1","width":350,"height":200},"classes":[]},{"id":2878,"url":"https:\/\/as-surques-escoeuilles.fr\/index.php\/actions-du-club\/trocfoot\/","url_meta":{"origin":4815,"position":4},"title":"Troc&rsquo;Foot","date":"14 septembre 2019","format":false,"excerpt":"Depuis plusieurs ann\u00e9es, le club permet \u00e0 ses licenci\u00e9(e)s d'\u00e9changer ou de revendre les articles non utilis\u00e9s et encore en bon \u00e9tat. Faite au coeur du stade, tout le monde n'est pas au courant de cette initiative, et vous pouvez ainsi retrouver ici l'ensemble des articles disponibles avec photo et\u2026","rel":"","context":"Article similaire","img":{"alt_text":"","src":"https:\/\/i0.wp.com\/as-surques-escoeuilles.fr\/wp-content\/uploads\/2019\/09\/IMG_0187-e1568641293219.jpg?resize=350%2C200&ssl=1","width":350,"height":200},"classes":[]},{"id":2355,"url":"https:\/\/as-surques-escoeuilles.fr\/index.php\/actions-du-club\/programme-educatif-federal\/","url_meta":{"origin":4815,"position":5},"title":"Programme educatif federal","date":"13 f\u00e9vrier 2019","format":false,"excerpt":"L' ASSE est engag\u00e9 depuis de nombreuses ann\u00e9es dans le Programme Educatif F\u00e9d\u00e9ral, autour de 6 th\u00e8mes : Sant\u00e9Septembre 2019 : \"Faire son sac pour les U6\/U7\" Engagement citoyenD\u00e9cembre 2019 : Collecte de dons pour les restos du coeurEnvironnement Octobre 2019 : U9 : tri des d\u00e9chets Septembre 2019 :\u2026","rel":"","context":"Dans &quot;Non class\u00e9&quot;","img":{"alt_text":"","src":"","width":0,"height":0},"classes":[]}],"_links":{"self":[{"href":"https:\/\/as-surques-escoeuilles.fr\/index.php\/wp-json\/wp\/v2\/pages\/4815"}],"collection":[{"href":"https:\/\/as-surques-escoeuilles.fr\/index.php\/wp-json\/wp\/v2\/pages"}],"about":[{"href":"https:\/\/as-surques-escoeuilles.fr\/index.php\/wp-json\/wp\/v2\/types\/page"}],"author":[{"embeddable":true,"href":"https:\/\/as-surques-escoeuilles.fr\/index.php\/wp-json\/wp\/v2\/users\/1"}],"replies":[{"embeddable":true,"href":"https:\/\/as-surques-escoeuilles.fr\/index.php\/wp-json\/wp\/v2\/comments?post=4815"}],"version-history":[{"count":3,"href":"https:\/\/as-surques-escoeuilles.fr\/index.php\/wp-json\/wp\/v2\/pages\/4815\/revisions"}],"predecessor-version":[{"id":4840,"href":"https:\/\/as-surques-escoeuilles.fr\/index.php\/wp-json\/wp\/v2\/pages\/4815\/revisions\/4840"}],"wp:attachment":[{"href":"https:\/\/as-surques-escoeuilles.fr\/index.php\/wp-json\/wp\/v2\/media?parent=4815"}],"curies":[{"name":"wp","href":"https:\/\/api.w.org\/{rel}","templated":true}]}}