{"id":51,"date":"2016-12-17T10:29:02","date_gmt":"2016-12-17T09:29:02","guid":{"rendered":"http:\/\/as-surques-escoeuilles.fr\/?page_id=51"},"modified":"2021-08-09T15:52:43","modified_gmt":"2021-08-09T13:52:43","slug":"u16","status":"publish","type":"page","link":"https:\/\/as-surques-escoeuilles.fr\/index.php\/categories\/u16\/","title":{"rendered":"U15"},"content":{"rendered":"<p>Cette saison, une \u00e9quipe est engag\u00e9e en U15 D2.<\/p>\n<p>Les \u00e9ducateurs sont Philippe HAVART, S\u00e9bastien SPECQ et Olivier DESOMBRE.<\/p>\n<p>Les entra\u00eenements ont lieu le mercredi apr\u00e8s-midi au stade, mais aussi sur le terrain synth\u00e9tique de Lumbres quand la m\u00e9t\u00e9o ne le permet pas.<\/p>\n<p>&nbsp;<\/p>\n","protected":false},"excerpt":{"rendered":"<p>Cette saison, une \u00e9quipe est engag\u00e9e en U15 D2. Les \u00e9ducateurs sont Philippe HAVART, S\u00e9bastien SPECQ et Olivier DESOMBRE. Les<\/p>\n","protected":false},"author":1,"featured_media":0,"parent":38,"menu_order":0,"comment_status":"closed","ping_status":"closed","template":"","meta":{"ngg_post_thumbnail":0,"jetpack_post_was_ever_published":false},"jetpack_sharing_enabled":true,"jetpack_shortlink":"https:\/\/wp.me\/P8dhOI-P","jetpack-related-posts":[{"id":3287,"url":"https:\/\/as-surques-escoeuilles.fr\/index.php\/actions-du-club\/plan-de-formation\/","url_meta":{"origin":51,"position":0},"title":"Plan de formation","date":"7 d\u00e9cembre 2019","format":false,"excerpt":"L'association se d\u00e9veloppe au fil des ann\u00e9es. Avec toutes les cat\u00e9gories repr\u00e9sent\u00e9es, le club a volontairement mis l'accent cette ann\u00e9e sur le parcours de formation des diff\u00e9rents \u00e9ducateurs. Cette page recense l'ensemble de nos \u00e9ducateurs et b\u00e9n\u00e9voles certifi\u00e9s ou diplom\u00e9s qui se forment sur le temps libre : Beno\u00eet FORTIN\u2026","rel":"","context":"Article similaire","img":{"alt_text":"","src":"https:\/\/i0.wp.com\/as-surques-escoeuilles.fr\/wp-content\/uploads\/2020\/03\/received_29185694915635766418348361027397801-scaled.jpeg?resize=350%2C200&ssl=1","width":350,"height":200},"classes":[]},{"id":3696,"url":"https:\/\/as-surques-escoeuilles.fr\/index.php\/regles-du-jeu-et-arbitrage\/","url_meta":{"origin":51,"position":1},"title":"R\u00e8gles du jeu et arbitrage","date":"27 d\u00e9cembre 2019","format":false,"excerpt":"MArs2022Janvier 2022Mars 2021D\u00e9cembre 2020Ao\u00fbt 2020Septembre 2019Janvier 2020 U11 : arbitrage U15F : arbitrage en situation r\u00e9elle U13-U14F : biathlon technique U13 : quizz en ligne U15 : arbitrage \u00e0 11 U15 - U17 : arbitrage U11 : initiation \u00e0 l'arbitrage","rel":"","context":"Article similaire","img":{"alt_text":"","src":"","width":0,"height":0},"classes":[]},{"id":38,"url":"https:\/\/as-surques-escoeuilles.fr\/index.php\/categories\/","url_meta":{"origin":51,"position":2},"title":"Cat\u00e9gories","date":"17 d\u00e9cembre 2016","format":false,"excerpt":"Toutes les cat\u00e9gories sont repr\u00e9sent\u00e9es au sein de l'ASSE du mini-foot aux s\u00e9niors. Quel que soit votre \u00e2ge, venez trouvez votre bonheur dans notre association : Mini-Foot (moins de 5 ans) U6\/U7 U8\/U9 U11 U13 U15 U18 S\u00e9niors","rel":"","context":"Article similaire","img":{"alt_text":"","src":"","width":0,"height":0},"classes":[]},{"id":3670,"url":"https:\/\/as-surques-escoeuilles.fr\/index.php\/sante\/","url_meta":{"origin":51,"position":3},"title":"Sant\u00e9","date":"27 d\u00e9cembre 2019","format":false,"excerpt":"Janvier 2022Janvier 2022Janvier 2022Janvier 2022Septembre 2021Janvier 2021F\u00e9vrier 2020Janvier 2020Septembre 2019 U6\/U7 : les premiers secours U12\/U13 : pr\u00e9vention des blessures U12\/U13 : r\u00e9athl\u00e9tisation U12F\/U13F : Initiation aux gestes qui sauvent Ecole de foot : lacer ses chaussures U8-U9 : bien s'\u00e9quiper en d\u00e9but de saison U13 : prendre une douche\u2026","rel":"","context":"Article similaire","img":{"alt_text":"","src":"","width":0,"height":0},"classes":[]},{"id":2355,"url":"https:\/\/as-surques-escoeuilles.fr\/index.php\/actions-du-club\/programme-educatif-federal\/","url_meta":{"origin":51,"position":4},"title":"Programme educatif federal","date":"13 f\u00e9vrier 2019","format":false,"excerpt":"L' ASSE est engag\u00e9 depuis de nombreuses ann\u00e9es dans le Programme Educatif F\u00e9d\u00e9ral, autour de 6 th\u00e8mes : Sant\u00e9Septembre 2019 : \"Faire son sac pour les U6\/U7\" Engagement citoyenD\u00e9cembre 2019 : Collecte de dons pour les restos du coeurEnvironnement Octobre 2019 : U9 : tri des d\u00e9chets Septembre 2019 :\u2026","rel":"","context":"Dans &quot;Non class\u00e9&quot;","img":{"alt_text":"","src":"","width":0,"height":0},"classes":[]},{"id":3686,"url":"https:\/\/as-surques-escoeuilles.fr\/index.php\/engagement-citoyen\/","url_meta":{"origin":51,"position":5},"title":"Engagement citoyen","date":"27 d\u00e9cembre 2019","format":false,"excerpt":"D\u00e9cembre 2021D\u00e9cembre 2021D\u00e9cembre 2021D\u00e9cembre 2020D\u00e9cembre 2019Janvier 2020 U6-U14 : No\u00ebl solidaire avec les enfants pauvres U6 : fabrication de goodies pour le t\u00e9l\u00e9thon U6-U14 : No\u00ebl solidaire avec les personnes \u00e2g\u00e9es Collecte solidaire pour les enfants Collecte de dons pour les restos du coeur Remise de dons au tournoi PEF","rel":"","context":"Article similaire","img":{"alt_text":"","src":"","width":0,"height":0},"classes":[]}],"_links":{"self":[{"href":"https:\/\/as-surques-escoeuilles.fr\/index.php\/wp-json\/wp\/v2\/pages\/51"}],"collection":[{"href":"https:\/\/as-surques-escoeuilles.fr\/index.php\/wp-json\/wp\/v2\/pages"}],"about":[{"href":"https:\/\/as-surques-escoeuilles.fr\/index.php\/wp-json\/wp\/v2\/types\/page"}],"author":[{"embeddable":true,"href":"https:\/\/as-surques-escoeuilles.fr\/index.php\/wp-json\/wp\/v2\/users\/1"}],"replies":[{"embeddable":true,"href":"https:\/\/as-surques-escoeuilles.fr\/index.php\/wp-json\/wp\/v2\/comments?post=51"}],"version-history":[{"count":2,"href":"https:\/\/as-surques-escoeuilles.fr\/index.php\/wp-json\/wp\/v2\/pages\/51\/revisions"}],"predecessor-version":[{"id":5271,"href":"https:\/\/as-surques-escoeuilles.fr\/index.php\/wp-json\/wp\/v2\/pages\/51\/revisions\/5271"}],"up":[{"embeddable":true,"href":"https:\/\/as-surques-escoeuilles.fr\/index.php\/wp-json\/wp\/v2\/pages\/38"}],"wp:attachment":[{"href":"https:\/\/as-surques-escoeuilles.fr\/index.php\/wp-json\/wp\/v2\/media?parent=51"}],"curies":[{"name":"wp","href":"https:\/\/api.w.org\/{rel}","templated":true}]}}