{"id":57,"date":"2016-12-17T10:33:57","date_gmt":"2016-12-17T09:33:57","guid":{"rendered":"http:\/\/as-surques-escoeuilles.fr\/?page_id=57"},"modified":"2020-07-06T21:50:53","modified_gmt":"2020-07-06T19:50:53","slug":"57-2","status":"publish","type":"page","link":"https:\/\/as-surques-escoeuilles.fr\/index.php\/categories\/57-2\/","title":{"rendered":"U11"},"content":{"rendered":"<p><a href=\"https:\/\/i0.wp.com\/as-surques-escoeuilles.fr\/wp-content\/uploads\/2018\/09\/received_340729106671904.jpeg\"><img data-attachment-id=\"1782\" data-permalink=\"https:\/\/as-surques-escoeuilles.fr\/index.php\/2018\/09\/16\/rentree-u11-2\/received_340729106671904\/\" data-orig-file=\"https:\/\/i0.wp.com\/as-surques-escoeuilles.fr\/wp-content\/uploads\/2018\/09\/received_340729106671904.jpeg?fit=4032%2C2268&amp;ssl=1\" data-orig-size=\"4032,2268\" data-comments-opened=\"1\" data-image-meta=\"{&quot;aperture&quot;:&quot;0&quot;,&quot;credit&quot;:&quot;&quot;,&quot;camera&quot;:&quot;&quot;,&quot;caption&quot;:&quot;&quot;,&quot;created_timestamp&quot;:&quot;0&quot;,&quot;copyright&quot;:&quot;&quot;,&quot;focal_length&quot;:&quot;0&quot;,&quot;iso&quot;:&quot;0&quot;,&quot;shutter_speed&quot;:&quot;0&quot;,&quot;title&quot;:&quot;&quot;,&quot;orientation&quot;:&quot;0&quot;}\" data-image-title=\"received_340729106671904\" data-image-description=\"\" data-image-caption=\"\" data-medium-file=\"https:\/\/i0.wp.com\/as-surques-escoeuilles.fr\/wp-content\/uploads\/2018\/09\/received_340729106671904.jpeg?fit=300%2C169&amp;ssl=1\" data-large-file=\"https:\/\/i0.wp.com\/as-surques-escoeuilles.fr\/wp-content\/uploads\/2018\/09\/received_340729106671904.jpeg?fit=800%2C450&amp;ssl=1\" fetchpriority=\"high\" class=\"aligncenter wp-image-1782 size-full\" src=\"https:\/\/i0.wp.com\/as-surques-escoeuilles.fr\/wp-content\/uploads\/2018\/09\/received_340729106671904.jpeg?resize=800%2C450\" alt=\"\" width=\"800\" height=\"450\" srcset=\"https:\/\/i0.wp.com\/as-surques-escoeuilles.fr\/wp-content\/uploads\/2018\/09\/received_340729106671904.jpeg?w=4032&amp;ssl=1 4032w, https:\/\/i0.wp.com\/as-surques-escoeuilles.fr\/wp-content\/uploads\/2018\/09\/received_340729106671904.jpeg?resize=300%2C169&amp;ssl=1 300w, https:\/\/i0.wp.com\/as-surques-escoeuilles.fr\/wp-content\/uploads\/2018\/09\/received_340729106671904.jpeg?resize=768%2C432&amp;ssl=1 768w, https:\/\/i0.wp.com\/as-surques-escoeuilles.fr\/wp-content\/uploads\/2018\/09\/received_340729106671904.jpeg?resize=1024%2C576&amp;ssl=1 1024w, https:\/\/i0.wp.com\/as-surques-escoeuilles.fr\/wp-content\/uploads\/2018\/09\/received_340729106671904.jpeg?w=1600&amp;ssl=1 1600w, https:\/\/i0.wp.com\/as-surques-escoeuilles.fr\/wp-content\/uploads\/2018\/09\/received_340729106671904.jpeg?w=2400&amp;ssl=1 2400w\" sizes=\"(max-width: 800px) 100vw, 800px\" data-recalc-dims=\"1\" \/><\/a><\/p>\n<p>Deux \u00e9quipes U11 seront engag\u00e9es en 2020\/2021 et encadr\u00e9es par :<\/p>\n<ul>\n<li>Maxime Desombre, Educateur F\u00e9d\u00e9ral<\/li>\n<li>Bruno Ducrocq<\/li>\n<li>Laurine Allexandre<\/li>\n<li>Pascal Desombre<br>\n<p>Les entra\u00eenements ont lieu le mercredi de 16h00 \u00e0 17h15 au stade, et en p\u00e9riode hivernale le samedi \u00e0 la salle de Licques<\/p>\n<\/li>\n<\/ul>\n<p>&nbsp;<\/p>\n<p>Ci dessous le calendrier du d\u00e9but de saison :<\/p>\n<p>&nbsp;<\/p>\n\n\n<figure class=\"wp-block-image size-large\"><img data-attachment-id=\"3915\" data-permalink=\"https:\/\/as-surques-escoeuilles.fr\/index.php\/categories\/57-2\/u11-a\/\" data-orig-file=\"https:\/\/i0.wp.com\/as-surques-escoeuilles.fr\/wp-content\/uploads\/2020\/01\/u11-a.png?fit=613%2C992&amp;ssl=1\" data-orig-size=\"613,992\" data-comments-opened=\"1\" data-image-meta=\"{&quot;aperture&quot;:&quot;0&quot;,&quot;credit&quot;:&quot;&quot;,&quot;camera&quot;:&quot;&quot;,&quot;caption&quot;:&quot;&quot;,&quot;created_timestamp&quot;:&quot;0&quot;,&quot;copyright&quot;:&quot;&quot;,&quot;focal_length&quot;:&quot;0&quot;,&quot;iso&quot;:&quot;0&quot;,&quot;shutter_speed&quot;:&quot;0&quot;,&quot;title&quot;:&quot;&quot;,&quot;orientation&quot;:&quot;0&quot;}\" data-image-title=\"u11-a\" data-image-description=\"\" data-image-caption=\"\" data-medium-file=\"https:\/\/i0.wp.com\/as-surques-escoeuilles.fr\/wp-content\/uploads\/2020\/01\/u11-a.png?fit=185%2C300&amp;ssl=1\" data-large-file=\"https:\/\/i0.wp.com\/as-surques-escoeuilles.fr\/wp-content\/uploads\/2020\/01\/u11-a.png?fit=613%2C992&amp;ssl=1\" width=\"613\" height=\"992\" src=\"https:\/\/i0.wp.com\/as-surques-escoeuilles.fr\/wp-content\/uploads\/2020\/01\/u11-a.png?resize=613%2C992&#038;ssl=1\" alt=\"\" class=\"wp-image-3915\" srcset=\"https:\/\/i0.wp.com\/as-surques-escoeuilles.fr\/wp-content\/uploads\/2020\/01\/u11-a.png?w=613&amp;ssl=1 613w, https:\/\/i0.wp.com\/as-surques-escoeuilles.fr\/wp-content\/uploads\/2020\/01\/u11-a.png?resize=185%2C300&amp;ssl=1 185w, https:\/\/i0.wp.com\/as-surques-escoeuilles.fr\/wp-content\/uploads\/2020\/01\/u11-a.png?resize=600%2C971&amp;ssl=1 600w\" sizes=\"(max-width: 613px) 100vw, 613px\" data-recalc-dims=\"1\" \/><\/figure>\n\n\n\n<figure class=\"wp-block-image size-large\"><img data-attachment-id=\"3916\" data-permalink=\"https:\/\/as-surques-escoeuilles.fr\/index.php\/categories\/57-2\/u11-b\/\" data-orig-file=\"https:\/\/i0.wp.com\/as-surques-escoeuilles.fr\/wp-content\/uploads\/2020\/01\/u11-b.png?fit=602%2C997&amp;ssl=1\" data-orig-size=\"602,997\" data-comments-opened=\"1\" data-image-meta=\"{&quot;aperture&quot;:&quot;0&quot;,&quot;credit&quot;:&quot;&quot;,&quot;camera&quot;:&quot;&quot;,&quot;caption&quot;:&quot;&quot;,&quot;created_timestamp&quot;:&quot;0&quot;,&quot;copyright&quot;:&quot;&quot;,&quot;focal_length&quot;:&quot;0&quot;,&quot;iso&quot;:&quot;0&quot;,&quot;shutter_speed&quot;:&quot;0&quot;,&quot;title&quot;:&quot;&quot;,&quot;orientation&quot;:&quot;0&quot;}\" data-image-title=\"u11-b\" data-image-description=\"\" data-image-caption=\"\" data-medium-file=\"https:\/\/i0.wp.com\/as-surques-escoeuilles.fr\/wp-content\/uploads\/2020\/01\/u11-b.png?fit=181%2C300&amp;ssl=1\" data-large-file=\"https:\/\/i0.wp.com\/as-surques-escoeuilles.fr\/wp-content\/uploads\/2020\/01\/u11-b.png?fit=602%2C997&amp;ssl=1\" width=\"602\" height=\"997\" src=\"https:\/\/i0.wp.com\/as-surques-escoeuilles.fr\/wp-content\/uploads\/2020\/01\/u11-b.png?resize=602%2C997&#038;ssl=1\" alt=\"\" class=\"wp-image-3916\" srcset=\"https:\/\/i0.wp.com\/as-surques-escoeuilles.fr\/wp-content\/uploads\/2020\/01\/u11-b.png?w=602&amp;ssl=1 602w, https:\/\/i0.wp.com\/as-surques-escoeuilles.fr\/wp-content\/uploads\/2020\/01\/u11-b.png?resize=181%2C300&amp;ssl=1 181w, https:\/\/i0.wp.com\/as-surques-escoeuilles.fr\/wp-content\/uploads\/2020\/01\/u11-b.png?resize=600%2C994&amp;ssl=1 600w\" sizes=\"(max-width: 602px) 100vw, 602px\" data-recalc-dims=\"1\" \/><\/figure>\n","protected":false},"excerpt":{"rendered":"<p>Deux \u00e9quipes U11 seront engag\u00e9es en 2020\/2021 et encadr\u00e9es par : Maxime Desombre, Educateur F\u00e9d\u00e9ral Bruno Ducrocq Laurine Allexandre Pascal<\/p>\n","protected":false},"author":1,"featured_media":0,"parent":38,"menu_order":0,"comment_status":"closed","ping_status":"closed","template":"","meta":{"ngg_post_thumbnail":0,"jetpack_post_was_ever_published":false},"jetpack_sharing_enabled":true,"jetpack_shortlink":"https:\/\/wp.me\/P8dhOI-V","jetpack-related-posts":[{"id":51,"url":"https:\/\/as-surques-escoeuilles.fr\/index.php\/categories\/u16\/","url_meta":{"origin":57,"position":0},"title":"U15","date":"17 d\u00e9cembre 2016","format":false,"excerpt":"Cette saison, une \u00e9quipe est engag\u00e9e en U15 D2. Les \u00e9ducateurs sont Philippe HAVART, S\u00e9bastien SPECQ et Olivier DESOMBRE. Les entra\u00eenements ont lieu le mercredi apr\u00e8s-midi au stade, mais aussi sur le terrain synth\u00e9tique de Lumbres quand la m\u00e9t\u00e9o ne le permet pas. \u00a0","rel":"","context":"Article similaire","img":{"alt_text":"","src":"","width":0,"height":0},"classes":[]},{"id":67,"url":"https:\/\/as-surques-escoeuilles.fr\/index.php\/vie-du-club\/","url_meta":{"origin":57,"position":1},"title":"Vie du Club","date":"17 d\u00e9cembre 2016","format":false,"excerpt":"L' ASSE est pr\u00e9sid\u00e9e depuis juin 2016 par Philippe HAVART. Les vices-pr\u00e9sidents sont Jean-Philippe LEFEBVRE et Olivier DESOMBRE. Avec l'aide d'une trentaine de b\u00e9n\u00e9voles, l'association permet \u00e0 ses 250 licenci\u00e9s de s'\u00e9panouir sur les terrains chaque semaine. Vous souhaitez nous contacter pour plus de renseignements ? N'h\u00e9sitez pas !","rel":"","context":"Dans &quot;Non class\u00e9&quot;","img":{"alt_text":"","src":"","width":0,"height":0},"classes":[]},{"id":132,"url":"https:\/\/as-surques-escoeuilles.fr\/index.php\/vie-du-club\/organigramme\/","url_meta":{"origin":57,"position":2},"title":"Organigramme","date":"19 d\u00e9cembre 2016","format":false,"excerpt":"L' ASSE est pr\u00e9sid\u00e9e depuis juin 2016 par Philippe HAVART. Les vices-pr\u00e9sidents sont Jean-Philippe LEFEBVRE et Olivier DESOMBRE.Avec l'aide d'une trentaine de b\u00e9n\u00e9voles, l'association permet \u00e0 ses 250 licenci\u00e9s de s'\u00e9panouir sur les terrains chaque semaine. Le club fonctionne de mani\u00e8re coll\u00e9giale par une r\u00e9partition des t\u00e2ches en plusieurs commissions\u2026","rel":"","context":"Article similaire","img":{"alt_text":"","src":"","width":0,"height":0},"classes":[]},{"id":2827,"url":"https:\/\/as-surques-escoeuilles.fr\/index.php\/arbitres\/","url_meta":{"origin":57,"position":3},"title":"Arbitres","date":"27 ao\u00fbt 2019","format":false,"excerpt":"Depuis de nombreuses ann\u00e9es et pour r\u00e9pondre aux obligations de la f\u00e9d\u00e9ration, le club a choisi de mettre en place une politique de formation d'arbitres locaux. C'est ainsi que Pascal H\u00e9non, Maxime Desombre ou tr\u00e8s r\u00e9cemment Gauthier Saison et Florian Schuppe sont devenus arbitres au sein de notre club. Nous\u2026","rel":"","context":"Article similaire","img":{"alt_text":"","src":"","width":0,"height":0},"classes":[]},{"id":40,"url":"https:\/\/as-surques-escoeuilles.fr\/index.php\/categories\/seniors-2\/","url_meta":{"origin":57,"position":4},"title":"S\u00e9niors","date":"17 d\u00e9cembre 2016","format":false,"excerpt":"Trois \u00e9quipes s\u00e9niors sont engag\u00e9es en 2022\/2023: une \u00e9quipe en D2 , dirig\u00e9e par Pierre Telliez une \u00e9quipe en D5 une \u00e9quipe en D7, dirig\u00e9e par Dany et Joan Merlin La structure d'encadrement se compose \u00e9galement de : Ren\u00e9 DELRUE, pr\u00e9parateur physique Olivier DESOMBRE, entra\u00eeneur adjoint sp\u00e9cifique attaquants Antonin BEAUVIR\u2026","rel":"","context":"Article similaire","img":{"alt_text":"","src":"","width":0,"height":0},"classes":[]},{"id":3696,"url":"https:\/\/as-surques-escoeuilles.fr\/index.php\/regles-du-jeu-et-arbitrage\/","url_meta":{"origin":57,"position":5},"title":"R\u00e8gles du jeu et arbitrage","date":"27 d\u00e9cembre 2019","format":false,"excerpt":"MArs2022Janvier 2022Mars 2021D\u00e9cembre 2020Ao\u00fbt 2020Septembre 2019Janvier 2020 U11 : arbitrage U15F : arbitrage en situation r\u00e9elle U13-U14F : biathlon technique U13 : quizz en ligne U15 : arbitrage \u00e0 11 U15 - U17 : arbitrage U11 : initiation \u00e0 l'arbitrage","rel":"","context":"Article similaire","img":{"alt_text":"","src":"","width":0,"height":0},"classes":[]}],"_links":{"self":[{"href":"https:\/\/as-surques-escoeuilles.fr\/index.php\/wp-json\/wp\/v2\/pages\/57"}],"collection":[{"href":"https:\/\/as-surques-escoeuilles.fr\/index.php\/wp-json\/wp\/v2\/pages"}],"about":[{"href":"https:\/\/as-surques-escoeuilles.fr\/index.php\/wp-json\/wp\/v2\/types\/page"}],"author":[{"embeddable":true,"href":"https:\/\/as-surques-escoeuilles.fr\/index.php\/wp-json\/wp\/v2\/users\/1"}],"replies":[{"embeddable":true,"href":"https:\/\/as-surques-escoeuilles.fr\/index.php\/wp-json\/wp\/v2\/comments?post=57"}],"version-history":[{"count":1,"href":"https:\/\/as-surques-escoeuilles.fr\/index.php\/wp-json\/wp\/v2\/pages\/57\/revisions"}],"predecessor-version":[{"id":4488,"href":"https:\/\/as-surques-escoeuilles.fr\/index.php\/wp-json\/wp\/v2\/pages\/57\/revisions\/4488"}],"up":[{"embeddable":true,"href":"https:\/\/as-surques-escoeuilles.fr\/index.php\/wp-json\/wp\/v2\/pages\/38"}],"wp:attachment":[{"href":"https:\/\/as-surques-escoeuilles.fr\/index.php\/wp-json\/wp\/v2\/media?parent=57"}],"curies":[{"name":"wp","href":"https:\/\/api.w.org\/{rel}","templated":true}]}}