{"id":6,"date":"2016-11-03T18:20:09","date_gmt":"2016-11-03T17:20:09","guid":{"rendered":"http:\/\/as-surques-escoeuilles.fr\/?page_id=6"},"modified":"2016-12-19T19:27:00","modified_gmt":"2016-12-19T18:27:00","slug":"convocations","status":"publish","type":"page","link":"https:\/\/as-surques-escoeuilles.fr\/index.php\/convocations\/","title":{"rendered":"Convocations"},"content":{"rendered":"<p><iframe src=\"https:\/\/docs.google.com\/spreadsheets\/d\/1ZX3n3aZcyyZIjfUSQXY7bB-oDS_sldz9_y5K6_xArhU\/pubhtml?widget=true&amp;headers=false\" width=\"900\" height=\"2350\"><\/iframe><\/p>\n<p>Modification \u00e9ducateurs : cliquez <a href=\"https:\/\/docs.google.com\/spreadsheets\/d\/1ZX3n3aZcyyZIjfUSQXY7bB-oDS_sldz9_y5K6_xArhU\/edit#gid=0\" target=\"_blank\">ICI<\/a><\/p>\n<p>&nbsp;<\/p>\n","protected":false},"excerpt":{"rendered":"<p>Modification \u00e9ducateurs : cliquez ICI &nbsp;<\/p>\n","protected":false},"author":1,"featured_media":0,"parent":0,"menu_order":0,"comment_status":"closed","ping_status":"closed","template":"","meta":{"ngg_post_thumbnail":0,"jetpack_post_was_ever_published":false},"jetpack_sharing_enabled":true,"jetpack_shortlink":"https:\/\/wp.me\/P8dhOI-6","jetpack-related-posts":[{"id":51,"url":"https:\/\/as-surques-escoeuilles.fr\/index.php\/categories\/u16\/","url_meta":{"origin":6,"position":0},"title":"U15","date":"17 d\u00e9cembre 2016","format":false,"excerpt":"Cette saison, une \u00e9quipe est engag\u00e9e en U15 D2. Les \u00e9ducateurs sont Philippe HAVART, S\u00e9bastien SPECQ et Olivier DESOMBRE. Les entra\u00eenements ont lieu le mercredi apr\u00e8s-midi au stade, mais aussi sur le terrain synth\u00e9tique de Lumbres quand la m\u00e9t\u00e9o ne le permet pas. \u00a0","rel":"","context":"Article similaire","img":{"alt_text":"","src":"","width":0,"height":0},"classes":[]},{"id":45,"url":"https:\/\/as-surques-escoeuilles.fr\/index.php\/categories\/u18\/","url_meta":{"origin":6,"position":1},"title":"U17","date":"17 d\u00e9cembre 2016","format":false,"excerpt":"L'\u00e9quipe des U17 est en entente avec Alquines, mais les entra\u00eenements et comp\u00e9titions ont lieu au stade de l'ASSE. Les \u00e9ducateurs sont Maxime\u00a0 Clabaux, Augustin Miellot et Julien Lamare. Les entra\u00eenements ont lieu le mercredi \u00e0 17hOO ou le samedi\u00a0 en p\u00e9riode hivernale \u00e0 la salle de Licques (cr\u00e9neau \u00e0\u2026","rel":"","context":"Article similaire","img":{"alt_text":"","src":"","width":0,"height":0},"classes":[]},{"id":2882,"url":"https:\/\/as-surques-escoeuilles.fr\/index.php\/actions-du-club\/","url_meta":{"origin":6,"position":2},"title":"Projet Club","date":"14 septembre 2019","format":false,"excerpt":"Retrouvez les actions men\u00e9es au sein du club : Projet Associatif :Plan de formation des \u00e9ducateurs et b\u00e9n\u00e9voles : http:\/\/as-surques-escoeuilles.fr\/index.php\/plan-de-formation\/ Promotion du football F\u00e9minin : http:\/\/as-surques-escoeuilles.fr\/index.php\/actions-du-club\/promotion-du-football-feminin\/Fid\u00e9lisation des licenci\u00e9s de l'\u00e9cole de foot : Arbre de Noel : http:\/\/as-surques-escoeuilles.fr\/index.php\/manifestations\/1216-2\/Projet Educatif :Programme \u00e9ducatif f\u00e9d\u00e9ral : http:\/\/as-surques-escoeuilles.fr\/index.php\/programme-educatif-federal\/Troc' Foot : http:\/\/as-surques-escoeuilles.fr\/index.php\/vie-du-club\/trocfoot\/","rel":"","context":"Article similaire","img":{"alt_text":"","src":"","width":0,"height":0},"classes":[]},{"id":63,"url":"https:\/\/as-surques-escoeuilles.fr\/index.php\/categories\/u6u7\/","url_meta":{"origin":6,"position":3},"title":"U6\/U7","date":"17 d\u00e9cembre 2016","format":false,"excerpt":"Les entra\u00eenements ont lieu le mercredi de 14h00 \u00e0 15h15, le samedi de 10h30 \u00e0 11h15 et en p\u00e9riode hivernale, le samedi \u00e0 la salle de Licques, au synth\u00e9tique de Lumbres ou au city d'Escoeuilles. Le r\u00e9f\u00e9rent U6 est Hugo BOURRE et la r\u00e9f\u00e9rente U7 est Loreen RAMET. Educateurs 2021\/2022:\u2026","rel":"","context":"Article similaire","img":{"alt_text":"","src":"https:\/\/i0.wp.com\/as-surques-escoeuilles.fr\/wp-content\/uploads\/2019\/12\/u6site-1024x603.jpg?resize=350%2C200&ssl=1","width":350,"height":200},"classes":[]},{"id":61,"url":"https:\/\/as-surques-escoeuilles.fr\/index.php\/categories\/u8u9\/","url_meta":{"origin":6,"position":4},"title":"U8\/U9","date":"17 d\u00e9cembre 2016","format":false,"excerpt":"Dans cette cat\u00e9gorie, les enfants alternent les entrainements et les petits tournois toujours sous le signe du jeu et sans classements. Les entrainements ont lieu le mercredi de 14h \u00e0 15h15 et le samedi de 10h30 \u00e0 11h45 sur le terrain herbe,\u00a0 et en salle, sur synth\u00e9tique et city l'hiver.\u2026","rel":"","context":"Article similaire","img":{"alt_text":"","src":"https:\/\/i0.wp.com\/as-surques-escoeuilles.fr\/wp-content\/uploads\/2018\/10\/DSC_0064.jpg?resize=350%2C200&ssl=1","width":350,"height":200},"classes":[]},{"id":65,"url":"https:\/\/as-surques-escoeuilles.fr\/index.php\/categories\/mini-foot\/","url_meta":{"origin":6,"position":5},"title":"Mini-foot","date":"17 d\u00e9cembre 2016","format":false,"excerpt":"Mini-foot et U6\/U7 Venez faire d\u00e9couvrir l'effort physique, le sport en groupe \u00e0 votre enfant et l'initier aux plaisirs du foot d\u00e8s son plus jeune \u00e2ge. Motricit\u00e9 et jeux seront au programme de chaque s\u00e9ance ! Les s\u00e9ances ont lieu pendant les cr\u00e9neaux d'\u00e9cole de foot, le mercredi de 14h00\u2026","rel":"","context":"Dans &quot;Non class\u00e9&quot;","img":{"alt_text":"","src":"https:\/\/i0.wp.com\/as-surques-escoeuilles.fr\/wp-content\/uploads\/2019\/12\/u6site-1024x603.jpg?resize=350%2C200&ssl=1","width":350,"height":200},"classes":[]}],"_links":{"self":[{"href":"https:\/\/as-surques-escoeuilles.fr\/index.php\/wp-json\/wp\/v2\/pages\/6"}],"collection":[{"href":"https:\/\/as-surques-escoeuilles.fr\/index.php\/wp-json\/wp\/v2\/pages"}],"about":[{"href":"https:\/\/as-surques-escoeuilles.fr\/index.php\/wp-json\/wp\/v2\/types\/page"}],"author":[{"embeddable":true,"href":"https:\/\/as-surques-escoeuilles.fr\/index.php\/wp-json\/wp\/v2\/users\/1"}],"replies":[{"embeddable":true,"href":"https:\/\/as-surques-escoeuilles.fr\/index.php\/wp-json\/wp\/v2\/comments?post=6"}],"version-history":[{"count":0,"href":"https:\/\/as-surques-escoeuilles.fr\/index.php\/wp-json\/wp\/v2\/pages\/6\/revisions"}],"wp:attachment":[{"href":"https:\/\/as-surques-escoeuilles.fr\/index.php\/wp-json\/wp\/v2\/media?parent=6"}],"curies":[{"name":"wp","href":"https:\/\/api.w.org\/{rel}","templated":true}]}}