{"id":63,"date":"2016-12-17T10:56:27","date_gmt":"2016-12-17T09:56:27","guid":{"rendered":"http:\/\/as-surques-escoeuilles.fr\/?page_id=63"},"modified":"2021-09-06T14:59:21","modified_gmt":"2021-09-06T12:59:21","slug":"u6u7","status":"publish","type":"page","link":"https:\/\/as-surques-escoeuilles.fr\/index.php\/categories\/u6u7\/","title":{"rendered":"U6\/U7"},"content":{"rendered":"\t\t<div data-elementor-type=\"wp-page\" data-elementor-id=\"63\" class=\"elementor elementor-63\">\n\t\t\t\t\t\t\t\t\t<section class=\"elementor-section elementor-top-section elementor-element elementor-element-924c13f elementor-section-boxed elementor-section-height-default elementor-section-height-default\" data-id=\"924c13f\" data-element_type=\"section\">\n\t\t\t\t\t\t<div class=\"elementor-container elementor-column-gap-default\">\n\t\t\t\t\t<div class=\"elementor-column elementor-col-50 elementor-top-column elementor-element elementor-element-1e5381c\" data-id=\"1e5381c\" data-element_type=\"column\">\n\t\t\t<div class=\"elementor-widget-wrap elementor-element-populated\">\n\t\t\t\t\t\t\t\t<div class=\"elementor-element elementor-element-0e0c945 elementor-widget elementor-widget-image\" data-id=\"0e0c945\" data-element_type=\"widget\" data-widget_type=\"image.default\">\n\t\t\t\t<div class=\"elementor-widget-container\">\n\t\t\t\t\t\t\t\t\t\t\t\t\t\t\t<img data-attachment-id=\"3723\" data-permalink=\"https:\/\/as-surques-escoeuilles.fr\/index.php\/categories\/u6u7\/u6site\/\" data-orig-file=\"https:\/\/i0.wp.com\/as-surques-escoeuilles.fr\/wp-content\/uploads\/2019\/12\/u6site-scaled.jpg?fit=2560%2C1507&amp;ssl=1\" data-orig-size=\"2560,1507\" data-comments-opened=\"1\" data-image-meta=\"{&quot;aperture&quot;:&quot;8&quot;,&quot;credit&quot;:&quot;&quot;,&quot;camera&quot;:&quot;NIKON D5200&quot;,&quot;caption&quot;:&quot;&quot;,&quot;created_timestamp&quot;:&quot;1568819355&quot;,&quot;copyright&quot;:&quot;&quot;,&quot;focal_length&quot;:&quot;34&quot;,&quot;iso&quot;:&quot;125&quot;,&quot;shutter_speed&quot;:&quot;0.004&quot;,&quot;title&quot;:&quot;&quot;,&quot;orientation&quot;:&quot;1&quot;}\" data-image-title=\"u6site\" data-image-description=\"\" data-image-caption=\"\" data-medium-file=\"https:\/\/i0.wp.com\/as-surques-escoeuilles.fr\/wp-content\/uploads\/2019\/12\/u6site-scaled.jpg?fit=300%2C177&amp;ssl=1\" data-large-file=\"https:\/\/i0.wp.com\/as-surques-escoeuilles.fr\/wp-content\/uploads\/2019\/12\/u6site-scaled.jpg?fit=800%2C471&amp;ssl=1\" fetchpriority=\"high\" width=\"800\" height=\"471\" src=\"https:\/\/i0.wp.com\/as-surques-escoeuilles.fr\/wp-content\/uploads\/2019\/12\/u6site-scaled.jpg?fit=800%2C471&amp;ssl=1\" class=\"attachment-large size-large wp-image-3723\" alt=\"\" srcset=\"https:\/\/i0.wp.com\/as-surques-escoeuilles.fr\/wp-content\/uploads\/2019\/12\/u6site-scaled.jpg?w=2560&amp;ssl=1 2560w, https:\/\/i0.wp.com\/as-surques-escoeuilles.fr\/wp-content\/uploads\/2019\/12\/u6site-scaled.jpg?resize=300%2C177&amp;ssl=1 300w, https:\/\/i0.wp.com\/as-surques-escoeuilles.fr\/wp-content\/uploads\/2019\/12\/u6site-scaled.jpg?resize=1024%2C603&amp;ssl=1 1024w, https:\/\/i0.wp.com\/as-surques-escoeuilles.fr\/wp-content\/uploads\/2019\/12\/u6site-scaled.jpg?resize=768%2C452&amp;ssl=1 768w, https:\/\/i0.wp.com\/as-surques-escoeuilles.fr\/wp-content\/uploads\/2019\/12\/u6site-scaled.jpg?resize=1536%2C904&amp;ssl=1 1536w, https:\/\/i0.wp.com\/as-surques-escoeuilles.fr\/wp-content\/uploads\/2019\/12\/u6site-scaled.jpg?resize=2048%2C1206&amp;ssl=1 2048w, https:\/\/i0.wp.com\/as-surques-escoeuilles.fr\/wp-content\/uploads\/2019\/12\/u6site-scaled.jpg?resize=600%2C353&amp;ssl=1 600w, https:\/\/i0.wp.com\/as-surques-escoeuilles.fr\/wp-content\/uploads\/2019\/12\/u6site-scaled.jpg?w=1600&amp;ssl=1 1600w, https:\/\/i0.wp.com\/as-surques-escoeuilles.fr\/wp-content\/uploads\/2019\/12\/u6site-scaled.jpg?w=2400&amp;ssl=1 2400w\" sizes=\"(max-width: 800px) 100vw, 800px\" data-attachment-id=\"3723\" data-permalink=\"https:\/\/as-surques-escoeuilles.fr\/index.php\/categories\/u6u7\/u6site\/\" data-orig-file=\"https:\/\/i0.wp.com\/as-surques-escoeuilles.fr\/wp-content\/uploads\/2019\/12\/u6site-scaled.jpg?fit=2560%2C1507&amp;ssl=1\" data-orig-size=\"2560,1507\" data-comments-opened=\"1\" data-image-meta=\"{&quot;aperture&quot;:&quot;8&quot;,&quot;credit&quot;:&quot;&quot;,&quot;camera&quot;:&quot;NIKON D5200&quot;,&quot;caption&quot;:&quot;&quot;,&quot;created_timestamp&quot;:&quot;1568819355&quot;,&quot;copyright&quot;:&quot;&quot;,&quot;focal_length&quot;:&quot;34&quot;,&quot;iso&quot;:&quot;125&quot;,&quot;shutter_speed&quot;:&quot;0.004&quot;,&quot;title&quot;:&quot;&quot;,&quot;orientation&quot;:&quot;1&quot;}\" data-image-title=\"u6site\" data-image-description=\"\" data-image-caption=\"\" data-medium-file=\"https:\/\/i0.wp.com\/as-surques-escoeuilles.fr\/wp-content\/uploads\/2019\/12\/u6site-scaled.jpg?fit=300%2C177&amp;ssl=1\" data-large-file=\"https:\/\/i0.wp.com\/as-surques-escoeuilles.fr\/wp-content\/uploads\/2019\/12\/u6site-scaled.jpg?fit=800%2C471&amp;ssl=1\" \/>\t\t\t\t\t\t\t\t\t\t\t\t\t\t\t<\/div>\n\t\t\t\t<\/div>\n\t\t\t\t\t<\/div>\n\t\t<\/div>\n\t\t\t\t<div class=\"elementor-column elementor-col-50 elementor-top-column elementor-element elementor-element-8b7de61\" data-id=\"8b7de61\" data-element_type=\"column\">\n\t\t\t<div class=\"elementor-widget-wrap elementor-element-populated\">\n\t\t\t\t\t\t\t\t<div class=\"elementor-element elementor-element-f64e38d elementor-widget elementor-widget-image\" data-id=\"f64e38d\" data-element_type=\"widget\" data-widget_type=\"image.default\">\n\t\t\t\t<div class=\"elementor-widget-container\">\n\t\t\t\t\t\t\t\t\t\t\t\t\t\t\t<img data-attachment-id=\"3238\" data-permalink=\"https:\/\/as-surques-escoeuilles.fr\/index.php\/2019\/11\/23\/les-u6-u7-encore-de-sortie\/dav-51\/\" data-orig-file=\"https:\/\/i0.wp.com\/as-surques-escoeuilles.fr\/wp-content\/uploads\/2019\/11\/IMG_20191123_142428.jpg?fit=1943%2C1196&amp;ssl=1\" data-orig-size=\"1943,1196\" data-comments-opened=\"1\" data-image-meta=\"{&quot;aperture&quot;:&quot;2.2&quot;,&quot;credit&quot;:&quot;&quot;,&quot;camera&quot;:&quot;ANE-LX1&quot;,&quot;caption&quot;:&quot;dav&quot;,&quot;created_timestamp&quot;:&quot;1574509706&quot;,&quot;copyright&quot;:&quot;&quot;,&quot;focal_length&quot;:&quot;3.81&quot;,&quot;iso&quot;:&quot;50&quot;,&quot;shutter_speed&quot;:&quot;0.006766&quot;,&quot;title&quot;:&quot;dav&quot;,&quot;orientation&quot;:&quot;1&quot;}\" data-image-title=\"dav\" data-image-description=\"\" data-image-caption=\"&lt;p&gt;Plateau Vieil Moutier D\u00e9cembre 2019&lt;\/p&gt;\n\" data-medium-file=\"https:\/\/i0.wp.com\/as-surques-escoeuilles.fr\/wp-content\/uploads\/2019\/11\/IMG_20191123_142428.jpg?fit=300%2C185&amp;ssl=1\" data-large-file=\"https:\/\/i0.wp.com\/as-surques-escoeuilles.fr\/wp-content\/uploads\/2019\/11\/IMG_20191123_142428.jpg?fit=800%2C492&amp;ssl=1\" width=\"800\" height=\"492\" src=\"https:\/\/i0.wp.com\/as-surques-escoeuilles.fr\/wp-content\/uploads\/2019\/11\/IMG_20191123_142428.jpg?fit=800%2C492&amp;ssl=1\" class=\"attachment-large size-large wp-image-3238\" alt=\"\" srcset=\"https:\/\/i0.wp.com\/as-surques-escoeuilles.fr\/wp-content\/uploads\/2019\/11\/IMG_20191123_142428.jpg?w=1943&amp;ssl=1 1943w, https:\/\/i0.wp.com\/as-surques-escoeuilles.fr\/wp-content\/uploads\/2019\/11\/IMG_20191123_142428.jpg?resize=300%2C185&amp;ssl=1 300w, https:\/\/i0.wp.com\/as-surques-escoeuilles.fr\/wp-content\/uploads\/2019\/11\/IMG_20191123_142428.jpg?resize=1024%2C630&amp;ssl=1 1024w, https:\/\/i0.wp.com\/as-surques-escoeuilles.fr\/wp-content\/uploads\/2019\/11\/IMG_20191123_142428.jpg?resize=768%2C473&amp;ssl=1 768w, https:\/\/i0.wp.com\/as-surques-escoeuilles.fr\/wp-content\/uploads\/2019\/11\/IMG_20191123_142428.jpg?resize=1536%2C945&amp;ssl=1 1536w, https:\/\/i0.wp.com\/as-surques-escoeuilles.fr\/wp-content\/uploads\/2019\/11\/IMG_20191123_142428.jpg?w=1600&amp;ssl=1 1600w\" sizes=\"(max-width: 800px) 100vw, 800px\" data-attachment-id=\"3238\" data-permalink=\"https:\/\/as-surques-escoeuilles.fr\/index.php\/2019\/11\/23\/les-u6-u7-encore-de-sortie\/dav-51\/\" data-orig-file=\"https:\/\/i0.wp.com\/as-surques-escoeuilles.fr\/wp-content\/uploads\/2019\/11\/IMG_20191123_142428.jpg?fit=1943%2C1196&amp;ssl=1\" data-orig-size=\"1943,1196\" data-comments-opened=\"1\" data-image-meta=\"{&quot;aperture&quot;:&quot;2.2&quot;,&quot;credit&quot;:&quot;&quot;,&quot;camera&quot;:&quot;ANE-LX1&quot;,&quot;caption&quot;:&quot;dav&quot;,&quot;created_timestamp&quot;:&quot;1574509706&quot;,&quot;copyright&quot;:&quot;&quot;,&quot;focal_length&quot;:&quot;3.81&quot;,&quot;iso&quot;:&quot;50&quot;,&quot;shutter_speed&quot;:&quot;0.006766&quot;,&quot;title&quot;:&quot;dav&quot;,&quot;orientation&quot;:&quot;1&quot;}\" data-image-title=\"dav\" data-image-description=\"\" data-image-caption=\"&lt;p&gt;Plateau Vieil Moutier D\u00e9cembre 2019&lt;\/p&gt;\n\" data-medium-file=\"https:\/\/i0.wp.com\/as-surques-escoeuilles.fr\/wp-content\/uploads\/2019\/11\/IMG_20191123_142428.jpg?fit=300%2C185&amp;ssl=1\" data-large-file=\"https:\/\/i0.wp.com\/as-surques-escoeuilles.fr\/wp-content\/uploads\/2019\/11\/IMG_20191123_142428.jpg?fit=800%2C492&amp;ssl=1\" \/>\t\t\t\t\t\t\t\t\t\t\t\t\t\t\t<\/div>\n\t\t\t\t<\/div>\n\t\t\t\t\t<\/div>\n\t\t<\/div>\n\t\t\t\t\t\t\t<\/div>\n\t\t<\/section>\n\t\t\t\t<section class=\"elementor-section elementor-top-section elementor-element elementor-element-71d8021 elementor-section-boxed elementor-section-height-default elementor-section-height-default\" data-id=\"71d8021\" data-element_type=\"section\">\n\t\t\t\t\t\t<div class=\"elementor-container elementor-column-gap-default\">\n\t\t\t\t\t<div class=\"elementor-column elementor-col-100 elementor-top-column elementor-element elementor-element-f8c1c4c\" data-id=\"f8c1c4c\" data-element_type=\"column\">\n\t\t\t<div class=\"elementor-widget-wrap elementor-element-populated\">\n\t\t\t\t\t\t\t\t<div class=\"elementor-element elementor-element-8f5b1e3 elementor-widget elementor-widget-text-editor\" data-id=\"8f5b1e3\" data-element_type=\"widget\" data-widget_type=\"text-editor.default\">\n\t\t\t\t<div class=\"elementor-widget-container\">\n\t\t\t\t\t\t\t<p>Les entra\u00eenements ont lieu le mercredi de 14h00 \u00e0 15h15, le samedi de 10h30 \u00e0 11h15 et en p\u00e9riode hivernale, le samedi \u00e0 la salle de Licques, au synth\u00e9tique de Lumbres ou au city d&rsquo;Escoeuilles.<\/p>\n<p>Le r\u00e9f\u00e9rent U6 est Hugo BOURRE et la r\u00e9f\u00e9rente U7 est Loreen RAMET.<br><\/p>\n<p><span style=\"text-decoration: underline;\"><strong><em>Educateurs 2021\/2022:<\/em><\/strong><\/span><\/p>\n<ul>\n<li>Beno\u00eet GILLET<\/li>\n<li>Beno\u00eet FORTIN<\/li>\n<li>Loreen RAMET<\/li>\n<li>Lucas FOURNIER<\/li>\n<li>Nicolas PINOT<\/li>\n<li>Colin BOULANGER<\/li>\n<li>Cl\u00e9ment DUVIVIER<\/li>\n<li>Thomas BOURRE<\/li>\n<li>Hugo BOURRE<\/li>\n<li>L\u00e9na RAMET<\/li>\n<\/ul>\n<p>Les joueurs pourront s&rsquo;initier tout au long de l&rsquo;ann\u00e9e \u00e0 la pratique du football&nbsp; par de nombreux plateaux.<\/p>\n<p class=\"wp-block-pdfemb-pdf-embedder-viewer\">\n<\/p>\t\t\t\t\t\t<\/div>\n\t\t\t\t<\/div>\n\t\t\t\t\t<\/div>\n\t\t<\/div>\n\t\t\t\t\t\t\t<\/div>\n\t\t<\/section>\n\t\t\t\t\t\t\t<\/div>\n\t\t","protected":false},"excerpt":{"rendered":"<p>Les entra\u00eenements ont lieu le mercredi de 14h00 \u00e0 15h15, le samedi de 10h30 \u00e0 11h15 et en p\u00e9riode hivernale,<\/p>\n","protected":false},"author":1,"featured_media":0,"parent":38,"menu_order":0,"comment_status":"closed","ping_status":"closed","template":"","meta":{"ngg_post_thumbnail":0,"jetpack_post_was_ever_published":false},"jetpack_sharing_enabled":true,"jetpack_shortlink":"https:\/\/wp.me\/P8dhOI-11","jetpack-related-posts":[{"id":3681,"url":"https:\/\/as-surques-escoeuilles.fr\/index.php\/environnement\/","url_meta":{"origin":63,"position":0},"title":"Environnement","date":"27 d\u00e9cembre 2019","format":false,"excerpt":"Mars 2022Mars 2022Novembre 2021Septembre 2021Septembre 2021Septembre 2020Mars 2020Mars 2020F\u00e9vrier 2020Octobre 2019 U12-U13 : d\u00e9chets au stade U6-U7 : \u00e9co gestes U8-U9 : mobilit\u00e9 et autopartage Mini-foot : utiliser une gourde U6 : tri des d\u00e9chets U6-U7 : tri des d\u00e9chets U6-U19 : installation d'une fontaine U6-U13 : Hauts de France\u2026","rel":"","context":"Article similaire","img":{"alt_text":"","src":"","width":0,"height":0},"classes":[]},{"id":3287,"url":"https:\/\/as-surques-escoeuilles.fr\/index.php\/actions-du-club\/plan-de-formation\/","url_meta":{"origin":63,"position":1},"title":"Plan de formation","date":"7 d\u00e9cembre 2019","format":false,"excerpt":"L'association se d\u00e9veloppe au fil des ann\u00e9es. Avec toutes les cat\u00e9gories repr\u00e9sent\u00e9es, le club a volontairement mis l'accent cette ann\u00e9e sur le parcours de formation des diff\u00e9rents \u00e9ducateurs. Cette page recense l'ensemble de nos \u00e9ducateurs et b\u00e9n\u00e9voles certifi\u00e9s ou diplom\u00e9s qui se forment sur le temps libre : Beno\u00eet FORTIN\u2026","rel":"","context":"Article similaire","img":{"alt_text":"","src":"https:\/\/i0.wp.com\/as-surques-escoeuilles.fr\/wp-content\/uploads\/2020\/03\/received_29185694915635766418348361027397801-scaled.jpeg?resize=350%2C200&ssl=1","width":350,"height":200},"classes":[]},{"id":2355,"url":"https:\/\/as-surques-escoeuilles.fr\/index.php\/actions-du-club\/programme-educatif-federal\/","url_meta":{"origin":63,"position":2},"title":"Programme educatif federal","date":"13 f\u00e9vrier 2019","format":false,"excerpt":"L' ASSE est engag\u00e9 depuis de nombreuses ann\u00e9es dans le Programme Educatif F\u00e9d\u00e9ral, autour de 6 th\u00e8mes : Sant\u00e9Septembre 2019 : \"Faire son sac pour les U6\/U7\" Engagement citoyenD\u00e9cembre 2019 : Collecte de dons pour les restos du coeurEnvironnement Octobre 2019 : U9 : tri des d\u00e9chets Septembre 2019 :\u2026","rel":"","context":"Dans &quot;Non class\u00e9&quot;","img":{"alt_text":"","src":"","width":0,"height":0},"classes":[]},{"id":3670,"url":"https:\/\/as-surques-escoeuilles.fr\/index.php\/sante\/","url_meta":{"origin":63,"position":3},"title":"Sant\u00e9","date":"27 d\u00e9cembre 2019","format":false,"excerpt":"Janvier 2022Janvier 2022Janvier 2022Janvier 2022Septembre 2021Janvier 2021F\u00e9vrier 2020Janvier 2020Septembre 2019 U6\/U7 : les premiers secours U12\/U13 : pr\u00e9vention des blessures U12\/U13 : r\u00e9athl\u00e9tisation U12F\/U13F : Initiation aux gestes qui sauvent Ecole de foot : lacer ses chaussures U8-U9 : bien s'\u00e9quiper en d\u00e9but de saison U13 : prendre une douche\u2026","rel":"","context":"Article similaire","img":{"alt_text":"","src":"","width":0,"height":0},"classes":[]},{"id":38,"url":"https:\/\/as-surques-escoeuilles.fr\/index.php\/categories\/","url_meta":{"origin":63,"position":4},"title":"Cat\u00e9gories","date":"17 d\u00e9cembre 2016","format":false,"excerpt":"Toutes les cat\u00e9gories sont repr\u00e9sent\u00e9es au sein de l'ASSE du mini-foot aux s\u00e9niors. Quel que soit votre \u00e2ge, venez trouvez votre bonheur dans notre association : Mini-Foot (moins de 5 ans) U6\/U7 U8\/U9 U11 U13 U15 U18 S\u00e9niors","rel":"","context":"Article similaire","img":{"alt_text":"","src":"","width":0,"height":0},"classes":[]},{"id":65,"url":"https:\/\/as-surques-escoeuilles.fr\/index.php\/categories\/mini-foot\/","url_meta":{"origin":63,"position":5},"title":"Mini-foot","date":"17 d\u00e9cembre 2016","format":false,"excerpt":"Mini-foot et U6\/U7 Venez faire d\u00e9couvrir l'effort physique, le sport en groupe \u00e0 votre enfant et l'initier aux plaisirs du foot d\u00e8s son plus jeune \u00e2ge. Motricit\u00e9 et jeux seront au programme de chaque s\u00e9ance ! Les s\u00e9ances ont lieu pendant les cr\u00e9neaux d'\u00e9cole de foot, le mercredi de 14h00\u2026","rel":"","context":"Dans &quot;Non class\u00e9&quot;","img":{"alt_text":"","src":"https:\/\/i0.wp.com\/as-surques-escoeuilles.fr\/wp-content\/uploads\/2019\/12\/u6site-1024x603.jpg?resize=350%2C200&ssl=1","width":350,"height":200},"classes":[]}],"_links":{"self":[{"href":"https:\/\/as-surques-escoeuilles.fr\/index.php\/wp-json\/wp\/v2\/pages\/63"}],"collection":[{"href":"https:\/\/as-surques-escoeuilles.fr\/index.php\/wp-json\/wp\/v2\/pages"}],"about":[{"href":"https:\/\/as-surques-escoeuilles.fr\/index.php\/wp-json\/wp\/v2\/types\/page"}],"author":[{"embeddable":true,"href":"https:\/\/as-surques-escoeuilles.fr\/index.php\/wp-json\/wp\/v2\/users\/1"}],"replies":[{"embeddable":true,"href":"https:\/\/as-surques-escoeuilles.fr\/index.php\/wp-json\/wp\/v2\/comments?post=63"}],"version-history":[{"count":5,"href":"https:\/\/as-surques-escoeuilles.fr\/index.php\/wp-json\/wp\/v2\/pages\/63\/revisions"}],"predecessor-version":[{"id":5305,"href":"https:\/\/as-surques-escoeuilles.fr\/index.php\/wp-json\/wp\/v2\/pages\/63\/revisions\/5305"}],"up":[{"embeddable":true,"href":"https:\/\/as-surques-escoeuilles.fr\/index.php\/wp-json\/wp\/v2\/pages\/38"}],"wp:attachment":[{"href":"https:\/\/as-surques-escoeuilles.fr\/index.php\/wp-json\/wp\/v2\/media?parent=63"}],"curies":[{"name":"wp","href":"https:\/\/api.w.org\/{rel}","templated":true}]}}