{"id":65,"date":"2016-12-17T11:57:21","date_gmt":"2016-12-17T09:57:21","guid":{"rendered":"http:\/\/as-surques-escoeuilles.fr\/?page_id=65"},"modified":"2021-09-06T15:07:12","modified_gmt":"2021-09-06T13:07:12","slug":"mini-foot","status":"publish","type":"page","link":"https:\/\/as-surques-escoeuilles.fr\/index.php\/categories\/mini-foot\/","title":{"rendered":"Mini-foot"},"content":{"rendered":"\t\t<div data-elementor-type=\"wp-page\" data-elementor-id=\"65\" class=\"elementor elementor-65\">\n\t\t\t\t\t\t\t\t\t<section class=\"elementor-section elementor-top-section elementor-element elementor-element-7bbee92 elementor-section-boxed elementor-section-height-default elementor-section-height-default\" data-id=\"7bbee92\" data-element_type=\"section\">\n\t\t\t\t\t\t<div class=\"elementor-container elementor-column-gap-default\">\n\t\t\t\t\t<div class=\"elementor-column elementor-col-100 elementor-top-column elementor-element elementor-element-eaf5358\" data-id=\"eaf5358\" data-element_type=\"column\">\n\t\t\t<div class=\"elementor-widget-wrap elementor-element-populated\">\n\t\t\t\t\t\t\t\t<div class=\"elementor-element elementor-element-f701332 elementor-widget elementor-widget-image\" data-id=\"f701332\" data-element_type=\"widget\" data-widget_type=\"image.default\">\n\t\t\t\t<div class=\"elementor-widget-container\">\n\t\t\t\t\t\t\t\t\t\t\t\t<figure class=\"wp-caption\">\n\t\t\t\t\t\t\t\t\t\t<img data-attachment-id=\"3723\" data-permalink=\"https:\/\/as-surques-escoeuilles.fr\/index.php\/categories\/u6u7\/u6site\/\" data-orig-file=\"https:\/\/i0.wp.com\/as-surques-escoeuilles.fr\/wp-content\/uploads\/2019\/12\/u6site-scaled.jpg?fit=2560%2C1507&amp;ssl=1\" data-orig-size=\"2560,1507\" data-comments-opened=\"1\" data-image-meta=\"{&quot;aperture&quot;:&quot;8&quot;,&quot;credit&quot;:&quot;&quot;,&quot;camera&quot;:&quot;NIKON D5200&quot;,&quot;caption&quot;:&quot;&quot;,&quot;created_timestamp&quot;:&quot;1568819355&quot;,&quot;copyright&quot;:&quot;&quot;,&quot;focal_length&quot;:&quot;34&quot;,&quot;iso&quot;:&quot;125&quot;,&quot;shutter_speed&quot;:&quot;0.004&quot;,&quot;title&quot;:&quot;&quot;,&quot;orientation&quot;:&quot;1&quot;}\" data-image-title=\"u6site\" data-image-description=\"\" data-image-caption=\"\" data-medium-file=\"https:\/\/i0.wp.com\/as-surques-escoeuilles.fr\/wp-content\/uploads\/2019\/12\/u6site-scaled.jpg?fit=300%2C177&amp;ssl=1\" data-large-file=\"https:\/\/i0.wp.com\/as-surques-escoeuilles.fr\/wp-content\/uploads\/2019\/12\/u6site-scaled.jpg?fit=800%2C471&amp;ssl=1\" fetchpriority=\"high\" width=\"800\" height=\"471\" src=\"https:\/\/i0.wp.com\/as-surques-escoeuilles.fr\/wp-content\/uploads\/2019\/12\/u6site-scaled.jpg?fit=800%2C471&amp;ssl=1\" class=\"attachment-large size-large wp-image-3723\" alt=\"\" srcset=\"https:\/\/i0.wp.com\/as-surques-escoeuilles.fr\/wp-content\/uploads\/2019\/12\/u6site-scaled.jpg?w=2560&amp;ssl=1 2560w, https:\/\/i0.wp.com\/as-surques-escoeuilles.fr\/wp-content\/uploads\/2019\/12\/u6site-scaled.jpg?resize=300%2C177&amp;ssl=1 300w, https:\/\/i0.wp.com\/as-surques-escoeuilles.fr\/wp-content\/uploads\/2019\/12\/u6site-scaled.jpg?resize=1024%2C603&amp;ssl=1 1024w, https:\/\/i0.wp.com\/as-surques-escoeuilles.fr\/wp-content\/uploads\/2019\/12\/u6site-scaled.jpg?resize=768%2C452&amp;ssl=1 768w, https:\/\/i0.wp.com\/as-surques-escoeuilles.fr\/wp-content\/uploads\/2019\/12\/u6site-scaled.jpg?resize=1536%2C904&amp;ssl=1 1536w, https:\/\/i0.wp.com\/as-surques-escoeuilles.fr\/wp-content\/uploads\/2019\/12\/u6site-scaled.jpg?resize=2048%2C1206&amp;ssl=1 2048w, https:\/\/i0.wp.com\/as-surques-escoeuilles.fr\/wp-content\/uploads\/2019\/12\/u6site-scaled.jpg?resize=600%2C353&amp;ssl=1 600w, https:\/\/i0.wp.com\/as-surques-escoeuilles.fr\/wp-content\/uploads\/2019\/12\/u6site-scaled.jpg?w=1600&amp;ssl=1 1600w, https:\/\/i0.wp.com\/as-surques-escoeuilles.fr\/wp-content\/uploads\/2019\/12\/u6site-scaled.jpg?w=2400&amp;ssl=1 2400w\" sizes=\"(max-width: 800px) 100vw, 800px\" data-attachment-id=\"3723\" data-permalink=\"https:\/\/as-surques-escoeuilles.fr\/index.php\/categories\/u6u7\/u6site\/\" data-orig-file=\"https:\/\/i0.wp.com\/as-surques-escoeuilles.fr\/wp-content\/uploads\/2019\/12\/u6site-scaled.jpg?fit=2560%2C1507&amp;ssl=1\" data-orig-size=\"2560,1507\" data-comments-opened=\"1\" data-image-meta=\"{&quot;aperture&quot;:&quot;8&quot;,&quot;credit&quot;:&quot;&quot;,&quot;camera&quot;:&quot;NIKON D5200&quot;,&quot;caption&quot;:&quot;&quot;,&quot;created_timestamp&quot;:&quot;1568819355&quot;,&quot;copyright&quot;:&quot;&quot;,&quot;focal_length&quot;:&quot;34&quot;,&quot;iso&quot;:&quot;125&quot;,&quot;shutter_speed&quot;:&quot;0.004&quot;,&quot;title&quot;:&quot;&quot;,&quot;orientation&quot;:&quot;1&quot;}\" data-image-title=\"u6site\" data-image-description=\"\" data-image-caption=\"\" data-medium-file=\"https:\/\/i0.wp.com\/as-surques-escoeuilles.fr\/wp-content\/uploads\/2019\/12\/u6site-scaled.jpg?fit=300%2C177&amp;ssl=1\" data-large-file=\"https:\/\/i0.wp.com\/as-surques-escoeuilles.fr\/wp-content\/uploads\/2019\/12\/u6site-scaled.jpg?fit=800%2C471&amp;ssl=1\" \/>\t\t\t\t\t\t\t\t\t\t\t<figcaption class=\"widget-image-caption wp-caption-text\">Mini-foot et U6\/U7<\/figcaption>\n\t\t\t\t\t\t\t\t\t\t<\/figure>\n\t\t\t\t\t\t\t\t\t<\/div>\n\t\t\t\t<\/div>\n\t\t\t\t\t<\/div>\n\t\t<\/div>\n\t\t\t\t\t\t\t<\/div>\n\t\t<\/section>\n\t\t\t\t<section class=\"elementor-section elementor-top-section elementor-element elementor-element-b16ad96 elementor-section-boxed elementor-section-height-default elementor-section-height-default\" data-id=\"b16ad96\" data-element_type=\"section\">\n\t\t\t\t\t\t<div class=\"elementor-container elementor-column-gap-default\">\n\t\t\t\t\t<div class=\"elementor-column elementor-col-100 elementor-top-column elementor-element elementor-element-6ada1dd\" data-id=\"6ada1dd\" data-element_type=\"column\">\n\t\t\t<div class=\"elementor-widget-wrap elementor-element-populated\">\n\t\t\t\t\t\t\t\t<div class=\"elementor-element elementor-element-e1fc942 elementor-widget elementor-widget-text-editor\" data-id=\"e1fc942\" data-element_type=\"widget\" data-widget_type=\"text-editor.default\">\n\t\t\t\t<div class=\"elementor-widget-container\">\n\t\t\t\t\t\t\t<p>Venez faire d\u00e9couvrir l&rsquo;effort physique, le sport en groupe \u00e0 votre enfant et l&rsquo;initier aux plaisirs du foot d\u00e8s son plus jeune \u00e2ge. Motricit\u00e9 et jeux seront au programme de chaque s\u00e9ance !<\/p>\n<p><strong><br><\/strong><\/p>\n<ul>\n<li style=\"list-style-type: none;\">\n<ul><\/ul>\n<\/li>\n<\/ul>\n<p>Les s\u00e9ances ont lieu pendant les cr\u00e9neaux d&rsquo;\u00e9cole de foot, le mercredi de 14h00 \u00e0 15h15, le samedi de 10h30 \u00e0 11h45 et en salle, sur synth\u00e9tique ou city lors de la p\u00e9riode hivernale.<\/p><p><br><\/p><p>La r\u00e9f\u00e9rente est LENA RAMET.<\/p><p><span style=\"text-decoration: underline;\"><strong><em>Educateurs 2021\/2022:<\/em><\/strong><\/span><\/p>\n<ul><li>Beno\u00eet GILLET<\/li><li>Beno\u00eet FORTIN<\/li><li>Loreen RAMET<\/li><li>Lucas FOURNIER<\/li><li>Nicolas PINOT<\/li><li>Colin BOULANGER<\/li><li>Cl\u00e9ment DUVIVIER<\/li><li>Thomas BOURRE<\/li><li>Hugo BOURRE<\/li><li>L\u00e9na RAMET<br><\/li><\/ul>\n<p><br><\/p>\t\t\t\t\t\t<\/div>\n\t\t\t\t<\/div>\n\t\t\t\t\t<\/div>\n\t\t<\/div>\n\t\t\t\t\t\t\t<\/div>\n\t\t<\/section>\n\t\t\t\t\t\t\t<\/div>\n\t\t","protected":false},"excerpt":{"rendered":"<p>Mini-foot et U6\/U7 Venez faire d\u00e9couvrir l&rsquo;effort physique, le sport en groupe \u00e0 votre enfant et l&rsquo;initier aux plaisirs du<\/p>\n","protected":false},"author":1,"featured_media":0,"parent":38,"menu_order":0,"comment_status":"closed","ping_status":"closed","template":"","meta":{"ngg_post_thumbnail":0,"jetpack_post_was_ever_published":false},"jetpack_sharing_enabled":true,"jetpack_shortlink":"https:\/\/wp.me\/P8dhOI-13","jetpack-related-posts":[{"id":446,"url":"https:\/\/as-surques-escoeuilles.fr\/index.php\/vie-du-club\/tarifs-licence\/","url_meta":{"origin":65,"position":0},"title":"Tarifs licence","date":"13 juin 2017","format":false,"excerpt":"Voici les tarifs de licence 2021\/2022: Cat\u00e9goriesPrixMini-foot (fin 2019) -U5 (2018) \u00e0 U13 (2009)30\u20ac*Foot \u00e0 11 et \/ou avec frais d'arbitrage :U14 (2009) \u00e0 U17 (2006)50\u20ac*U18 et S\u00e9niors H et F (2005 et avant)65\u20ac *Une r\u00e9duction de 5\u20ac est appliqu\u00e9e en cas de multiples licences pour les enfants issus d'une\u2026","rel":"","context":"Dans &quot;Non class\u00e9&quot;","img":{"alt_text":"","src":"https:\/\/i0.wp.com\/as-surques-escoeuilles.fr\/wp-content\/uploads\/2019\/05\/Capture.jpg?resize=350%2C200&ssl=1","width":350,"height":200},"classes":[]},{"id":38,"url":"https:\/\/as-surques-escoeuilles.fr\/index.php\/categories\/","url_meta":{"origin":65,"position":1},"title":"Cat\u00e9gories","date":"17 d\u00e9cembre 2016","format":false,"excerpt":"Toutes les cat\u00e9gories sont repr\u00e9sent\u00e9es au sein de l'ASSE du mini-foot aux s\u00e9niors. Quel que soit votre \u00e2ge, venez trouvez votre bonheur dans notre association : Mini-Foot (moins de 5 ans) U6\/U7 U8\/U9 U11 U13 U15 U18 S\u00e9niors","rel":"","context":"Article similaire","img":{"alt_text":"","src":"","width":0,"height":0},"classes":[]},{"id":2355,"url":"https:\/\/as-surques-escoeuilles.fr\/index.php\/actions-du-club\/programme-educatif-federal\/","url_meta":{"origin":65,"position":2},"title":"Programme educatif federal","date":"13 f\u00e9vrier 2019","format":false,"excerpt":"L' ASSE est engag\u00e9 depuis de nombreuses ann\u00e9es dans le Programme Educatif F\u00e9d\u00e9ral, autour de 6 th\u00e8mes : Sant\u00e9Septembre 2019 : \"Faire son sac pour les U6\/U7\" Engagement citoyenD\u00e9cembre 2019 : Collecte de dons pour les restos du coeurEnvironnement Octobre 2019 : U9 : tri des d\u00e9chets Septembre 2019 :\u2026","rel":"","context":"Dans &quot;Non class\u00e9&quot;","img":{"alt_text":"","src":"","width":0,"height":0},"classes":[]},{"id":3681,"url":"https:\/\/as-surques-escoeuilles.fr\/index.php\/environnement\/","url_meta":{"origin":65,"position":3},"title":"Environnement","date":"27 d\u00e9cembre 2019","format":false,"excerpt":"Mars 2022Mars 2022Novembre 2021Septembre 2021Septembre 2021Septembre 2020Mars 2020Mars 2020F\u00e9vrier 2020Octobre 2019 U12-U13 : d\u00e9chets au stade U6-U7 : \u00e9co gestes U8-U9 : mobilit\u00e9 et autopartage Mini-foot : utiliser une gourde U6 : tri des d\u00e9chets U6-U7 : tri des d\u00e9chets U6-U19 : installation d'une fontaine U6-U13 : Hauts de France\u2026","rel":"","context":"Article similaire","img":{"alt_text":"","src":"","width":0,"height":0},"classes":[]},{"id":1201,"url":"https:\/\/as-surques-escoeuilles.fr\/index.php\/manifestations\/fete-du-foot\/","url_meta":{"origin":65,"position":4},"title":"F\u00eate du foot","date":"24 avril 2018","format":false,"excerpt":"Devenue d\u00e9j\u00e0 incontournable, la f\u00eate du foot r\u00e9unit, sur notre stade intercommunal, tous les licenci\u00e9s et partenaires de l'ASSE pour un week-end festif au mois de juin sur le th\u00e8me du football. En 2022, la f\u00eate du foot aura lieu les 11 et 12 juin 2022 avec toujours au programme\u2026","rel":"","context":"Article similaire","img":{"alt_text":"","src":"https:\/\/i0.wp.com\/as-surques-escoeuilles.fr\/wp-content\/uploads\/2019\/05\/fete_foot_2019.png?resize=350%2C200","width":350,"height":200},"classes":[]},{"id":3699,"url":"https:\/\/as-surques-escoeuilles.fr\/index.php\/culture-foot\/","url_meta":{"origin":65,"position":5},"title":"Culture Foot","date":"27 d\u00e9cembre 2019","format":false,"excerpt":"Mars 2022F\u00e9vrier 2022Janvier 2022D\u00e9cembre 2021Octobre 2021Septembre 2021F\u00e9vrier 2021Octobre 2020Septembre 2020Mars 2020Janvier 2020Janvier 2020Septembre 2019 U14F : journ\u00e9e de la femme France - Br\u00e9sil \u00e0 d'Ornano U13 et U13F : challenge mi-temps USBCO-Red Star Ecole de Foot : arbre de Noel U6 \u00e0 U9 : plateaux Halloween U14 F : deviens\u2026","rel":"","context":"Article similaire","img":{"alt_text":"","src":"","width":0,"height":0},"classes":[]}],"_links":{"self":[{"href":"https:\/\/as-surques-escoeuilles.fr\/index.php\/wp-json\/wp\/v2\/pages\/65"}],"collection":[{"href":"https:\/\/as-surques-escoeuilles.fr\/index.php\/wp-json\/wp\/v2\/pages"}],"about":[{"href":"https:\/\/as-surques-escoeuilles.fr\/index.php\/wp-json\/wp\/v2\/types\/page"}],"author":[{"embeddable":true,"href":"https:\/\/as-surques-escoeuilles.fr\/index.php\/wp-json\/wp\/v2\/users\/1"}],"replies":[{"embeddable":true,"href":"https:\/\/as-surques-escoeuilles.fr\/index.php\/wp-json\/wp\/v2\/comments?post=65"}],"version-history":[{"count":6,"href":"https:\/\/as-surques-escoeuilles.fr\/index.php\/wp-json\/wp\/v2\/pages\/65\/revisions"}],"predecessor-version":[{"id":5309,"href":"https:\/\/as-surques-escoeuilles.fr\/index.php\/wp-json\/wp\/v2\/pages\/65\/revisions\/5309"}],"up":[{"embeddable":true,"href":"https:\/\/as-surques-escoeuilles.fr\/index.php\/wp-json\/wp\/v2\/pages\/38"}],"wp:attachment":[{"href":"https:\/\/as-surques-escoeuilles.fr\/index.php\/wp-json\/wp\/v2\/media?parent=65"}],"curies":[{"name":"wp","href":"https:\/\/api.w.org\/{rel}","templated":true}]}}