{"id":664,"date":"2017-10-19T11:43:23","date_gmt":"2017-10-19T09:43:23","guid":{"rendered":"http:\/\/as-surques-escoeuilles.fr\/?page_id=664"},"modified":"2020-03-06T14:56:52","modified_gmt":"2020-03-06T13:56:52","slug":"entrainements","status":"publish","type":"page","link":"https:\/\/as-surques-escoeuilles.fr\/index.php\/categories\/seniors-2\/entrainements\/","title":{"rendered":"Entra\u00eenements"},"content":{"rendered":"<p>&nbsp;Au printemps jusque l&rsquo;automne, les entra\u00eenements du groupe s\u00e9niors ont lieu les mercredi et vendredi de 19h00 \u00e0 20h45 au stade communal.<\/p>\n<p>Le planning est donn\u00e9 ci-dessous :<\/p>\n<p><iframe style=\"border: 0;\" src=\"https:\/\/calendar.google.com\/calendar\/embed?src=eu5cu50u8qgpaapsj4rq4hi580%40group.calendar.google.com&amp;ctz=Europe%2FParis\" scrolling=\"no\" width=\"400\" height=\"600\" frameborder=\"0\"><\/iframe><\/p>\n<p>&nbsp;<\/p>\n<p>En p\u00e9riode hivernale, deux sortes de cr\u00e9neaux seront allou\u00e9s :<\/p>\n<ul>\n<li>le mercredi soir \u00e0 la salle intercommunale de Licques de 19h00 \u00e0 20h30 quand les entra\u00eeneurs communiqueront l&rsquo;information (priorit\u00e9 au synth\u00e9tique)<\/li>\n<li>des cr\u00e9neaux variables sur le terrain synth\u00e9tique de la communaut\u00e9 de communes de Lumbres (au Marais face \u00e0 la piscine) dont le planning est donn\u00e9 ci-dessous. Pour ces s\u00e9ances, d\u00e9part de notre stade 30 minutes avant le d\u00e9but ou rendez-vous sur place \u00e0 l&rsquo;heure du cr\u00e9neau (cliquer sur l&rsquo;image pour zoomer)<\/li>\n<\/ul>\n\n<a href=\"https:\/\/as-surques-escoeuilles.fr\/wp-content\/uploads\/2020\/03\/planning.-mi-mars.mai-2020.pdf\" class=\"pdfemb-viewer\" style=\"\" data-width=\"max\" data-height=\"max\"  data-toolbar=\"bottom\" data-toolbar-fixed=\"off\">planning.-mi-mars.mai-2020<br\/><\/a>\n<p class=\"wp-block-pdfemb-pdf-embedder-viewer\"><\/p>\n","protected":false},"excerpt":{"rendered":"<p>&nbsp;Au printemps jusque l&rsquo;automne, les entra\u00eenements du groupe s\u00e9niors ont lieu les mercredi et vendredi de 19h00 \u00e0 20h45 au<\/p>\n","protected":false},"author":1,"featured_media":0,"parent":40,"menu_order":0,"comment_status":"closed","ping_status":"closed","template":"","meta":{"ngg_post_thumbnail":0,"jetpack_post_was_ever_published":false},"jetpack_sharing_enabled":true,"jetpack_shortlink":"https:\/\/wp.me\/P8dhOI-aI","jetpack-related-posts":[{"id":40,"url":"https:\/\/as-surques-escoeuilles.fr\/index.php\/categories\/seniors-2\/","url_meta":{"origin":664,"position":0},"title":"S\u00e9niors","date":"17 d\u00e9cembre 2016","format":false,"excerpt":"Trois \u00e9quipes s\u00e9niors sont engag\u00e9es en 2022\/2023: une \u00e9quipe en D2 , dirig\u00e9e par Pierre Telliez une \u00e9quipe en D5 une \u00e9quipe en D7, dirig\u00e9e par Dany et Joan Merlin La structure d'encadrement se compose \u00e9galement de : Ren\u00e9 DELRUE, pr\u00e9parateur physique Olivier DESOMBRE, entra\u00eeneur adjoint sp\u00e9cifique attaquants Antonin BEAUVIR\u2026","rel":"","context":"Article similaire","img":{"alt_text":"","src":"","width":0,"height":0},"classes":[]},{"id":51,"url":"https:\/\/as-surques-escoeuilles.fr\/index.php\/categories\/u16\/","url_meta":{"origin":664,"position":1},"title":"U15","date":"17 d\u00e9cembre 2016","format":false,"excerpt":"Cette saison, une \u00e9quipe est engag\u00e9e en U15 D2. Les \u00e9ducateurs sont Philippe HAVART, S\u00e9bastien SPECQ et Olivier DESOMBRE. Les entra\u00eenements ont lieu le mercredi apr\u00e8s-midi au stade, mais aussi sur le terrain synth\u00e9tique de Lumbres quand la m\u00e9t\u00e9o ne le permet pas. \u00a0","rel":"","context":"Article similaire","img":{"alt_text":"","src":"","width":0,"height":0},"classes":[]},{"id":45,"url":"https:\/\/as-surques-escoeuilles.fr\/index.php\/categories\/u18\/","url_meta":{"origin":664,"position":2},"title":"U17","date":"17 d\u00e9cembre 2016","format":false,"excerpt":"L'\u00e9quipe des U17 est en entente avec Alquines, mais les entra\u00eenements et comp\u00e9titions ont lieu au stade de l'ASSE. Les \u00e9ducateurs sont Maxime\u00a0 Clabaux, Augustin Miellot et Julien Lamare. Les entra\u00eenements ont lieu le mercredi \u00e0 17hOO ou le samedi\u00a0 en p\u00e9riode hivernale \u00e0 la salle de Licques (cr\u00e9neau \u00e0\u2026","rel":"","context":"Article similaire","img":{"alt_text":"","src":"","width":0,"height":0},"classes":[]},{"id":57,"url":"https:\/\/as-surques-escoeuilles.fr\/index.php\/categories\/57-2\/","url_meta":{"origin":664,"position":3},"title":"U11","date":"17 d\u00e9cembre 2016","format":false,"excerpt":"Deux \u00e9quipes U11 seront engag\u00e9es en 2020\/2021 et encadr\u00e9es par : Maxime Desombre, Educateur F\u00e9d\u00e9ral Bruno Ducrocq Laurine Allexandre Pascal Desombre Les entra\u00eenements ont lieu le mercredi de 16h00 \u00e0 17h15 au stade, et en p\u00e9riode hivernale le samedi \u00e0 la salle de Licques \u00a0 Ci dessous le calendrier du\u2026","rel":"","context":"Article similaire","img":{"alt_text":"","src":"https:\/\/i0.wp.com\/as-surques-escoeuilles.fr\/wp-content\/uploads\/2020\/01\/u11-a.png?resize=350%2C200&ssl=1","width":350,"height":200},"classes":[]},{"id":65,"url":"https:\/\/as-surques-escoeuilles.fr\/index.php\/categories\/mini-foot\/","url_meta":{"origin":664,"position":4},"title":"Mini-foot","date":"17 d\u00e9cembre 2016","format":false,"excerpt":"Mini-foot et U6\/U7 Venez faire d\u00e9couvrir l'effort physique, le sport en groupe \u00e0 votre enfant et l'initier aux plaisirs du foot d\u00e8s son plus jeune \u00e2ge. Motricit\u00e9 et jeux seront au programme de chaque s\u00e9ance ! Les s\u00e9ances ont lieu pendant les cr\u00e9neaux d'\u00e9cole de foot, le mercredi de 14h00\u2026","rel":"","context":"Dans &quot;Non class\u00e9&quot;","img":{"alt_text":"","src":"https:\/\/i0.wp.com\/as-surques-escoeuilles.fr\/wp-content\/uploads\/2019\/12\/u6site-1024x603.jpg?resize=350%2C200&ssl=1","width":350,"height":200},"classes":[]},{"id":1520,"url":"https:\/\/as-surques-escoeuilles.fr\/index.php\/1520-2\/","url_meta":{"origin":664,"position":5},"title":"S\u00e9niors f\u00e9minines","date":"2 juillet 2018","format":false,"excerpt":"En 2020\/2021, l'\u00e9quipe s\u00e9niors F\u00e9minines (\u00e0 partir de 17 ans) \u00e9volue en championnat \u00e0 8. Elle \u00e9volue \u00e9galement l'hiver dans un championnat Futsal avec deux \u00e9quipes engag\u00e9es ! N'h\u00e9sitez pas \u00e0 venir nous rejoindre pour partager les joies du football. Encadrement de la section par Virginie RAMET (07-77-30-10-51).\u00a0 Les entra\u00eenements\u2026","rel":"","context":"Article similaire","img":{"alt_text":"","src":"https:\/\/i0.wp.com\/as-surques-escoeuilles.fr\/wp-content\/uploads\/2018\/10\/44232017_1908285092553982_3386028379374354432_n.jpg?resize=350%2C200&ssl=1","width":350,"height":200},"classes":[]}],"_links":{"self":[{"href":"https:\/\/as-surques-escoeuilles.fr\/index.php\/wp-json\/wp\/v2\/pages\/664"}],"collection":[{"href":"https:\/\/as-surques-escoeuilles.fr\/index.php\/wp-json\/wp\/v2\/pages"}],"about":[{"href":"https:\/\/as-surques-escoeuilles.fr\/index.php\/wp-json\/wp\/v2\/types\/page"}],"author":[{"embeddable":true,"href":"https:\/\/as-surques-escoeuilles.fr\/index.php\/wp-json\/wp\/v2\/users\/1"}],"replies":[{"embeddable":true,"href":"https:\/\/as-surques-escoeuilles.fr\/index.php\/wp-json\/wp\/v2\/comments?post=664"}],"version-history":[{"count":0,"href":"https:\/\/as-surques-escoeuilles.fr\/index.php\/wp-json\/wp\/v2\/pages\/664\/revisions"}],"up":[{"embeddable":true,"href":"https:\/\/as-surques-escoeuilles.fr\/index.php\/wp-json\/wp\/v2\/pages\/40"}],"wp:attachment":[{"href":"https:\/\/as-surques-escoeuilles.fr\/index.php\/wp-json\/wp\/v2\/media?parent=664"}],"curies":[{"name":"wp","href":"https:\/\/api.w.org\/{rel}","templated":true}]}}