{"id":75,"date":"2016-12-17T11:12:06","date_gmt":"2016-12-17T10:12:06","guid":{"rendered":"http:\/\/as-surques-escoeuilles.fr\/?page_id=75"},"modified":"2018-04-24T18:08:23","modified_gmt":"2018-04-24T16:08:23","slug":"manifestations","status":"publish","type":"page","link":"https:\/\/as-surques-escoeuilles.fr\/index.php\/manifestations\/","title":{"rendered":"Manifestations"},"content":{"rendered":"<p>Retrouvez toutes les manifestations de l&rsquo;ASSE :<\/p>\n<ul>\n<li><a href=\"http:\/\/as-surques-escoeuilles.fr\/index.php\/manifestations\/1216-2\/\" target=\"_blank\" rel=\"noopener\">Arbre de No\u00ebl<\/a><\/li>\n<li><a href=\"http:\/\/as-surques-escoeuilles.fr\/index.php\/manifestations\/loto-quine\/\" target=\"_blank\" rel=\"noopener\">Loto-quine<\/a><\/li>\n<li><a href=\"http:\/\/as-surques-escoeuilles.fr\/index.php\/manifestations\/pizzstation\/\" target=\"_blank\" rel=\"noopener\">Pizz&rsquo;station<\/a><\/li>\n<li><a href=\"http:\/\/as-surques-escoeuilles.fr\/index.php\/manifestations\/fete-du-foot\/\" target=\"_blank\" rel=\"noopener\">F\u00eate du foot<\/a><\/li>\n<\/ul>\n","protected":false},"excerpt":{"rendered":"<p>Retrouvez toutes les manifestations de l&rsquo;ASSE : Arbre de No\u00ebl Loto-quine Pizz&rsquo;station F\u00eate du foot<\/p>\n","protected":false},"author":1,"featured_media":0,"parent":0,"menu_order":0,"comment_status":"closed","ping_status":"closed","template":"","meta":{"ngg_post_thumbnail":0,"jetpack_post_was_ever_published":false},"jetpack_sharing_enabled":true,"jetpack_shortlink":"https:\/\/wp.me\/P8dhOI-1d","jetpack-related-posts":[{"id":1214,"url":"https:\/\/as-surques-escoeuilles.fr\/index.php\/manifestations\/loto-quine\/","url_meta":{"origin":75,"position":0},"title":"Loto-quine","date":"24 avril 2018","format":false,"excerpt":"C'est LA manifestation phare de l'ASSE : le loto-quine organis\u00e9 \u00e0 la fin de l'hiver (deuxi\u00e8me samedi du mois de mars) et son traditionnel gros lot, un voyage au soleil ! Cette ann\u00e9e : le loto aura lieu le samedi 12 mars 2022. R\u00e9servations aupr\u00e8s de Philippe au 03 21\u2026","rel":"","context":"Article similaire","img":{"alt_text":"","src":"https:\/\/i0.wp.com\/as-surques-escoeuilles.fr\/wp-content\/uploads\/2022\/02\/loto.png?resize=350%2C200&ssl=1","width":350,"height":200},"classes":[]},{"id":1201,"url":"https:\/\/as-surques-escoeuilles.fr\/index.php\/manifestations\/fete-du-foot\/","url_meta":{"origin":75,"position":1},"title":"F\u00eate du foot","date":"24 avril 2018","format":false,"excerpt":"Devenue d\u00e9j\u00e0 incontournable, la f\u00eate du foot r\u00e9unit, sur notre stade intercommunal, tous les licenci\u00e9s et partenaires de l'ASSE pour un week-end festif au mois de juin sur le th\u00e8me du football. En 2022, la f\u00eate du foot aura lieu les 11 et 12 juin 2022 avec toujours au programme\u2026","rel":"","context":"Article similaire","img":{"alt_text":"","src":"https:\/\/i0.wp.com\/as-surques-escoeuilles.fr\/wp-content\/uploads\/2019\/05\/fete_foot_2019.png?resize=350%2C200","width":350,"height":200},"classes":[]},{"id":2882,"url":"https:\/\/as-surques-escoeuilles.fr\/index.php\/actions-du-club\/","url_meta":{"origin":75,"position":2},"title":"Projet Club","date":"14 septembre 2019","format":false,"excerpt":"Retrouvez les actions men\u00e9es au sein du club : Projet Associatif :Plan de formation des \u00e9ducateurs et b\u00e9n\u00e9voles : http:\/\/as-surques-escoeuilles.fr\/index.php\/plan-de-formation\/ Promotion du football F\u00e9minin : http:\/\/as-surques-escoeuilles.fr\/index.php\/actions-du-club\/promotion-du-football-feminin\/Fid\u00e9lisation des licenci\u00e9s de l'\u00e9cole de foot : Arbre de Noel : http:\/\/as-surques-escoeuilles.fr\/index.php\/manifestations\/1216-2\/Projet Educatif :Programme \u00e9ducatif f\u00e9d\u00e9ral : http:\/\/as-surques-escoeuilles.fr\/index.php\/programme-educatif-federal\/Troc' Foot : http:\/\/as-surques-escoeuilles.fr\/index.php\/vie-du-club\/trocfoot\/","rel":"","context":"Article similaire","img":{"alt_text":"","src":"","width":0,"height":0},"classes":[]},{"id":1216,"url":"https:\/\/as-surques-escoeuilles.fr\/index.php\/manifestations\/1216-2\/","url_meta":{"origin":75,"position":3},"title":"Arbre de No\u00ebl","date":"24 avril 2018","format":false,"excerpt":"L'arbre de No\u00ebl pour les licenci\u00e9s jusqu'\u00e0 la cat\u00e9gorie U13 a lieu chaque ann\u00e9e avant les f\u00eates de Noel pour r\u00e9compenser les licenci\u00e9s enfants, traditionnellement \u00e0 la f\u00eate de Bainghen Il aura excemptionnellement lieu cette ann\u00e9e le mercredi 16 d\u00e9cembre 2020 \u00e0 la salle de Surques \u00e0 partir de 14h00.\u2026","rel":"","context":"Article similaire","img":{"alt_text":"","src":"https:\/\/i0.wp.com\/as-surques-escoeuilles.fr\/wp-content\/uploads\/2018\/12\/IMG_20181219_163812-2.jpg?resize=350%2C200&ssl=1","width":350,"height":200},"classes":[]},{"id":3699,"url":"https:\/\/as-surques-escoeuilles.fr\/index.php\/culture-foot\/","url_meta":{"origin":75,"position":4},"title":"Culture Foot","date":"27 d\u00e9cembre 2019","format":false,"excerpt":"Mars 2022F\u00e9vrier 2022Janvier 2022D\u00e9cembre 2021Octobre 2021Septembre 2021F\u00e9vrier 2021Octobre 2020Septembre 2020Mars 2020Janvier 2020Janvier 2020Septembre 2019 U14F : journ\u00e9e de la femme France - Br\u00e9sil \u00e0 d'Ornano U13 et U13F : challenge mi-temps USBCO-Red Star Ecole de Foot : arbre de Noel U6 \u00e0 U9 : plateaux Halloween U14 F : deviens\u2026","rel":"","context":"Article similaire","img":{"alt_text":"","src":"","width":0,"height":0},"classes":[]},{"id":1210,"url":"https:\/\/as-surques-escoeuilles.fr\/index.php\/manifestations\/pizzstation\/","url_meta":{"origin":75,"position":5},"title":"Pizz&rsquo;station","date":"24 avril 2018","format":false,"excerpt":"En 2022, l'ASSE continue de d\u00e9velopper ses activit\u00e9s de rassemblement en proposant \u00e0 ses licenci\u00e9s la 3\u00e8me \u00e9dition de la soir\u00e9e Pizz'station. Au programme : tournoi FIFA sur PS4 avec une pizza en d\u00e9gustation. Apr\u00e8s s'\u00eatre frott\u00e9s sur le terrain, nos joueuses et joueurs auront l'occasion de d\u00e9montrer leur talent\u2026","rel":"","context":"Article similaire","img":{"alt_text":"","src":"https:\/\/i0.wp.com\/as-surques-escoeuilles.fr\/wp-content\/uploads\/2019\/04\/56874477_2089238797780392_6705222815605325824_o.png?resize=350%2C200&ssl=1","width":350,"height":200},"classes":[]}],"_links":{"self":[{"href":"https:\/\/as-surques-escoeuilles.fr\/index.php\/wp-json\/wp\/v2\/pages\/75"}],"collection":[{"href":"https:\/\/as-surques-escoeuilles.fr\/index.php\/wp-json\/wp\/v2\/pages"}],"about":[{"href":"https:\/\/as-surques-escoeuilles.fr\/index.php\/wp-json\/wp\/v2\/types\/page"}],"author":[{"embeddable":true,"href":"https:\/\/as-surques-escoeuilles.fr\/index.php\/wp-json\/wp\/v2\/users\/1"}],"replies":[{"embeddable":true,"href":"https:\/\/as-surques-escoeuilles.fr\/index.php\/wp-json\/wp\/v2\/comments?post=75"}],"version-history":[{"count":0,"href":"https:\/\/as-surques-escoeuilles.fr\/index.php\/wp-json\/wp\/v2\/pages\/75\/revisions"}],"wp:attachment":[{"href":"https:\/\/as-surques-escoeuilles.fr\/index.php\/wp-json\/wp\/v2\/media?parent=75"}],"curies":[{"name":"wp","href":"https:\/\/api.w.org\/{rel}","templated":true}]}}