{"id":761,"date":"2017-12-17T10:01:27","date_gmt":"2017-12-17T09:01:27","guid":{"rendered":"http:\/\/as-surques-escoeuilles.fr\/?page_id=761"},"modified":"2020-08-03T14:49:56","modified_gmt":"2020-08-03T12:49:56","slug":"u11-feminines","status":"publish","type":"page","link":"https:\/\/as-surques-escoeuilles.fr\/index.php\/categories\/u11-feminines\/","title":{"rendered":"U13 F\u00e9minines"},"content":{"rendered":"\t\t<div data-elementor-type=\"wp-page\" data-elementor-id=\"761\" class=\"elementor elementor-761\">\n\t\t\t\t\t\t\t\t\t<section class=\"elementor-section elementor-top-section elementor-element elementor-element-3d8a846b elementor-section-boxed elementor-section-height-default elementor-section-height-default\" data-id=\"3d8a846b\" data-element_type=\"section\">\n\t\t\t\t\t\t<div class=\"elementor-container elementor-column-gap-default\">\n\t\t\t\t\t<div class=\"elementor-column elementor-col-100 elementor-top-column elementor-element elementor-element-248676c6\" data-id=\"248676c6\" data-element_type=\"column\">\n\t\t\t<div class=\"elementor-widget-wrap elementor-element-populated\">\n\t\t\t\t\t\t\t\t<div class=\"elementor-element elementor-element-360b116 elementor-widget elementor-widget-text-editor\" data-id=\"360b116\" data-element_type=\"widget\" data-widget_type=\"text-editor.default\">\n\t\t\t\t<div class=\"elementor-widget-container\">\n\t\t\t\t\t\t\t<p>En parall\u00e8le des \u00e9quipes U13 mixtes&nbsp; dans lesquelles les filles peuvent \u00e9voluer, une \u00e9quipe U14 F\u00e9minines est engag\u00e9e en championnat U13 mixte, encadr\u00e9e par Thierry Macquet et H\u00e9l\u00e8ne Havart, tous deux form\u00e9s sur le module animatrice.<br><\/p>\n<p>&nbsp;N&rsquo;h\u00e9sitez pas \u00e0 nous contacter pour de plus amples renseignements sur cette cat\u00e9gorie ouvertes aux filles n\u00e9es en 2006-2007-2008.<br><\/p>\n<p>&nbsp;<\/p>\n<p>&nbsp;<\/p>\n<figure id=\"attachment_1891\" aria-describedby=\"caption-attachment-1891\" style=\"width: 474px\" class=\"wp-caption aligncenter\"><a href=\"https:\/\/i0.wp.com\/as-surques-escoeuilles.fr\/wp-content\/uploads\/2018\/10\/foot-2018-092.jpg\"><img data-attachment-id=\"1891\" data-permalink=\"https:\/\/as-surques-escoeuilles.fr\/index.php\/2018\/10\/08\/une-rentree-de-foot-feminin-reussie\/foot-2018-092\/\" data-orig-file=\"https:\/\/i0.wp.com\/as-surques-escoeuilles.fr\/wp-content\/uploads\/2018\/10\/foot-2018-092.jpg?fit=1024%2C683&amp;ssl=1\" data-orig-size=\"1024,683\" data-comments-opened=\"1\" data-image-meta=\"{&quot;aperture&quot;:&quot;8&quot;,&quot;credit&quot;:&quot;&quot;,&quot;camera&quot;:&quot;NIKON D5200&quot;,&quot;caption&quot;:&quot;&quot;,&quot;created_timestamp&quot;:&quot;1538913202&quot;,&quot;copyright&quot;:&quot;&quot;,&quot;focal_length&quot;:&quot;28&quot;,&quot;iso&quot;:&quot;200&quot;,&quot;shutter_speed&quot;:&quot;0.004&quot;,&quot;title&quot;:&quot;&quot;,&quot;orientation&quot;:&quot;1&quot;}\" data-image-title=\"foot 2018 092\" data-image-description=\"\" data-image-caption=\"\" data-medium-file=\"https:\/\/i0.wp.com\/as-surques-escoeuilles.fr\/wp-content\/uploads\/2018\/10\/foot-2018-092.jpg?fit=300%2C200&amp;ssl=1\" data-large-file=\"https:\/\/i0.wp.com\/as-surques-escoeuilles.fr\/wp-content\/uploads\/2018\/10\/foot-2018-092.jpg?fit=800%2C534&amp;ssl=1\" fetchpriority=\"high\" class=\"wp-image-1891 size-large\" src=\"https:\/\/i0.wp.com\/as-surques-escoeuilles.fr\/wp-content\/uploads\/2018\/10\/foot-2018-092-1024x683.jpg?resize=474%2C316\" alt=\"\" width=\"474\" height=\"316\"  data-recalc-dims=\"1\" srcset=\"https:\/\/i0.wp.com\/as-surques-escoeuilles.fr\/wp-content\/uploads\/2018\/10\/foot-2018-092.jpg?w=1024&amp;ssl=1 1024w, https:\/\/i0.wp.com\/as-surques-escoeuilles.fr\/wp-content\/uploads\/2018\/10\/foot-2018-092.jpg?resize=300%2C200&amp;ssl=1 300w, https:\/\/i0.wp.com\/as-surques-escoeuilles.fr\/wp-content\/uploads\/2018\/10\/foot-2018-092.jpg?resize=768%2C512&amp;ssl=1 768w\" sizes=\"(max-width: 474px) 100vw, 474px\" \/><\/a><figcaption id=\"caption-attachment-1891\" class=\"wp-caption-text\">Equipe U13, interclubs septembre 2018<\/figcaption><\/figure>\n<p><!-- wp:gallery {\"ids\":[2225,2226,2283]} --><\/p>\n<figure class=\"wp-block-gallery columns-3 is-cropped\">\n<ul class=\"blocks-gallery-grid\">\n<li class=\"blocks-gallery-item\">\n<figure><img data-attachment-id=\"2225\" data-permalink=\"https:\/\/as-surques-escoeuilles.fr\/index.php\/categories\/u11-feminines\/ivanka2\/\" data-orig-file=\"https:\/\/i0.wp.com\/as-surques-escoeuilles.fr\/wp-content\/uploads\/2018\/12\/Ivanka2.jpg?fit=497%2C280&amp;ssl=1\" data-orig-size=\"497,280\" data-comments-opened=\"1\" data-image-meta=\"{&quot;aperture&quot;:&quot;0&quot;,&quot;credit&quot;:&quot;&quot;,&quot;camera&quot;:&quot;&quot;,&quot;caption&quot;:&quot;&quot;,&quot;created_timestamp&quot;:&quot;0&quot;,&quot;copyright&quot;:&quot;&quot;,&quot;focal_length&quot;:&quot;0&quot;,&quot;iso&quot;:&quot;0&quot;,&quot;shutter_speed&quot;:&quot;0&quot;,&quot;title&quot;:&quot;&quot;,&quot;orientation&quot;:&quot;0&quot;}\" data-image-title=\"Ivanka2\" data-image-description=\"\" data-image-caption=\"\" data-medium-file=\"https:\/\/i0.wp.com\/as-surques-escoeuilles.fr\/wp-content\/uploads\/2018\/12\/Ivanka2.jpg?fit=300%2C169&amp;ssl=1\" data-large-file=\"https:\/\/i0.wp.com\/as-surques-escoeuilles.fr\/wp-content\/uploads\/2018\/12\/Ivanka2.jpg?fit=497%2C280&amp;ssl=1\" width=\"497\" height=\"280\" src=\"https:\/\/i0.wp.com\/as-surques-escoeuilles.fr\/wp-content\/uploads\/2018\/12\/Ivanka2.jpg?w=800\" alt=\"\" data-id=\"2225\" data-link=\"http:\/\/as-surques-escoeuilles.fr\/index.php\/categories\/u11-feminines\/ivanka2\/\" class=\"wp-image-2225\" data-recalc-dims=\"1\" srcset=\"https:\/\/i0.wp.com\/as-surques-escoeuilles.fr\/wp-content\/uploads\/2018\/12\/Ivanka2.jpg?w=497&amp;ssl=1 497w, https:\/\/i0.wp.com\/as-surques-escoeuilles.fr\/wp-content\/uploads\/2018\/12\/Ivanka2.jpg?resize=300%2C169&amp;ssl=1 300w\" sizes=\"(max-width: 497px) 100vw, 497px\" \/><p><\/p>\n<figcaption class=\"blocks-gallery-item__caption\">Gardienne IVANKA, session d\u00e9tection 2018<\/figcaption>\n<\/figure>\n<\/li>\n<li class=\"blocks-gallery-item\">\n<figure><img data-attachment-id=\"2226\" data-permalink=\"https:\/\/as-surques-escoeuilles.fr\/index.php\/categories\/u11-feminines\/ivanka1\/\" data-orig-file=\"https:\/\/i0.wp.com\/as-surques-escoeuilles.fr\/wp-content\/uploads\/2018\/12\/Ivanka1.jpg?fit=497%2C280&amp;ssl=1\" data-orig-size=\"497,280\" data-comments-opened=\"1\" data-image-meta=\"{&quot;aperture&quot;:&quot;0&quot;,&quot;credit&quot;:&quot;&quot;,&quot;camera&quot;:&quot;&quot;,&quot;caption&quot;:&quot;&quot;,&quot;created_timestamp&quot;:&quot;0&quot;,&quot;copyright&quot;:&quot;&quot;,&quot;focal_length&quot;:&quot;0&quot;,&quot;iso&quot;:&quot;0&quot;,&quot;shutter_speed&quot;:&quot;0&quot;,&quot;title&quot;:&quot;&quot;,&quot;orientation&quot;:&quot;0&quot;}\" data-image-title=\"Ivanka1\" data-image-description=\"\" data-image-caption=\"\" data-medium-file=\"https:\/\/i0.wp.com\/as-surques-escoeuilles.fr\/wp-content\/uploads\/2018\/12\/Ivanka1.jpg?fit=300%2C169&amp;ssl=1\" data-large-file=\"https:\/\/i0.wp.com\/as-surques-escoeuilles.fr\/wp-content\/uploads\/2018\/12\/Ivanka1.jpg?fit=497%2C280&amp;ssl=1\" width=\"497\" height=\"280\" src=\"https:\/\/i0.wp.com\/as-surques-escoeuilles.fr\/wp-content\/uploads\/2018\/12\/Ivanka1.jpg?w=800\" alt=\"\" data-id=\"2226\" data-link=\"http:\/\/as-surques-escoeuilles.fr\/index.php\/categories\/u11-feminines\/ivanka1\/\" class=\"wp-image-2226\" data-recalc-dims=\"1\" srcset=\"https:\/\/i0.wp.com\/as-surques-escoeuilles.fr\/wp-content\/uploads\/2018\/12\/Ivanka1.jpg?w=497&amp;ssl=1 497w, https:\/\/i0.wp.com\/as-surques-escoeuilles.fr\/wp-content\/uploads\/2018\/12\/Ivanka1.jpg?resize=300%2C169&amp;ssl=1 300w\" sizes=\"(max-width: 497px) 100vw, 497px\" \/><p><\/p>\n<figcaption class=\"blocks-gallery-item__caption\"> Gardienne IVANKA, session d\u00e9tection 2018 <\/figcaption>\n<\/figure>\n<\/li>\n<li class=\"blocks-gallery-item\">\n<figure><img data-attachment-id=\"2283\" data-permalink=\"https:\/\/as-surques-escoeuilles.fr\/index.php\/categories\/u11-feminines\/fb_img_1547922130007-2\/\" data-orig-file=\"https:\/\/i0.wp.com\/as-surques-escoeuilles.fr\/wp-content\/uploads\/2019\/01\/FB_IMG_1547922130007-1.jpg?fit=720%2C540&amp;ssl=1\" data-orig-size=\"720,540\" data-comments-opened=\"1\" data-image-meta=\"{&quot;aperture&quot;:&quot;0&quot;,&quot;credit&quot;:&quot;&quot;,&quot;camera&quot;:&quot;&quot;,&quot;caption&quot;:&quot;&quot;,&quot;created_timestamp&quot;:&quot;0&quot;,&quot;copyright&quot;:&quot;&quot;,&quot;focal_length&quot;:&quot;0&quot;,&quot;iso&quot;:&quot;0&quot;,&quot;shutter_speed&quot;:&quot;0&quot;,&quot;title&quot;:&quot;&quot;,&quot;orientation&quot;:&quot;0&quot;}\" data-image-title=\"FB_IMG_1547922130007\" data-image-description=\"\" data-image-caption=\"\" data-medium-file=\"https:\/\/i0.wp.com\/as-surques-escoeuilles.fr\/wp-content\/uploads\/2019\/01\/FB_IMG_1547922130007-1.jpg?fit=300%2C225&amp;ssl=1\" data-large-file=\"https:\/\/i0.wp.com\/as-surques-escoeuilles.fr\/wp-content\/uploads\/2019\/01\/FB_IMG_1547922130007-1.jpg?fit=720%2C540&amp;ssl=1\" loading=\"lazy\" width=\"720\" height=\"540\" src=\"https:\/\/i0.wp.com\/as-surques-escoeuilles.fr\/wp-content\/uploads\/2019\/01\/FB_IMG_1547922130007-1.jpg?w=800\" alt=\"\" data-id=\"2283\" data-link=\"http:\/\/as-surques-escoeuilles.fr\/index.php\/categories\/u11-feminines\/fb_img_1547922130007-2\/\" class=\"wp-image-2283\" data-recalc-dims=\"1\" srcset=\"https:\/\/i0.wp.com\/as-surques-escoeuilles.fr\/wp-content\/uploads\/2019\/01\/FB_IMG_1547922130007-1.jpg?w=720&amp;ssl=1 720w, https:\/\/i0.wp.com\/as-surques-escoeuilles.fr\/wp-content\/uploads\/2019\/01\/FB_IMG_1547922130007-1.jpg?resize=300%2C225&amp;ssl=1 300w\" sizes=\"(max-width: 720px) 100vw, 720px\" \/><p><\/p>\n<figcaption class=\"blocks-gallery-item__caption\">Plateau Futsal- 19 janvier 2019<\/figcaption>\n<\/figure>\n<\/li>\n<\/ul>\n<\/figure>\n<p><!-- \/wp:gallery --><\/p>\t\t\t\t\t\t<\/div>\n\t\t\t\t<\/div>\n\t\t\t\t\t<\/div>\n\t\t<\/div>\n\t\t\t\t\t\t\t<\/div>\n\t\t<\/section>\n\t\t\t\t\t\t\t<\/div>\n\t\t","protected":false},"excerpt":{"rendered":"<p>En parall\u00e8le des \u00e9quipes U13 mixtes&nbsp; dans lesquelles les filles peuvent \u00e9voluer, une \u00e9quipe U14 F\u00e9minines est engag\u00e9e en championnat<\/p>\n","protected":false},"author":1,"featured_media":0,"parent":38,"menu_order":0,"comment_status":"closed","ping_status":"closed","template":"","meta":{"ngg_post_thumbnail":0,"jetpack_post_was_ever_published":false},"jetpack_sharing_enabled":true,"jetpack_shortlink":"https:\/\/wp.me\/P8dhOI-ch","jetpack-related-posts":[{"id":2886,"url":"https:\/\/as-surques-escoeuilles.fr\/index.php\/actions-du-club\/promotion-du-football-feminin\/","url_meta":{"origin":761,"position":0},"title":"Promotion du football F\u00e9minin","date":"14 septembre 2019","format":false,"excerpt":"L' ASSE n'a pas attendu l'essor du foot f\u00e9minin pour permettre aux filles de pratiquer ce sport. Depuis de nombreuses ann\u00e9es, les filles sont int\u00e9gr\u00e9es \u00e0 toutes les cat\u00e9gories, jusqu'aux dirigeantes. Depuis 2018, le club a pass\u00e9 un palier avec la cr\u00e9ation d'\u00e9quipes 100% f\u00e9minines (U13 et S\u00e9niors), ainsi que\u2026","rel":"","context":"Article similaire","img":{"alt_text":"","src":"https:\/\/i0.wp.com\/as-surques-escoeuilles.fr\/wp-content\/uploads\/2019\/09\/IMG_20190905_193908.jpg?resize=350%2C200&ssl=1","width":350,"height":200},"classes":[]},{"id":3707,"url":"https:\/\/as-surques-escoeuilles.fr\/index.php\/section-feminines\/","url_meta":{"origin":761,"position":1},"title":"Section F\u00e9minines","date":"27 d\u00e9cembre 2019","format":false,"excerpt":"L'ASSE a toujours compt\u00e9 \u00e9norm\u00e9ment de joueuses dans ses effectifs. Depuis 2018, le club a pass\u00e9 un palier puisque des \u00e9quipes exclusivement f\u00e9minines ont vu le jour : les U13 f\u00e9minines et les s\u00e9niors F\u00e9minines. Cliquez sur l'image de votre choix pour le d\u00e9tail : S\u00e9niors Jeunes","rel":"","context":"Article similaire","img":{"alt_text":"","src":"https:\/\/i0.wp.com\/as-surques-escoeuilles.fr\/wp-content\/uploads\/2019\/12\/received_4873727052336478629627142667311591-1024x485.jpeg?resize=350%2C200&ssl=1","width":350,"height":200},"classes":[]},{"id":55,"url":"https:\/\/as-surques-escoeuilles.fr\/index.php\/categories\/u13\/","url_meta":{"origin":761,"position":2},"title":"U13","date":"17 d\u00e9cembre 2016","format":false,"excerpt":"\u00a0 Une \u00e9quipe U13 est\u00a0 engag\u00e9e en 2021\/2022 et encadr\u00e9e par Alexis PINOT Hugo DECROCK Axel RAMET Yannick LELEU Les entra\u00eenements ont lieu le mercredi apr\u00e8s-midi ou le samedi en p\u00e9riode hivernale (cr\u00e9neau \u00e0 d\u00e9finir). Les calendriers de la premi\u00e8re phase : \u00a0","rel":"","context":"Article similaire","img":{"alt_text":"","src":"https:\/\/i0.wp.com\/as-surques-escoeuilles.fr\/wp-content\/uploads\/2019\/09\/info_U13.png?fit=1123%2C794&ssl=1&resize=350%2C200","width":350,"height":200},"classes":[]},{"id":3670,"url":"https:\/\/as-surques-escoeuilles.fr\/index.php\/sante\/","url_meta":{"origin":761,"position":3},"title":"Sant\u00e9","date":"27 d\u00e9cembre 2019","format":false,"excerpt":"Janvier 2022Janvier 2022Janvier 2022Janvier 2022Septembre 2021Janvier 2021F\u00e9vrier 2020Janvier 2020Septembre 2019 U6\/U7 : les premiers secours U12\/U13 : pr\u00e9vention des blessures U12\/U13 : r\u00e9athl\u00e9tisation U12F\/U13F : Initiation aux gestes qui sauvent Ecole de foot : lacer ses chaussures U8-U9 : bien s'\u00e9quiper en d\u00e9but de saison U13 : prendre une douche\u2026","rel":"","context":"Article similaire","img":{"alt_text":"","src":"","width":0,"height":0},"classes":[]},{"id":3287,"url":"https:\/\/as-surques-escoeuilles.fr\/index.php\/actions-du-club\/plan-de-formation\/","url_meta":{"origin":761,"position":4},"title":"Plan de formation","date":"7 d\u00e9cembre 2019","format":false,"excerpt":"L'association se d\u00e9veloppe au fil des ann\u00e9es. Avec toutes les cat\u00e9gories repr\u00e9sent\u00e9es, le club a volontairement mis l'accent cette ann\u00e9e sur le parcours de formation des diff\u00e9rents \u00e9ducateurs. Cette page recense l'ensemble de nos \u00e9ducateurs et b\u00e9n\u00e9voles certifi\u00e9s ou diplom\u00e9s qui se forment sur le temps libre : Beno\u00eet FORTIN\u2026","rel":"","context":"Article similaire","img":{"alt_text":"","src":"https:\/\/i0.wp.com\/as-surques-escoeuilles.fr\/wp-content\/uploads\/2020\/03\/received_29185694915635766418348361027397801-scaled.jpeg?resize=350%2C200&ssl=1","width":350,"height":200},"classes":[]},{"id":3681,"url":"https:\/\/as-surques-escoeuilles.fr\/index.php\/environnement\/","url_meta":{"origin":761,"position":5},"title":"Environnement","date":"27 d\u00e9cembre 2019","format":false,"excerpt":"Mars 2022Mars 2022Novembre 2021Septembre 2021Septembre 2021Septembre 2020Mars 2020Mars 2020F\u00e9vrier 2020Octobre 2019 U12-U13 : d\u00e9chets au stade U6-U7 : \u00e9co gestes U8-U9 : mobilit\u00e9 et autopartage Mini-foot : utiliser une gourde U6 : tri des d\u00e9chets U6-U7 : tri des d\u00e9chets U6-U19 : installation d'une fontaine U6-U13 : Hauts de France\u2026","rel":"","context":"Article similaire","img":{"alt_text":"","src":"","width":0,"height":0},"classes":[]}],"_links":{"self":[{"href":"https:\/\/as-surques-escoeuilles.fr\/index.php\/wp-json\/wp\/v2\/pages\/761"}],"collection":[{"href":"https:\/\/as-surques-escoeuilles.fr\/index.php\/wp-json\/wp\/v2\/pages"}],"about":[{"href":"https:\/\/as-surques-escoeuilles.fr\/index.php\/wp-json\/wp\/v2\/types\/page"}],"author":[{"embeddable":true,"href":"https:\/\/as-surques-escoeuilles.fr\/index.php\/wp-json\/wp\/v2\/users\/1"}],"replies":[{"embeddable":true,"href":"https:\/\/as-surques-escoeuilles.fr\/index.php\/wp-json\/wp\/v2\/comments?post=761"}],"version-history":[{"count":2,"href":"https:\/\/as-surques-escoeuilles.fr\/index.php\/wp-json\/wp\/v2\/pages\/761\/revisions"}],"predecessor-version":[{"id":4573,"href":"https:\/\/as-surques-escoeuilles.fr\/index.php\/wp-json\/wp\/v2\/pages\/761\/revisions\/4573"}],"up":[{"embeddable":true,"href":"https:\/\/as-surques-escoeuilles.fr\/index.php\/wp-json\/wp\/v2\/pages\/38"}],"wp:attachment":[{"href":"https:\/\/as-surques-escoeuilles.fr\/index.php\/wp-json\/wp\/v2\/media?parent=761"}],"curies":[{"name":"wp","href":"https:\/\/api.w.org\/{rel}","templated":true}]}}